{"id":1245,"date":"2021-03-14T18:40:17","date_gmt":"2021-03-14T16:40:17","guid":{"rendered":"https:\/\/apavi.digitalflex.co\/?page_id=1245"},"modified":"2024-04-22T23:04:43","modified_gmt":"2024-04-22T20:04:43","slug":"par-mums","status":"publish","type":"page","link":"https:\/\/apavivisiem.lv\/?page_id=1245","title":{"rendered":"Par mums"},"content":{"rendered":"\n\n  <div class=\"banner has-hover has-parallax\" id=\"banner-586013956\">\n          <div class=\"banner-inner fill\">\n        <div class=\"banner-bg fill\" data-parallax=\"-3\" data-parallax-container=\".banner\" data-parallax-background>\n            <img loading=\"lazy\" decoding=\"async\" width=\"400\" height=\"400\" src=\"https:\/\/apavivisiem.lv\/wp-content\/uploads\/2021\/03\/our-shops-bg.jpeg\" class=\"bg attachment-original size-original\" alt=\"\" \/>                        <div class=\"overlay\"><\/div>            \n                    <\/div>\n\t\t\n        <div class=\"banner-layers container\">\n            <div class=\"fill banner-link\"><\/div>            \n\n   <div id=\"text-box-62591521\" class=\"text-box banner-layer x50 md-x50 lg-x50 y50 md-y50 lg-y50 res-text\">\n                                <div class=\"text-box-content text dark\">\n              \n              <div class=\"text-inner text-center\">\n                  \n\n<h3 class=\"uppercase\"><strong>Par mums<\/strong><\/h3>\n<p>Krist\u012bne RR SIA<\/p>\n<div class=\"is-divider divider clearfix\" ><\/div>\n\n<div class=\"social-icons share-icons share-row relative\" ><a href=\"whatsapp:\/\/send?text=Par%20mums - https:\/\/apavivisiem.lv\/?page_id=1245\" data-action=\"share\/whatsapp\/share\" class=\"icon button circle is-outline tooltip whatsapp show-for-medium\" title=\"Share on WhatsApp\" aria-label=\"Share on WhatsApp\"><i class=\"icon-whatsapp\" aria-hidden=\"true\"><\/i><\/a><a href=\"https:\/\/www.facebook.com\/sharer.php?u=https:\/\/apavivisiem.lv\/?page_id=1245\" data-label=\"Facebook\" onclick=\"window.open(this.href,this.title,'width=500,height=500,top=300px,left=300px'); return false;\" target=\"_blank\" class=\"icon button circle is-outline tooltip facebook\" title=\"Share on Facebook\" aria-label=\"Share on Facebook\" rel=\"noopener nofollow\"><i class=\"icon-facebook\" aria-hidden=\"true\"><\/i><\/a><a href=\"https:\/\/twitter.com\/share?url=https:\/\/apavivisiem.lv\/?page_id=1245\" onclick=\"window.open(this.href,this.title,'width=500,height=500,top=300px,left=300px'); return false;\" target=\"_blank\" class=\"icon button circle is-outline tooltip twitter\" title=\"Share on Twitter\" aria-label=\"Share on Twitter\" rel=\"noopener nofollow\"><i class=\"icon-twitter\" aria-hidden=\"true\"><\/i><\/a><\/div>\n\n\n              <\/div>\n           <\/div>\n                            \n<style>\n#text-box-62591521 {\n  width: 60%;\n}\n#text-box-62591521 .text-box-content {\n  font-size: 100%;\n}\n@media (min-width:550px) {\n  #text-box-62591521 {\n    width: 68%;\n  }\n}\n<\/style>\n    <\/div>\n \n\n        <\/div>\n      <\/div>\n\n            \n<style>\n#banner-586013956 {\n  padding-top: 300px;\n}\n#banner-586013956 .overlay {\n  background-color: rgba(0, 0, 0, 0.756);\n}\n#banner-586013956 .banner-bg img {\n  object-position: 5% 6%;\n}\n<\/style>\n  <\/div>\n\n\n<div class=\"row\"  id=\"row-1006341773\">\n\n\n\t<div id=\"col-1547797432\" class=\"col small-12 large-12\"  >\n\t\t\t\t<div class=\"col-inner\"  >\n\t\t\t\n\t\t\t\n\n<div class=\"col-inner\">\n<p class=\"lead text-center\"><strong>Mazliet par m\u016bsu v\u0113sturi un gait\u0101m.<\/strong><\/p>\n<p>Uz\u0146\u0113muma dzim\u0161anas diena ir 1994. gada 19. apr\u012blis. S\u0101kum\u0101 nodibin\u0101tais individu\u0101lais uz\u0146\u0113mums izaudzis par SIA ar iev\u0113rojamu pieredzi. \u0160obr\u012bd ie\u0146emam stabilu vietu tirg\u016b, augam un att\u012bst\u0101mies, lai var\u0113tu piepild\u012bt m\u016bsu klientu v\u0113lmes. Augot piepras\u012bjumam, cen\u0161amies sekot l\u012bdzi laikam un papla\u0161in\u0101ties.<\/p>\n<p>M\u016bsu darbinieku skaits ir p\u0101rsniedzis simtu, un m\u0113s lepojamies ar to, ka dro\u0161i varam saukties par vienu no liel\u0101kajiem uz\u0146\u0113mumiem sav\u0101 pils\u0113t\u0101.<\/p>\n<p>Sekojot tendenc\u0113m un \u0146emot v\u0113r\u0101 pa\u0161reiz\u0113jo situ\u0101ciju, m\u0113s sp\u0113r\u0101m lo\u0123isku soli uz priek\u0161u &#8211; atv\u0113r\u0101m apavu interneta veikalu. M\u016bsdienu pasaul\u0113, cilv\u0113ki cen\u0161as pl\u0101not savu laiku arvien racion\u0101l\u0101k. Kvalitat\u012bvu apavu ieg\u0101de tie\u0161saist\u0113 ir k\u013cuvusi par ikdienas pakalpojumu, ko bauda t\u016bksto\u0161iem pat\u0113r\u0113t\u0101ju. M\u016bsu interneta veikal\u0101 j\u016bs varat izv\u0113l\u0113ties un ieg\u0101d\u0101ties t\u0101du slaveno pasaules z\u012bmolu apavus k\u0101 <a href=\"\/veikals\/?filter_zimolu-apavi=tommy-hilfiger-apavi\" target=\"_blank\" rel=\"noopener\">Tommy Hilfiger,<\/a> <a href=\"\/veikals\/?filter_zimolu-apavi=emporio-armani-apavi\">Emporio Armani<\/a>, <a href=\"\/veikals\/?filter_zimolu-apavi=adidas-apavi\">Adidas<\/a>, <a href=\"\/veikals\/?filter_zimolu-apavi=calvin-klein-apavi\">Calvin Klein<\/a>, <a href=\"\/veikals\/?filter_zimolu-apavi=dkny-apavi\">DKNY<\/a>, <a href=\"\/veikals\/?filter_zimolu-apavi=vans-apavi\">VANS<\/a>, <a href=\"\/veikals\/?filter_zimolu-apavi=nike-apavi\">Nike<\/a>, <a href=\"\/veikals\/?filter_zimolu-apavi=ugg-apavi\">UGG<\/a>, <a href=\"\/veikals\/?filter_zimolu-apavi=timberland-apavi\">Timberland<\/a> un daudzu citu. M\u016bsu pieredze apavu tirdzniec\u012bb\u0101 un sadarb\u012bba ar uzticamiem partneriem \u013cauj jums pied\u0101v\u0101t kvalitat\u012bvus apavus par vispievilc\u012bg\u0101kaj\u0101m cen\u0101m tirg\u016b.<\/p>\n<p>Katru dienu apavu izv\u0113le m\u016bsu veikal\u0101 pieaug. Kop\u0161 atv\u0113r\u0161anas br\u012b\u017ea m\u016bsu sortiment\u0101 ir ne tikai apavi pieaugu\u0161ajiem, bet ar\u012b apavi b\u0113rniem un pusaud\u017eiem. \u010c\u012bbas, sandales, kedas, z\u0101baki un cita veida apavi da\u017e\u0101da vecuma meiten\u0113m un z\u0113niem.<\/p>\n<p>J\u016bs varat veikt pas\u016bt\u012bjumu no m\u0101j\u0101m vai biroja, net\u0113r\u0113jot laiku apmekl\u0113jot veikalus un tirdzniec\u012bbas centrus. Tas ir \u0113rti un moderni!<\/p>\n<p>Priec\u0101jamies, ka neskatoties uz to, ka m\u016bsu internetveikals darbojas neilgu laiku, m\u0113s esam ieguvu\u0161i lielu skaitu patst\u0101v\u012bgo klientu, kuri regul\u0101ri iep\u0113rkas veikal\u0101 <a href=\"\/veikals\/\">apavivisiem.lv<\/a>!<\/p>\n<\/div>\n\t<div id=\"gap-1386052184\" class=\"gap-element clearfix\" style=\"display:block; height:auto;\">\n\t\t\n<style>\n#gap-1386052184 {\n  padding-top: 30px;\n}\n<\/style>\n\t<\/div>\n\t\n\n\n\t\t<\/div>\n\t\t\t\t\n<style>\n#col-1547797432 > .col-inner {\n  margin: 43px 0px 0px 0px;\n}\n<\/style>\n\t<\/div>\n\n\t\n\n<\/div>\n\n","protected":false},"excerpt":{"rendered":"","protected":false},"author":1,"featured_media":0,"parent":0,"menu_order":0,"comment_status":"closed","ping_status":"closed","template":"page-blank.php","meta":{"footnotes":""},"class_list":["post-1245","page","type-page","status-publish","hentry"],"yoast_head":"<!-- This site is optimized with the Yoast SEO plugin v26.6 - https:\/\/yoast.com\/wordpress\/plugins\/seo\/ -->\n<title>Apavu Outlet - Paz\u012bstamo z\u012bmolu apavi ar atlaidi l\u012bdz 80%<\/title>\n<meta name=\"description\" content=\"Popul\u0101ro z\u012bmolu apavi internet\u0101. Iep\u0113rcies neizejot no m\u0101j\u0101m. Pieg\u0101d\u0101sim vis\u0101 Latvij\u0101. Sievie\u0161u un v\u012brie\u0161u apavi par pievilc\u012bg\u0101m cen\u0101m.\" \/>\n<meta name=\"robots\" content=\"index, follow, max-snippet:-1, max-image-preview:large, max-video-preview:-1\" \/>\n<link rel=\"canonical\" href=\"https:\/\/apavivisiem.lv\/?page_id=1245\" \/>\n<meta property=\"og:locale\" content=\"lv_LV\" \/>\n<meta property=\"og:type\" content=\"article\" \/>\n<meta property=\"og:title\" content=\"Apavu Outlet - Paz\u012bstamo z\u012bmolu apavi ar atlaidi l\u012bdz 80%\" \/>\n<meta property=\"og:description\" content=\"Popul\u0101ro z\u012bmolu apavi internet\u0101. Iep\u0113rcies neizejot no m\u0101j\u0101m. Pieg\u0101d\u0101sim vis\u0101 Latvij\u0101. Sievie\u0161u un v\u012brie\u0161u apavi par pievilc\u012bg\u0101m cen\u0101m.\" \/>\n<meta property=\"og:url\" content=\"https:\/\/apavivisiem.lv\/?page_id=1245\" \/>\n<meta property=\"og:site_name\" content=\"Apavu Outlet\" \/>\n<meta property=\"article:publisher\" content=\"https:\/\/www.facebook.com\/apavivisiem\" \/>\n<meta property=\"article:modified_time\" content=\"2024-04-22T20:04:43+00:00\" \/>\n<meta name=\"twitter:card\" content=\"summary_large_image\" \/>\n<meta name=\"twitter:label1\" content=\"Est. reading time\" \/>\n\t<meta name=\"twitter:data1\" content=\"2 min\u016btes\" \/>\n<script type=\"application\/ld+json\" class=\"yoast-schema-graph\">{\"@context\":\"https:\/\/schema.org\",\"@graph\":[{\"@type\":\"WebPage\",\"@id\":\"https:\/\/apavivisiem.lv\/?page_id=1245\",\"url\":\"https:\/\/apavivisiem.lv\/?page_id=1245\",\"name\":\"Apavu Outlet - Paz\u012bstamo z\u012bmolu apavi ar atlaidi l\u012bdz 80%\",\"isPartOf\":{\"@id\":\"https:\/\/apavivisiem.lv\/#website\"},\"datePublished\":\"2021-03-14T16:40:17+00:00\",\"dateModified\":\"2024-04-22T20:04:43+00:00\",\"description\":\"Popul\u0101ro z\u012bmolu apavi internet\u0101. Iep\u0113rcies neizejot no m\u0101j\u0101m. Pieg\u0101d\u0101sim vis\u0101 Latvij\u0101. Sievie\u0161u un v\u012brie\u0161u apavi par pievilc\u012bg\u0101m cen\u0101m.\",\"breadcrumb\":{\"@id\":\"https:\/\/apavivisiem.lv\/?page_id=1245#breadcrumb\"},\"inLanguage\":\"lv-LV\",\"potentialAction\":[{\"@type\":\"ReadAction\",\"target\":[\"https:\/\/apavivisiem.lv\/?page_id=1245\"]}]},{\"@type\":\"BreadcrumbList\",\"@id\":\"https:\/\/apavivisiem.lv\/?page_id=1245#breadcrumb\",\"itemListElement\":[{\"@type\":\"ListItem\",\"position\":1,\"name\":\"Galven\u0101\",\"item\":\"https:\/\/apavivisiem.lv\/en\/\"},{\"@type\":\"ListItem\",\"position\":2,\"name\":\"Par mums\"}]},{\"@type\":\"WebSite\",\"@id\":\"https:\/\/apavivisiem.lv\/#website\",\"url\":\"https:\/\/apavivisiem.lv\/\",\"name\":\"Apavu Outlet\",\"description\":\"Popul\u0101ro paz\u012bstamo z\u012bmolu apavi\",\"publisher\":{\"@id\":\"https:\/\/apavivisiem.lv\/#organization\"},\"potentialAction\":[{\"@type\":\"SearchAction\",\"target\":{\"@type\":\"EntryPoint\",\"urlTemplate\":\"https:\/\/apavivisiem.lv\/?s={search_term_string}\"},\"query-input\":{\"@type\":\"PropertyValueSpecification\",\"valueRequired\":true,\"valueName\":\"search_term_string\"}}],\"inLanguage\":\"lv-LV\"},{\"@type\":\"Organization\",\"@id\":\"https:\/\/apavivisiem.lv\/#organization\",\"name\":\"Krist\u012bne RR SIA\",\"url\":\"https:\/\/apavivisiem.lv\/\",\"logo\":{\"@type\":\"ImageObject\",\"inLanguage\":\"lv-LV\",\"@id\":\"https:\/\/apavivisiem.lv\/#\/schema\/logo\/image\/\",\"url\":\"https:\/\/apavivisiem.lv\/wp-content\/uploads\/2021\/03\/logo-main.png\",\"contentUrl\":\"https:\/\/apavivisiem.lv\/wp-content\/uploads\/2021\/03\/logo-main.png\",\"width\":300,\"height\":50,\"caption\":\"Krist\u012bne RR SIA\"},\"image\":{\"@id\":\"https:\/\/apavivisiem.lv\/#\/schema\/logo\/image\/\"},\"sameAs\":[\"https:\/\/www.facebook.com\/apavivisiem\",\"https:\/\/www.instagram.com\/apavivisiem\/\"]}]}<\/script>\n<!-- \/ Yoast SEO plugin. -->","yoast_head_json":{"title":"Apavu Outlet - Paz\u012bstamo z\u012bmolu apavi ar atlaidi l\u012bdz 80%","description":"Popul\u0101ro z\u012bmolu apavi internet\u0101. Iep\u0113rcies neizejot no m\u0101j\u0101m. Pieg\u0101d\u0101sim vis\u0101 Latvij\u0101. Sievie\u0161u un v\u012brie\u0161u apavi par pievilc\u012bg\u0101m cen\u0101m.","robots":{"index":"index","follow":"follow","max-snippet":"max-snippet:-1","max-image-preview":"max-image-preview:large","max-video-preview":"max-video-preview:-1"},"canonical":"https:\/\/apavivisiem.lv\/?page_id=1245","og_locale":"lv_LV","og_type":"article","og_title":"Apavu Outlet - Paz\u012bstamo z\u012bmolu apavi ar atlaidi l\u012bdz 80%","og_description":"Popul\u0101ro z\u012bmolu apavi internet\u0101. Iep\u0113rcies neizejot no m\u0101j\u0101m. Pieg\u0101d\u0101sim vis\u0101 Latvij\u0101. Sievie\u0161u un v\u012brie\u0161u apavi par pievilc\u012bg\u0101m cen\u0101m.","og_url":"https:\/\/apavivisiem.lv\/?page_id=1245","og_site_name":"Apavu Outlet","article_publisher":"https:\/\/www.facebook.com\/apavivisiem","article_modified_time":"2024-04-22T20:04:43+00:00","twitter_card":"summary_large_image","twitter_misc":{"Est. reading time":"2 min\u016btes"},"schema":{"@context":"https:\/\/schema.org","@graph":[{"@type":"WebPage","@id":"https:\/\/apavivisiem.lv\/?page_id=1245","url":"https:\/\/apavivisiem.lv\/?page_id=1245","name":"Apavu Outlet - Paz\u012bstamo z\u012bmolu apavi ar atlaidi l\u012bdz 80%","isPartOf":{"@id":"https:\/\/apavivisiem.lv\/#website"},"datePublished":"2021-03-14T16:40:17+00:00","dateModified":"2024-04-22T20:04:43+00:00","description":"Popul\u0101ro z\u012bmolu apavi internet\u0101. Iep\u0113rcies neizejot no m\u0101j\u0101m. Pieg\u0101d\u0101sim vis\u0101 Latvij\u0101. Sievie\u0161u un v\u012brie\u0161u apavi par pievilc\u012bg\u0101m cen\u0101m.","breadcrumb":{"@id":"https:\/\/apavivisiem.lv\/?page_id=1245#breadcrumb"},"inLanguage":"lv-LV","potentialAction":[{"@type":"ReadAction","target":["https:\/\/apavivisiem.lv\/?page_id=1245"]}]},{"@type":"BreadcrumbList","@id":"https:\/\/apavivisiem.lv\/?page_id=1245#breadcrumb","itemListElement":[{"@type":"ListItem","position":1,"name":"Galven\u0101","item":"https:\/\/apavivisiem.lv\/en\/"},{"@type":"ListItem","position":2,"name":"Par mums"}]},{"@type":"WebSite","@id":"https:\/\/apavivisiem.lv\/#website","url":"https:\/\/apavivisiem.lv\/","name":"Apavu Outlet","description":"Popul\u0101ro paz\u012bstamo z\u012bmolu apavi","publisher":{"@id":"https:\/\/apavivisiem.lv\/#organization"},"potentialAction":[{"@type":"SearchAction","target":{"@type":"EntryPoint","urlTemplate":"https:\/\/apavivisiem.lv\/?s={search_term_string}"},"query-input":{"@type":"PropertyValueSpecification","valueRequired":true,"valueName":"search_term_string"}}],"inLanguage":"lv-LV"},{"@type":"Organization","@id":"https:\/\/apavivisiem.lv\/#organization","name":"Krist\u012bne RR SIA","url":"https:\/\/apavivisiem.lv\/","logo":{"@type":"ImageObject","inLanguage":"lv-LV","@id":"https:\/\/apavivisiem.lv\/#\/schema\/logo\/image\/","url":"https:\/\/apavivisiem.lv\/wp-content\/uploads\/2021\/03\/logo-main.png","contentUrl":"https:\/\/apavivisiem.lv\/wp-content\/uploads\/2021\/03\/logo-main.png","width":300,"height":50,"caption":"Krist\u012bne RR SIA"},"image":{"@id":"https:\/\/apavivisiem.lv\/#\/schema\/logo\/image\/"},"sameAs":["https:\/\/www.facebook.com\/apavivisiem","https:\/\/www.instagram.com\/apavivisiem\/"]}]}},"lang":"lv","translations":{"en":42842,"lv":1245,"lt":50501,"et":50590},"pll_sync_post":[],"_links":{"self":[{"href":"https:\/\/apavivisiem.lv\/index.php?rest_route=\/wp\/v2\/pages\/1245","targetHints":{"allow":["GET"]}}],"collection":[{"href":"https:\/\/apavivisiem.lv\/index.php?rest_route=\/wp\/v2\/pages"}],"about":[{"href":"https:\/\/apavivisiem.lv\/index.php?rest_route=\/wp\/v2\/types\/page"}],"author":[{"embeddable":true,"href":"https:\/\/apavivisiem.lv\/index.php?rest_route=\/wp\/v2\/users\/1"}],"replies":[{"embeddable":true,"href":"https:\/\/apavivisiem.lv\/index.php?rest_route=%2Fwp%2Fv2%2Fcomments&post=1245"}],"version-history":[{"count":0,"href":"https:\/\/apavivisiem.lv\/index.php?rest_route=\/wp\/v2\/pages\/1245\/revisions"}],"wp:attachment":[{"href":"https:\/\/apavivisiem.lv\/index.php?rest_route=%2Fwp%2Fv2%2Fmedia&parent=1245"}],"curies":[{"name":"wp","href":"https:\/\/api.w.org\/{rel}","templated":true}]}}