{"id":26,"date":"2016-08-04T11:15:19","date_gmt":"2016-08-04T08:15:19","guid":{"rendered":"http:\/\/flatsome.dev\/?page_id=8412"},"modified":"2026-04-02T07:06:45","modified_gmt":"2026-04-02T04:06:45","slug":"musu-veikali","status":"publish","type":"page","link":"https:\/\/apavivisiem.lv\/?page_id=26","title":{"rendered":"M\u016bsu veikali"},"content":{"rendered":"\n\n  <div class=\"banner has-hover has-parallax\" id=\"banner-1913005372\">\n          <div class=\"banner-inner fill\">\n        <div class=\"banner-bg fill\" data-parallax=\"-3\" data-parallax-container=\".banner\" data-parallax-background>\n            <img loading=\"lazy\" decoding=\"async\" width=\"400\" height=\"400\" src=\"https:\/\/apavivisiem.lv\/wp-content\/uploads\/2021\/05\/our-shops-bg1.jpg\" class=\"bg attachment-original size-original\" alt=\"\" \/>                        <div class=\"overlay\"><\/div>            \n                    <\/div>\n\t\t\n        <div class=\"banner-layers container\">\n            <div class=\"fill banner-link\"><\/div>            \n\n   <div id=\"text-box-1054518721\" class=\"text-box banner-layer x50 md-x50 lg-x50 y50 md-y50 lg-y50 res-text\">\n                                <div class=\"text-box-content text dark\">\n              \n              <div class=\"text-inner text-center\">\n                  \n\n<h3 class=\"uppercase\"><strong>M\u016bsu veikali<\/strong><\/h3>\n<div class=\"is-divider divider clearfix\" ><\/div>\n\n<div class=\"social-icons share-icons share-row relative\" ><a href=\"whatsapp:\/\/send?text=M%C5%ABsu%20veikali - https:\/\/apavivisiem.lv\/?page_id=26\" data-action=\"share\/whatsapp\/share\" class=\"icon button circle is-outline tooltip whatsapp show-for-medium\" title=\"Share on WhatsApp\" aria-label=\"Share on WhatsApp\"><i class=\"icon-whatsapp\" aria-hidden=\"true\"><\/i><\/a><a href=\"https:\/\/www.facebook.com\/sharer.php?u=https:\/\/apavivisiem.lv\/?page_id=26\" data-label=\"Facebook\" onclick=\"window.open(this.href,this.title,'width=500,height=500,top=300px,left=300px'); return false;\" target=\"_blank\" class=\"icon button circle is-outline tooltip facebook\" title=\"Share on Facebook\" aria-label=\"Share on Facebook\" rel=\"noopener nofollow\"><i class=\"icon-facebook\" aria-hidden=\"true\"><\/i><\/a><a href=\"https:\/\/twitter.com\/share?url=https:\/\/apavivisiem.lv\/?page_id=26\" onclick=\"window.open(this.href,this.title,'width=500,height=500,top=300px,left=300px'); return false;\" target=\"_blank\" class=\"icon button circle is-outline tooltip twitter\" title=\"Share on Twitter\" aria-label=\"Share on Twitter\" rel=\"noopener nofollow\"><i class=\"icon-twitter\" aria-hidden=\"true\"><\/i><\/a><\/div>\n\n\n              <\/div>\n           <\/div>\n                            \n<style>\n#text-box-1054518721 {\n  width: 60%;\n}\n#text-box-1054518721 .text-box-content {\n  font-size: 100%;\n}\n@media (min-width:550px) {\n  #text-box-1054518721 {\n    width: 68%;\n  }\n}\n<\/style>\n    <\/div>\n \n\n        <\/div>\n      <\/div>\n\n            \n<style>\n#banner-1913005372 {\n  padding-top: 300px;\n}\n#banner-1913005372 .overlay {\n  background-color: rgba(0, 0, 0, 0.756);\n}\n#banner-1913005372 .banner-bg img {\n  object-position: 0% 100%;\n}\n<\/style>\n  <\/div>\n\n\n<div class=\"row\"  id=\"row-1952774868\">\n\n\n\t<div id=\"col-662203413\" class=\"col small-12 large-12\"  >\n\t\t\t\t<div class=\"col-inner\"  >\n\t\t\t\n\t\t\t\n\n<p class=\"lead\" style=\"text-align: center\">Internetveikala apavi pieejami tikai ieg\u0101d\u0101joties tos tie\u0161saist\u0113!<\/p>\n<p>M\u016bsu fizisko veikalu plauktos j\u016bs neatrad\u012bsiet visus tie\u0161saistes veikal\u0101 pieejamos apavu mode\u013cus.<\/p>\n\t<div id=\"gap-2086860305\" class=\"gap-element clearfix\" style=\"display:block; height:auto;\">\n\t\t\n<style>\n#gap-2086860305 {\n  padding-top: 30px;\n}\n<\/style>\n\t<\/div>\n\t\n\n<div class=\"row\"  id=\"row-886948079\">\n\n\n\t<div id=\"col-1113732647\" class=\"col medium-6 small-12 large-6\"  >\n\t\t\t\t<div class=\"col-inner\"  >\n\t\t\t\n\t\t\t\n\n<p>Sigulda Kr.Valdem\u0101ra iela 1a, <em>+371 67970884<\/em><\/p>\n<p>R\u012bga, L\u0101\u010dpl\u0113\u0161a iela 67, <em>+371 67286511<\/em><\/p>\n<p>R\u012bga, Mat\u012bsa iela 19, <em>+371 26452315<\/em><\/p>\n<p>R\u012bga, Br\u012bv\u012bbas iela 62, <em>+371 67704157 <\/em><\/p>\n<p>R\u012bga, Gogo\u013ca iela 10, <em>+371 67205196<\/em><\/p>\n<p>R\u012bga, Marijas iela 9, <em>+371 25429807<\/em><\/p>\n<p>Bolder\u0101ja, Gobas iela 17, <em>+371 67700812<\/em><\/p>\n<p>Limba\u017ei, R\u012bgas iela 3, <em>+371 64070295<\/em><\/p>\n<p>Valmiera, C\u0113su iela 9, <em>+371 64222649<\/em><\/p>\n<p>\u00a0<\/p>\n\n\t\t<\/div>\n\t\t\t\t\t<\/div>\n\n\t\n\n\t<div id=\"col-824531819\" class=\"col medium-6 small-12 large-6\"  >\n\t\t\t\t<div class=\"col-inner\"  >\n\t\t\t\n\t\t\t\n\n<p>Kauguri, Rai\u0146a iela 83-43, <em>+371 67737150<\/em><\/p>\n<p>Jelgava, Pasta iela 41, <em>+371 63083379<\/em><\/p>\n<p>Ogre, M\u0101lkalnes prospekts 5, <em>+371 65048511<\/em><\/p>\n<p>Kr\u0101slava, Vien\u012bbas 3, <em>+371 65624564<\/em><\/p>\n<p><p>Ludza, Rai\u0146a iela 19, <em>+371 65726017<\/em><\/p>\n<p>R\u0113zekne, Atbr\u012bvo\u0161anas aleja 101, <em>+371 64605367<\/em><\/p>\n<p>Ventspils, J\u016bras iela 9, <em>+371 27891931<\/em><\/p>\n<p>C\u0113sis, Raunas iela 11-2, <em>+371 25610930<\/em><\/p>\n\n\n\t\t<\/div>\n\t\t\t\t\t<\/div>\n\n\t\n\n<\/div>\n\n\t\t<\/div>\n\t\t\t\t\t<\/div>\n\n\t\n\n<\/div>\n\n","protected":false},"excerpt":{"rendered":"","protected":false},"author":1,"featured_media":17,"parent":0,"menu_order":0,"comment_status":"closed","ping_status":"closed","template":"page-blank.php","meta":{"footnotes":""},"class_list":["post-26","page","type-page","status-publish","has-post-thumbnail","hentry"],"yoast_head":"<!-- This site is optimized with the Yoast SEO plugin v26.6 - https:\/\/yoast.com\/wordpress\/plugins\/seo\/ -->\n<title>Paz\u012bstamo z\u012bmolu apavi - Iep\u0113rcies internet\u0101. Atlaides apaviem l\u012bdz 80%!<\/title>\n<meta name=\"description\" content=\"Z\u012bmolu apavu Outlet. Sievie\u0161u apavi, v\u012brie\u0161u apavi. Atlaides apaviem l\u012bdz 80%. Iep\u0113rcies ar\u012b internet\u0101. Pieg\u0101de vis\u0101 Latvij\u0101!\" \/>\n<meta name=\"robots\" content=\"index, follow, max-snippet:-1, max-image-preview:large, max-video-preview:-1\" \/>\n<link rel=\"canonical\" href=\"https:\/\/apavivisiem.lv\/?page_id=26\" \/>\n<meta property=\"og:locale\" content=\"lv_LV\" \/>\n<meta property=\"og:type\" content=\"article\" \/>\n<meta property=\"og:title\" content=\"Paz\u012bstamo z\u012bmolu apavi - Iep\u0113rcies internet\u0101. Atlaides apaviem l\u012bdz 80%!\" \/>\n<meta property=\"og:description\" content=\"Z\u012bmolu apavu Outlet. Sievie\u0161u apavi, v\u012brie\u0161u apavi. Atlaides apaviem l\u012bdz 80%. Iep\u0113rcies ar\u012b internet\u0101. Pieg\u0101de vis\u0101 Latvij\u0101!\" \/>\n<meta property=\"og:url\" content=\"https:\/\/apavivisiem.lv\/?page_id=26\" \/>\n<meta property=\"og:site_name\" content=\"Apavu Outlet\" \/>\n<meta property=\"article:publisher\" content=\"https:\/\/www.facebook.com\/apavivisiem\" \/>\n<meta property=\"article:modified_time\" content=\"2026-04-02T04:06:45+00:00\" \/>\n<meta property=\"og:image\" content=\"https:\/\/apavivisiem.lv\/wp-content\/uploads\/2021\/03\/our-shops-bg.jpeg\" \/>\n\t<meta property=\"og:image:width\" content=\"1280\" \/>\n\t<meta property=\"og:image:height\" content=\"960\" \/>\n\t<meta property=\"og:image:type\" content=\"image\/jpeg\" \/>\n<meta name=\"twitter:card\" content=\"summary_large_image\" \/>\n<meta name=\"twitter:label1\" content=\"Est. reading time\" \/>\n\t<meta name=\"twitter:data1\" content=\"2 min\u016btes\" \/>\n<script type=\"application\/ld+json\" class=\"yoast-schema-graph\">{\"@context\":\"https:\/\/schema.org\",\"@graph\":[{\"@type\":\"WebPage\",\"@id\":\"https:\/\/apavivisiem.lv\/?page_id=26\",\"url\":\"https:\/\/apavivisiem.lv\/?page_id=26\",\"name\":\"Paz\u012bstamo z\u012bmolu apavi - Iep\u0113rcies internet\u0101. Atlaides apaviem l\u012bdz 80%!\",\"isPartOf\":{\"@id\":\"https:\/\/apavivisiem.lv\/#website\"},\"primaryImageOfPage\":{\"@id\":\"https:\/\/apavivisiem.lv\/?page_id=26#primaryimage\"},\"image\":{\"@id\":\"https:\/\/apavivisiem.lv\/?page_id=26#primaryimage\"},\"thumbnailUrl\":\"https:\/\/apavivisiem.lv\/wp-content\/uploads\/2016\/08\/dummy-1.jpg\",\"datePublished\":\"2016-08-04T08:15:19+00:00\",\"dateModified\":\"2026-04-02T04:06:45+00:00\",\"description\":\"Z\u012bmolu apavu Outlet. Sievie\u0161u apavi, v\u012brie\u0161u apavi. Atlaides apaviem l\u012bdz 80%. Iep\u0113rcies ar\u012b internet\u0101. Pieg\u0101de vis\u0101 Latvij\u0101!\",\"breadcrumb\":{\"@id\":\"https:\/\/apavivisiem.lv\/?page_id=26#breadcrumb\"},\"inLanguage\":\"lv-LV\",\"potentialAction\":[{\"@type\":\"ReadAction\",\"target\":[\"https:\/\/apavivisiem.lv\/?page_id=26\"]}]},{\"@type\":\"ImageObject\",\"inLanguage\":\"lv-LV\",\"@id\":\"https:\/\/apavivisiem.lv\/?page_id=26#primaryimage\",\"url\":\"https:\/\/apavivisiem.lv\/wp-content\/uploads\/2016\/08\/dummy-1.jpg\",\"contentUrl\":\"https:\/\/apavivisiem.lv\/wp-content\/uploads\/2016\/08\/dummy-1.jpg\",\"width\":400,\"height\":260},{\"@type\":\"BreadcrumbList\",\"@id\":\"https:\/\/apavivisiem.lv\/?page_id=26#breadcrumb\",\"itemListElement\":[{\"@type\":\"ListItem\",\"position\":1,\"name\":\"Galven\u0101\",\"item\":\"https:\/\/apavivisiem.lv\/en\/\"},{\"@type\":\"ListItem\",\"position\":2,\"name\":\"M\u016bsu veikali\"}]},{\"@type\":\"WebSite\",\"@id\":\"https:\/\/apavivisiem.lv\/#website\",\"url\":\"https:\/\/apavivisiem.lv\/\",\"name\":\"Apavu Outlet\",\"description\":\"Popul\u0101ro paz\u012bstamo z\u012bmolu apavi\",\"publisher\":{\"@id\":\"https:\/\/apavivisiem.lv\/#organization\"},\"potentialAction\":[{\"@type\":\"SearchAction\",\"target\":{\"@type\":\"EntryPoint\",\"urlTemplate\":\"https:\/\/apavivisiem.lv\/?s={search_term_string}\"},\"query-input\":{\"@type\":\"PropertyValueSpecification\",\"valueRequired\":true,\"valueName\":\"search_term_string\"}}],\"inLanguage\":\"lv-LV\"},{\"@type\":\"Organization\",\"@id\":\"https:\/\/apavivisiem.lv\/#organization\",\"name\":\"Krist\u012bne RR SIA\",\"url\":\"https:\/\/apavivisiem.lv\/\",\"logo\":{\"@type\":\"ImageObject\",\"inLanguage\":\"lv-LV\",\"@id\":\"https:\/\/apavivisiem.lv\/#\/schema\/logo\/image\/\",\"url\":\"https:\/\/apavivisiem.lv\/wp-content\/uploads\/2021\/03\/logo-main.png\",\"contentUrl\":\"https:\/\/apavivisiem.lv\/wp-content\/uploads\/2021\/03\/logo-main.png\",\"width\":300,\"height\":50,\"caption\":\"Krist\u012bne RR SIA\"},\"image\":{\"@id\":\"https:\/\/apavivisiem.lv\/#\/schema\/logo\/image\/\"},\"sameAs\":[\"https:\/\/www.facebook.com\/apavivisiem\",\"https:\/\/www.instagram.com\/apavivisiem\/\"]}]}<\/script>\n<!-- \/ Yoast SEO plugin. -->","yoast_head_json":{"title":"Paz\u012bstamo z\u012bmolu apavi - Iep\u0113rcies internet\u0101. Atlaides apaviem l\u012bdz 80%!","description":"Z\u012bmolu apavu Outlet. Sievie\u0161u apavi, v\u012brie\u0161u apavi. Atlaides apaviem l\u012bdz 80%. Iep\u0113rcies ar\u012b internet\u0101. Pieg\u0101de vis\u0101 Latvij\u0101!","robots":{"index":"index","follow":"follow","max-snippet":"max-snippet:-1","max-image-preview":"max-image-preview:large","max-video-preview":"max-video-preview:-1"},"canonical":"https:\/\/apavivisiem.lv\/?page_id=26","og_locale":"lv_LV","og_type":"article","og_title":"Paz\u012bstamo z\u012bmolu apavi - Iep\u0113rcies internet\u0101. Atlaides apaviem l\u012bdz 80%!","og_description":"Z\u012bmolu apavu Outlet. Sievie\u0161u apavi, v\u012brie\u0161u apavi. Atlaides apaviem l\u012bdz 80%. Iep\u0113rcies ar\u012b internet\u0101. Pieg\u0101de vis\u0101 Latvij\u0101!","og_url":"https:\/\/apavivisiem.lv\/?page_id=26","og_site_name":"Apavu Outlet","article_publisher":"https:\/\/www.facebook.com\/apavivisiem","article_modified_time":"2026-04-02T04:06:45+00:00","og_image":[{"width":1280,"height":960,"url":"https:\/\/apavivisiem.lv\/wp-content\/uploads\/2021\/03\/our-shops-bg.jpeg","type":"image\/jpeg"}],"twitter_card":"summary_large_image","twitter_misc":{"Est. reading time":"2 min\u016btes"},"schema":{"@context":"https:\/\/schema.org","@graph":[{"@type":"WebPage","@id":"https:\/\/apavivisiem.lv\/?page_id=26","url":"https:\/\/apavivisiem.lv\/?page_id=26","name":"Paz\u012bstamo z\u012bmolu apavi - Iep\u0113rcies internet\u0101. Atlaides apaviem l\u012bdz 80%!","isPartOf":{"@id":"https:\/\/apavivisiem.lv\/#website"},"primaryImageOfPage":{"@id":"https:\/\/apavivisiem.lv\/?page_id=26#primaryimage"},"image":{"@id":"https:\/\/apavivisiem.lv\/?page_id=26#primaryimage"},"thumbnailUrl":"https:\/\/apavivisiem.lv\/wp-content\/uploads\/2016\/08\/dummy-1.jpg","datePublished":"2016-08-04T08:15:19+00:00","dateModified":"2026-04-02T04:06:45+00:00","description":"Z\u012bmolu apavu Outlet. Sievie\u0161u apavi, v\u012brie\u0161u apavi. Atlaides apaviem l\u012bdz 80%. Iep\u0113rcies ar\u012b internet\u0101. Pieg\u0101de vis\u0101 Latvij\u0101!","breadcrumb":{"@id":"https:\/\/apavivisiem.lv\/?page_id=26#breadcrumb"},"inLanguage":"lv-LV","potentialAction":[{"@type":"ReadAction","target":["https:\/\/apavivisiem.lv\/?page_id=26"]}]},{"@type":"ImageObject","inLanguage":"lv-LV","@id":"https:\/\/apavivisiem.lv\/?page_id=26#primaryimage","url":"https:\/\/apavivisiem.lv\/wp-content\/uploads\/2016\/08\/dummy-1.jpg","contentUrl":"https:\/\/apavivisiem.lv\/wp-content\/uploads\/2016\/08\/dummy-1.jpg","width":400,"height":260},{"@type":"BreadcrumbList","@id":"https:\/\/apavivisiem.lv\/?page_id=26#breadcrumb","itemListElement":[{"@type":"ListItem","position":1,"name":"Galven\u0101","item":"https:\/\/apavivisiem.lv\/en\/"},{"@type":"ListItem","position":2,"name":"M\u016bsu veikali"}]},{"@type":"WebSite","@id":"https:\/\/apavivisiem.lv\/#website","url":"https:\/\/apavivisiem.lv\/","name":"Apavu Outlet","description":"Popul\u0101ro paz\u012bstamo z\u012bmolu apavi","publisher":{"@id":"https:\/\/apavivisiem.lv\/#organization"},"potentialAction":[{"@type":"SearchAction","target":{"@type":"EntryPoint","urlTemplate":"https:\/\/apavivisiem.lv\/?s={search_term_string}"},"query-input":{"@type":"PropertyValueSpecification","valueRequired":true,"valueName":"search_term_string"}}],"inLanguage":"lv-LV"},{"@type":"Organization","@id":"https:\/\/apavivisiem.lv\/#organization","name":"Krist\u012bne RR SIA","url":"https:\/\/apavivisiem.lv\/","logo":{"@type":"ImageObject","inLanguage":"lv-LV","@id":"https:\/\/apavivisiem.lv\/#\/schema\/logo\/image\/","url":"https:\/\/apavivisiem.lv\/wp-content\/uploads\/2021\/03\/logo-main.png","contentUrl":"https:\/\/apavivisiem.lv\/wp-content\/uploads\/2021\/03\/logo-main.png","width":300,"height":50,"caption":"Krist\u012bne RR SIA"},"image":{"@id":"https:\/\/apavivisiem.lv\/#\/schema\/logo\/image\/"},"sameAs":["https:\/\/www.facebook.com\/apavivisiem","https:\/\/www.instagram.com\/apavivisiem\/"]}]}},"lang":"lv","translations":{"en":42845,"lv":26,"lt":50505,"et":50604},"pll_sync_post":[],"_links":{"self":[{"href":"https:\/\/apavivisiem.lv\/index.php?rest_route=\/wp\/v2\/pages\/26","targetHints":{"allow":["GET"]}}],"collection":[{"href":"https:\/\/apavivisiem.lv\/index.php?rest_route=\/wp\/v2\/pages"}],"about":[{"href":"https:\/\/apavivisiem.lv\/index.php?rest_route=\/wp\/v2\/types\/page"}],"author":[{"embeddable":true,"href":"https:\/\/apavivisiem.lv\/index.php?rest_route=\/wp\/v2\/users\/1"}],"replies":[{"embeddable":true,"href":"https:\/\/apavivisiem.lv\/index.php?rest_route=%2Fwp%2Fv2%2Fcomments&post=26"}],"version-history":[{"count":4,"href":"https:\/\/apavivisiem.lv\/index.php?rest_route=\/wp\/v2\/pages\/26\/revisions"}],"predecessor-version":[{"id":234888,"href":"https:\/\/apavivisiem.lv\/index.php?rest_route=\/wp\/v2\/pages\/26\/revisions\/234888"}],"wp:featuredmedia":[{"embeddable":true,"href":"https:\/\/apavivisiem.lv\/index.php?rest_route=\/wp\/v2\/media\/17"}],"wp:attachment":[{"href":"https:\/\/apavivisiem.lv\/index.php?rest_route=%2Fwp%2Fv2%2Fmedia&parent=26"}],"curies":[{"name":"wp","href":"https:\/\/api.w.org\/{rel}","templated":true}]}}