{"id":309,"date":"2021-03-12T16:00:33","date_gmt":"2021-03-12T14:00:33","guid":{"rendered":"https:\/\/apavi.digitalflex.co\/?page_id=309"},"modified":"2021-03-12T16:00:45","modified_gmt":"2021-03-12T14:00:45","slug":"privatuma-politika","status":"publish","type":"page","link":"https:\/\/apavivisiem.lv\/?page_id=309","title":{"rendered":"Priv\u0101tuma politika"},"content":{"rendered":"\n<p><strong>Priv\u0101tuma politika<\/strong><\/p>\n<ol>\n<li>Visp\u0101r\u012bgi noteikumi<\/li>\n<\/ol>\n<p>1.1. \u0160\u012b priv\u0101tuma politika (turpm\u0101k tekst\u0101 \u2013 &#8220;Politika&#8221;) nosaka SIA \u201cKrist\u012bne RR\u201d, uz\u0146\u0113muma re\u0123istr\u0101cijas Nr. 40002017815, juridisk\u0101 adrese Kri\u0161j\u0101\u0146a Valdem\u0101ra iela 1A k-1, Sigulda, Siguldas nov., Latvija&nbsp;(turpm\u0101k tekst\u0101 \u2013 &#8220;Krist\u012bne RR&#8221;) personas datu apstr\u0101des principus un proced\u016bras, k\u0101 ar\u012b m\u016bsu kop\u012bgi p\u0101rvald\u012bt\u0101s t\u012bmek\u013ca vietnes https:\/\/apavivisiem.lv\/ lieto\u0161anas nosac\u012bjumus (turpm\u0101k tekst\u0101 \u2013 &#8220;vietne&#8221;).<\/p>\n<p>1.2. M\u0113s cen\u0161amies nodro\u0161in\u0101t, lai m\u016bsu pakalpojumu lietot\u0101ji, vietnes apmekl\u0113t\u0101ji un citas personas, kuru personas dati tiek apstr\u0101d\u0101ta, piln\u012bb\u0101 uztic\u0113tos mums un m\u016bsu sniegtajiem pakalpojumiem, un vi\u0146i ir p\u0101rredzami inform\u0113ti par to, k\u0101 m\u0113s apstr\u0101d\u0101jam no vi\u0146iem ieg\u016btos datus. \u0160aj\u0101 politik\u0101 j\u016bs variet iepaz\u012bties ar inform\u0101ciju par to, k\u0101 m\u0113s v\u0101cam un izmantojam (vai v\u0113lamies v\u0101kt un izmantot) j\u016bsu personas datus.<\/p>\n<p>1.3. Savas darb\u012bbas ietvaros m\u0113s vad\u0101mies p\u0113c \u0161\u0101diem personas datu apstr\u0101des principiem:<\/p>\n<p>1.3.1. Personas datiem ir j\u0101b\u016bt apstr\u0101d\u0101tiem likum\u012bgi, godpr\u0101t\u012bgi un datu subjektam p\u0101rredzam\u0101 veid\u0101 (likum\u012bguma, taisn\u012bguma un p\u0101rredzam\u012bbas princips);<\/p>\n<p>1.3.2. Personas dati tiek v\u0101kti konkr\u0113tos, skaidros un le\u0123it\u012bmos nol\u016bkos, un tos nedr\u012bkst t\u0101l\u0101k apstr\u0101d\u0101t veid\u0101, kas nav sader\u012bgs ar \u0161iem m\u0113r\u0137iem; turpm\u0101ka datu apstr\u0101de arhiv\u0113\u0161anas nol\u016bkos sabiedr\u012bbas interes\u0113s, statistikas nol\u016bkos vai datu apstr\u0101de zin\u0101tnisko vai v\u0113sturisko p\u0113t\u012bjumu ietvaros netiek uzskat\u012bta par nesader\u012bgu ar s\u0101kotn\u0113jiem m\u0113r\u0137iem (m\u0113r\u0137a ierobe\u017eojuma princips);<\/p>\n<p>1.3.3. Personas datiem j\u0101b\u016bt adekv\u0101tiem, piem\u0113rotiem un nepiecie\u0161amiem tikai, lai sasniegtu tos m\u0113r\u0137us, kuriem tie tiek apstr\u0101d\u0101ti (datu minimiz\u0101cijas princips);<\/p>\n<p>1.3.4. Personas datiem j\u0101b\u016bt prec\u012bziem un, ja nepiecie\u0161ams, tie ir j\u0101atjaunina; ir j\u0101veic visi sapr\u0101t\u012bgi pas\u0101kumi, lai nodro\u0161in\u0101tu, ka neprec\u012bzi personas dati, \u0146emot v\u0113r\u0101 nol\u016bkus, k\u0101dos tie tiek apstr\u0101d\u0101ti, nekav\u0113joties tiek dz\u0113sti vai laboti (precizit\u0101tes princips);<\/p>\n<p>1.3.5. Personas dati ir j\u0101uzglab\u0101 veid\u0101, kas pie\u013cauj datu subjektu identifik\u0101ciju, ne ilg\u0101k k\u0101 tas ir nepiecie\u0161ams nol\u016bkiem, k\u0101diem personas datus apstr\u0101d\u0101; personas datus var uzglab\u0101t ilg\u0101k, cikt\u0101l personas datus apstr\u0101d\u0101 tikai arhiv\u0113\u0161anas nol\u016bkos sabiedr\u012bbas interes\u0113s, zin\u0101tnisk\u0101s vai v\u0113stures p\u0113tniec\u012bbas nol\u016bkos, vai statistikas nol\u016bkos, ievie\u0161ot atbilsto\u0161us tehniskus un organizatoriskus pas\u0101kumus, kas ir vajadz\u012bgi, lai aizsarg\u0101tu datu subjekta ties\u012bbas un br\u012bv\u012bbas (glab\u0101\u0161anas ierobe\u017eojuma princips);<\/p>\n<p>1.3.6. Personas dati ir j\u0101apstr\u0101d\u0101 t\u0101, lai nodro\u0161in\u0101tu atbilsto\u0161u personas datu dro\u0161\u012bbu, tostarp aizsardz\u012bbu pret neat\u013cautu vai nelikum\u012bgu datu apstr\u0101di un nejau\u0161u datu nozaud\u0113\u0161anu, izn\u012bcin\u0101\u0161anu vai saboj\u0101\u0161anu, uzmantojot atbilsto\u0161us tehniskus vai organizatoriskus pas\u0101kumus (integrit\u0101tes un konfidencialit\u0101tes princips);<\/p>\n<p>1.3.7. M\u0113s esam atbild\u012bgi par iepriek\u0161 min\u0113to principu iev\u0113ro\u0161anu, un mums j\u0101sp\u0113j pier\u0101d\u012bt, ka tie tiek iev\u0113roti (p\u0101rskatatbild\u012bbas princips).<\/p>\n<p>1.4. \u0160\u012b politika ir izstr\u0101d\u0101ta pamatojoties uz Eiropas Parlamenta un Padomes 2016. gada 27. apr\u012b\u013ca Regulu (ES) Nr. 2016\/679 par fizisku personu aizsardz\u012bbu attiec\u012bb\u0101 uz personas datu apstr\u0101di un \u0161\u0101du datu br\u012bvu apriti un ar ko atce\u013c Direkt\u012bvu 95\/46\/EK (Visp\u0101r\u012bg\u0101 datu aizsardz\u012bbas regula, turpm\u0101k tekst\u0101 \u2013 &#8220;VDAR&#8221;), citiem Eiropas Savien\u012bbas un Latvijas Republikas ties\u012bbu aktiem. Politika ir j\u0101interpret\u0113 atbilsto\u0161i VDAR un Latvijas Republikas ties\u012bbu aktiem, kas regul\u0113 personas datu aizsardz\u012bbu.<\/p>\n<ol start=\"2\">\n<li>Personas datu v\u0101k\u0161ana, apstr\u0101de un uzglab\u0101\u0161ana<\/li>\n<\/ol>\n<p>2.1. Ir \u013coti svar\u012bgi, lai j\u016bs r\u016bp\u012bgi izlas\u012btu \u0161o politiku, jo t\u0101 tie\u0161i attiecas uz personas datu v\u0101k\u0161anu, apstr\u0101di, apmekl\u0113jot vietni un izmantojot m\u016bsu pakalpojumus, un politik\u0101 paredz\u0113tajos gad\u012bjumos &#8211; j\u016bsu personas datu nodo\u0161anu datu sa\u0146\u0113m\u0113jiem.<\/p>\n<p>2.2. Ja j\u016bs nepiekr\u012btat \u0161ai politikai un taj\u0101 aprakst\u012btajai personas datu apstr\u0101dei, l\u016bdzu, neapmekl\u0113jiet t\u012bmek\u013ca vietni un \/ vai nelietojiet m\u016bsu pakalpojumus.<\/p>\n<p>2.3. J\u016bs esat atbild\u012bgs par to, lai j\u016bsu sniegtie dati b\u016btu prec\u012bzi, pareizi un piln\u012bgi. Apzin\u0101ta nepareizu datu ievad\u012b\u0161ana ir uzskat\u0101ma par politikas p\u0101rk\u0101pumu. Ja j\u016bsu iesniegtie dati main\u0101s, jums m\u016bs par to ir j\u0101inform\u0113. M\u0113s nek\u0101d\u0101 gad\u012bjum\u0101 neesam atbild\u012bgi par jebk\u0101diem zaud\u0113jumiem, kas jums un \/ vai tre\u0161aj\u0101m person\u0101m tiek nodar\u012bti t\u0101d\u0113\u013c, ka esat iesniedzis nepareizus un \/ vai nepiln\u012bgus personas datus, vai ar\u012b ja j\u016bs neesat l\u016bdzis\/-gusi datu papildin\u0101\u0161anu un \/ vai groz\u012b\u0161anu p\u0113c tam, kad tie ir main\u012bju\u0161ies.<\/p>\n<p>2.4. Personas datu sa\u0146\u0113m\u0113ji, kam m\u0113s varam atkl\u0101t j\u016bsu personas datus, ir aprakst\u012bti katr\u0101 datu apstr\u0101des aktivit\u0101t\u0113.<\/p>\n<p>2.5. Atsevi\u0161\u0137os gad\u012bjumos m\u0113s varam atkl\u0101t j\u016bsu inform\u0101ciju citiem personas datu sa\u0146\u0113m\u0113jiem, kas nav \u0161eit nor\u0101d\u012bti:<\/p>\n<p>2.5.1. Lai nep\u0101rk\u0101ptu \u0101r\u0113jos normat\u012bvos aktus vai iev\u0113rotu oblig\u0101tu tiesas procesu (piem\u0113ram, sa\u0146emot tiesas r\u012bkojumu sniegt datus);<\/p>\n<p>2.5.2. Lai apliecin\u0101tu savu darb\u012bbu le\u0123itimit\u0101ti;<\/p>\n<p>2.5.3. Lai aizsarg\u0101tu savas ties\u012bbas, \u012bpa\u0161umu vai nodro\u0161in\u0101tu to dro\u0161\u012bbu;<\/p>\n<p>2.5.4. Citos gad\u012bjumos \u2013 ar j\u016bsu piekri\u0161anu vai p\u0113c j\u016bsu piepras\u012bjuma.<\/p>\n<ol start=\"3\">\n<li>E-komercija<\/li>\n<\/ol>\n<p>3.1. Lai sniegtu jums iesp\u0113ju iepirkties tie\u0161saistes veikal\u0101, m\u0113s apstr\u0101d\u0101jam \u0161\u0101dus personas datus, lai nodro\u0161in\u0101tu \u0161o pakalpojumu:<\/p>\n<p>3.1.1. V\u0101rds;<\/p>\n<p>3.1.2. Uzv\u0101rds;<\/p>\n<p>3.1.3. Dzimums (uzruna);<\/p>\n<p>3.1.4. Telefona numurs;<\/p>\n<p>3.1.5. E-pasta adrese;<\/p>\n<p>3.1.6. Dz\u012bvesvietas adrese;<\/p>\n<p>3.1.7. P\u0113c piepras\u012bjuma papildu inform\u0101cija, kas ir nepiecie\u0161ama pieg\u0101dei pre\u010du sa\u0146\u0113m\u0113jam (piem., k\u0101p\u0146u telpas kods)<\/p>\n<p>4.2. Datu apstr\u0101de E-komercijas nol\u016bk\u0101 notiek pamatojoties uz VDAR 6. panta 1. punkta (b) apak\u0161punktu, lai izpild\u012btu pre\u010du pirkuma l\u012bgumu.<\/p>\n<p>4.3. \u0160im nol\u016bkam &#8220;Krist\u012bne RR&#8221; izmantos j\u016bsu datus, lai var\u0113tu nos\u016bt\u012bt pas\u016bt\u012bto preci un izrakst\u012bt r\u0113\u0137inus.<\/p>\n<ol start=\"5\">\n<li>Personas datu uzglab\u0101\u0161anas k\u0101rt\u012bba un noteikumi<\/li>\n<\/ol>\n<p>5.1. Apstr\u0101d\u0101jot un uzglab\u0101jot j\u016bsu personas datus, m\u0113s piem\u0113rojam organizatoriskos un tehniskos pas\u0101kumus, lai nodro\u0161in\u0101tu personas datu aizsardz\u012bbu pret nejau\u0161u vai nelikum\u012bgu izn\u012bcin\u0101\u0161anu, groz\u012b\u0161anu, izpau\u0161anu un jebk\u0101du citu nelikum\u012bgu apstr\u0101di.<\/p>\n<p>5.2. M\u0113s piem\u0113rojam da\u017e\u0101dus personas datu glab\u0101\u0161anas noteikumus, atkar\u012bb\u0101 no j\u016bsu konkr\u0113t\u0101 personas datu apstr\u0101des nol\u016bka.<\/p>\n<p>5.3. M\u0113s piem\u0113rojam \u0161\u0101dus noteikumus personas datu glab\u0101\u0161anai:<\/p>\n<p>\u2022 Personas datu apstr\u0101des nol\u016bks: E-komercija.<\/p>\n<p>\u2022 Uzglab\u0101\u0161anas termi\u0146\u0161: &#8220;Krist\u012bne RR&#8221; &#8211; re\u0123istr\u0113to lietot\u0101ju dati tiek glab\u0101ti 3 gadus p\u0113c p\u0113d\u0113j\u0101 m\u0101jas lapas apmekl\u0113juma. Citi pirc\u0113ju dati tiek glab\u0101ti 3 gadus no p\u0113d\u0113j\u0101s pre\u010du ieg\u0101des.<\/p>\n<p><span style=\"font-size: 14.4px;\">5.4. Iz\u0146\u0113mumi no iepriek\u0161 min\u0113tajiem glab\u0101\u0161anas termi\u0146iem var tikt noteikti ar nosac\u012bjumu, ka \u0161\u0101das atk\u0101pes neskar j\u016bsu datu subjekta ties\u012bbas, t\u0101s atbilst normat\u012bvo aktu pras\u012bb\u0101m un ir pien\u0101c\u012bgi dokument\u0113tas.<\/span><\/p>\n<p>5.5. Gad\u012bjum\u0101, ja da\u017ei no j\u016bsu personas datiem b\u016bs nepiecie\u0161ami, lai celtu, \u012bstenotu vai aizst\u0101v\u0113tu likum\u012bgas pras\u012bbas, m\u0113s tos uzglab\u0101sim tikt\u0101l, cikt\u0101l tie b\u016bs nepiecie\u0161ami, lai nodro\u0161in\u0101tu \u0161\u0101du m\u0113r\u0137u sasnieg\u0161anu tiesas, administrat\u012bv\u0101 procesa vai \u0101rpustiesas k\u0101rt\u012bb\u0101.<\/p>\n<ol start=\"6\">\n<li>J\u016bsu ties\u012bbas<\/li>\n<\/ol>\n<p>6.1. Jums jebkur\u0101 laik\u0101 p\u0113c piepras\u012bjuma ir ties\u012bbas piek\u013c\u016bt saviem personas datiem, kurus m\u0113s apstr\u0101d\u0101jam, un noskaidrot, k\u0101 tie tiek apstr\u0101d\u0101ti, piepras\u012bt nepareizu, nepiln\u012bgu vai neprec\u012bzu personas datu labo\u0161anu, k\u0101 ar\u012b, piepras\u012bt datu apstr\u0101des aptur\u0113\u0161anu, iz\u0146emot glab\u0101\u0161anu, ja dati tiek apstr\u0101d\u0101ti, neiev\u0113rojot juridisk\u0101s pras\u012bbas.<\/p>\n<p>6.2. Cikt\u0101l personas datu apstr\u0101de notiek, pamatojoties uz piekri\u0161anu, jums ir ties\u012bbas jebkur\u0101 laik\u0101 atsaukt j\u016bsu sniegto piekri\u0161anu, kas neietekm\u0113 apstr\u0101des likum\u012bgumu, kuras pamat\u0101 ir pirms atsaukuma sniegta piekri\u0161ana.<\/p>\n<p>6.3. J\u016bs varat izmantot savas ties\u012bbas, iesniedzot rakstisku l\u016bgumu &#8220;Krist\u012bne RR&#8221; pa e-pastu info@kristinerr.lv vai pa pastu 1A k-1, Sigulda, Siguldas nov., Latvija, vai personiski ierodoties nor\u0101d\u012btaj\u0101 adres\u0113.<\/p>\n<ol start=\"7\">\n<li>Kontaktinform\u0101cija un s\u016bdz\u012bbu iesnieg\u0161ana<\/li>\n<\/ol>\n<p>7.1. Ja jums ir jaut\u0101jumi par personas datu aizsardz\u012bbu, l\u016bdzu, sazinieties ar mums pa e-pastu info@kristinerr.lv.<\/p>\n<p>7.2. Ja neesat apmierin\u0101ts ar m\u016bsu atbildi, vai dom\u0101jat, ka m\u0113s apstr\u0101d\u0101jam j\u016bsu datus, p\u0101rk\u0101pjot normat\u012bvo aktu pras\u012bbas, jums ir ties\u012bbas iesniegt s\u016bdz\u012bbu Datu aizsardz\u012bbas inspekcij\u0101, kas ir personu datu apstr\u0101des uzraudz\u012bbas iest\u0101de.<\/p>\n<ol start=\"8\">\n<li>Inform\u0101cija par izmantotajiem s\u012bkfailiem<\/li>\n<\/ol>\n<p>8.1. Kad apmekl\u0113jat vietni, m\u0113s v\u0113lamies nodro\u0161in\u0101t t\u0101du saturu un funkcijas, kas atbilst tie\u0161i j\u016bsu vajadz\u012bb\u0101m. \u0160aj\u0101 nol\u016bk\u0101 m\u0113s izmantojam s\u012bkfailus. S\u012bkfaili ir maza apjoma teksta faili, kas tiek glab\u0101ti j\u016bsu p\u0101rl\u016bkprogramm\u0101 vai ier\u012bc\u0113 (person\u0101lais dators, mobilais t\u0101lrunis vai plan\u0161etdators).<\/p>\n<p>8.2. Ar s\u012bkfailu pal\u012bdz\u012bbu m\u0113s cen\u0161amies nodro\u0161in\u0101t pat\u012bkam\u0101ku pieredzi cilv\u0113kiem, kas p\u0101rl\u016bko vietni, k\u0101 ar\u012b uzlabot pa\u0161u vietni.<\/p>\n<p>8.3. M\u016bsu vietn\u0113 izmantotie s\u012bkfaili var tikt sagrup\u0113ti \u0161\u0101dos veidos:<\/p>\n<p>8.3.1. S\u012bkfaili, kas ir b\u016btiski t\u012bmek\u013ca vietnes darb\u012bbai, ir paredz\u0113ti, lai \u013cautu vietnei nodro\u0161in\u0101t t\u0101s galveno funkciju izpild\u012b\u0161anu. \u0160ie s\u012bkfaili \u013cauj p\u0101rl\u016bkot vietni un izmantot t\u0101s funkcijas, piem\u0113ram, lai nodro\u0161in\u0101tu piek\u013cuvi noteikt\u0101m t\u012bmek\u013ca vietnes dro\u0161\u0101m viet\u0101m.<\/p>\n<p>8.3.2. Darb\u012bbas (anal\u012btiskie) s\u012bkfaili v\u0101c anon\u012bmu inform\u0101ciju par to, k\u0101 apmekl\u0113t\u0101ji izmanto vietni. Sniedzot inform\u0101ciju par apmekl\u0113taj\u0101m vietn\u0113m, par t\u012bmek\u013ca vietn\u0113 pavad\u012bto laiku un vis\u0101m probl\u0113m\u0101m, ar kur\u0101m j\u016bs saskaraties, piem\u0113ram, par k\u013c\u016bdas zi\u0146ojumiem, \u0161ie s\u012bkfaili pal\u012bdz mums saprast, k\u0101 apmekl\u0113t\u0101ji uzvedas t\u012bmekl\u012b. \u0160\u012b inform\u0101cija pal\u012bdz mums uzlabot t\u012bmek\u013ca vietnes darb\u012bbu.<\/p>\n<p>8.3.3. Funkcion\u0101lie s\u012bkfaili uzlabo j\u016bsu pieredzi t\u012bmek\u013ca vietn\u0113. Piem\u0113ram, \u0161ie s\u012bkfaili var atcer\u0113ties inform\u0101ciju, piem\u0113ram, j\u016bsu atz\u012bm\u0113t\u0101s preces un j\u016bsu lietot\u0101jv\u0101rdu.<\/p>\n<p>8.4. M\u0113s izmantojam \u0161\u0101dus s\u012bkfailus:<\/p>\n<p>8.4.1. \u201cGoogle Analytics\u201d s\u012bkfaili ir anal\u012btiskas s\u012bkdatnes statistikas inform\u0101cijas apkopo\u0161anai par vietnes datpl\u016bsmu, lietot\u0101ja sesijas ilgumu un norisi un unik\u0101lu apmekl\u0113t\u0101ju noteik\u0161anu.<\/p>\n<p>8.4.2. \u201cPrestashop\u201d s\u012bkfaili \u2013 funkcion\u0101las s\u012bkdatnes, kas paredz\u0113tas lietot\u0101ja sesijas atbalstam, \u013cauj re\u0123istr\u0113t un pieteikties t\u012bmek\u013ca vietn\u0113, taj\u0101 iepirkties un veikt citas saist\u012btas darb\u012bbas.<\/p>\n<p>8.4.3. S\u012bkfails &#8220;dan_favorite_products_id&#8221; &#8211; funkcion\u0101ls s\u012bkfails, kas paredz\u0113ts apz\u012bm\u0113to vienumu glab\u0101\u0161anai.<\/p>\n<p>8.4.4. S\u012bkfaili &#8220;soundest-views&#8221; ir &#8220;soundestID&#8221; &#8211; anal\u012btisk\u0101s s\u012bkdatnes, kas paredz\u0113tas viet\u0146u atveru skaita noteik\u0161anai un unik\u0101lu lietot\u0101ju identific\u0113\u0161anai.<\/p>\n<p>8.4.5. S\u012bkfails &#8220;viewedOuibounceModal&#8221; ir funkcion\u0101ls s\u012bkfails, lai noteiktu, vai klients redz\u0113ja izejo\u0161\u0101s lapas zi\u0146ojumu ar ieteikumu parakst\u012bties uz jaunumu v\u0113stuli.<\/p>\n<p>8.4.6. S\u012bkfails &#8220;accept-cookies&#8221; ir funkcion\u0101la s\u012bkdatne, kas ir tie\u0161i saist\u012bta ar cit\u0101m anal\u012btiskaj\u0101m s\u012bkdatn\u0113m.<\/p>\n<p>8.5. J\u016bs varat dz\u0113st vai blo\u0137\u0113t s\u012bkfailus, izv\u0113loties atbilsto\u0161os iestat\u012bjumus sav\u0101 p\u0101rl\u016bkprogramm\u0101, kas \u013cauj atcelt visus vai da\u017eus s\u012bkfailus. Katrs p\u0101rl\u016bks ir at\u0161\u0137ir\u012bgs, t\u0101p\u0113c, ja j\u016bs nezin\u0101t, k\u0101 main\u012bt s\u012bkfailu preferences, \u0161\u012b inform\u0101cija ir j\u0101atrod attiec\u012bga p\u0101rl\u016bka izv\u0113ln\u0113 \u201cpal\u012bdz\u012bba\u201d. Saprotams, ka, izmantojot p\u0101rl\u016bkprogrammas iestat\u012bjumus, kas blo\u0137\u0113 s\u012bkfailus (tostarp nepiecie\u0161amos s\u012bkfailus), var rasties probl\u0113mas izmantot visas vai da\u013cu no vietnes funkcij\u0101m.<\/p>\n<ol start=\"9\">\n<li>Personas datu apstr\u0101de, ko veic tre\u0161\u0101s personas<\/li>\n<\/ol>\n<p>9.1. Izmantojot tre\u0161\u0101s puses pakalpojumus, piem\u0113ram, apmekl\u0113jot m\u016bsu Facebook soci\u0101lo t\u012bklu, var tikt piem\u0113roti tre\u0161o pu\u0161u noteikumi. Piem\u0113ram, &#8220;Facebook&#8221; piem\u0113ro savu datu politiku visiem lietot\u0101jiem un apmekl\u0113t\u0101jiem. T\u0101d\u0113\u013c, izmantojot \u0161os tre\u0161o personu pakalpojumus, ieteicams iepaz\u012bties ar to noteikumiem un nosac\u012bjumiem.<\/p>\n<ol start=\"10\">\n<li>Nobeiguma noteikumi<\/li>\n<\/ol>\n<p>10.1. Ar \u0161o politiku saist\u012bt\u0101s tiesisk\u0101s attiec\u012bbas regul\u0113 Latvijas Republikas likumdo\u0161ana.<\/p>\n<p>10.2. M\u0113s neesam atbild\u012bgi par jebk\u0101diem zaud\u0113jumiem, tostarp zaud\u0113jumiem, kas radu\u0161ies t\u012bmek\u013ca vietnes izmanto\u0161anas p\u0101rtrauk\u0161anas d\u0113\u013c, datu zudumiem vai boj\u0101jumiem, kas radu\u0161ies j\u016bsu vai tre\u0161o personu, kas darbojas, pamatojoties uz j\u016bsu at\u013cauju, darb\u012bbas vai bezdarb\u012bbas rezult\u0101t\u0101 tostarp nepareizu datu ievad\u012b\u0161anu, cit\u0101m k\u013c\u016bd\u0101m, apzin\u0101tu kait\u0113jumu, citas t\u012bmek\u013ca vietnes neatbilsto\u0161as izmanto\u0161anas d\u0113\u013c. M\u0113s ar\u012b nenesam atbild\u012bbu par jebk\u0101diem trauc\u0113jumiem un \/ vai boj\u0101jumiem, kas radu\u0161ies t\u012bmek\u013ca vietnes piek\u013cuves un \/ vai izmanto\u0161anas d\u0113\u013c tre\u0161o personu, kas nav saist\u012bti ar mums, jums vai citiem datu subjektiem, ieskaitot elektriskus, interneta piek\u013cuves p\u0101rtraukumus, utt., darb\u012bbas vai bezdarb\u012bbas rezult\u0101t\u0101.<\/p>\n<p>10.3. \u0160o politiku p\u0101rskata un, ja nepiecie\u0161ams, atjaunina vismaz reizi divos gados. Politikas papildin\u0101jumi vai izmai\u0146as st\u0101jas sp\u0113k\u0101 no dienas, kad tie ir public\u0113ti T\u012bmek\u013ca vietn\u0113.<\/p>\n<p>10.4. Ja p\u0113c Politikas atjaunin\u0101juma izmantojat T\u012bmek\u013ca vietni un m\u016bsu pakalpojumus, m\u0113s nodro\u0161in\u0101sim, ka j\u016bs neiebilstat un esat inform\u0113ts\/-a par veiktaj\u0101m izmai\u0146\u0101m.<\/p>\n","protected":false},"excerpt":{"rendered":"","protected":false},"author":1,"featured_media":0,"parent":0,"menu_order":0,"comment_status":"closed","ping_status":"closed","template":"","meta":{"footnotes":""},"class_list":["post-309","page","type-page","status-publish","hentry"],"yoast_head":"<!-- This site is optimized with the Yoast SEO plugin v26.6 - https:\/\/yoast.com\/wordpress\/plugins\/seo\/ -->\n<title>Priv\u0101tuma politika - Apavu Outlet<\/title>\n<meta name=\"robots\" content=\"index, follow, max-snippet:-1, max-image-preview:large, max-video-preview:-1\" \/>\n<link rel=\"canonical\" href=\"https:\/\/apavivisiem.lv\/?page_id=309\" \/>\n<meta property=\"og:locale\" content=\"lv_LV\" \/>\n<meta property=\"og:type\" content=\"article\" \/>\n<meta property=\"og:title\" content=\"Priv\u0101tuma politika - Apavu Outlet\" \/>\n<meta property=\"og:url\" content=\"https:\/\/apavivisiem.lv\/?page_id=309\" \/>\n<meta property=\"og:site_name\" content=\"Apavu Outlet\" \/>\n<meta property=\"article:publisher\" content=\"https:\/\/www.facebook.com\/apavivisiem\" \/>\n<meta property=\"article:modified_time\" content=\"2021-03-12T14:00:45+00:00\" \/>\n<meta name=\"twitter:card\" content=\"summary_large_image\" \/>\n<meta name=\"twitter:label1\" content=\"Est. reading time\" \/>\n\t<meta name=\"twitter:data1\" content=\"12 min\u016b\u0161u\" \/>\n<script type=\"application\/ld+json\" class=\"yoast-schema-graph\">{\"@context\":\"https:\/\/schema.org\",\"@graph\":[{\"@type\":\"WebPage\",\"@id\":\"https:\/\/apavivisiem.lv\/?page_id=309\",\"url\":\"https:\/\/apavivisiem.lv\/?page_id=309\",\"name\":\"Priv\u0101tuma politika - Apavu Outlet\",\"isPartOf\":{\"@id\":\"https:\/\/apavivisiem.lv\/#website\"},\"datePublished\":\"2021-03-12T14:00:33+00:00\",\"dateModified\":\"2021-03-12T14:00:45+00:00\",\"breadcrumb\":{\"@id\":\"https:\/\/apavivisiem.lv\/?page_id=309#breadcrumb\"},\"inLanguage\":\"lv-LV\",\"potentialAction\":[{\"@type\":\"ReadAction\",\"target\":[\"https:\/\/apavivisiem.lv\/?page_id=309\"]}]},{\"@type\":\"BreadcrumbList\",\"@id\":\"https:\/\/apavivisiem.lv\/?page_id=309#breadcrumb\",\"itemListElement\":[{\"@type\":\"ListItem\",\"position\":1,\"name\":\"Galven\u0101\",\"item\":\"https:\/\/apavivisiem.lv\/en\/\"},{\"@type\":\"ListItem\",\"position\":2,\"name\":\"Priv\u0101tuma politika\"}]},{\"@type\":\"WebSite\",\"@id\":\"https:\/\/apavivisiem.lv\/#website\",\"url\":\"https:\/\/apavivisiem.lv\/\",\"name\":\"Apavu Outlet\",\"description\":\"Popul\u0101ro paz\u012bstamo z\u012bmolu apavi\",\"publisher\":{\"@id\":\"https:\/\/apavivisiem.lv\/#organization\"},\"potentialAction\":[{\"@type\":\"SearchAction\",\"target\":{\"@type\":\"EntryPoint\",\"urlTemplate\":\"https:\/\/apavivisiem.lv\/?s={search_term_string}\"},\"query-input\":{\"@type\":\"PropertyValueSpecification\",\"valueRequired\":true,\"valueName\":\"search_term_string\"}}],\"inLanguage\":\"lv-LV\"},{\"@type\":\"Organization\",\"@id\":\"https:\/\/apavivisiem.lv\/#organization\",\"name\":\"Krist\u012bne RR SIA\",\"url\":\"https:\/\/apavivisiem.lv\/\",\"logo\":{\"@type\":\"ImageObject\",\"inLanguage\":\"lv-LV\",\"@id\":\"https:\/\/apavivisiem.lv\/#\/schema\/logo\/image\/\",\"url\":\"https:\/\/apavivisiem.lv\/wp-content\/uploads\/2021\/03\/logo-main.png\",\"contentUrl\":\"https:\/\/apavivisiem.lv\/wp-content\/uploads\/2021\/03\/logo-main.png\",\"width\":300,\"height\":50,\"caption\":\"Krist\u012bne RR SIA\"},\"image\":{\"@id\":\"https:\/\/apavivisiem.lv\/#\/schema\/logo\/image\/\"},\"sameAs\":[\"https:\/\/www.facebook.com\/apavivisiem\",\"https:\/\/www.instagram.com\/apavivisiem\/\"]}]}<\/script>\n<!-- \/ Yoast SEO plugin. -->","yoast_head_json":{"title":"Priv\u0101tuma politika - Apavu Outlet","robots":{"index":"index","follow":"follow","max-snippet":"max-snippet:-1","max-image-preview":"max-image-preview:large","max-video-preview":"max-video-preview:-1"},"canonical":"https:\/\/apavivisiem.lv\/?page_id=309","og_locale":"lv_LV","og_type":"article","og_title":"Priv\u0101tuma politika - Apavu Outlet","og_url":"https:\/\/apavivisiem.lv\/?page_id=309","og_site_name":"Apavu Outlet","article_publisher":"https:\/\/www.facebook.com\/apavivisiem","article_modified_time":"2021-03-12T14:00:45+00:00","twitter_card":"summary_large_image","twitter_misc":{"Est. reading time":"12 min\u016b\u0161u"},"schema":{"@context":"https:\/\/schema.org","@graph":[{"@type":"WebPage","@id":"https:\/\/apavivisiem.lv\/?page_id=309","url":"https:\/\/apavivisiem.lv\/?page_id=309","name":"Priv\u0101tuma politika - Apavu Outlet","isPartOf":{"@id":"https:\/\/apavivisiem.lv\/#website"},"datePublished":"2021-03-12T14:00:33+00:00","dateModified":"2021-03-12T14:00:45+00:00","breadcrumb":{"@id":"https:\/\/apavivisiem.lv\/?page_id=309#breadcrumb"},"inLanguage":"lv-LV","potentialAction":[{"@type":"ReadAction","target":["https:\/\/apavivisiem.lv\/?page_id=309"]}]},{"@type":"BreadcrumbList","@id":"https:\/\/apavivisiem.lv\/?page_id=309#breadcrumb","itemListElement":[{"@type":"ListItem","position":1,"name":"Galven\u0101","item":"https:\/\/apavivisiem.lv\/en\/"},{"@type":"ListItem","position":2,"name":"Priv\u0101tuma politika"}]},{"@type":"WebSite","@id":"https:\/\/apavivisiem.lv\/#website","url":"https:\/\/apavivisiem.lv\/","name":"Apavu Outlet","description":"Popul\u0101ro paz\u012bstamo z\u012bmolu apavi","publisher":{"@id":"https:\/\/apavivisiem.lv\/#organization"},"potentialAction":[{"@type":"SearchAction","target":{"@type":"EntryPoint","urlTemplate":"https:\/\/apavivisiem.lv\/?s={search_term_string}"},"query-input":{"@type":"PropertyValueSpecification","valueRequired":true,"valueName":"search_term_string"}}],"inLanguage":"lv-LV"},{"@type":"Organization","@id":"https:\/\/apavivisiem.lv\/#organization","name":"Krist\u012bne RR SIA","url":"https:\/\/apavivisiem.lv\/","logo":{"@type":"ImageObject","inLanguage":"lv-LV","@id":"https:\/\/apavivisiem.lv\/#\/schema\/logo\/image\/","url":"https:\/\/apavivisiem.lv\/wp-content\/uploads\/2021\/03\/logo-main.png","contentUrl":"https:\/\/apavivisiem.lv\/wp-content\/uploads\/2021\/03\/logo-main.png","width":300,"height":50,"caption":"Krist\u012bne RR SIA"},"image":{"@id":"https:\/\/apavivisiem.lv\/#\/schema\/logo\/image\/"},"sameAs":["https:\/\/www.facebook.com\/apavivisiem","https:\/\/www.instagram.com\/apavivisiem\/"]}]}},"lang":"lv","translations":{"en":42945,"lv":309,"lt":50525,"et":50607},"pll_sync_post":[],"_links":{"self":[{"href":"https:\/\/apavivisiem.lv\/index.php?rest_route=\/wp\/v2\/pages\/309","targetHints":{"allow":["GET"]}}],"collection":[{"href":"https:\/\/apavivisiem.lv\/index.php?rest_route=\/wp\/v2\/pages"}],"about":[{"href":"https:\/\/apavivisiem.lv\/index.php?rest_route=\/wp\/v2\/types\/page"}],"author":[{"embeddable":true,"href":"https:\/\/apavivisiem.lv\/index.php?rest_route=\/wp\/v2\/users\/1"}],"replies":[{"embeddable":true,"href":"https:\/\/apavivisiem.lv\/index.php?rest_route=%2Fwp%2Fv2%2Fcomments&post=309"}],"version-history":[{"count":0,"href":"https:\/\/apavivisiem.lv\/index.php?rest_route=\/wp\/v2\/pages\/309\/revisions"}],"wp:attachment":[{"href":"https:\/\/apavivisiem.lv\/index.php?rest_route=%2Fwp%2Fv2%2Fmedia&parent=309"}],"curies":[{"name":"wp","href":"https:\/\/api.w.org\/{rel}","templated":true}]}}