{"id":313,"date":"2021-03-12T16:02:18","date_gmt":"2021-03-12T14:02:18","guid":{"rendered":"https:\/\/apavi.digitalflex.co\/?page_id=313"},"modified":"2025-08-08T06:17:53","modified_gmt":"2025-08-08T03:17:53","slug":"piegade","status":"publish","type":"page","link":"https:\/\/apavivisiem.lv\/?page_id=313","title":{"rendered":"Pieg\u0101de"},"content":{"rendered":"\n<h2 class=\"uppercase\">Pieg\u0101de<\/h2>\n\t<div id=\"gap-988261198\" class=\"gap-element clearfix\" style=\"display:block; height:auto;\">\n\t\t\n<style>\n#gap-988261198 {\n  padding-top: 30px;\n}\n<\/style>\n\t<\/div>\n\t\n\n<p style=\"font-weight: 400\"><strong>Izv\u0113loties preces sa\u0146em\u0161anu veikal\u0101,prece tiek pieg\u0101d\u0101ta tikai dien\u0101s, kad uz veikalu ir pieveduma dienas. Parasti 1 reizi 2-as ned\u0113\u013cas.<\/strong><\/p>\n<p style=\"font-weight: 400\">Pas\u016bt\u012bjumiem virs 50,00\u20ac bezmaksas pieg\u0101de.<\/p>\n<p style=\"font-weight: 400\">S\u016bt\u012bjumi tiek nos\u016bt\u012bti no pirmdienas l\u012bdz piektdienai plkst. 7:00-13:00.<\/p>\n<p style=\"font-weight: 400\">Preces pieg\u0101de notiek atbilsto\u0161i pas\u016bt\u012bjuma noform\u0113\u0161anas laik\u0101 izv\u0113l\u0113tajam pieg\u0101des veidam:<\/p>\n<ul>\n<li style=\"font-weight: 400\">Izmantojot Omniva \u2013 3-5 darba dienu laik\u0101.<\/li>\n<\/ul>\n<p style=\"font-weight: 400\">Prece tiek pieg\u0101d\u0101ta Klientam uz pas\u016bt\u012bjuma noform\u0113\u0161anas laik\u0101 nor\u0101d\u012bto adresi.<\/p>\n<p style=\"font-weight: 400\">Ir iesp\u0113jams izv\u0113l\u0113ties 2 preces pieg\u0101des veidus:<\/p>\n<ul style=\"font-weight: 400\">\n<li>Pakom\u0101tu termin\u0101li Omniva &#8211; 3,50 \u20ac;<\/li>\n<li>Preces sa\u0146em\u0161ana k\u0101d\u0101 no m\u016bsu veikaliem. &#8211; 0,00\u20ac (sa\u0146em\u0161ana var ilgt l\u012bdz pat 10 darba dien\u0101m)<\/li>\n<\/ul>\n<ul>\n<li style=\"font-weight: 400\">Sa\u0146emot preci ar pasta termin\u0101lu Omniva pakom\u0101tu starpniec\u012bbu, \u012bszi\u0146\u0101 sa\u0146emtais kods j\u0101ievada termin\u0101\u013ca sensora ekr\u0101n\u0101, to izdarot, skap\u012b\u0161a durvis atv\u0113rsies, un s\u016bt\u012bjumu var\u0113s iz\u0146emt. S\u016bt\u012bjumi pakom\u0101t\u0101 glab\u0101jas 7 dienas no \u012bszi\u0146as sa\u0146em\u0161anas br\u012b\u017ea J\u016bsu telefon\u0101. Ja 7 dienu laik\u0101 s\u016bt\u012bjums netiek izdots sa\u0146\u0113m\u0113jam, tad tas tiek atgriezts atpaka\u013c p\u0101rdev\u0113jam. Atgriezto s\u016bt\u012bjumu var sa\u0146emt, v\u0113lreiz apmaks\u0101jot pasta izdevumus.<\/li>\n<li style=\"font-weight: 400\">Sa\u0146emot preci ar\u00a0Omniva kurjeru servisa starpniec\u012bbu, pieg\u0101des dien\u0101 sa\u0146emsiet \u012bszi\u0146u uz pas\u016bt\u012bjum\u0101 nor\u0101d\u012bto t\u0101lru\u0146a numuru. Ja 3 dienu laik\u0101 s\u016bt\u012bjums netiek izdots sa\u0146\u0113m\u0113jam, tad tas tiek atgriezts atpaka\u013c p\u0101rdev\u0113jam. Atgriezto s\u016bt\u012bjumu var sa\u0146emt, v\u0113lreiz apmaks\u0101jot pasta izdevumus.<\/li>\n<li style=\"font-weight: 400\">Ja pas\u016bt\u012bjuma veic\u0113js nor\u0101da tre\u0161o personu k\u0101 preces sa\u0146\u0113m\u0113ju (piem\u0113ram, d\u0101vanas sa\u0146\u0113m\u0113js), \u0161\u012b tre\u0161\u0101 persona p\u0101r\u0146em sa\u0146\u0113m\u0113ja ties\u012bbas un atbild\u012bbu par pas\u016bt\u012bjuma boj\u0101jumiem un\/vai nozaud\u0113\u0161anu p\u0113c preces sa\u0146em\u0161anas no kurjera. Apavu veikals nevar anul\u0113t pas\u016bt\u012bjumu p\u0113c tam, kad Klients to ir sa\u0146\u0113mis (tas noz\u012bm\u0113, ka preces atgrie\u0161anas gad\u012bjum\u0101 14 dienu laik\u0101 p\u0113c sa\u0146em\u0161anas, pasta izdevumi netiek kompens\u0113ti).<\/li>\n<\/ul>\n<p style=\"font-weight: 400\"><strong>BOJ\u0100JUMS UN\/VAI NEATBILST\u012aBA<\/strong><\/p>\n<ul style=\"font-weight: 400\">\n<li>M\u0113s r\u016bp\u012bgi apskat\u0101m katru s\u016bt\u012bjumu, kuru s\u016bt\u0101m no m\u016bsu noliktavas.\u00a0\u00a0<\/li>\n<li>Ja J\u016bs sa\u0146\u0113m\u0101t boj\u0101tu s\u016bt\u012bjumu, l\u016bdzam:\n<ul>\n<li>Rakst\u012bt e-pastu: <strong>e-veikals@apavivisiem.lv<\/strong>\u00a0<\/li>\n<\/ul>\n<\/li>\n<li>Nelieli s\u016bt\u012bjuma iepakojuma boj\u0101jumi ir iesp\u0113jami un tas ir norm\u0101li, bet, ja boj\u0101jumi ir iev\u0113rojami, m\u0113s l\u016bdzam r\u012bkoties sekojo\u0161i:\n<ul>\n<li><strong>Ja s\u016bt\u012bjuma iepakojums iev\u0113rojami boj\u0101ts<\/strong>, l\u016bdzam, atv\u0113rt iepakojumu un p\u0101rbaud\u012bt pas\u016bt\u012bjuma st\u0101vokli kurjera kl\u0101tb\u016btn\u0113. Ja prece ir k\u0101rt\u012bb\u0101, pie\u0146emiet pas\u016bt\u012bjumu un parakstiet to, bet uz r\u0113\u0137ina vai uz jebkura cita dokumenta, kur\u0161 apliecina pas\u016bt\u012bjuma sa\u0146em\u0161anu, atst\u0101jiet piez\u012bmi par boj\u0101jumu.<\/li>\n<li><strong>Ja p\u0113c iepakojuma atv\u0113r\u0161anas, tika konstat\u0113ts, ka prece ir boj\u0101ta <\/strong>\u2013 Jums ir ties\u012bbas atteikties no preces. \u0160aj\u0101 gad\u012bjum\u0101 <strong>uzreiz sazinieties ar mums!<\/strong>\u00a0\u00a0<\/li>\n<li>Kad J\u016bs sazin\u0101sieties ar m\u016bsu Klientu apkalpo\u0161anas noda\u013cu,\u00a0l\u016bdzu, nosauciet J\u016bsu pas\u016bt\u012bjuma numuru, v\u0101rdu, uzv\u0101rdu un s\u016bt\u012bjuma numuru (visa inform\u0101cija tika nos\u016bt\u012bta uz J\u016bsu e-pastu, k\u0101 ar\u012b ir nor\u0101d\u012bta uz s\u016bt\u012bjuma iepakojuma).<\/li>\n<\/ul>\n<\/li>\n<li>Tikl\u012bdz m\u0113s sa\u0146emsim preci atpaka\u013c, m\u0113s izdar\u012bsim visu iesp\u0113jamo, lai atgrieztu Jums pirkuma summu p\u0113c iesp\u0113jas \u0101tr\u0101k. \u00a0Parasti naudas l\u012bdzek\u013ci par atgriezto preci tiek ieskait\u012bti klienta bankas kont\u0101 14 dienu laik\u0101 no preces atgrie\u0161anas apstiprin\u0101juma br\u012b\u017ea, atkar\u012bb\u0101 no klienta bankas politikas, bet ne v\u0113l\u0101k par 30 dien\u0101m kop\u0161 preces sa\u0146em\u0161anas br\u012b\u017ea SIA \u201eKrist\u012bne RR\u201d noliktav\u0101.<\/li>\n<\/ul>\n<p style=\"font-weight: 400\"><strong>K\u0100 SEKOT L\u012aDZI SAVAM PAS\u016aT\u012aJUMAM<\/strong><\/p>\n<ul style=\"font-weight: 400\">\n<li>J\u016bs vienm\u0113r varat sekot l\u012bdzi savam pas\u016bt\u012bjumam sada\u013c\u0101 <strong>Mani pas\u016bt\u012bjumi<\/strong>.<\/li>\n<li>Tikl\u012bdz J\u016bsu pas\u016bt\u012bjums b\u016bs nokomplekt\u0113ts un nos\u016bt\u012bts no m\u016bsu noliktavas, J\u016bs sa\u0146emsiet e-pastu ar inform\u0101ciju, ka pas\u016bt\u012bjums ir ce\u013c\u0101.<\/li>\n<\/ul>\n\n\n","protected":false},"excerpt":{"rendered":"","protected":false},"author":1,"featured_media":0,"parent":0,"menu_order":0,"comment_status":"closed","ping_status":"closed","template":"","meta":{"footnotes":""},"class_list":["post-313","page","type-page","status-publish","hentry"],"yoast_head":"<!-- This site is optimized with the Yoast SEO plugin v26.6 - https:\/\/yoast.com\/wordpress\/plugins\/seo\/ -->\n<title>Pieg\u0101de - Apavivisiem.lv | Z\u012bmolu apavu outlet. Atlaides l\u012bdz 80%.<\/title>\n<meta name=\"description\" content=\"Ieg\u0101d\u0101jies apavus internet\u0101. Pla\u0161a izv\u0113le. Popul\u0101rie z\u012bmoli. Pieg\u0101d\u0101j\u0101m vis\u0101 Latvij\u0101. Pievilc\u012bgas cenas. Atlaides apaviem l\u012bdz 80%!\" \/>\n<meta name=\"robots\" content=\"index, follow, max-snippet:-1, max-image-preview:large, max-video-preview:-1\" \/>\n<link rel=\"canonical\" href=\"https:\/\/apavivisiem.lv\/?page_id=313\" \/>\n<meta property=\"og:locale\" content=\"lv_LV\" \/>\n<meta property=\"og:type\" content=\"article\" \/>\n<meta property=\"og:title\" content=\"Pieg\u0101de - Apavivisiem.lv | Z\u012bmolu apavu outlet. Atlaides l\u012bdz 80%.\" \/>\n<meta property=\"og:description\" content=\"Ieg\u0101d\u0101jies apavus internet\u0101. Pla\u0161a izv\u0113le. Popul\u0101rie z\u012bmoli. Pieg\u0101d\u0101j\u0101m vis\u0101 Latvij\u0101. Pievilc\u012bgas cenas. Atlaides apaviem l\u012bdz 80%!\" \/>\n<meta property=\"og:url\" content=\"https:\/\/apavivisiem.lv\/?page_id=313\" \/>\n<meta property=\"og:site_name\" content=\"Apavu Outlet\" \/>\n<meta property=\"article:publisher\" content=\"https:\/\/www.facebook.com\/apavivisiem\" \/>\n<meta property=\"article:modified_time\" content=\"2025-08-08T03:17:53+00:00\" \/>\n<meta name=\"twitter:card\" content=\"summary_large_image\" \/>\n<meta name=\"twitter:label1\" content=\"Est. reading time\" \/>\n\t<meta name=\"twitter:data1\" content=\"3 min\u016btes\" \/>\n<script type=\"application\/ld+json\" class=\"yoast-schema-graph\">{\"@context\":\"https:\/\/schema.org\",\"@graph\":[{\"@type\":\"WebPage\",\"@id\":\"https:\/\/apavivisiem.lv\/?page_id=313\",\"url\":\"https:\/\/apavivisiem.lv\/?page_id=313\",\"name\":\"Pieg\u0101de - Apavivisiem.lv | Z\u012bmolu apavu outlet. Atlaides l\u012bdz 80%.\",\"isPartOf\":{\"@id\":\"https:\/\/apavivisiem.lv\/#website\"},\"datePublished\":\"2021-03-12T14:02:18+00:00\",\"dateModified\":\"2025-08-08T03:17:53+00:00\",\"description\":\"Ieg\u0101d\u0101jies apavus internet\u0101. Pla\u0161a izv\u0113le. Popul\u0101rie z\u012bmoli. Pieg\u0101d\u0101j\u0101m vis\u0101 Latvij\u0101. Pievilc\u012bgas cenas. Atlaides apaviem l\u012bdz 80%!\",\"breadcrumb\":{\"@id\":\"https:\/\/apavivisiem.lv\/?page_id=313#breadcrumb\"},\"inLanguage\":\"lv-LV\",\"potentialAction\":[{\"@type\":\"ReadAction\",\"target\":[\"https:\/\/apavivisiem.lv\/?page_id=313\"]}]},{\"@type\":\"BreadcrumbList\",\"@id\":\"https:\/\/apavivisiem.lv\/?page_id=313#breadcrumb\",\"itemListElement\":[{\"@type\":\"ListItem\",\"position\":1,\"name\":\"Galven\u0101\",\"item\":\"https:\/\/apavivisiem.lv\/en\/\"},{\"@type\":\"ListItem\",\"position\":2,\"name\":\"Pieg\u0101de\"}]},{\"@type\":\"WebSite\",\"@id\":\"https:\/\/apavivisiem.lv\/#website\",\"url\":\"https:\/\/apavivisiem.lv\/\",\"name\":\"Apavu Outlet\",\"description\":\"Popul\u0101ro paz\u012bstamo z\u012bmolu apavi\",\"publisher\":{\"@id\":\"https:\/\/apavivisiem.lv\/#organization\"},\"potentialAction\":[{\"@type\":\"SearchAction\",\"target\":{\"@type\":\"EntryPoint\",\"urlTemplate\":\"https:\/\/apavivisiem.lv\/?s={search_term_string}\"},\"query-input\":{\"@type\":\"PropertyValueSpecification\",\"valueRequired\":true,\"valueName\":\"search_term_string\"}}],\"inLanguage\":\"lv-LV\"},{\"@type\":\"Organization\",\"@id\":\"https:\/\/apavivisiem.lv\/#organization\",\"name\":\"Krist\u012bne RR SIA\",\"url\":\"https:\/\/apavivisiem.lv\/\",\"logo\":{\"@type\":\"ImageObject\",\"inLanguage\":\"lv-LV\",\"@id\":\"https:\/\/apavivisiem.lv\/#\/schema\/logo\/image\/\",\"url\":\"https:\/\/apavivisiem.lv\/wp-content\/uploads\/2021\/03\/logo-main.png\",\"contentUrl\":\"https:\/\/apavivisiem.lv\/wp-content\/uploads\/2021\/03\/logo-main.png\",\"width\":300,\"height\":50,\"caption\":\"Krist\u012bne RR SIA\"},\"image\":{\"@id\":\"https:\/\/apavivisiem.lv\/#\/schema\/logo\/image\/\"},\"sameAs\":[\"https:\/\/www.facebook.com\/apavivisiem\",\"https:\/\/www.instagram.com\/apavivisiem\/\"]}]}<\/script>\n<!-- \/ Yoast SEO plugin. -->","yoast_head_json":{"title":"Pieg\u0101de - Apavivisiem.lv | Z\u012bmolu apavu outlet. Atlaides l\u012bdz 80%.","description":"Ieg\u0101d\u0101jies apavus internet\u0101. Pla\u0161a izv\u0113le. Popul\u0101rie z\u012bmoli. Pieg\u0101d\u0101j\u0101m vis\u0101 Latvij\u0101. Pievilc\u012bgas cenas. Atlaides apaviem l\u012bdz 80%!","robots":{"index":"index","follow":"follow","max-snippet":"max-snippet:-1","max-image-preview":"max-image-preview:large","max-video-preview":"max-video-preview:-1"},"canonical":"https:\/\/apavivisiem.lv\/?page_id=313","og_locale":"lv_LV","og_type":"article","og_title":"Pieg\u0101de - Apavivisiem.lv | Z\u012bmolu apavu outlet. Atlaides l\u012bdz 80%.","og_description":"Ieg\u0101d\u0101jies apavus internet\u0101. Pla\u0161a izv\u0113le. Popul\u0101rie z\u012bmoli. Pieg\u0101d\u0101j\u0101m vis\u0101 Latvij\u0101. Pievilc\u012bgas cenas. Atlaides apaviem l\u012bdz 80%!","og_url":"https:\/\/apavivisiem.lv\/?page_id=313","og_site_name":"Apavu Outlet","article_publisher":"https:\/\/www.facebook.com\/apavivisiem","article_modified_time":"2025-08-08T03:17:53+00:00","twitter_card":"summary_large_image","twitter_misc":{"Est. reading time":"3 min\u016btes"},"schema":{"@context":"https:\/\/schema.org","@graph":[{"@type":"WebPage","@id":"https:\/\/apavivisiem.lv\/?page_id=313","url":"https:\/\/apavivisiem.lv\/?page_id=313","name":"Pieg\u0101de - Apavivisiem.lv | Z\u012bmolu apavu outlet. Atlaides l\u012bdz 80%.","isPartOf":{"@id":"https:\/\/apavivisiem.lv\/#website"},"datePublished":"2021-03-12T14:02:18+00:00","dateModified":"2025-08-08T03:17:53+00:00","description":"Ieg\u0101d\u0101jies apavus internet\u0101. Pla\u0161a izv\u0113le. Popul\u0101rie z\u012bmoli. Pieg\u0101d\u0101j\u0101m vis\u0101 Latvij\u0101. Pievilc\u012bgas cenas. Atlaides apaviem l\u012bdz 80%!","breadcrumb":{"@id":"https:\/\/apavivisiem.lv\/?page_id=313#breadcrumb"},"inLanguage":"lv-LV","potentialAction":[{"@type":"ReadAction","target":["https:\/\/apavivisiem.lv\/?page_id=313"]}]},{"@type":"BreadcrumbList","@id":"https:\/\/apavivisiem.lv\/?page_id=313#breadcrumb","itemListElement":[{"@type":"ListItem","position":1,"name":"Galven\u0101","item":"https:\/\/apavivisiem.lv\/en\/"},{"@type":"ListItem","position":2,"name":"Pieg\u0101de"}]},{"@type":"WebSite","@id":"https:\/\/apavivisiem.lv\/#website","url":"https:\/\/apavivisiem.lv\/","name":"Apavu Outlet","description":"Popul\u0101ro paz\u012bstamo z\u012bmolu apavi","publisher":{"@id":"https:\/\/apavivisiem.lv\/#organization"},"potentialAction":[{"@type":"SearchAction","target":{"@type":"EntryPoint","urlTemplate":"https:\/\/apavivisiem.lv\/?s={search_term_string}"},"query-input":{"@type":"PropertyValueSpecification","valueRequired":true,"valueName":"search_term_string"}}],"inLanguage":"lv-LV"},{"@type":"Organization","@id":"https:\/\/apavivisiem.lv\/#organization","name":"Krist\u012bne RR SIA","url":"https:\/\/apavivisiem.lv\/","logo":{"@type":"ImageObject","inLanguage":"lv-LV","@id":"https:\/\/apavivisiem.lv\/#\/schema\/logo\/image\/","url":"https:\/\/apavivisiem.lv\/wp-content\/uploads\/2021\/03\/logo-main.png","contentUrl":"https:\/\/apavivisiem.lv\/wp-content\/uploads\/2021\/03\/logo-main.png","width":300,"height":50,"caption":"Krist\u012bne RR SIA"},"image":{"@id":"https:\/\/apavivisiem.lv\/#\/schema\/logo\/image\/"},"sameAs":["https:\/\/www.facebook.com\/apavivisiem","https:\/\/www.instagram.com\/apavivisiem\/"]}]}},"lang":"lv","translations":{"en":42933,"lv":313,"lt":50515,"et":50596},"pll_sync_post":[],"_links":{"self":[{"href":"https:\/\/apavivisiem.lv\/index.php?rest_route=\/wp\/v2\/pages\/313","targetHints":{"allow":["GET"]}}],"collection":[{"href":"https:\/\/apavivisiem.lv\/index.php?rest_route=\/wp\/v2\/pages"}],"about":[{"href":"https:\/\/apavivisiem.lv\/index.php?rest_route=\/wp\/v2\/types\/page"}],"author":[{"embeddable":true,"href":"https:\/\/apavivisiem.lv\/index.php?rest_route=\/wp\/v2\/users\/1"}],"replies":[{"embeddable":true,"href":"https:\/\/apavivisiem.lv\/index.php?rest_route=%2Fwp%2Fv2%2Fcomments&post=313"}],"version-history":[{"count":3,"href":"https:\/\/apavivisiem.lv\/index.php?rest_route=\/wp\/v2\/pages\/313\/revisions"}],"predecessor-version":[{"id":196325,"href":"https:\/\/apavivisiem.lv\/index.php?rest_route=\/wp\/v2\/pages\/313\/revisions\/196325"}],"wp:attachment":[{"href":"https:\/\/apavivisiem.lv\/index.php?rest_route=%2Fwp%2Fv2%2Fmedia&parent=313"}],"curies":[{"name":"wp","href":"https:\/\/api.w.org\/{rel}","templated":true}]}}