{"id":42766,"date":"2022-02-01T15:56:52","date_gmt":"2022-02-01T13:56:52","guid":{"rendered":"https:\/\/apavivisiem.lv\/?page_id=42766"},"modified":"2022-02-02T11:45:28","modified_gmt":"2022-02-02T09:45:28","slug":"contact","status":"publish","type":"page","link":"https:\/\/apavivisiem.lv\/?page_id=42766&lang=en","title":{"rendered":"Contact"},"content":{"rendered":"\n\n\t<script type=\"text\/javascript\">\n  jQuery( document ).ready(function() {\n    function initialize() {\n        var styles = {\n            'flatsome':  [{\n            \"featureType\": \"administrative\",\n            \"stylers\": [\n              { \"visibility\": \"on\" }\n            ]\n          },\n          {\n            \"featureType\": \"road\",\n            \"stylers\": [\n              { \"visibility\": \"on\" },\n              { \"hue\": \"\" }\n            ]\n          },\n          {\n            \"stylers\": [\n\t\t\t  { \"visibility\": \"on\" },\n\t\t\t  { \"hue\": \"\" },\n\t\t\t  { \"saturation\": -30 }\n            ]\n          }\n        ]};\n\n        var myLatlng = new google.maps.LatLng(57.1533, 24.8501);\n        var myOptions = {\n            zoom: 17,\n            center: myLatlng,\n            mapTypeId: google.maps.MapTypeId.ROADMAP,\n            disableDefaultUI: true,\n            mapTypeId: 'flatsome',\n            draggable: true,\n            zoomControl: false,\n            zoomControlOptions: {\n              position: google.maps.ControlPosition.TOP_LEFT\n            },\n      \t\t\tmapTypeControl: false,\n            mapTypeControlOptions: {\n              position: google.maps.ControlPosition.TOP_LEFT\n            },\n      \t\t\tstreetViewControl: false,\n            streetViewControlOptions: {\n              position: google.maps.ControlPosition.TOP_LEFT\n            },\n            scrollwheel: false,\n            disableDoubleClickZoom: true\n        }\n        var map = new google.maps.Map(document.getElementById(\"map-4028338899-inner\"), myOptions);\n        var styledMapType = new google.maps.StyledMapType(styles['flatsome'], {name: 'flatsome'});\n        map.mapTypes.set('flatsome', styledMapType);\n\n        var marker = new google.maps.Marker({\n            position: myLatlng,\n            map: map,\n            title:\"\"\n        });\n    }\n\n    \/\/ Required to proceed\n    if (!(typeof google === 'object' && typeof google.maps === 'object')) {\n      return\n    }\n\n    initialize()\n    google.maps.event.addDomListener(window, 'resize', initialize);\n    });\n    <\/script>\n\n    <div class=\"google-map relative mb\" id=\"map-4028338899\">\n        <div class=\"map-height\" id=\"map-4028338899-inner\"><\/div>\n        <div id=\"map_overlay_top\"><\/div>\n        <div id=\"map_overlay_bottom\"><\/div>\n                  <div class=\"map_inner map-inner last-reset absolute x95 md-x95 lg-x95 y95 md-y95 lg-y95\">\n              \n\n<h3>Kri\u0161j\u0101\u0146a Valdem\u0101ra iela 1A, Sigulda<\/h3>\n<p>Working hours: Monday \u2013 Friday, 8:30 \u2013 16:30<\/p>\n\n         <\/div>\n       \n       \n<style>\n#map-4028338899 .map-inner {\n  background-color: #fff;\n  max-width: 35%;\n}\n#map-4028338899 .map-height {\n  height: 400px;\n}\n<\/style>\n    <\/div>\n\n\t\n<div class=\"row\"  id=\"row-135359932\">\n\n\n\t<div id=\"col-1202291277\" class=\"col medium-6 large-6\"  >\n\t\t\t\t<div class=\"col-inner\"  >\n\t\t\t\n\t\t\t\n\n<div class=\"container section-title-container\" ><h3 class=\"section-title section-title-normal\"><b aria-hidden=\"true\"><\/b><span class=\"section-title-main\" >Frequently asked questions<\/span><b aria-hidden=\"true\"><\/b><\/h3><\/div>\n\n<p class=\"lead\">Please read our FAQ before sending us a message.<\/p>\n<div class=\"accordion\">\n\n\t<div id=\"accordion-910482497\" class=\"accordion-item\">\n\t\t<a id=\"accordion-910482497-label\" class=\"accordion-title plain\" href=\"#accordion-item-which-payment-methods-are-accepted-in-the-online-shop?\" aria-expanded=\"false\" aria-controls=\"accordion-910482497-content\">\n\t\t\t<button class=\"toggle\" aria-label=\"Toggle\"><i class=\"icon-angle-down\" aria-hidden=\"true\"><\/i><\/button>\n\t\t\t<span>Which payment methods are accepted in the online shop?<\/span>\n\t\t<\/a>\n\t\t<div id=\"accordion-910482497-content\" class=\"accordion-inner\" aria-labelledby=\"accordion-910482497-label\">\n\t\t\t\n\n<p>Payment methods:<\/p>\n<p>&#8211; payment cards;<br \/>\n&#8211; internet-bank (Luminor, Swedbank, SEB, Citadele), for Latvian users only.<\/p>\n\n\t\t<\/div>\n\t<\/div>\n\t\n\t<div id=\"accordion-1948312040\" class=\"accordion-item\">\n\t\t<a id=\"accordion-1948312040-label\" class=\"accordion-title plain\" href=\"#accordion-item-how-safe-is-online-shopping?-is-my-data-protected?\" aria-expanded=\"false\" aria-controls=\"accordion-1948312040-content\">\n\t\t\t<button class=\"toggle\" aria-label=\"Toggle\"><i class=\"icon-angle-down\" aria-hidden=\"true\"><\/i><\/button>\n\t\t\t<span>How safe is online shopping? Is my data protected?<\/span>\n\t\t<\/a>\n\t\t<div id=\"accordion-1948312040-content\" class=\"accordion-inner\" aria-labelledby=\"accordion-1948312040-label\">\n\t\t\t\n\n<p>Our online shop will be developed with all necessary security measures in mind. Your data is securely protected and is not passed on to third parties.<br \/>\nThe payment acceptance service is provided by Luminor banka. The entire payment process takes place in a system developed and controlled by Luminor banka.<\/p>\n\n\t\t<\/div>\n\t<\/div>\n\t\n\t<div id=\"accordion-884395534\" class=\"accordion-item\">\n\t\t<a id=\"accordion-884395534-label\" class=\"accordion-title plain\" href=\"#accordion-item-what-are-the-delivery-costs-for-online-shop-orders?\" aria-expanded=\"false\" aria-controls=\"accordion-884395534-content\">\n\t\t\t<button class=\"toggle\" aria-label=\"Toggle\"><i class=\"icon-angle-down\" aria-hidden=\"true\"><\/i><\/button>\n\t\t\t<span>What are the delivery costs for online shop orders?<\/span>\n\t\t<\/a>\n\t\t<div id=\"accordion-884395534-content\" class=\"accordion-inner\" aria-labelledby=\"accordion-884395534-label\">\n\t\t\t\n\n<p>Pieg\u0101des izmaksas:<\/p>\n<p>&#8211; Omniva parcel machine: \u20ac3.50;<br \/>\n&#8211; purchases over \u20ac50.00: free.<\/p>\n\n\t\t<\/div>\n\t<\/div>\n\t\n\t<div id=\"accordion-2499036652\" class=\"accordion-item\">\n\t\t<a id=\"accordion-2499036652-label\" class=\"accordion-title plain\" href=\"#accordion-item-how-long-does-delivery-take?\" aria-expanded=\"false\" aria-controls=\"accordion-2499036652-content\">\n\t\t\t<button class=\"toggle\" aria-label=\"Toggle\"><i class=\"icon-angle-down\" aria-hidden=\"true\"><\/i><\/button>\n\t\t\t<span>How long does delivery take?<\/span>\n\t\t<\/a>\n\t\t<div id=\"accordion-2499036652-content\" class=\"accordion-inner\" aria-labelledby=\"accordion-2499036652-label\">\n\t\t\t\n\n<p>Delivery time and costs depend on the option chosen:<\/p>\n<p>&#8211; pick-up at our local store, Sigulda: 1-2 working days;<br \/>\n&#8211; standard delivery: 2-4 working days.<\/p>\n\n\t\t<\/div>\n\t<\/div>\n\t\n\n<\/div>\n\n\t\t<\/div>\n\t\t\t\t\t<\/div>\n\n\t\n\n\t<div id=\"col-399294833\" class=\"col medium-6 large-6\"  >\n\t\t\t\t<div class=\"col-inner\"  >\n\t\t\t\n\t\t\t\n\n<div class=\"container section-title-container\" ><h3 class=\"section-title section-title-normal\"><b aria-hidden=\"true\"><\/b><span class=\"section-title-main\" >Send us a message<\/span><b aria-hidden=\"true\"><\/b><\/h3><\/div>\n\n\n<div class=\"wpcf7 no-js\" id=\"wpcf7-f42830-o1\" lang=\"lv\" dir=\"ltr\" data-wpcf7-id=\"42830\">\n<div class=\"screen-reader-response\"><p role=\"status\" aria-live=\"polite\" aria-atomic=\"true\"><\/p> <ul><\/ul><\/div>\n<form action=\"\/index.php?rest_route=%2Fwp%2Fv2%2Fpages%2F42766#wpcf7-f42830-o1\" method=\"post\" class=\"wpcf7-form init\" aria-label=\"Contact form\" novalidate=\"novalidate\" data-status=\"init\">\n<fieldset class=\"hidden-fields-container\"><input type=\"hidden\" name=\"_wpcf7\" value=\"42830\" \/><input type=\"hidden\" name=\"_wpcf7_version\" value=\"6.1.4\" \/><input type=\"hidden\" name=\"_wpcf7_locale\" value=\"lv\" \/><input type=\"hidden\" name=\"_wpcf7_unit_tag\" value=\"wpcf7-f42830-o1\" \/><input type=\"hidden\" name=\"_wpcf7_container_post\" value=\"0\" \/><input type=\"hidden\" name=\"_wpcf7_posted_data_hash\" value=\"\" \/><input type=\"hidden\" name=\"_wpcf7_recaptcha_response\" value=\"\" \/>\n<\/fieldset>\n<div class=\"form-flat\">\n\t<p><label>Your Name<\/label><br \/>\n<span class=\"wpcf7-form-control-wrap\" data-name=\"your-name\"><input size=\"40\" maxlength=\"400\" class=\"wpcf7-form-control wpcf7-text wpcf7-validates-as-required\" aria-required=\"true\" aria-invalid=\"false\" value=\"\" type=\"text\" name=\"your-name\" \/><\/span>\n\t<\/p>\n\t<p><label>Your Email<\/label><br \/>\n<span class=\"wpcf7-form-control-wrap\" data-name=\"your-email\"><input size=\"40\" maxlength=\"400\" class=\"wpcf7-form-control wpcf7-email wpcf7-validates-as-required wpcf7-text wpcf7-validates-as-email\" aria-required=\"true\" aria-invalid=\"false\" value=\"\" type=\"email\" name=\"your-email\" \/><\/span>\n\t<\/p>\n\t<p><label>Your Message<\/label><br \/>\n<span class=\"wpcf7-form-control-wrap\" data-name=\"your-message\"><textarea cols=\"40\" rows=\"10\" maxlength=\"2000\" class=\"wpcf7-form-control wpcf7-textarea\" aria-invalid=\"false\" name=\"your-message\"><\/textarea><\/span>\n\t<\/p>\n\t<p><input class=\"wpcf7-form-control wpcf7-submit has-spinner button\" type=\"submit\" value=\"Send\" \/>\n\t<\/p>\n<\/div><div class=\"wpcf7-response-output\" aria-hidden=\"true\"><\/div>\n<\/form>\n<\/div>\n\n\n\n\t\t<\/div>\n\t\t\t\t\t<\/div>\n\n\t\n\n<\/div>\n<p>&nbsp;<\/p>\n\n","protected":false},"excerpt":{"rendered":"","protected":false},"author":1,"featured_media":17,"parent":0,"menu_order":0,"comment_status":"closed","ping_status":"closed","template":"page-blank.php","meta":{"footnotes":""},"class_list":["post-42766","page","type-page","status-publish","has-post-thumbnail","hentry"],"yoast_head":"<!-- This site is optimized with the Yoast SEO plugin v26.6 - https:\/\/yoast.com\/wordpress\/plugins\/seo\/ -->\n<title>Contact - Apavivisiem.lv | Z\u012bmolu apavu outlet<\/title>\n<meta name=\"description\" content=\"Popul\u0101ro z\u012bmolu botas, \u010d\u012bbas, kurpes, sandales, z\u0101baki un citi apavu mode\u013ci. Iep\u0113rcies internet\u0101 un tavu pirkumu pieg\u0101d\u0101sim vis\u0101 Latvij\u0101.Popular brands of shoes, trainers, trainers, sandals, boots and other footwear. Shop online and we&#039;ll deliver your purchase anywhere in Baltic states.\" \/>\n<meta name=\"robots\" content=\"index, follow, max-snippet:-1, max-image-preview:large, max-video-preview:-1\" \/>\n<link rel=\"canonical\" href=\"https:\/\/apavivisiem.lv\/?page_id=42766&lang=en\" \/>\n<meta property=\"og:locale\" content=\"lv_LV\" \/>\n<meta property=\"og:type\" content=\"article\" \/>\n<meta property=\"og:title\" content=\"Contact - Apavivisiem.lv | Z\u012bmolu apavu outlet\" \/>\n<meta property=\"og:description\" content=\"Popul\u0101ro z\u012bmolu botas, \u010d\u012bbas, kurpes, sandales, z\u0101baki un citi apavu mode\u013ci. Iep\u0113rcies internet\u0101 un tavu pirkumu pieg\u0101d\u0101sim vis\u0101 Latvij\u0101.Popular brands of shoes, trainers, trainers, sandals, boots and other footwear. Shop online and we&#039;ll deliver your purchase anywhere in Baltic states.\" \/>\n<meta property=\"og:url\" content=\"https:\/\/apavivisiem.lv\/?page_id=42766&amp;lang=en\" \/>\n<meta property=\"og:site_name\" content=\"Apavu Outlet\" \/>\n<meta property=\"article:publisher\" content=\"https:\/\/www.facebook.com\/apavivisiem\" \/>\n<meta property=\"article:modified_time\" content=\"2022-02-02T09:45:28+00:00\" \/>\n<meta property=\"og:image\" content=\"https:\/\/apavivisiem.lv\/wp-content\/uploads\/2016\/08\/dummy-1.jpg\" \/>\n\t<meta property=\"og:image:width\" content=\"400\" \/>\n\t<meta property=\"og:image:height\" content=\"260\" \/>\n\t<meta property=\"og:image:type\" content=\"image\/jpeg\" \/>\n<meta name=\"twitter:card\" content=\"summary_large_image\" \/>\n<meta name=\"twitter:label1\" content=\"Est. reading time\" \/>\n\t<meta name=\"twitter:data1\" content=\"1 min\u016bte\" \/>\n<script type=\"application\/ld+json\" class=\"yoast-schema-graph\">{\"@context\":\"https:\/\/schema.org\",\"@graph\":[{\"@type\":\"WebPage\",\"@id\":\"https:\/\/apavivisiem.lv\/?page_id=42766&lang=en\",\"url\":\"https:\/\/apavivisiem.lv\/?page_id=42766&lang=en\",\"name\":\"Contact - Apavivisiem.lv | Z\u012bmolu apavu outlet\",\"isPartOf\":{\"@id\":\"https:\/\/apavivisiem.lv\/#website\"},\"primaryImageOfPage\":{\"@id\":\"https:\/\/apavivisiem.lv\/?page_id=42766&lang=en#primaryimage\"},\"image\":{\"@id\":\"https:\/\/apavivisiem.lv\/?page_id=42766&lang=en#primaryimage\"},\"thumbnailUrl\":\"https:\/\/apavivisiem.lv\/wp-content\/uploads\/2016\/08\/dummy-1.jpg\",\"datePublished\":\"2022-02-01T13:56:52+00:00\",\"dateModified\":\"2022-02-02T09:45:28+00:00\",\"description\":\"Popul\u0101ro z\u012bmolu botas, \u010d\u012bbas, kurpes, sandales, z\u0101baki un citi apavu mode\u013ci. Iep\u0113rcies internet\u0101 un tavu pirkumu pieg\u0101d\u0101sim vis\u0101 Latvij\u0101.Popular brands of shoes, trainers, trainers, sandals, boots and other footwear. Shop online and we'll deliver your purchase anywhere in Baltic states.\",\"breadcrumb\":{\"@id\":\"https:\/\/apavivisiem.lv\/?page_id=42766&lang=en#breadcrumb\"},\"inLanguage\":\"lv-LV\",\"potentialAction\":[{\"@type\":\"ReadAction\",\"target\":[\"https:\/\/apavivisiem.lv\/?page_id=42766&lang=en\"]}]},{\"@type\":\"ImageObject\",\"inLanguage\":\"lv-LV\",\"@id\":\"https:\/\/apavivisiem.lv\/?page_id=42766&lang=en#primaryimage\",\"url\":\"https:\/\/apavivisiem.lv\/wp-content\/uploads\/2016\/08\/dummy-1.jpg\",\"contentUrl\":\"https:\/\/apavivisiem.lv\/wp-content\/uploads\/2016\/08\/dummy-1.jpg\",\"width\":400,\"height\":260},{\"@type\":\"BreadcrumbList\",\"@id\":\"https:\/\/apavivisiem.lv\/?page_id=42766&lang=en#breadcrumb\",\"itemListElement\":[{\"@type\":\"ListItem\",\"position\":1,\"name\":\"Galven\u0101\",\"item\":\"https:\/\/apavivisiem.lv\/en\/\"},{\"@type\":\"ListItem\",\"position\":2,\"name\":\"Contact\"}]},{\"@type\":\"WebSite\",\"@id\":\"https:\/\/apavivisiem.lv\/#website\",\"url\":\"https:\/\/apavivisiem.lv\/\",\"name\":\"Apavu Outlet\",\"description\":\"Popul\u0101ro paz\u012bstamo z\u012bmolu apavi\",\"publisher\":{\"@id\":\"https:\/\/apavivisiem.lv\/#organization\"},\"potentialAction\":[{\"@type\":\"SearchAction\",\"target\":{\"@type\":\"EntryPoint\",\"urlTemplate\":\"https:\/\/apavivisiem.lv\/?s={search_term_string}\"},\"query-input\":{\"@type\":\"PropertyValueSpecification\",\"valueRequired\":true,\"valueName\":\"search_term_string\"}}],\"inLanguage\":\"lv-LV\"},{\"@type\":\"Organization\",\"@id\":\"https:\/\/apavivisiem.lv\/#organization\",\"name\":\"Krist\u012bne RR SIA\",\"url\":\"https:\/\/apavivisiem.lv\/\",\"logo\":{\"@type\":\"ImageObject\",\"inLanguage\":\"lv-LV\",\"@id\":\"https:\/\/apavivisiem.lv\/#\/schema\/logo\/image\/\",\"url\":\"https:\/\/apavivisiem.lv\/wp-content\/uploads\/2021\/03\/logo-main.png\",\"contentUrl\":\"https:\/\/apavivisiem.lv\/wp-content\/uploads\/2021\/03\/logo-main.png\",\"width\":300,\"height\":50,\"caption\":\"Krist\u012bne RR SIA\"},\"image\":{\"@id\":\"https:\/\/apavivisiem.lv\/#\/schema\/logo\/image\/\"},\"sameAs\":[\"https:\/\/www.facebook.com\/apavivisiem\",\"https:\/\/www.instagram.com\/apavivisiem\/\"]}]}<\/script>\n<!-- \/ Yoast SEO plugin. -->","yoast_head_json":{"title":"Contact - Apavivisiem.lv | Z\u012bmolu apavu outlet","description":"Popul\u0101ro z\u012bmolu botas, \u010d\u012bbas, kurpes, sandales, z\u0101baki un citi apavu mode\u013ci. Iep\u0113rcies internet\u0101 un tavu pirkumu pieg\u0101d\u0101sim vis\u0101 Latvij\u0101.Popular brands of shoes, trainers, trainers, sandals, boots and other footwear. Shop online and we'll deliver your purchase anywhere in Baltic states.","robots":{"index":"index","follow":"follow","max-snippet":"max-snippet:-1","max-image-preview":"max-image-preview:large","max-video-preview":"max-video-preview:-1"},"canonical":"https:\/\/apavivisiem.lv\/?page_id=42766&lang=en","og_locale":"lv_LV","og_type":"article","og_title":"Contact - Apavivisiem.lv | Z\u012bmolu apavu outlet","og_description":"Popul\u0101ro z\u012bmolu botas, \u010d\u012bbas, kurpes, sandales, z\u0101baki un citi apavu mode\u013ci. Iep\u0113rcies internet\u0101 un tavu pirkumu pieg\u0101d\u0101sim vis\u0101 Latvij\u0101.Popular brands of shoes, trainers, trainers, sandals, boots and other footwear. Shop online and we'll deliver your purchase anywhere in Baltic states.","og_url":"https:\/\/apavivisiem.lv\/?page_id=42766&lang=en","og_site_name":"Apavu Outlet","article_publisher":"https:\/\/www.facebook.com\/apavivisiem","article_modified_time":"2022-02-02T09:45:28+00:00","og_image":[{"width":400,"height":260,"url":"https:\/\/apavivisiem.lv\/wp-content\/uploads\/2016\/08\/dummy-1.jpg","type":"image\/jpeg"}],"twitter_card":"summary_large_image","twitter_misc":{"Est. reading time":"1 min\u016bte"},"schema":{"@context":"https:\/\/schema.org","@graph":[{"@type":"WebPage","@id":"https:\/\/apavivisiem.lv\/?page_id=42766&lang=en","url":"https:\/\/apavivisiem.lv\/?page_id=42766&lang=en","name":"Contact - Apavivisiem.lv | Z\u012bmolu apavu outlet","isPartOf":{"@id":"https:\/\/apavivisiem.lv\/#website"},"primaryImageOfPage":{"@id":"https:\/\/apavivisiem.lv\/?page_id=42766&lang=en#primaryimage"},"image":{"@id":"https:\/\/apavivisiem.lv\/?page_id=42766&lang=en#primaryimage"},"thumbnailUrl":"https:\/\/apavivisiem.lv\/wp-content\/uploads\/2016\/08\/dummy-1.jpg","datePublished":"2022-02-01T13:56:52+00:00","dateModified":"2022-02-02T09:45:28+00:00","description":"Popul\u0101ro z\u012bmolu botas, \u010d\u012bbas, kurpes, sandales, z\u0101baki un citi apavu mode\u013ci. Iep\u0113rcies internet\u0101 un tavu pirkumu pieg\u0101d\u0101sim vis\u0101 Latvij\u0101.Popular brands of shoes, trainers, trainers, sandals, boots and other footwear. Shop online and we'll deliver your purchase anywhere in Baltic states.","breadcrumb":{"@id":"https:\/\/apavivisiem.lv\/?page_id=42766&lang=en#breadcrumb"},"inLanguage":"lv-LV","potentialAction":[{"@type":"ReadAction","target":["https:\/\/apavivisiem.lv\/?page_id=42766&lang=en"]}]},{"@type":"ImageObject","inLanguage":"lv-LV","@id":"https:\/\/apavivisiem.lv\/?page_id=42766&lang=en#primaryimage","url":"https:\/\/apavivisiem.lv\/wp-content\/uploads\/2016\/08\/dummy-1.jpg","contentUrl":"https:\/\/apavivisiem.lv\/wp-content\/uploads\/2016\/08\/dummy-1.jpg","width":400,"height":260},{"@type":"BreadcrumbList","@id":"https:\/\/apavivisiem.lv\/?page_id=42766&lang=en#breadcrumb","itemListElement":[{"@type":"ListItem","position":1,"name":"Galven\u0101","item":"https:\/\/apavivisiem.lv\/en\/"},{"@type":"ListItem","position":2,"name":"Contact"}]},{"@type":"WebSite","@id":"https:\/\/apavivisiem.lv\/#website","url":"https:\/\/apavivisiem.lv\/","name":"Apavu Outlet","description":"Popul\u0101ro paz\u012bstamo z\u012bmolu apavi","publisher":{"@id":"https:\/\/apavivisiem.lv\/#organization"},"potentialAction":[{"@type":"SearchAction","target":{"@type":"EntryPoint","urlTemplate":"https:\/\/apavivisiem.lv\/?s={search_term_string}"},"query-input":{"@type":"PropertyValueSpecification","valueRequired":true,"valueName":"search_term_string"}}],"inLanguage":"lv-LV"},{"@type":"Organization","@id":"https:\/\/apavivisiem.lv\/#organization","name":"Krist\u012bne RR SIA","url":"https:\/\/apavivisiem.lv\/","logo":{"@type":"ImageObject","inLanguage":"lv-LV","@id":"https:\/\/apavivisiem.lv\/#\/schema\/logo\/image\/","url":"https:\/\/apavivisiem.lv\/wp-content\/uploads\/2021\/03\/logo-main.png","contentUrl":"https:\/\/apavivisiem.lv\/wp-content\/uploads\/2021\/03\/logo-main.png","width":300,"height":50,"caption":"Krist\u012bne RR SIA"},"image":{"@id":"https:\/\/apavivisiem.lv\/#\/schema\/logo\/image\/"},"sameAs":["https:\/\/www.facebook.com\/apavivisiem","https:\/\/www.instagram.com\/apavivisiem\/"]}]}},"lang":"en","translations":{"en":42766,"lv":81,"lt":50512,"et":50593},"pll_sync_post":[],"_links":{"self":[{"href":"https:\/\/apavivisiem.lv\/index.php?rest_route=\/wp\/v2\/pages\/42766","targetHints":{"allow":["GET"]}}],"collection":[{"href":"https:\/\/apavivisiem.lv\/index.php?rest_route=\/wp\/v2\/pages"}],"about":[{"href":"https:\/\/apavivisiem.lv\/index.php?rest_route=\/wp\/v2\/types\/page"}],"author":[{"embeddable":true,"href":"https:\/\/apavivisiem.lv\/index.php?rest_route=\/wp\/v2\/users\/1"}],"replies":[{"embeddable":true,"href":"https:\/\/apavivisiem.lv\/index.php?rest_route=%2Fwp%2Fv2%2Fcomments&post=42766"}],"version-history":[{"count":0,"href":"https:\/\/apavivisiem.lv\/index.php?rest_route=\/wp\/v2\/pages\/42766\/revisions"}],"wp:featuredmedia":[{"embeddable":true,"href":"https:\/\/apavivisiem.lv\/index.php?rest_route=\/wp\/v2\/media\/17"}],"wp:attachment":[{"href":"https:\/\/apavivisiem.lv\/index.php?rest_route=%2Fwp%2Fv2%2Fmedia&parent=42766"}],"curies":[{"name":"wp","href":"https:\/\/api.w.org\/{rel}","templated":true}]}}