{"id":42842,"date":"2022-02-01T16:45:15","date_gmt":"2022-02-01T14:45:15","guid":{"rendered":"https:\/\/apavivisiem.lv\/?page_id=42842"},"modified":"2022-02-02T11:44:57","modified_gmt":"2022-02-02T09:44:57","slug":"about-us","status":"publish","type":"page","link":"https:\/\/apavivisiem.lv\/?page_id=42842&lang=en","title":{"rendered":"About Us"},"content":{"rendered":"\n\n  <div class=\"banner has-hover has-parallax\" id=\"banner-778405219\">\n          <div class=\"banner-inner fill\">\n        <div class=\"banner-bg fill\" data-parallax=\"-3\" data-parallax-container=\".banner\" data-parallax-background>\n            <img loading=\"lazy\" decoding=\"async\" width=\"400\" height=\"400\" src=\"https:\/\/apavivisiem.lv\/wp-content\/uploads\/2021\/03\/our-shops-bg.jpeg\" class=\"bg attachment-original size-original\" alt=\"\" \/>                        <div class=\"overlay\"><\/div>            \n                    <\/div>\n\t\t\n        <div class=\"banner-layers container\">\n            <div class=\"fill banner-link\"><\/div>            \n\n   <div id=\"text-box-1614811341\" class=\"text-box banner-layer x50 md-x50 lg-x50 y50 md-y50 lg-y50 res-text\">\n                                <div class=\"text-box-content text dark\">\n              \n              <div class=\"text-inner text-center\">\n                  \n\n<h3 class=\"uppercase\"><strong>About Us<\/strong><\/h3>\n<p>Krist\u012bne RR SIA<\/p>\n\n<div class=\"is-divider divider clearfix\" ><\/div>\n\n<div class=\"social-icons share-icons share-row relative\" ><a href=\"whatsapp:\/\/send?text=About%20Us - https:\/\/apavivisiem.lv\/?page_id=42842&lang=en\" data-action=\"share\/whatsapp\/share\" class=\"icon button circle is-outline tooltip whatsapp show-for-medium\" title=\"Share on WhatsApp\" aria-label=\"Share on WhatsApp\"><i class=\"icon-whatsapp\" aria-hidden=\"true\"><\/i><\/a><a href=\"https:\/\/www.facebook.com\/sharer.php?u=https:\/\/apavivisiem.lv\/?page_id=42842&lang=en\" data-label=\"Facebook\" onclick=\"window.open(this.href,this.title,'width=500,height=500,top=300px,left=300px'); return false;\" target=\"_blank\" class=\"icon button circle is-outline tooltip facebook\" title=\"Share on Facebook\" aria-label=\"Share on Facebook\" rel=\"noopener nofollow\"><i class=\"icon-facebook\" aria-hidden=\"true\"><\/i><\/a><a href=\"https:\/\/twitter.com\/share?url=https:\/\/apavivisiem.lv\/?page_id=42842&lang=en\" onclick=\"window.open(this.href,this.title,'width=500,height=500,top=300px,left=300px'); return false;\" target=\"_blank\" class=\"icon button circle is-outline tooltip twitter\" title=\"Share on Twitter\" aria-label=\"Share on Twitter\" rel=\"noopener nofollow\"><i class=\"icon-twitter\" aria-hidden=\"true\"><\/i><\/a><\/div>\n\n\n              <\/div>\n           <\/div>\n                            \n<style>\n#text-box-1614811341 {\n  width: 60%;\n}\n#text-box-1614811341 .text-box-content {\n  font-size: 100%;\n}\n@media (min-width:550px) {\n  #text-box-1614811341 {\n    width: 68%;\n  }\n}\n<\/style>\n    <\/div>\n \n\n        <\/div>\n      <\/div>\n\n            \n<style>\n#banner-778405219 {\n  padding-top: 300px;\n}\n#banner-778405219 .overlay {\n  background-color: rgba(0, 0, 0, 0.756);\n}\n#banner-778405219 .banner-bg img {\n  object-position: 5% 6%;\n}\n<\/style>\n  <\/div>\n\n\n<div class=\"row\"  id=\"row-507056863\">\n\n\n\t<div id=\"col-966475684\" class=\"col small-12 large-12\"  >\n\t\t\t\t<div class=\"col-inner\"  >\n\t\t\t\n\t\t\t\n\n<div class=\"col-inner\">\n<p class=\"lead text-center\"><strong>A little about our history and our progress.<\/strong><\/p>\n<p>The company&#8217;s birthday is 19 April 1994. The initially established sole proprietorship has grown into a limited liability company with considerable experience. Today we have a strong position in the market, growing and developing to meet our customers&#8217; needs. As demand grows, we strive to keep up with the times and expand.<\/p>\n<p>We have over 100 employees and are proud to call ourselves one of the largest companies in our city.<\/p>\n<p>Following the trends and taking into account the current situation, we took the logical step forward and opened an online shoe shop. In today&#8217;s world, people are trying to plan their time more and more rationally. Buying quality footwear online has become an everyday service enjoyed by thousands of consumers. In our online shop you can choose and buy shoes from world famous brands such as<a href=\"\/veikals\/?filter_zimolu-apavi=tommy-hilfiger-apavi\" target=\"_blank\" rel=\"noopener\"> Tommy Hilfiger,<\/a> <a href=\"\/veikals\/?filter_zimolu-apavi=emporio-armani-apavi\">Emporio Armani<\/a>, <a href=\"\/veikals\/?filter_zimolu-apavi=adidas-apavi\">Adidas<\/a>, <a href=\"\/veikals\/?filter_zimolu-apavi=calvin-klein-apavi\">Calvin Klein<\/a>, <a href=\"\/veikals\/?filter_zimolu-apavi=dkny-apavi\">DKNY<\/a>, <a href=\"\/veikals\/?filter_zimolu-apavi=vans-apavi\">VANS<\/a>, <a href=\"\/veikals\/?filter_zimolu-apavi=nike-apavi\">Nike<\/a>, <a href=\"\/veikals\/?filter_zimolu-apavi=ugg-apavi\">UGG<\/a>, <a href=\"\/veikals\/?filter_zimolu-apavi=timberland-apavi\">Timberland<\/a> and many others. Our experience in the footwear trade and our trusted partners allow us to offer you quality footwear at the most attractive prices on the market.<\/p>\n<p>The selection of shoes in our shop is growing every day. Since we opened, we have not only shoes for adults, but also shoes for children and teenagers. Slippers, sandals, sneakers, boots and other types of footwear for girls and boys of all ages.<\/p>\n<p>You can order from your home or office without having to spend time visiting shops and shopping centres. It&#8217;s convenient and fashionable!<\/p>\n<p>We are glad that despite the fact that our online shop has been operating for a short time, we have gained a large number of independent customers who regularly shop at<a href=\"\/veikals\/\"> apavivisiem.lv<\/a>!<\/p>\n<\/div>\n\t<div id=\"gap-826481525\" class=\"gap-element clearfix\" style=\"display:block; height:auto;\">\n\t\t\n<style>\n#gap-826481525 {\n  padding-top: 30px;\n}\n<\/style>\n\t<\/div>\n\t\n\n\n\t\t<\/div>\n\t\t\t\t\n<style>\n#col-966475684 > .col-inner {\n  margin: 43px 0px 0px 0px;\n}\n<\/style>\n\t<\/div>\n\n\t\n\n<\/div>\n","protected":false},"excerpt":{"rendered":"","protected":false},"author":1,"featured_media":0,"parent":0,"menu_order":0,"comment_status":"closed","ping_status":"closed","template":"page-blank.php","meta":{"footnotes":""},"class_list":["post-42842","page","type-page","status-publish","hentry"],"yoast_head":"<!-- This site is optimized with the Yoast SEO plugin v26.6 - https:\/\/yoast.com\/wordpress\/plugins\/seo\/ -->\n<title>Shoe Outlet - Famous brands with up to 80% discount<\/title>\n<meta name=\"description\" content=\"Popular footwear brands online. Shop from the comfort of your home. We deliver throughout Latvia. Women&#039;s and men&#039;s shoes at attractive prices.\" \/>\n<meta name=\"robots\" content=\"index, follow, max-snippet:-1, max-image-preview:large, max-video-preview:-1\" \/>\n<link rel=\"canonical\" href=\"https:\/\/apavivisiem.lv\/?page_id=42842&lang=en\" \/>\n<meta property=\"og:locale\" content=\"lv_LV\" \/>\n<meta property=\"og:type\" content=\"article\" \/>\n<meta property=\"og:title\" content=\"Shoe Outlet - Famous brands with up to 80% discount\" \/>\n<meta property=\"og:description\" content=\"Popular footwear brands online. Shop from the comfort of your home. We deliver throughout Latvia. Women&#039;s and men&#039;s shoes at attractive prices.\" \/>\n<meta property=\"og:url\" content=\"https:\/\/apavivisiem.lv\/?page_id=42842&amp;lang=en\" \/>\n<meta property=\"og:site_name\" content=\"Apavu Outlet\" \/>\n<meta property=\"article:publisher\" content=\"https:\/\/www.facebook.com\/apavivisiem\" \/>\n<meta property=\"article:modified_time\" content=\"2022-02-02T09:44:57+00:00\" \/>\n<meta name=\"twitter:card\" content=\"summary_large_image\" \/>\n<meta name=\"twitter:label1\" content=\"Est. reading time\" \/>\n\t<meta name=\"twitter:data1\" content=\"2 min\u016btes\" \/>\n<script type=\"application\/ld+json\" class=\"yoast-schema-graph\">{\"@context\":\"https:\/\/schema.org\",\"@graph\":[{\"@type\":\"WebPage\",\"@id\":\"https:\/\/apavivisiem.lv\/?page_id=42842&lang=en\",\"url\":\"https:\/\/apavivisiem.lv\/?page_id=42842&lang=en\",\"name\":\"Shoe Outlet - Famous brands with up to 80% discount\",\"isPartOf\":{\"@id\":\"https:\/\/apavivisiem.lv\/#website\"},\"datePublished\":\"2022-02-01T14:45:15+00:00\",\"dateModified\":\"2022-02-02T09:44:57+00:00\",\"description\":\"Popular footwear brands online. Shop from the comfort of your home. We deliver throughout Latvia. Women's and men's shoes at attractive prices.\",\"breadcrumb\":{\"@id\":\"https:\/\/apavivisiem.lv\/?page_id=42842&lang=en#breadcrumb\"},\"inLanguage\":\"lv-LV\",\"potentialAction\":[{\"@type\":\"ReadAction\",\"target\":[\"https:\/\/apavivisiem.lv\/?page_id=42842&lang=en\"]}]},{\"@type\":\"BreadcrumbList\",\"@id\":\"https:\/\/apavivisiem.lv\/?page_id=42842&lang=en#breadcrumb\",\"itemListElement\":[{\"@type\":\"ListItem\",\"position\":1,\"name\":\"Galven\u0101\",\"item\":\"https:\/\/apavivisiem.lv\/en\/\"},{\"@type\":\"ListItem\",\"position\":2,\"name\":\"About Us\"}]},{\"@type\":\"WebSite\",\"@id\":\"https:\/\/apavivisiem.lv\/#website\",\"url\":\"https:\/\/apavivisiem.lv\/\",\"name\":\"Apavu Outlet\",\"description\":\"Popul\u0101ro paz\u012bstamo z\u012bmolu apavi\",\"publisher\":{\"@id\":\"https:\/\/apavivisiem.lv\/#organization\"},\"potentialAction\":[{\"@type\":\"SearchAction\",\"target\":{\"@type\":\"EntryPoint\",\"urlTemplate\":\"https:\/\/apavivisiem.lv\/?s={search_term_string}\"},\"query-input\":{\"@type\":\"PropertyValueSpecification\",\"valueRequired\":true,\"valueName\":\"search_term_string\"}}],\"inLanguage\":\"lv-LV\"},{\"@type\":\"Organization\",\"@id\":\"https:\/\/apavivisiem.lv\/#organization\",\"name\":\"Krist\u012bne RR SIA\",\"url\":\"https:\/\/apavivisiem.lv\/\",\"logo\":{\"@type\":\"ImageObject\",\"inLanguage\":\"lv-LV\",\"@id\":\"https:\/\/apavivisiem.lv\/#\/schema\/logo\/image\/\",\"url\":\"https:\/\/apavivisiem.lv\/wp-content\/uploads\/2021\/03\/logo-main.png\",\"contentUrl\":\"https:\/\/apavivisiem.lv\/wp-content\/uploads\/2021\/03\/logo-main.png\",\"width\":300,\"height\":50,\"caption\":\"Krist\u012bne RR SIA\"},\"image\":{\"@id\":\"https:\/\/apavivisiem.lv\/#\/schema\/logo\/image\/\"},\"sameAs\":[\"https:\/\/www.facebook.com\/apavivisiem\",\"https:\/\/www.instagram.com\/apavivisiem\/\"]}]}<\/script>\n<!-- \/ Yoast SEO plugin. -->","yoast_head_json":{"title":"Shoe Outlet - Famous brands with up to 80% discount","description":"Popular footwear brands online. Shop from the comfort of your home. We deliver throughout Latvia. Women's and men's shoes at attractive prices.","robots":{"index":"index","follow":"follow","max-snippet":"max-snippet:-1","max-image-preview":"max-image-preview:large","max-video-preview":"max-video-preview:-1"},"canonical":"https:\/\/apavivisiem.lv\/?page_id=42842&lang=en","og_locale":"lv_LV","og_type":"article","og_title":"Shoe Outlet - Famous brands with up to 80% discount","og_description":"Popular footwear brands online. Shop from the comfort of your home. We deliver throughout Latvia. Women's and men's shoes at attractive prices.","og_url":"https:\/\/apavivisiem.lv\/?page_id=42842&lang=en","og_site_name":"Apavu Outlet","article_publisher":"https:\/\/www.facebook.com\/apavivisiem","article_modified_time":"2022-02-02T09:44:57+00:00","twitter_card":"summary_large_image","twitter_misc":{"Est. reading time":"2 min\u016btes"},"schema":{"@context":"https:\/\/schema.org","@graph":[{"@type":"WebPage","@id":"https:\/\/apavivisiem.lv\/?page_id=42842&lang=en","url":"https:\/\/apavivisiem.lv\/?page_id=42842&lang=en","name":"Shoe Outlet - Famous brands with up to 80% discount","isPartOf":{"@id":"https:\/\/apavivisiem.lv\/#website"},"datePublished":"2022-02-01T14:45:15+00:00","dateModified":"2022-02-02T09:44:57+00:00","description":"Popular footwear brands online. Shop from the comfort of your home. We deliver throughout Latvia. Women's and men's shoes at attractive prices.","breadcrumb":{"@id":"https:\/\/apavivisiem.lv\/?page_id=42842&lang=en#breadcrumb"},"inLanguage":"lv-LV","potentialAction":[{"@type":"ReadAction","target":["https:\/\/apavivisiem.lv\/?page_id=42842&lang=en"]}]},{"@type":"BreadcrumbList","@id":"https:\/\/apavivisiem.lv\/?page_id=42842&lang=en#breadcrumb","itemListElement":[{"@type":"ListItem","position":1,"name":"Galven\u0101","item":"https:\/\/apavivisiem.lv\/en\/"},{"@type":"ListItem","position":2,"name":"About Us"}]},{"@type":"WebSite","@id":"https:\/\/apavivisiem.lv\/#website","url":"https:\/\/apavivisiem.lv\/","name":"Apavu Outlet","description":"Popul\u0101ro paz\u012bstamo z\u012bmolu apavi","publisher":{"@id":"https:\/\/apavivisiem.lv\/#organization"},"potentialAction":[{"@type":"SearchAction","target":{"@type":"EntryPoint","urlTemplate":"https:\/\/apavivisiem.lv\/?s={search_term_string}"},"query-input":{"@type":"PropertyValueSpecification","valueRequired":true,"valueName":"search_term_string"}}],"inLanguage":"lv-LV"},{"@type":"Organization","@id":"https:\/\/apavivisiem.lv\/#organization","name":"Krist\u012bne RR SIA","url":"https:\/\/apavivisiem.lv\/","logo":{"@type":"ImageObject","inLanguage":"lv-LV","@id":"https:\/\/apavivisiem.lv\/#\/schema\/logo\/image\/","url":"https:\/\/apavivisiem.lv\/wp-content\/uploads\/2021\/03\/logo-main.png","contentUrl":"https:\/\/apavivisiem.lv\/wp-content\/uploads\/2021\/03\/logo-main.png","width":300,"height":50,"caption":"Krist\u012bne RR SIA"},"image":{"@id":"https:\/\/apavivisiem.lv\/#\/schema\/logo\/image\/"},"sameAs":["https:\/\/www.facebook.com\/apavivisiem","https:\/\/www.instagram.com\/apavivisiem\/"]}]}},"lang":"en","translations":{"en":42842,"lv":1245,"lt":50501,"et":50590},"pll_sync_post":[],"_links":{"self":[{"href":"https:\/\/apavivisiem.lv\/index.php?rest_route=\/wp\/v2\/pages\/42842","targetHints":{"allow":["GET"]}}],"collection":[{"href":"https:\/\/apavivisiem.lv\/index.php?rest_route=\/wp\/v2\/pages"}],"about":[{"href":"https:\/\/apavivisiem.lv\/index.php?rest_route=\/wp\/v2\/types\/page"}],"author":[{"embeddable":true,"href":"https:\/\/apavivisiem.lv\/index.php?rest_route=\/wp\/v2\/users\/1"}],"replies":[{"embeddable":true,"href":"https:\/\/apavivisiem.lv\/index.php?rest_route=%2Fwp%2Fv2%2Fcomments&post=42842"}],"version-history":[{"count":0,"href":"https:\/\/apavivisiem.lv\/index.php?rest_route=\/wp\/v2\/pages\/42842\/revisions"}],"wp:attachment":[{"href":"https:\/\/apavivisiem.lv\/index.php?rest_route=%2Fwp%2Fv2%2Fmedia&parent=42842"}],"curies":[{"name":"wp","href":"https:\/\/api.w.org\/{rel}","templated":true}]}}