{"id":42943,"date":"2021-03-20T14:16:50","date_gmt":"2021-03-20T12:16:50","guid":{"rendered":"https:\/\/apavivisiem.lv\/?page_id=42943"},"modified":"2022-12-12T12:37:27","modified_gmt":"2022-12-12T10:37:27","slug":"return-of-goods","status":"publish","type":"page","link":"https:\/\/apavivisiem.lv\/?page_id=42943&lang=en","title":{"rendered":"Return of goods"},"content":{"rendered":"\n<h2 class=\"uppercase\">GOODS RETURN POLICY<\/h2>\n\t<div id=\"gap-1146194685\" class=\"gap-element clearfix\" style=\"display:block; height:auto;\">\n\t\t\n<style>\n#gap-1146194685 {\n  padding-top: 30px;\n}\n<\/style>\n\t<\/div>\n\t\n\n<p>This return policy is valid when buying goods on our website. In other cases, please contact the same store you bought the goods at.<\/p>\n<p>You have <strong>14 days<\/strong> to make your decision! You can return an item within 14 days after the order is placed.<\/p>\n<p>The buyer bears the costs of returning the goods purchased in the online store! The product can be returned to the Omniva parcel post office in <strong>Sigulda Elvi Vidus street parcel post office!<\/strong><\/p>\n<p>\u00a0In the case of purchase return the amount of the goods is refunded to the indicated bank account within 14 days.<\/p>\n<p>If you have decided to return the goods purchased at our store, please inform us:<\/p>\n<p>by e-mail: <a href=\"mailto:e-veikals@apavivisiem.lv\">e-veikals@apavivisiem.lv<\/a><\/p>\n<p>PLEASE NOTE: The item that is returned to us cannot be worn, damaged or into a non-conforming state. All items must be returned in the original packaging with all labels intact. Therefore, we advise to open the packaging carefully. For return to be accepted, you need to fill out the return form and seal the package properly.<\/p>\n\n","protected":false},"excerpt":{"rendered":"","protected":false},"author":1,"featured_media":0,"parent":0,"menu_order":0,"comment_status":"closed","ping_status":"closed","template":"","meta":{"footnotes":""},"class_list":["post-42943","page","type-page","status-publish","hentry"],"yoast_head":"<!-- This site is optimized with the Yoast SEO plugin v26.6 - https:\/\/yoast.com\/wordpress\/plugins\/seo\/ -->\n<title>Return of goods - Apavivisiem.lv | Z\u012bmolu apavi. Atlaides l\u012bdz 80%.<\/title>\n<meta name=\"description\" content=\"Apavu interneta veikals. Popul\u0101rie z\u012bmolu. Da\u017e\u0101da veida apavi. Pievilc\u012bgas cenas. Atlaides l\u012bdz 80%. Pieg\u0101de vis\u0101 Latvij\u0101.\" \/>\n<meta name=\"robots\" content=\"index, follow, max-snippet:-1, max-image-preview:large, max-video-preview:-1\" \/>\n<link rel=\"canonical\" href=\"https:\/\/apavivisiem.lv\/?page_id=42943&lang=en\" \/>\n<meta property=\"og:locale\" content=\"lv_LV\" \/>\n<meta property=\"og:type\" content=\"article\" \/>\n<meta property=\"og:title\" content=\"Return of goods - Apavivisiem.lv | Z\u012bmolu apavi. Atlaides l\u012bdz 80%.\" \/>\n<meta property=\"og:description\" content=\"Apavu interneta veikals. Popul\u0101rie z\u012bmolu. Da\u017e\u0101da veida apavi. Pievilc\u012bgas cenas. Atlaides l\u012bdz 80%. Pieg\u0101de vis\u0101 Latvij\u0101.\" \/>\n<meta property=\"og:url\" content=\"https:\/\/apavivisiem.lv\/?page_id=42943&amp;lang=en\" \/>\n<meta property=\"og:site_name\" content=\"Apavu Outlet\" \/>\n<meta property=\"article:publisher\" content=\"https:\/\/www.facebook.com\/apavivisiem\" \/>\n<meta property=\"article:modified_time\" content=\"2022-12-12T10:37:27+00:00\" \/>\n<meta name=\"twitter:card\" content=\"summary_large_image\" \/>\n<meta name=\"twitter:label1\" content=\"Est. reading time\" \/>\n\t<meta name=\"twitter:data1\" content=\"1 min\u016bte\" \/>\n<script type=\"application\/ld+json\" class=\"yoast-schema-graph\">{\"@context\":\"https:\/\/schema.org\",\"@graph\":[{\"@type\":\"WebPage\",\"@id\":\"https:\/\/apavivisiem.lv\/?page_id=42943&lang=en\",\"url\":\"https:\/\/apavivisiem.lv\/?page_id=42943&lang=en\",\"name\":\"Return of goods - Apavivisiem.lv | Z\u012bmolu apavi. Atlaides l\u012bdz 80%.\",\"isPartOf\":{\"@id\":\"https:\/\/apavivisiem.lv\/#website\"},\"datePublished\":\"2021-03-20T12:16:50+00:00\",\"dateModified\":\"2022-12-12T10:37:27+00:00\",\"description\":\"Apavu interneta veikals. Popul\u0101rie z\u012bmolu. Da\u017e\u0101da veida apavi. Pievilc\u012bgas cenas. Atlaides l\u012bdz 80%. Pieg\u0101de vis\u0101 Latvij\u0101.\",\"breadcrumb\":{\"@id\":\"https:\/\/apavivisiem.lv\/?page_id=42943&lang=en#breadcrumb\"},\"inLanguage\":\"lv-LV\",\"potentialAction\":[{\"@type\":\"ReadAction\",\"target\":[\"https:\/\/apavivisiem.lv\/?page_id=42943&lang=en\"]}]},{\"@type\":\"BreadcrumbList\",\"@id\":\"https:\/\/apavivisiem.lv\/?page_id=42943&lang=en#breadcrumb\",\"itemListElement\":[{\"@type\":\"ListItem\",\"position\":1,\"name\":\"Galven\u0101\",\"item\":\"https:\/\/apavivisiem.lv\/en\/\"},{\"@type\":\"ListItem\",\"position\":2,\"name\":\"Return of goods\"}]},{\"@type\":\"WebSite\",\"@id\":\"https:\/\/apavivisiem.lv\/#website\",\"url\":\"https:\/\/apavivisiem.lv\/\",\"name\":\"Apavu Outlet\",\"description\":\"Popul\u0101ro paz\u012bstamo z\u012bmolu apavi\",\"publisher\":{\"@id\":\"https:\/\/apavivisiem.lv\/#organization\"},\"potentialAction\":[{\"@type\":\"SearchAction\",\"target\":{\"@type\":\"EntryPoint\",\"urlTemplate\":\"https:\/\/apavivisiem.lv\/?s={search_term_string}\"},\"query-input\":{\"@type\":\"PropertyValueSpecification\",\"valueRequired\":true,\"valueName\":\"search_term_string\"}}],\"inLanguage\":\"lv-LV\"},{\"@type\":\"Organization\",\"@id\":\"https:\/\/apavivisiem.lv\/#organization\",\"name\":\"Krist\u012bne RR SIA\",\"url\":\"https:\/\/apavivisiem.lv\/\",\"logo\":{\"@type\":\"ImageObject\",\"inLanguage\":\"lv-LV\",\"@id\":\"https:\/\/apavivisiem.lv\/#\/schema\/logo\/image\/\",\"url\":\"https:\/\/apavivisiem.lv\/wp-content\/uploads\/2021\/03\/logo-main.png\",\"contentUrl\":\"https:\/\/apavivisiem.lv\/wp-content\/uploads\/2021\/03\/logo-main.png\",\"width\":300,\"height\":50,\"caption\":\"Krist\u012bne RR SIA\"},\"image\":{\"@id\":\"https:\/\/apavivisiem.lv\/#\/schema\/logo\/image\/\"},\"sameAs\":[\"https:\/\/www.facebook.com\/apavivisiem\",\"https:\/\/www.instagram.com\/apavivisiem\/\"]}]}<\/script>\n<!-- \/ Yoast SEO plugin. -->","yoast_head_json":{"title":"Return of goods - Apavivisiem.lv | Z\u012bmolu apavi. Atlaides l\u012bdz 80%.","description":"Apavu interneta veikals. Popul\u0101rie z\u012bmolu. Da\u017e\u0101da veida apavi. Pievilc\u012bgas cenas. Atlaides l\u012bdz 80%. Pieg\u0101de vis\u0101 Latvij\u0101.","robots":{"index":"index","follow":"follow","max-snippet":"max-snippet:-1","max-image-preview":"max-image-preview:large","max-video-preview":"max-video-preview:-1"},"canonical":"https:\/\/apavivisiem.lv\/?page_id=42943&lang=en","og_locale":"lv_LV","og_type":"article","og_title":"Return of goods - Apavivisiem.lv | Z\u012bmolu apavi. Atlaides l\u012bdz 80%.","og_description":"Apavu interneta veikals. Popul\u0101rie z\u012bmolu. Da\u017e\u0101da veida apavi. Pievilc\u012bgas cenas. Atlaides l\u012bdz 80%. Pieg\u0101de vis\u0101 Latvij\u0101.","og_url":"https:\/\/apavivisiem.lv\/?page_id=42943&lang=en","og_site_name":"Apavu Outlet","article_publisher":"https:\/\/www.facebook.com\/apavivisiem","article_modified_time":"2022-12-12T10:37:27+00:00","twitter_card":"summary_large_image","twitter_misc":{"Est. reading time":"1 min\u016bte"},"schema":{"@context":"https:\/\/schema.org","@graph":[{"@type":"WebPage","@id":"https:\/\/apavivisiem.lv\/?page_id=42943&lang=en","url":"https:\/\/apavivisiem.lv\/?page_id=42943&lang=en","name":"Return of goods - Apavivisiem.lv | Z\u012bmolu apavi. Atlaides l\u012bdz 80%.","isPartOf":{"@id":"https:\/\/apavivisiem.lv\/#website"},"datePublished":"2021-03-20T12:16:50+00:00","dateModified":"2022-12-12T10:37:27+00:00","description":"Apavu interneta veikals. Popul\u0101rie z\u012bmolu. Da\u017e\u0101da veida apavi. Pievilc\u012bgas cenas. Atlaides l\u012bdz 80%. Pieg\u0101de vis\u0101 Latvij\u0101.","breadcrumb":{"@id":"https:\/\/apavivisiem.lv\/?page_id=42943&lang=en#breadcrumb"},"inLanguage":"lv-LV","potentialAction":[{"@type":"ReadAction","target":["https:\/\/apavivisiem.lv\/?page_id=42943&lang=en"]}]},{"@type":"BreadcrumbList","@id":"https:\/\/apavivisiem.lv\/?page_id=42943&lang=en#breadcrumb","itemListElement":[{"@type":"ListItem","position":1,"name":"Galven\u0101","item":"https:\/\/apavivisiem.lv\/en\/"},{"@type":"ListItem","position":2,"name":"Return of goods"}]},{"@type":"WebSite","@id":"https:\/\/apavivisiem.lv\/#website","url":"https:\/\/apavivisiem.lv\/","name":"Apavu Outlet","description":"Popul\u0101ro paz\u012bstamo z\u012bmolu apavi","publisher":{"@id":"https:\/\/apavivisiem.lv\/#organization"},"potentialAction":[{"@type":"SearchAction","target":{"@type":"EntryPoint","urlTemplate":"https:\/\/apavivisiem.lv\/?s={search_term_string}"},"query-input":{"@type":"PropertyValueSpecification","valueRequired":true,"valueName":"search_term_string"}}],"inLanguage":"lv-LV"},{"@type":"Organization","@id":"https:\/\/apavivisiem.lv\/#organization","name":"Krist\u012bne RR SIA","url":"https:\/\/apavivisiem.lv\/","logo":{"@type":"ImageObject","inLanguage":"lv-LV","@id":"https:\/\/apavivisiem.lv\/#\/schema\/logo\/image\/","url":"https:\/\/apavivisiem.lv\/wp-content\/uploads\/2021\/03\/logo-main.png","contentUrl":"https:\/\/apavivisiem.lv\/wp-content\/uploads\/2021\/03\/logo-main.png","width":300,"height":50,"caption":"Krist\u012bne RR SIA"},"image":{"@id":"https:\/\/apavivisiem.lv\/#\/schema\/logo\/image\/"},"sameAs":["https:\/\/www.facebook.com\/apavivisiem","https:\/\/www.instagram.com\/apavivisiem\/"]}]}},"lang":"en","translations":{"en":42943,"lv":9144,"lt":50522,"et":50601},"pll_sync_post":[],"_links":{"self":[{"href":"https:\/\/apavivisiem.lv\/index.php?rest_route=\/wp\/v2\/pages\/42943","targetHints":{"allow":["GET"]}}],"collection":[{"href":"https:\/\/apavivisiem.lv\/index.php?rest_route=\/wp\/v2\/pages"}],"about":[{"href":"https:\/\/apavivisiem.lv\/index.php?rest_route=\/wp\/v2\/types\/page"}],"author":[{"embeddable":true,"href":"https:\/\/apavivisiem.lv\/index.php?rest_route=\/wp\/v2\/users\/1"}],"replies":[{"embeddable":true,"href":"https:\/\/apavivisiem.lv\/index.php?rest_route=%2Fwp%2Fv2%2Fcomments&post=42943"}],"version-history":[{"count":0,"href":"https:\/\/apavivisiem.lv\/index.php?rest_route=\/wp\/v2\/pages\/42943\/revisions"}],"wp:attachment":[{"href":"https:\/\/apavivisiem.lv\/index.php?rest_route=%2Fwp%2Fv2%2Fmedia&parent=42943"}],"curies":[{"name":"wp","href":"https:\/\/api.w.org\/{rel}","templated":true}]}}