{"id":50501,"date":"2022-02-21T11:21:05","date_gmt":"2022-02-21T09:21:05","guid":{"rendered":"https:\/\/apavivisiem.lv\/?page_id=50501"},"modified":"2022-02-21T11:21:45","modified_gmt":"2022-02-21T09:21:45","slug":"apie-mus","status":"publish","type":"page","link":"https:\/\/apavivisiem.lv\/?page_id=50501&lang=lt","title":{"rendered":"Apie mus"},"content":{"rendered":"\n\n  <div class=\"banner has-hover has-parallax\" id=\"banner-612689722\">\n          <div class=\"banner-inner fill\">\n        <div class=\"banner-bg fill\" data-parallax=\"-3\" data-parallax-container=\".banner\" data-parallax-background>\n            <img loading=\"lazy\" decoding=\"async\" width=\"400\" height=\"400\" src=\"https:\/\/apavivisiem.lv\/wp-content\/uploads\/2021\/03\/our-shops-bg.jpeg\" class=\"bg attachment-original size-original\" alt=\"\" \/>                        <div class=\"overlay\"><\/div>            \n                    <\/div>\n\t\t\n        <div class=\"banner-layers container\">\n            <div class=\"fill banner-link\"><\/div>            \n\n   <div id=\"text-box-1670154142\" class=\"text-box banner-layer x50 md-x50 lg-x50 y50 md-y50 lg-y50 res-text\">\n                                <div class=\"text-box-content text dark\">\n              \n              <div class=\"text-inner text-center\">\n                  \n\n<h3 class=\"uppercase\"><strong>APIE MUS<\/strong><\/h3>\n<p>Krist\u012bne RR SIA<\/p>\n\n<div class=\"is-divider divider clearfix\" ><\/div>\n\n<div class=\"social-icons share-icons share-row relative\" ><a href=\"whatsapp:\/\/send?text=Apie%20mus - https:\/\/apavivisiem.lv\/?page_id=50501&lang=lt\" data-action=\"share\/whatsapp\/share\" class=\"icon button circle is-outline tooltip whatsapp show-for-medium\" title=\"Share on WhatsApp\" aria-label=\"Share on WhatsApp\"><i class=\"icon-whatsapp\" aria-hidden=\"true\"><\/i><\/a><a href=\"https:\/\/www.facebook.com\/sharer.php?u=https:\/\/apavivisiem.lv\/?page_id=50501&lang=lt\" data-label=\"Facebook\" onclick=\"window.open(this.href,this.title,'width=500,height=500,top=300px,left=300px'); return false;\" target=\"_blank\" class=\"icon button circle is-outline tooltip facebook\" title=\"Share on Facebook\" aria-label=\"Share on Facebook\" rel=\"noopener nofollow\"><i class=\"icon-facebook\" aria-hidden=\"true\"><\/i><\/a><a href=\"https:\/\/twitter.com\/share?url=https:\/\/apavivisiem.lv\/?page_id=50501&lang=lt\" onclick=\"window.open(this.href,this.title,'width=500,height=500,top=300px,left=300px'); return false;\" target=\"_blank\" class=\"icon button circle is-outline tooltip twitter\" title=\"Share on Twitter\" aria-label=\"Share on Twitter\" rel=\"noopener nofollow\"><i class=\"icon-twitter\" aria-hidden=\"true\"><\/i><\/a><\/div>\n\n\n              <\/div>\n           <\/div>\n                            \n<style>\n#text-box-1670154142 {\n  width: 60%;\n}\n#text-box-1670154142 .text-box-content {\n  font-size: 100%;\n}\n@media (min-width:550px) {\n  #text-box-1670154142 {\n    width: 68%;\n  }\n}\n<\/style>\n    <\/div>\n \n\n        <\/div>\n      <\/div>\n\n            \n<style>\n#banner-612689722 {\n  padding-top: 300px;\n}\n#banner-612689722 .overlay {\n  background-color: rgba(0, 0, 0, 0.756);\n}\n#banner-612689722 .banner-bg img {\n  object-position: 5% 6%;\n}\n<\/style>\n  <\/div>\n\n\n<div class=\"row\"  id=\"row-1523523328\">\n\n\n\t<div id=\"col-1379484731\" class=\"col small-12 large-12\"  >\n\t\t\t\t<div class=\"col-inner\"  >\n\t\t\t\n\t\t\t\n\n<div class=\"col-inner\">\n<p class=\"lead text-center\"><strong>\u0160IEK TIEK APIE M\u016aS\u0172 ISTORIJ\u0104 IR RAID\u0104.<\/strong><\/p>\n<p>\u012emon\u0117s gimimo data yra 1994 m. baland\u017eio 19 d. Prad\u017eioje \u012fsteigta individuali \u012fmon\u0117 i\u0161augo iki UAB su nema\u017ea patirtimi. \u0160iuo metu rinkoje u\u017eimame stabili\u0105 viet\u0105, augame ir tobul\u0117jame siekdami patenkinti klient\u0173 norus. Did\u0117jant paklausai, stengiam\u0117s \u017eengti koja kojon su laiku ir pl\u0117stis.<\/p>\n<p>M\u016bs\u0173 darbuotoj\u0173 skai\u010dius jau vir\u0161ijo \u0161imt\u0105. Did\u017eiuojam\u0117s, kad mus galima vadinti viena did\u017eiausi\u0173 \u012fmoni\u0173 savo mieste.<\/p>\n<p><span style=\"font-size: 14.4px;\">Steb\u0117dami tendencijas ir atsi\u017evelgdami \u012f esam\u0105 situacij\u0105, \u017eeng\u0117me logi\u0161k\u0105 \u017eingsn\u012f \u012f priek\u012f \u2013 atidar\u0117me internetin\u0119 avalyn\u0117s parduotuv\u0119. \u0160iuolaikiniame pasaulyje \u017emon\u0117s stengiasi racionaliau planuoti savo laik\u0105. Kokybi\u0161k\u0173 bat\u0173 pirkimas internetu tapo kasdiene paslauga, kuria naudojasi t\u016bkstan\u010diai vartotoj\u0173. M\u016bs\u0173 internetin\u0117je parduotuv\u0117je galite i\u0161sirinkti ir \u012fsigyti toki\u0173 pasaulyje \u017einom\u0173 prek\u0117s \u017eenkl\u0173 kaip <\/span><a style=\"font-size: 14.4px;\" href=\"\/veikals\/?filter_zimolu-apavi=tommy-hilfiger-apavi\" target=\"_blank\" rel=\"noopener\">Tommy Hilfiger,<\/a> <a style=\"font-size: 14.4px;\" href=\"\/veikals\/?filter_zimolu-apavi=emporio-armani-apavi\">Emporio Armani<\/a><span style=\"font-size: 14.4px;\">, <\/span><a style=\"font-size: 14.4px;\" href=\"\/veikals\/?filter_zimolu-apavi=adidas-apavi\">Adidas<\/a><span style=\"font-size: 14.4px;\">, <\/span><a style=\"font-size: 14.4px;\" href=\"\/veikals\/?filter_zimolu-apavi=calvin-klein-apavi\">Calvin Klein<\/a><span style=\"font-size: 14.4px;\">, <\/span><a style=\"font-size: 14.4px;\" href=\"\/veikals\/?filter_zimolu-apavi=dkny-apavi\">DKNY<\/a><span style=\"font-size: 14.4px;\">, <\/span><a style=\"font-size: 14.4px;\" href=\"\/veikals\/?filter_zimolu-apavi=vans-apavi\">VANS<\/a><span style=\"font-size: 14.4px;\">, <\/span><a style=\"font-size: 14.4px;\" href=\"\/veikals\/?filter_zimolu-apavi=nike-apavi\">Nike<\/a><span style=\"font-size: 14.4px;\">, <\/span><a style=\"font-size: 14.4px;\" href=\"\/veikals\/?filter_zimolu-apavi=ugg-apavi\">UGG<\/a><span style=\"font-size: 14.4px;\">, <\/span><a style=\"font-size: 14.4px;\" href=\"\/veikals\/?filter_zimolu-apavi=timberland-apavi\">Timberland<\/a>&nbsp;kit\u0173 \u017eenkl\u0173 avalyn\u0119. M\u016bs\u0173 patirtis avalyn\u0117s prekybos srityje ir bendradarbiavimas su patikimais partneriais leid\u017eia si\u016blyti kokybi\u0161kus batus patraukliausiomis kainomis.<\/p>\n<p>M\u016bs\u0173 parduotuv\u0117s avalyn\u0117s pasi\u016bla did\u0117ja kasdien. Nuo pat parduotuv\u0117s atidarymo m\u016bs\u0173 asortimente yra ne tik batai suaugusiems, bet ir vaikams bei paaugliams. \u0160lepet\u0117s, sandalai, kedai, batai ir kita avalyn\u0117 \u012fvairaus am\u017eiaus mergait\u0117ms ir berniukams.<\/p>\n<p>J\u016bs galite pateikti u\u017esakym\u0105 i\u0161 nam\u0173 ar biuro negai\u0161dami laiko apsilankymui parduotuv\u0117se ir prekybos centruose. Tai yra patogu ir modernu!<\/p>\n<p><span style=\"font-size: 14.4px;\">D\u017eiaugiam\u0117s, kad nepaisant neilgo internetin\u0117s parduotuv\u0117s veikimo laiko, daug m\u016bs\u0173 nuolatini\u0173 klient\u0173 nuolat apsiperka&nbsp;<a href=\"https:\/\/apavivisiem.lv\/veikals\/\">apavivisiem.lv<\/a>!<\/span><\/p>\n<\/div>\n\t<div id=\"gap-1865009128\" class=\"gap-element clearfix\" style=\"display:block; height:auto;\">\n\t\t\n<style>\n#gap-1865009128 {\n  padding-top: 30px;\n}\n<\/style>\n\t<\/div>\n\t\n\n\n\t\t<\/div>\n\t\t\t\t\n<style>\n#col-1379484731 > .col-inner {\n  margin: 43px 0px 0px 0px;\n}\n<\/style>\n\t<\/div>\n\n\t\n\n<\/div>\n","protected":false},"excerpt":{"rendered":"","protected":false},"author":1,"featured_media":0,"parent":0,"menu_order":0,"comment_status":"closed","ping_status":"closed","template":"page-blank.php","meta":{"footnotes":""},"class_list":["post-50501","page","type-page","status-publish","hentry"],"yoast_head":"<!-- This site is optimized with the Yoast SEO plugin v26.6 - https:\/\/yoast.com\/wordpress\/plugins\/seo\/ -->\n<title>Apavu Outlet - Paz\u012bstamo z\u012bmolu apavi ar atlaidi l\u012bdz 80%<\/title>\n<meta name=\"description\" content=\"Popul\u0101ro z\u012bmolu apavi internet\u0101. Iep\u0113rcies neizejot no m\u0101j\u0101m. Pieg\u0101d\u0101sim vis\u0101 Latvij\u0101. Sievie\u0161u un v\u012brie\u0161u apavi par pievilc\u012bg\u0101m cen\u0101m.\" \/>\n<meta name=\"robots\" content=\"index, follow, max-snippet:-1, max-image-preview:large, max-video-preview:-1\" \/>\n<link rel=\"canonical\" href=\"https:\/\/apavivisiem.lv\/?page_id=50501&lang=lt\" \/>\n<meta property=\"og:locale\" content=\"lv_LV\" \/>\n<meta property=\"og:type\" content=\"article\" \/>\n<meta property=\"og:title\" content=\"Apavu Outlet - Paz\u012bstamo z\u012bmolu apavi ar atlaidi l\u012bdz 80%\" \/>\n<meta property=\"og:description\" content=\"Popul\u0101ro z\u012bmolu apavi internet\u0101. Iep\u0113rcies neizejot no m\u0101j\u0101m. Pieg\u0101d\u0101sim vis\u0101 Latvij\u0101. Sievie\u0161u un v\u012brie\u0161u apavi par pievilc\u012bg\u0101m cen\u0101m.\" \/>\n<meta property=\"og:url\" content=\"https:\/\/apavivisiem.lv\/?page_id=50501&amp;lang=lt\" \/>\n<meta property=\"og:site_name\" content=\"Apavu Outlet\" \/>\n<meta property=\"article:publisher\" content=\"https:\/\/www.facebook.com\/apavivisiem\" \/>\n<meta property=\"article:modified_time\" content=\"2022-02-21T09:21:45+00:00\" \/>\n<meta name=\"twitter:card\" content=\"summary_large_image\" \/>\n<meta name=\"twitter:label1\" content=\"Est. reading time\" \/>\n\t<meta name=\"twitter:data1\" content=\"2 min\u016btes\" \/>\n<script type=\"application\/ld+json\" class=\"yoast-schema-graph\">{\"@context\":\"https:\/\/schema.org\",\"@graph\":[{\"@type\":\"WebPage\",\"@id\":\"https:\/\/apavivisiem.lv\/?page_id=50501&lang=lt\",\"url\":\"https:\/\/apavivisiem.lv\/?page_id=50501&lang=lt\",\"name\":\"Apavu Outlet - Paz\u012bstamo z\u012bmolu apavi ar atlaidi l\u012bdz 80%\",\"isPartOf\":{\"@id\":\"https:\/\/apavivisiem.lv\/#website\"},\"datePublished\":\"2022-02-21T09:21:05+00:00\",\"dateModified\":\"2022-02-21T09:21:45+00:00\",\"description\":\"Popul\u0101ro z\u012bmolu apavi internet\u0101. Iep\u0113rcies neizejot no m\u0101j\u0101m. Pieg\u0101d\u0101sim vis\u0101 Latvij\u0101. Sievie\u0161u un v\u012brie\u0161u apavi par pievilc\u012bg\u0101m cen\u0101m.\",\"breadcrumb\":{\"@id\":\"https:\/\/apavivisiem.lv\/?page_id=50501&lang=lt#breadcrumb\"},\"inLanguage\":\"lv-LV\",\"potentialAction\":[{\"@type\":\"ReadAction\",\"target\":[\"https:\/\/apavivisiem.lv\/?page_id=50501&lang=lt\"]}]},{\"@type\":\"BreadcrumbList\",\"@id\":\"https:\/\/apavivisiem.lv\/?page_id=50501&lang=lt#breadcrumb\",\"itemListElement\":[{\"@type\":\"ListItem\",\"position\":1,\"name\":\"Galven\u0101\",\"item\":\"https:\/\/apavivisiem.lv\/en\/\"},{\"@type\":\"ListItem\",\"position\":2,\"name\":\"Apie mus\"}]},{\"@type\":\"WebSite\",\"@id\":\"https:\/\/apavivisiem.lv\/#website\",\"url\":\"https:\/\/apavivisiem.lv\/\",\"name\":\"Apavu Outlet\",\"description\":\"Popul\u0101ro paz\u012bstamo z\u012bmolu apavi\",\"publisher\":{\"@id\":\"https:\/\/apavivisiem.lv\/#organization\"},\"potentialAction\":[{\"@type\":\"SearchAction\",\"target\":{\"@type\":\"EntryPoint\",\"urlTemplate\":\"https:\/\/apavivisiem.lv\/?s={search_term_string}\"},\"query-input\":{\"@type\":\"PropertyValueSpecification\",\"valueRequired\":true,\"valueName\":\"search_term_string\"}}],\"inLanguage\":\"lv-LV\"},{\"@type\":\"Organization\",\"@id\":\"https:\/\/apavivisiem.lv\/#organization\",\"name\":\"Krist\u012bne RR SIA\",\"url\":\"https:\/\/apavivisiem.lv\/\",\"logo\":{\"@type\":\"ImageObject\",\"inLanguage\":\"lv-LV\",\"@id\":\"https:\/\/apavivisiem.lv\/#\/schema\/logo\/image\/\",\"url\":\"https:\/\/apavivisiem.lv\/wp-content\/uploads\/2021\/03\/logo-main.png\",\"contentUrl\":\"https:\/\/apavivisiem.lv\/wp-content\/uploads\/2021\/03\/logo-main.png\",\"width\":300,\"height\":50,\"caption\":\"Krist\u012bne RR SIA\"},\"image\":{\"@id\":\"https:\/\/apavivisiem.lv\/#\/schema\/logo\/image\/\"},\"sameAs\":[\"https:\/\/www.facebook.com\/apavivisiem\",\"https:\/\/www.instagram.com\/apavivisiem\/\"]}]}<\/script>\n<!-- \/ Yoast SEO plugin. -->","yoast_head_json":{"title":"Apavu Outlet - Paz\u012bstamo z\u012bmolu apavi ar atlaidi l\u012bdz 80%","description":"Popul\u0101ro z\u012bmolu apavi internet\u0101. Iep\u0113rcies neizejot no m\u0101j\u0101m. Pieg\u0101d\u0101sim vis\u0101 Latvij\u0101. Sievie\u0161u un v\u012brie\u0161u apavi par pievilc\u012bg\u0101m cen\u0101m.","robots":{"index":"index","follow":"follow","max-snippet":"max-snippet:-1","max-image-preview":"max-image-preview:large","max-video-preview":"max-video-preview:-1"},"canonical":"https:\/\/apavivisiem.lv\/?page_id=50501&lang=lt","og_locale":"lv_LV","og_type":"article","og_title":"Apavu Outlet - Paz\u012bstamo z\u012bmolu apavi ar atlaidi l\u012bdz 80%","og_description":"Popul\u0101ro z\u012bmolu apavi internet\u0101. Iep\u0113rcies neizejot no m\u0101j\u0101m. Pieg\u0101d\u0101sim vis\u0101 Latvij\u0101. Sievie\u0161u un v\u012brie\u0161u apavi par pievilc\u012bg\u0101m cen\u0101m.","og_url":"https:\/\/apavivisiem.lv\/?page_id=50501&lang=lt","og_site_name":"Apavu Outlet","article_publisher":"https:\/\/www.facebook.com\/apavivisiem","article_modified_time":"2022-02-21T09:21:45+00:00","twitter_card":"summary_large_image","twitter_misc":{"Est. reading time":"2 min\u016btes"},"schema":{"@context":"https:\/\/schema.org","@graph":[{"@type":"WebPage","@id":"https:\/\/apavivisiem.lv\/?page_id=50501&lang=lt","url":"https:\/\/apavivisiem.lv\/?page_id=50501&lang=lt","name":"Apavu Outlet - Paz\u012bstamo z\u012bmolu apavi ar atlaidi l\u012bdz 80%","isPartOf":{"@id":"https:\/\/apavivisiem.lv\/#website"},"datePublished":"2022-02-21T09:21:05+00:00","dateModified":"2022-02-21T09:21:45+00:00","description":"Popul\u0101ro z\u012bmolu apavi internet\u0101. Iep\u0113rcies neizejot no m\u0101j\u0101m. Pieg\u0101d\u0101sim vis\u0101 Latvij\u0101. Sievie\u0161u un v\u012brie\u0161u apavi par pievilc\u012bg\u0101m cen\u0101m.","breadcrumb":{"@id":"https:\/\/apavivisiem.lv\/?page_id=50501&lang=lt#breadcrumb"},"inLanguage":"lv-LV","potentialAction":[{"@type":"ReadAction","target":["https:\/\/apavivisiem.lv\/?page_id=50501&lang=lt"]}]},{"@type":"BreadcrumbList","@id":"https:\/\/apavivisiem.lv\/?page_id=50501&lang=lt#breadcrumb","itemListElement":[{"@type":"ListItem","position":1,"name":"Galven\u0101","item":"https:\/\/apavivisiem.lv\/en\/"},{"@type":"ListItem","position":2,"name":"Apie mus"}]},{"@type":"WebSite","@id":"https:\/\/apavivisiem.lv\/#website","url":"https:\/\/apavivisiem.lv\/","name":"Apavu Outlet","description":"Popul\u0101ro paz\u012bstamo z\u012bmolu apavi","publisher":{"@id":"https:\/\/apavivisiem.lv\/#organization"},"potentialAction":[{"@type":"SearchAction","target":{"@type":"EntryPoint","urlTemplate":"https:\/\/apavivisiem.lv\/?s={search_term_string}"},"query-input":{"@type":"PropertyValueSpecification","valueRequired":true,"valueName":"search_term_string"}}],"inLanguage":"lv-LV"},{"@type":"Organization","@id":"https:\/\/apavivisiem.lv\/#organization","name":"Krist\u012bne RR SIA","url":"https:\/\/apavivisiem.lv\/","logo":{"@type":"ImageObject","inLanguage":"lv-LV","@id":"https:\/\/apavivisiem.lv\/#\/schema\/logo\/image\/","url":"https:\/\/apavivisiem.lv\/wp-content\/uploads\/2021\/03\/logo-main.png","contentUrl":"https:\/\/apavivisiem.lv\/wp-content\/uploads\/2021\/03\/logo-main.png","width":300,"height":50,"caption":"Krist\u012bne RR SIA"},"image":{"@id":"https:\/\/apavivisiem.lv\/#\/schema\/logo\/image\/"},"sameAs":["https:\/\/www.facebook.com\/apavivisiem","https:\/\/www.instagram.com\/apavivisiem\/"]}]}},"lang":"lt","translations":{"en":42842,"lv":1245,"lt":50501,"et":50590},"pll_sync_post":[],"_links":{"self":[{"href":"https:\/\/apavivisiem.lv\/index.php?rest_route=\/wp\/v2\/pages\/50501","targetHints":{"allow":["GET"]}}],"collection":[{"href":"https:\/\/apavivisiem.lv\/index.php?rest_route=\/wp\/v2\/pages"}],"about":[{"href":"https:\/\/apavivisiem.lv\/index.php?rest_route=\/wp\/v2\/types\/page"}],"author":[{"embeddable":true,"href":"https:\/\/apavivisiem.lv\/index.php?rest_route=\/wp\/v2\/users\/1"}],"replies":[{"embeddable":true,"href":"https:\/\/apavivisiem.lv\/index.php?rest_route=%2Fwp%2Fv2%2Fcomments&post=50501"}],"version-history":[{"count":0,"href":"https:\/\/apavivisiem.lv\/index.php?rest_route=\/wp\/v2\/pages\/50501\/revisions"}],"wp:attachment":[{"href":"https:\/\/apavivisiem.lv\/index.php?rest_route=%2Fwp%2Fv2%2Fmedia&parent=50501"}],"curies":[{"name":"wp","href":"https:\/\/api.w.org\/{rel}","templated":true}]}}