{"id":50515,"date":"2021-03-12T16:02:18","date_gmt":"2021-03-12T14:02:18","guid":{"rendered":"https:\/\/apavivisiem.lv\/?page_id=50515"},"modified":"2022-02-21T11:42:34","modified_gmt":"2022-02-21T09:42:34","slug":"pristatymas","status":"publish","type":"page","link":"https:\/\/apavivisiem.lv\/?page_id=50515&lang=lt","title":{"rendered":"PRISTATYMAS"},"content":{"rendered":"\n<h2 class=\"uppercase\">PRISTATYMAS<\/h2>\n\n\t<div id=\"gap-1361465149\" class=\"gap-element clearfix\" style=\"display:block; height:auto;\">\n\t\t\n<style>\n#gap-1361465149 {\n  padding-top: 30px;\n}\n<\/style>\n\t<\/div>\n\t\n\n<p>Atlikus u\u017esakym\u0105 m\u016bs\u0173 svetain\u0117je, jis gali b\u016bti paskirstytas per kelias siuntas. Informacija apie numatyt\u0105 siunt\u0173 skai\u010di\u0173 pateikiama s\u0105skaitos vir\u0161uje de\u0161in\u0117je pus\u0117je. Jei siuntos yra paskirstytos ir jos turi b\u016bti gautos \u012f Omniva siunt\u0173 terminal\u0105, apmok\u0117jimas u\u017e kiekvien\u0105 prek\u0119 atliekamas atskirai atsiimant jas i\u0161 Omniva siunt\u0173 terminalo. Jei siuntos gaunamos per kurjer\u012f, mok\u0117jimas u\u017e kiekvien\u0105 siunt\u0105 atliekamas kurjeriui kortele. Jei pristatyta tik viena siunta, kitos dalys bus pristatytos v\u0117liau. Tokia siunt\u0173 paskirstymo sistema yra susijusi su m\u016bs\u0173 logistika.<\/p>\n<p><strong>Pasirinkus prek\u0117s pristatym\u0105 per kurjer\u012f, s\u0105skaitos apmok\u0117jimas galimas tik gavus prek\u0119 kortele\u00a0Omniva\u00a0kurjeriui. Galima pasirinkti atid\u0117t\u0105 apmok\u0117jim\u0105, jei susitariate d\u0117l preki\u0173 pristatymo \u012f Omniva siunt\u0173 terminal\u0105, kur gav\u0119 prekes turite atsiskaityti banko kortele.<\/strong><\/p>\n<p><strong>Jei pasirenkate gauti prekes parduotuv\u0117je<\/strong><\/p>\n<p>Jei pirkinio suma vir\u0161ija 50,00 eur\u0173, pristatymas yra nemokamas.<\/p>\n<p>Siuntos siun\u010diamos nuo pirmadienio iki penktadienio nuo 15:00 iki 19:00 val.<\/p>\n<p>Prek\u0117 pristatoma pagal u\u017esakymo metu pasirinkt\u0105 pristatymo b\u016bd\u0105:<\/p>\n<ul>\n<li>Omniva \u2013 per 3-5 darbo dienas (pristatymas vykdomas ir \u0161e\u0161tadieniais)<\/li>\n<\/ul>\n<p>Prek\u0117 pristatoma Klientui u\u017esakymo sudarymo metu nurodytu adresu.<\/p>\n<p>Galima pasirinkti 2 preki\u0173 pristatymo variantus:<\/p>\n<ul>\n<li>\n<p>Pa\u0161tu arba \u012f Omniva siunt\u0173 terminal\u0105 \u2013 3,50 eur\u0173;<\/p>\n<\/li>\n<\/ul>\n<ul>\n<li>Gavus prek\u0119 \u012f Omniva siunt\u0173 terminal\u0105, jo ekrane reikia \u012fvesti trump\u0105ja \u017einute gaut\u0105 kod\u0105. Tai atlikus, atsidarys spintel\u0117s durys ir j\u016bs gal\u0117site pasiimti siunt\u0105. Siuntos siunt\u0173 terminale saugomos 7 dienas nuo trumposios \u017einut\u0117s gavimo momento. Jei gav\u0117jas neatsiima siuntos per 7 dienas, ji gr\u0105\u017einama pardav\u0117jui. Gr\u0105\u017eint\u0105 siunt\u0105 galima gauti dar kart\u0105 sumok\u0117jus pa\u0161to i\u0161laidas.<\/li>\n<\/ul>\n<ul>\n<li>\n<p>Jei pasirinkote gauti prek\u0119 per\u00a0Omniva kurjer\u012f, pristatymo dien\u0105 gausite trump\u0105j\u0105 \u017einut\u0119 u\u017esakyme nurodytu telefono numeriu. Jei siunta neperduodama gav\u0117jui per 3 dienas, ji gr\u0105\u017einama pardav\u0117jui. Gr\u0105\u017eint\u0105 siunt\u0105 galima gauti dar kart\u0105 sumok\u0117jus pa\u0161to i\u0161laidas.<\/p>\n<\/li>\n<li><strong>D\u0117mesio!<\/strong>\u00a0D\u0117l su \u201eCovid-19\u201c plitimo apribojimais susijusios ekstremalios situacijos Omniva kurjeriui galima mok\u0117ti tik kortele!<\/li>\n<li>Jei u\u017esakym\u0105 pareng\u0119s asmuo nurodo gav\u0117ju tre\u010di\u0105j\u012f asmen\u012f (pavyzd\u017eiui, dovanos gav\u0117j\u0105), \u0161is tre\u010diasis asmuo perima gav\u0117jo teises ir atsakomyb\u0119 u\u017e prek\u0117s sugadinim\u0105 ir\/ar praradim\u0105 po jos gavimo i\u0161 kurjerio. Elektronin\u0117 parduotuv\u0117 negali at\u0161aukti u\u017esakymo po to, kai Klientas j\u012f gauna (tai rei\u0161kia, kad gr\u0105\u017einus prek\u0119 per 14 dien\u0173 nuo gavimo, pa\u0161to i\u0161laidos nebus kompensuojamos).<\/li>\n<\/ul>\n<p><strong>PA\u017dEIDIMAS IR\/AR NEATITIKIMAS<\/strong><\/p>\n<ul>\n<li>Mes atid\u017eiai per\u017ei\u016brime kiekvien\u0105 i\u0161 m\u016bs\u0173 sand\u0117lio i\u0161siun\u010diam\u0105 siunt\u0105.\u00a0\u00a0<\/li>\n<li>Jei gavote pa\u017eeist\u0105 siunt\u0105, pra\u0161ome:\n<ul>\n<li>Skambinti mums telefonu + 371 29433728 (darbo dienomis nuo 8:30 iki 16:30 val.)<\/li>\n<li>arba kreiptis el. pa\u0161tu:\u00a0<strong>e-veikals@kristinerr.lv<\/strong><\/li>\n<\/ul>\n<\/li>\n<li>Nedideli siuntos pakuot\u0117s pa\u017eeidimai yra galimi ir \u012fprasti, ta\u010diau, jei pa\u017eeidimai yra dideli, atlikite \u0161iuos veiksmus:<br \/>\n<ul>\n<li><strong>Jei siuntos pakuot\u0117 yra stipriai pa\u017eeista<\/strong>, atidarykite pakuot\u0119 ir patikrinkite siuntos b\u016bkl\u0119 dalyvaujant kurjeriui. Jei prek\u0117 tvarkinga, priimkite ir pasira\u0161ykite u\u017esakym\u0105, ta\u010diau s\u0105skaitoje ar kitame siuntos gavim\u0105 patvirtinan\u010diame dokumente \u012fra\u0161ykite pastab\u0105 apie pa\u017eeidim\u0105.<\/li>\n<li><strong>Jei atidarius pakuot\u0119, buvo nustatyta, kad prek\u0117 yra pa\u017eeista,\u00a0<\/strong>j\u016bs turite teis\u0119 atsisakyti prek\u0117s. \u0160iuo atveju sura\u0161ykite laisvos formos akt\u0105 d\u0117l nustatyt\u0173 prek\u0117s pa\u017eeidim\u0173 dalyvaujant kurjeriui ir\u00a0<strong>nedelsdami susisiekite su mumis!<\/strong>\u00a0\u00a0<\/li>\n<li>Susisiek\u0119 su m\u016bs\u0173 Klient\u0173 aptarnavimo skyriumi,\u00a0nurodykite j\u016bs\u0173 u\u017esakymo numer\u012f, vard\u0105, pavard\u0119 ir siuntos numer\u012f (visa informacija siun\u010diama j\u016bs\u0173 el. pa\u0161tu ir yra nurodyta ant siuntos pakuot\u0117s).<\/li>\n<\/ul>\n<\/li>\n<li>Kai tik gausime prek\u0119, stengsim\u0117s kuo grei\u010diau gr\u0105\u017einti jums pirkinio sum\u0105. \u012eprastai pinigai u\u017e gr\u0105\u017eint\u0105 prek\u0119 \u012fskaitomi kliento banko s\u0105skaitoje per 14 dien\u0173 nuo prek\u0117s gr\u0105\u017einimo patvirtinimo, atsi\u017evelgiant \u012f kliento bank\u0105, bet ne v\u0117liau nei per 30 dien\u0173 nuo prek\u0117s gavimo SIA \u201eKrist\u012bne RR\u201d sand\u0117lyje momento.<\/li>\n<\/ul>\n<p><strong>KAIP SEKTI J\u016aS\u0172 U\u017dSAKYM\u0104<\/strong><\/p>\n<ul>\n<li>J\u016bs visada galite steb\u0117ti savo u\u017esakymo b\u016bsen\u0105 skyriuje\u00a0<strong>Mano u\u017esakymai<\/strong>.<\/li>\n<\/ul>\n<p style=\"font-weight: 400;\">Kai tik j\u016bs\u0173 u\u017esakymas bus sukomplektuotas ir i\u0161si\u0173stas i\u0161 m\u016bs\u0173 sand\u0117lio, j\u016bs gausite elektronin\u012f lai\u0161k\u0105 su informacija apie siun\u010diam\u0105 u\u017esakym\u0105.<\/p>\n\n","protected":false},"excerpt":{"rendered":"","protected":false},"author":1,"featured_media":0,"parent":0,"menu_order":0,"comment_status":"closed","ping_status":"closed","template":"","meta":{"footnotes":""},"class_list":["post-50515","page","type-page","status-publish","hentry"],"yoast_head":"<!-- This site is optimized with the Yoast SEO plugin v26.6 - https:\/\/yoast.com\/wordpress\/plugins\/seo\/ -->\n<title>PRISTATYMAS - Apavivisiem.lv | Branded shoe outlet. Discounts up to 80%.<\/title>\n<meta name=\"description\" content=\"Ieg\u0101d\u0101jies apavus internet\u0101. Pla\u0161a izv\u0113le. Popul\u0101rie z\u012bmoli. Pieg\u0101d\u0101j\u0101m vis\u0101 Latvij\u0101. Pievilc\u012bgas cenas. Atlaides apaviem l\u012bdz 80%!Buy shoes online. Wide selection. Popular brands. We deliver all over Latvia. Affordable prices. Discounts on shoes up to 80%!\" \/>\n<meta name=\"robots\" content=\"index, follow, max-snippet:-1, max-image-preview:large, max-video-preview:-1\" \/>\n<link rel=\"canonical\" href=\"https:\/\/apavivisiem.lv\/?page_id=50515&lang=lt\" \/>\n<meta property=\"og:locale\" content=\"lv_LV\" \/>\n<meta property=\"og:type\" content=\"article\" \/>\n<meta property=\"og:title\" content=\"PRISTATYMAS - Apavivisiem.lv | Branded shoe outlet. Discounts up to 80%.\" \/>\n<meta property=\"og:description\" content=\"Ieg\u0101d\u0101jies apavus internet\u0101. Pla\u0161a izv\u0113le. Popul\u0101rie z\u012bmoli. Pieg\u0101d\u0101j\u0101m vis\u0101 Latvij\u0101. Pievilc\u012bgas cenas. Atlaides apaviem l\u012bdz 80%!Buy shoes online. Wide selection. Popular brands. We deliver all over Latvia. Affordable prices. Discounts on shoes up to 80%!\" \/>\n<meta property=\"og:url\" content=\"https:\/\/apavivisiem.lv\/?page_id=50515&amp;lang=lt\" \/>\n<meta property=\"og:site_name\" content=\"Apavu Outlet\" \/>\n<meta property=\"article:publisher\" content=\"https:\/\/www.facebook.com\/apavivisiem\" \/>\n<meta property=\"article:modified_time\" content=\"2022-02-21T09:42:34+00:00\" \/>\n<meta name=\"twitter:card\" content=\"summary_large_image\" \/>\n<meta name=\"twitter:label1\" content=\"Est. reading time\" \/>\n\t<meta name=\"twitter:data1\" content=\"5 min\u016btes\" \/>\n<script type=\"application\/ld+json\" class=\"yoast-schema-graph\">{\"@context\":\"https:\/\/schema.org\",\"@graph\":[{\"@type\":\"WebPage\",\"@id\":\"https:\/\/apavivisiem.lv\/?page_id=50515&lang=lt\",\"url\":\"https:\/\/apavivisiem.lv\/?page_id=50515&lang=lt\",\"name\":\"PRISTATYMAS - Apavivisiem.lv | Branded shoe outlet. Discounts up to 80%.\",\"isPartOf\":{\"@id\":\"https:\/\/apavivisiem.lv\/#website\"},\"datePublished\":\"2021-03-12T14:02:18+00:00\",\"dateModified\":\"2022-02-21T09:42:34+00:00\",\"description\":\"Ieg\u0101d\u0101jies apavus internet\u0101. Pla\u0161a izv\u0113le. Popul\u0101rie z\u012bmoli. Pieg\u0101d\u0101j\u0101m vis\u0101 Latvij\u0101. Pievilc\u012bgas cenas. Atlaides apaviem l\u012bdz 80%!Buy shoes online. Wide selection. Popular brands. We deliver all over Latvia. Affordable prices. Discounts on shoes up to 80%!\",\"breadcrumb\":{\"@id\":\"https:\/\/apavivisiem.lv\/?page_id=50515&lang=lt#breadcrumb\"},\"inLanguage\":\"lv-LV\",\"potentialAction\":[{\"@type\":\"ReadAction\",\"target\":[\"https:\/\/apavivisiem.lv\/?page_id=50515&lang=lt\"]}]},{\"@type\":\"BreadcrumbList\",\"@id\":\"https:\/\/apavivisiem.lv\/?page_id=50515&lang=lt#breadcrumb\",\"itemListElement\":[{\"@type\":\"ListItem\",\"position\":1,\"name\":\"Galven\u0101\",\"item\":\"https:\/\/apavivisiem.lv\/en\/\"},{\"@type\":\"ListItem\",\"position\":2,\"name\":\"PRISTATYMAS\"}]},{\"@type\":\"WebSite\",\"@id\":\"https:\/\/apavivisiem.lv\/#website\",\"url\":\"https:\/\/apavivisiem.lv\/\",\"name\":\"Apavu Outlet\",\"description\":\"Popul\u0101ro paz\u012bstamo z\u012bmolu apavi\",\"publisher\":{\"@id\":\"https:\/\/apavivisiem.lv\/#organization\"},\"potentialAction\":[{\"@type\":\"SearchAction\",\"target\":{\"@type\":\"EntryPoint\",\"urlTemplate\":\"https:\/\/apavivisiem.lv\/?s={search_term_string}\"},\"query-input\":{\"@type\":\"PropertyValueSpecification\",\"valueRequired\":true,\"valueName\":\"search_term_string\"}}],\"inLanguage\":\"lv-LV\"},{\"@type\":\"Organization\",\"@id\":\"https:\/\/apavivisiem.lv\/#organization\",\"name\":\"Krist\u012bne RR SIA\",\"url\":\"https:\/\/apavivisiem.lv\/\",\"logo\":{\"@type\":\"ImageObject\",\"inLanguage\":\"lv-LV\",\"@id\":\"https:\/\/apavivisiem.lv\/#\/schema\/logo\/image\/\",\"url\":\"https:\/\/apavivisiem.lv\/wp-content\/uploads\/2021\/03\/logo-main.png\",\"contentUrl\":\"https:\/\/apavivisiem.lv\/wp-content\/uploads\/2021\/03\/logo-main.png\",\"width\":300,\"height\":50,\"caption\":\"Krist\u012bne RR SIA\"},\"image\":{\"@id\":\"https:\/\/apavivisiem.lv\/#\/schema\/logo\/image\/\"},\"sameAs\":[\"https:\/\/www.facebook.com\/apavivisiem\",\"https:\/\/www.instagram.com\/apavivisiem\/\"]}]}<\/script>\n<!-- \/ Yoast SEO plugin. -->","yoast_head_json":{"title":"PRISTATYMAS - Apavivisiem.lv | Branded shoe outlet. Discounts up to 80%.","description":"Ieg\u0101d\u0101jies apavus internet\u0101. Pla\u0161a izv\u0113le. Popul\u0101rie z\u012bmoli. Pieg\u0101d\u0101j\u0101m vis\u0101 Latvij\u0101. Pievilc\u012bgas cenas. Atlaides apaviem l\u012bdz 80%!Buy shoes online. Wide selection. Popular brands. We deliver all over Latvia. Affordable prices. Discounts on shoes up to 80%!","robots":{"index":"index","follow":"follow","max-snippet":"max-snippet:-1","max-image-preview":"max-image-preview:large","max-video-preview":"max-video-preview:-1"},"canonical":"https:\/\/apavivisiem.lv\/?page_id=50515&lang=lt","og_locale":"lv_LV","og_type":"article","og_title":"PRISTATYMAS - Apavivisiem.lv | Branded shoe outlet. Discounts up to 80%.","og_description":"Ieg\u0101d\u0101jies apavus internet\u0101. Pla\u0161a izv\u0113le. Popul\u0101rie z\u012bmoli. Pieg\u0101d\u0101j\u0101m vis\u0101 Latvij\u0101. Pievilc\u012bgas cenas. Atlaides apaviem l\u012bdz 80%!Buy shoes online. Wide selection. Popular brands. We deliver all over Latvia. Affordable prices. Discounts on shoes up to 80%!","og_url":"https:\/\/apavivisiem.lv\/?page_id=50515&lang=lt","og_site_name":"Apavu Outlet","article_publisher":"https:\/\/www.facebook.com\/apavivisiem","article_modified_time":"2022-02-21T09:42:34+00:00","twitter_card":"summary_large_image","twitter_misc":{"Est. reading time":"5 min\u016btes"},"schema":{"@context":"https:\/\/schema.org","@graph":[{"@type":"WebPage","@id":"https:\/\/apavivisiem.lv\/?page_id=50515&lang=lt","url":"https:\/\/apavivisiem.lv\/?page_id=50515&lang=lt","name":"PRISTATYMAS - Apavivisiem.lv | Branded shoe outlet. Discounts up to 80%.","isPartOf":{"@id":"https:\/\/apavivisiem.lv\/#website"},"datePublished":"2021-03-12T14:02:18+00:00","dateModified":"2022-02-21T09:42:34+00:00","description":"Ieg\u0101d\u0101jies apavus internet\u0101. Pla\u0161a izv\u0113le. Popul\u0101rie z\u012bmoli. Pieg\u0101d\u0101j\u0101m vis\u0101 Latvij\u0101. Pievilc\u012bgas cenas. Atlaides apaviem l\u012bdz 80%!Buy shoes online. Wide selection. Popular brands. We deliver all over Latvia. Affordable prices. Discounts on shoes up to 80%!","breadcrumb":{"@id":"https:\/\/apavivisiem.lv\/?page_id=50515&lang=lt#breadcrumb"},"inLanguage":"lv-LV","potentialAction":[{"@type":"ReadAction","target":["https:\/\/apavivisiem.lv\/?page_id=50515&lang=lt"]}]},{"@type":"BreadcrumbList","@id":"https:\/\/apavivisiem.lv\/?page_id=50515&lang=lt#breadcrumb","itemListElement":[{"@type":"ListItem","position":1,"name":"Galven\u0101","item":"https:\/\/apavivisiem.lv\/en\/"},{"@type":"ListItem","position":2,"name":"PRISTATYMAS"}]},{"@type":"WebSite","@id":"https:\/\/apavivisiem.lv\/#website","url":"https:\/\/apavivisiem.lv\/","name":"Apavu Outlet","description":"Popul\u0101ro paz\u012bstamo z\u012bmolu apavi","publisher":{"@id":"https:\/\/apavivisiem.lv\/#organization"},"potentialAction":[{"@type":"SearchAction","target":{"@type":"EntryPoint","urlTemplate":"https:\/\/apavivisiem.lv\/?s={search_term_string}"},"query-input":{"@type":"PropertyValueSpecification","valueRequired":true,"valueName":"search_term_string"}}],"inLanguage":"lv-LV"},{"@type":"Organization","@id":"https:\/\/apavivisiem.lv\/#organization","name":"Krist\u012bne RR SIA","url":"https:\/\/apavivisiem.lv\/","logo":{"@type":"ImageObject","inLanguage":"lv-LV","@id":"https:\/\/apavivisiem.lv\/#\/schema\/logo\/image\/","url":"https:\/\/apavivisiem.lv\/wp-content\/uploads\/2021\/03\/logo-main.png","contentUrl":"https:\/\/apavivisiem.lv\/wp-content\/uploads\/2021\/03\/logo-main.png","width":300,"height":50,"caption":"Krist\u012bne RR SIA"},"image":{"@id":"https:\/\/apavivisiem.lv\/#\/schema\/logo\/image\/"},"sameAs":["https:\/\/www.facebook.com\/apavivisiem","https:\/\/www.instagram.com\/apavivisiem\/"]}]}},"lang":"lt","translations":{"en":42933,"lv":313,"lt":50515,"et":50596},"pll_sync_post":[],"_links":{"self":[{"href":"https:\/\/apavivisiem.lv\/index.php?rest_route=\/wp\/v2\/pages\/50515","targetHints":{"allow":["GET"]}}],"collection":[{"href":"https:\/\/apavivisiem.lv\/index.php?rest_route=\/wp\/v2\/pages"}],"about":[{"href":"https:\/\/apavivisiem.lv\/index.php?rest_route=\/wp\/v2\/types\/page"}],"author":[{"embeddable":true,"href":"https:\/\/apavivisiem.lv\/index.php?rest_route=\/wp\/v2\/users\/1"}],"replies":[{"embeddable":true,"href":"https:\/\/apavivisiem.lv\/index.php?rest_route=%2Fwp%2Fv2%2Fcomments&post=50515"}],"version-history":[{"count":0,"href":"https:\/\/apavivisiem.lv\/index.php?rest_route=\/wp\/v2\/pages\/50515\/revisions"}],"wp:attachment":[{"href":"https:\/\/apavivisiem.lv\/index.php?rest_route=%2Fwp%2Fv2%2Fmedia&parent=50515"}],"curies":[{"name":"wp","href":"https:\/\/api.w.org\/{rel}","templated":true}]}}