{"id":50525,"date":"2022-02-21T11:50:22","date_gmt":"2022-02-21T09:50:22","guid":{"rendered":"https:\/\/apavivisiem.lv\/?page_id=50525"},"modified":"2022-02-21T11:50:22","modified_gmt":"2022-02-21T09:50:22","slug":"privatumo-politika","status":"publish","type":"page","link":"https:\/\/apavivisiem.lv\/?page_id=50525&lang=lt","title":{"rendered":"Privatumo politika"},"content":{"rendered":"\n<p><strong>Privatumo politika<\/strong><\/p>\n<ol>\n<li>Bendrosios nuostatos<\/li>\n<\/ol>\n<p>1.1. \u0160i privatumo politika (toliau tekste \u2013 \u201ePolitika\u201c) nustato SIA \u201eKrist\u012bne RR\u201c, \u012fmon\u0117s registracijos Nr. 40002017815, juridinis adresas: Kri\u0161j\u0101\u0146a Valdem\u0101ra iela 1A k-1, Sigulda, Siguldos savivaldyb\u0117, Latvija\u00a0(toliau tekste \u2013 \u201eKrist\u012bne RR\u201c), asmens duomen\u0173 tvarkymo principus ir proced\u016bras bei m\u016bs\u0173 valdomos interneto svetain\u0117s https:\/\/apavivisiem.lv\/ (toliau tekste \u2013 \u201esvetain\u0117\u201c) naudojimo s\u0105lygas.<\/p>\n<p>1.2. Siekiame u\u017etikrinti, kad m\u016bs\u0173 paslaug\u0173 naudotojai, svetain\u0117s lankytojai ir kiti asmenys, kuri\u0173 asmens duomenys yra tvarkomi, visi\u0161kai pasitik\u0117t\u0173 mumis ir m\u016bs\u0173 teikiamomis paslaugomis bei b\u016bt\u0173 skaidriai informuojami apie tai, kaip mes tvarkome i\u0161 j\u0173 gautus asmens duomenis. \u0160ioje politikoje j\u016bs galite susipa\u017einti su informacija, kokius j\u016bs\u0173 asmens duomenis mes renkame ir naudojame (arba norime rinkti ir naudoti).<\/p>\n<p>1.3. Vykdydami savo veikl\u0105 mes vadovaujam\u0117s \u0161iais asmens duomen\u0173 tvarkymo principais:<\/p>\n<p>1.3.1. Asmens duomenys turi b\u016bti tvarkomi teis\u0117tai, s\u0105\u017einingai ir duomen\u0173 subjektui skaidriu b\u016bdu (teis\u0117tumo, s\u0105\u017einingumo ir skaidrumo principas);<\/p>\n<p>\u00a0<\/p>\n<p>1.3.2. Asmens duomenys renkami konkre\u010diais, ai\u0161kiais ir teis\u0117tais tikslais, jie negali b\u016bti tvarkomi su \u0161iais tikslais nesuderinamu b\u016bdu; tolesnis duomen\u0173 tvarkymas archyvavimo tikslais visuomen\u0117s labui, statistikos tikslais arba atliekant mokslinius ar istorinius tyrimus n\u0117ra laikomas nesuderinamu su pirminiais tikslais (tikslo apribojimo principas);<\/p>\n<p>1.3.3. Asmens duomenys turi b\u016bti adekvat\u016bs, aktual\u016bs ir b\u016btini tik siekiant j\u0173 tvarkymo tiksl\u0173 (duomen\u0173 kiekio ma\u017einimo principas);<\/p>\n<p>1.3.4. Asmens duomenys turi b\u016bti tiksl\u016bs ir, jei reikia, atnaujinami; privaloma imtis vis\u0173 pagr\u012fst\u0173 veiksm\u0173 siekiant u\u017etikrinti, kad netiksl\u016bs asmens duomenys b\u016bt\u0173 nedelsiant i\u0161trinti arba i\u0161taisyti, atsi\u017evelgiant \u012f j\u0173 tvarkymo tikslus; (tikslumo principas);<\/p>\n<p>1.3.5. Asmens duomenys turi b\u016bti saugomi duomen\u0173 subjektus identifikuoti leid\u017eian\u010diu b\u016bdu ne ilgiau nei tai yra b\u016btina asmens duomen\u0173 tvarkymo tikslams; asmens duomenys gali b\u016bti saugomi ilgiau, jei asmens duomenys tvarkomi archyvavimo tikslais visuomen\u0117s labui, mokslini\u0173 ar istorini\u0173 tyrim\u0173 ar statistikos tikslais, taikant atitinkamas technines ir organizacines priemones, kurios yra b\u016btinos duomen\u0173 subjekto teis\u0117ms ir laisv\u0117ms apsaugoti (saugojimo trukm\u0117s apribojimo principas);<\/p>\n<p>1.3.6. Asmens duomenys turi b\u016bti tvarkomi u\u017etikrinant tinkam\u0105 asmens duomen\u0173 saugum\u0105, \u012fskaitant apsaug\u0105 nuo neleistino ar neteis\u0117to duomen\u0173 tvarkymo ir nety\u010dinio praradimo, sunaikinimo ar sugadinimo, taikant atitinkamas technines ar organizacines priemones (vientisumo ir konfidencialumo principas);<\/p>\n<p>1.3.7. Mes esame atsakingi u\u017e auk\u0161\u010diau nurodyt\u0173 princip\u0173 laikym\u0105si ir turime \u012frodyti tok\u012f j\u0173 laikym\u0105si (atskaitomyb\u0117s principas).<\/p>\n<p>1.4. \u0160i politika yra parengta remiantis 2016 m. baland\u017eio 27 d. Europos Parlamento ir Tarybos Reglamentu (ES) Nr. 2016\/679 d\u0117l fizini\u0173 asmen\u0173 apsaugos tvarkant asmens duomenis ir d\u0117l laisvo toki\u0173 duomen\u0173 jud\u0117jimo ir kuriuo panaikinama Direktyva 95\/46\/EB (Bendrasis duomen\u0173 apsaugos reglamentas, toliau tekste \u2013 \u201eBDAR\u201c), kitais Europos S\u0105jungos ir Latvijos Respublikos teis\u0117s aktais. Politika turi b\u016bti ai\u0161kinama pagal BDAR ir asmens duomen\u0173 apsaug\u0105 reglamentuojan\u010dius Latvijos Respublikos teis\u0117s aktus.<\/p>\n<ol start=\"2\">\n<li>Asmens duomen\u0173 rinkimas, tvarkymas ir saugojimas<\/li>\n<\/ol>\n<p>2.1. Atid\u017eiai perskaitykite \u0161i\u0105 politik\u0105, nes ji tiesiogiai taikoma asmens duomen\u0173 rinkimui ir tvarkymui lankantis svetain\u0117je bei naudojantis m\u016bs\u0173 paslaugomis; politikoje numatytais atvejais ji taikoma j\u016bs\u0173 asmens duomen\u0173 perdavim\u0105 duomen\u0173 gav\u0117jams.<\/p>\n<p>2.2. Jei j\u016bs nesutinkate su \u0161i\u0105 politika ir joje apra\u0161ytu asmens duomen\u0173 tvarkymu, nesilankykite interneto svetain\u0117je ir\/ar nesinaudokite m\u016bs\u0173 paslaugomis.<\/p>\n<p>2.3. J\u016bs esate atsakingas, kad j\u016bs\u0173 pateikti duomenys b\u016bt\u0173 tiksl\u016bs, teisingi ir i\u0161sam\u016bs. \u017dinomai neteising\u0173 duomen\u0173 \u012fvedimas yra laikomas politikos pa\u017eeidimu. Prane\u0161kite mums apie pasikeitusius pateiktus duomenis. Mes jokiu b\u016bdu nesame atsakingi u\u017e bet kokius jums ir\/ar tre\u010diosioms \u0161alims sukeltus nuostolius d\u0117l to, kad j\u016bs pateik\u0117te neteisingus ir\/ar nei\u0161samius asmens duomenis, nepareikalavote j\u0173 papildyti ir\/ar pakeisti po j\u0173 pasikeitimo.<\/p>\n<p>2.4. Kiekvienoje duomen\u0173 tvarkymo veikloje yra nurodyti asmens duomen\u0173 gav\u0117jai, kuriems mes galime atskleisti j\u016bs\u0173 asmens duomenis.<\/p>\n<p>2.5. Atskirais atvejais mes galime atskleisti j\u016bs\u0173 duomenis kitiems \u010dia nenurodytiems asmens duomen\u0173 gav\u0117jams:<\/p>\n<p>2.5.1. Kad nepa\u017eeistume i\u0161orini\u0173 normini\u0173 akt\u0173 ar laikytum\u0117m\u0117s privalomo teismo proceso (pavyzd\u017eiui, gavus teismo \u012fsakym\u0105 pateikti duomenis);<\/p>\n<p>2.5.2. Kad \u012frodytume savo veiksm\u0173 teis\u0117tum\u0105;<\/p>\n<p>2.5.3. Kad apsaugotume savo teises, nuosavyb\u0119 arba u\u017etikrintume jos saugum\u0105;<\/p>\n<p>2.5.4. Kitais atvejais jums sutikus ar papra\u0161ius.<\/p>\n<p>\u00a0<\/p>\n<ol start=\"3\">\n<li>Elektronin\u0117 prekyba<\/li>\n<\/ol>\n<p>3.1. Mes tvarkome \u0161iuos asmens duomenis, kad j\u016bs gal\u0117tum\u0117te apsipirkti internetin\u0117je parduotuv\u0117je, o mes gal\u0117tume teikti \u0161i\u0105 paslaug\u0105:<\/p>\n<p>3.1.1. Vardas;<\/p>\n<p>3.1.2. Pavard\u0117;<\/p>\n<p>3.1.3. Lytis (kreipinys);<\/p>\n<p>3.1.4. Telefono numeris;<\/p>\n<p>3.1.5. El. pa\u0161to adresas;<\/p>\n<p>3.1.6. Gyvenamosios vietos adresas;<\/p>\n<p>3.1.7. Papildoma informacija, kuri yra b\u016btina pristatyti prekes j\u0173 gav\u0117jui (pavyzd\u017eiui, laiptin\u0117s dur\u0173 kodas)<\/p>\n<p>4.2. Duomen\u0173 tvarkymas elektronin\u0117s prekybos tikslais yra atliekamas remiantis BDAR 6 straipsnio 1 punkto (b) papunk\u010diu, siekiant \u012fvykdyti preki\u0173 pirkimo sutart\u012f.<\/p>\n<p>4.3. \u201eKrist\u012bne RR\u201c naudos j\u016bs\u0173 duomenis \u0161iais tikslais, kad gal\u0117t\u0173 i\u0161si\u0173sti u\u017esakyt\u0105 prek\u0119 ir i\u0161ra\u0161yti s\u0105skait\u0105.<\/p>\n<ol start=\"5\">\n<li>Asmens duomen\u0173 saugojimo tvarka ir s\u0105lygos<\/li>\n<\/ol>\n<p>5.1. Tvarkydami ir saugodami j\u016bs\u0173 asmens duomenis, mes naudojame organizacines ir technines priemones, taip u\u017etikrindami asmens duomen\u0173 apsaug\u0105 nuo atsitiktinio ar neteis\u0117to sunaikinimo, pakeitimo, atskleidimo ir bet kokio kito neteis\u0117to tvarkymo.<\/p>\n<p>5.2. Mes taikome skirtingas asmens duomen\u0173 saugojimo taisykles, atsi\u017evelgiant \u012f konkret\u0173 j\u016bs\u0173 asmens duomen\u0173 tvarkymo tiksl\u0105.<\/p>\n<p>5.3. Mes taikome \u0161ias asmens duomen\u0173 saugojimo taisykles:<\/p>\n<ul>\n<li>Asmens duomen\u0173 tvarkymo tikslas: elektronin\u0117 prekyba.<\/li>\n<li>Saugojimo terminas: \u201eKrist\u012bne RR\u201c registruot\u0173 vartotoj\u0173 duomenys saugomi 3 metus nuo paskutinio apsilankymo svetain\u0117je. Kiti pirk\u0117j\u0173 duomenys saugomi 3 metus nuo paskutinio prek\u0117s \u012fsigijimo.<\/li>\n<\/ul>\n<p>5.4. Auk\u0161\u010diau nurodyt\u0173 saugojimo termin\u0173 i\u0161imtys gali b\u016bti taikomos, jei jos neturi \u012ftakos J\u016bs\u0173 duomen\u0173 subjekto teis\u0117ms, atitinka norminius reikalavimus ir yra tinkamai \u012fformintos dokumentais.<\/p>\n<p>5.5. Jei kai kurie j\u016bs\u0173 asmens duomenys bus reikalingi teis\u0117t\u0173 reikalavim\u0173 parei\u0161kimui, vykdymui ar gynimui, mes juos saugosime tiek, kiek tai yra reikalinga toki\u0173 tiksl\u0173 pasiekimo u\u017etikrinimui teisminiu, administraciniu procesu ar neteismine tvarka.<\/p>\n<ol start=\"6\">\n<li>J\u016bs\u0173 teis\u0117s<\/li>\n<\/ol>\n<p>6.1. J\u016bs turite teis\u0119 bet kuriuo metu papra\u0161yti susipa\u017einti su m\u016bs\u0173 tvarkomais j\u016bs\u0173 asmens duomenimis, su\u017einoti, kaip jie yra tvarkomi, papra\u0161yti i\u0161taisyti neteisingus, nei\u0161samius ar netikslius asmens duomenis, papra\u0161yti sustabdyti duomen\u0173 tvarkym\u0105, i\u0161skyrus j\u0173 saugojim\u0105, jei duomenys yra tvarkomi nesilaikant teisini\u0173 reikalavim\u0173.<\/p>\n<p>6.2. Jei asmens duomen\u0173 tvarkymas yra vykdomas remiantis sutikimu, j\u016bs turite teis\u0119 bet kuriuo metu at\u0161aukti savo sutikim\u0105, nepa\u017eeid\u017eiant j\u016bs\u0173 i\u0161ankstiniu sutikimu pagr\u012fsto duomen\u0173 tvarkymo teis\u0117tumo.<\/p>\n<p>6.3. J\u016bs galite pasinaudoti savo teis\u0117mis pateik\u0119 ra\u0161ti\u0161k\u0105 pra\u0161ym\u0105 \u201eKrist\u012bne RR\u201c el. pa\u0161tu\u00a0info@kristinerr.lv, pa\u0161tu 1A k-1, Sigulda, Siguldos savivaldyb\u0117, Latvija, ar asmeni\u0161kai atvyk\u0119 nurodytu adresu.<\/p>\n<ol start=\"7\">\n<li>Kontaktin\u0117 informacija ir skund\u0173 teikimas<\/li>\n<\/ol>\n<p>7.1. Jei turite klausim\u0173 d\u0117l asmens duomen\u0173 apsaugos, kreipkit\u0117s el. pa\u0161tu info@kristinerr.lv.<\/p>\n<p>7.2. Jei nesate patenkinti m\u016bs\u0173 atsakymu arba galvojate, kad mes tvarkome j\u016bs\u0173 duomenis pa\u017eeisdami teis\u0117s akt\u0173 reikalavimus, j\u016bs turite teis\u0119 pateikti skund\u0105 Duomen\u0173 apsaugos inspekcijai, kuri yra asmens duomen\u0173 tvarkymo prie\u017ei\u016bros \u012fstaiga.<\/p>\n<ol start=\"8\">\n<li>Informacija apie naudojamus slapukus<\/li>\n<\/ol>\n<p>8.1. Jums lankantis svetain\u0117je, mes norime pateikti j\u016bs\u0173 konkre\u010dius poreikius atitinkant\u012f turin\u012f ir funkcijas. \u0160iuo tikslu mes naudojame slapukus. Slapukai yra j\u016bs\u0173 nar\u0161ykl\u0117je ar \u012frenginyje (kompiuteryje, mobiliajame telefone ar plan\u0161etiniame kompiuteryje) saugomos nedidel\u0117s tekstin\u0117s bylos.<\/p>\n<p>8.2. Naudodami slapukus mes stengiam\u0117s suteikti kuo malonesn\u0119 svetain\u0117je nar\u0161an\u010di\u0173 asmen\u0173 patirt\u012f ir patobulinti pa\u010di\u0105 svetain\u0119.<\/p>\n<p>8.3. M\u016bs\u0173 svetain\u0117je naudojami slapukai gali b\u016bti skirstomi \u012f tokias grupes:<\/p>\n<p>8.3.1. Svetain\u0117s veikimui b\u016btini slapukai yra skirti svetain\u0117s pagrindini\u0173 funkcij\u0173 vykdymui. \u0160ie slapukai leid\u017eia nar\u0161yti svetain\u0117je ir naudotis jos funkcijomis, pavyzd\u017eiui, suteikti prieig\u0105 prie tam tikr\u0173 saugi\u0173 svetain\u0117s sri\u010di\u0173.<\/p>\n<p>8.3.2. Veiklos (analitiniai) slapukai renka anonimin\u0119 informacij\u0105 apie lankytoj\u0173 naudojim\u0105si svetaine. Teikdami informacij\u0105 apie aplankytas svetaines, jose praleist\u0105 laik\u0105 ir visas patirtas problemas, pavyzd\u017eiui, klaid\u0173 prane\u0161imus, \u0161ie slapukai padeda mums suprasti lankytoj\u0173 elges\u012f svetain\u0117je. \u0160i informacija padeda mums pagerinti interneto svetain\u0117s veikim\u0105.<\/p>\n<p>8.3.3. Funkciniai slapukai pagerina j\u016bs\u0173 patirt\u012f lankantis svetain\u0117je. Pavyzd\u017eiui, \u0161ie slapukai gali atsiminti informacij\u0105 \u2013 j\u016bs\u0173 pa\u017eym\u0117tas prekes ir j\u016bs\u0173 vartotojo vard\u0105.<\/p>\n<p>8.4. Mes naudojame \u0161iuos slapukus:<\/p>\n<p>8.4.1. \u201eGoogle Analytics\u201c slapukai yra analitiniai slapukai statistikos apie svetain\u0117s lankomum\u0105, vartotojo sesijos trukm\u0119 ir unikali\u0173 lankytoj\u0173 identifikavim\u0105 rinkimui.<\/p>\n<p>8.4.2. \u201ePrestashop\u201c slapukai \u2013 funkciniai slapukai, skirti vartotojo sesijos pagalbai, kurie leid\u017eia u\u017esiregistruoti ir prisijungti prie svetain\u0117s, apsipirkti joje ir atlikti kit\u0105 susijusi\u0105 veikl\u0105.<\/p>\n<p>8.4.3. Slapukas \u201edan_favorite_products_id\u201c \u2013 funkcinis slapukas, skirtas pa\u017eym\u0117t\u0173 element\u0173 saugojimui.<\/p>\n<p>8.4.4. Slapukai \u201esoundest-views\u201c ir \u201esoundestID\u201c \u2013 analitiniai slapukai, skirti interneto svetaini\u0173 atidarym\u0173 skai\u010diaus nustatymui ir unikali\u0173 vartotoj\u0173 identifikavimui.<\/p>\n<p>8.4.5. Slapukas \u201eviewedOuibounceModal\u201c yra funkcinis slapukas, kuris nustato, ar klientas pamat\u0117 siun\u010diam\u0105 puslapio prane\u0161im\u0105 su si\u016blymu u\u017esiprenumeruoti naujienas.<\/p>\n<p>8.4.6. Slapukas \u201eaccept-cookies\u201c &#8211; funkcinis slapukas, kuris yra tiesiogiai susietas su kitais analitiniais slapukais.<\/p>\n<p>8.5. J\u016bs galite i\u0161trinti arba blokuoti slapukus pasirink\u0119 atitinkamus nustatymus savo nar\u0161ykl\u0117je, kurie leid\u017eia i\u0161trinti visus arba kai kuriuos slapukus. Kiekviena nar\u0161ykl\u0117 yra skirtinga, tod\u0117l, jei ne\u017einote, kaip keisti slapuk\u0173 nustatymus, \u0161i informacija pateikiama nar\u0161ykl\u0117s meniu \u201ePagalba\u201c. Suprantama, kad pakeitus nar\u0161ykl\u0117s nustatymus blokuojan\u010dius slapukus (\u012fskaitant b\u016btinus slapukus), gali kilti problem\u0173 naudojant visas ar dal\u012f svetain\u0117s funkcij\u0173.<\/p>\n<ol start=\"9\">\n<li>Tre\u010di\u0173j\u0173 \u0161ali\u0173 atliekamas asmens duomen\u0173 tvarkymas<\/li>\n<\/ol>\n<p>9.1. Tre\u010di\u0173j\u0173 \u0161ali\u0173 s\u0105lygos gali b\u016bti taikomos naudojantis tre\u010di\u0173j\u0173 \u0161ali\u0173 paslaugomis, pavyzd\u017eiui, lankantis m\u016bs\u0173 Facebook socialiniame tinkle. \u201eFacebook\u201c taiko savo duomen\u0173 politik\u0105 visiems naudotojams ir lankytojams. Tod\u0117l, naudojantis \u0161iomis tre\u010di\u0173j\u0173 \u0161ali\u0173 paslaugomis, rekomenduojama susipa\u017einti su j\u0173 s\u0105lygomis ir taisykl\u0117mis.<\/p>\n<ol start=\"10\">\n<li>Baigiamosios nuostatos<\/li>\n<\/ol>\n<p>10.1. Latvijos Respublikos teis\u0117s aktai reglamentuoja su \u0161ia politika susijusius teisinius santykius.<\/p>\n<p>10.2. Mes nesame atsakingi u\u017e bet kokius nuostolius, \u012fskaitant nuostolius d\u0117l svetain\u0117s veiklos nutraukimo, duomen\u0173 praradimo ar sugadinimo, kurie atsirado d\u0117l j\u016bs\u0173 ar bet kurios j\u016bs\u0173 leidimu veikian\u010dios tre\u010diosios \u0161alies veiksm\u0173 ar neveikimo, \u012fskaitant neteising\u0105 duomen\u0173 \u012fvedim\u0105, kitas klaidas, ty\u010din\u012f sugadinim\u0105 ar netinkam\u0105 naudojim\u0105si kitomis interneto svetain\u0117mis. Mes taip pat nesame atsakingi u\u017e bet kokius trikd\u017eius ir\/ar pa\u017eeidimus, kurie atsirado d\u0117l su mumis, jumis ar kitais duomen\u0173 subjektais nesusijusi\u0173 tre\u010di\u0173j\u0173 \u0161ali\u0173 svetain\u0117s prieigos ir\/ar naudojimo, \u012fskaitant elektros tiekimo, interneto prieigos ir kitus sutrikimus d\u0117l veiksm\u0173 ar neveikimo.<\/p>\n<p>10.3. \u0160i politika turi b\u016bti per\u017ei\u016brima ir, jei reikia, atnaujinama ne re\u010diau nei kas dvejus metus. Politikos keitimai ar papildymai \u012fsigalioja nuo j\u0173 paskelbimo svetain\u0117je dienos.<\/p>\n<p>10.4. Jei naudosit\u0117s svetaine ir m\u016bs\u0173 paslaugomis po Politikos atnaujinimo, mes u\u017etikrinsime, kad j\u016bs b\u016bsite informuoti ir neprie\u0161tarausite atliktiems keitimams.<\/p>\n\n","protected":false},"excerpt":{"rendered":"","protected":false},"author":1,"featured_media":0,"parent":0,"menu_order":0,"comment_status":"closed","ping_status":"closed","template":"","meta":{"footnotes":""},"class_list":["post-50525","page","type-page","status-publish","hentry"],"yoast_head":"<!-- This site is optimized with the Yoast SEO plugin v26.6 - https:\/\/yoast.com\/wordpress\/plugins\/seo\/ -->\n<title>Privatumo politika - Apavu Outlet<\/title>\n<meta name=\"robots\" content=\"index, follow, max-snippet:-1, max-image-preview:large, max-video-preview:-1\" \/>\n<link rel=\"canonical\" href=\"https:\/\/apavivisiem.lv\/?page_id=50525&lang=lt\" \/>\n<meta property=\"og:locale\" content=\"lv_LV\" \/>\n<meta property=\"og:type\" content=\"article\" \/>\n<meta property=\"og:title\" content=\"Privatumo politika - Apavu Outlet\" \/>\n<meta property=\"og:url\" content=\"https:\/\/apavivisiem.lv\/?page_id=50525&amp;lang=lt\" \/>\n<meta property=\"og:site_name\" content=\"Apavu Outlet\" \/>\n<meta property=\"article:publisher\" content=\"https:\/\/www.facebook.com\/apavivisiem\" \/>\n<meta name=\"twitter:card\" content=\"summary_large_image\" \/>\n<meta name=\"twitter:label1\" content=\"Est. reading time\" \/>\n\t<meta name=\"twitter:data1\" content=\"11 min\u016b\u0161u\" \/>\n<script type=\"application\/ld+json\" class=\"yoast-schema-graph\">{\"@context\":\"https:\/\/schema.org\",\"@graph\":[{\"@type\":\"WebPage\",\"@id\":\"https:\/\/apavivisiem.lv\/?page_id=50525&lang=lt\",\"url\":\"https:\/\/apavivisiem.lv\/?page_id=50525&lang=lt\",\"name\":\"Privatumo politika - Apavu Outlet\",\"isPartOf\":{\"@id\":\"https:\/\/apavivisiem.lv\/#website\"},\"datePublished\":\"2022-02-21T09:50:22+00:00\",\"breadcrumb\":{\"@id\":\"https:\/\/apavivisiem.lv\/?page_id=50525&lang=lt#breadcrumb\"},\"inLanguage\":\"lv-LV\",\"potentialAction\":[{\"@type\":\"ReadAction\",\"target\":[\"https:\/\/apavivisiem.lv\/?page_id=50525&lang=lt\"]}]},{\"@type\":\"BreadcrumbList\",\"@id\":\"https:\/\/apavivisiem.lv\/?page_id=50525&lang=lt#breadcrumb\",\"itemListElement\":[{\"@type\":\"ListItem\",\"position\":1,\"name\":\"Galven\u0101\",\"item\":\"https:\/\/apavivisiem.lv\/en\/\"},{\"@type\":\"ListItem\",\"position\":2,\"name\":\"Privatumo politika\"}]},{\"@type\":\"WebSite\",\"@id\":\"https:\/\/apavivisiem.lv\/#website\",\"url\":\"https:\/\/apavivisiem.lv\/\",\"name\":\"Apavu Outlet\",\"description\":\"Popul\u0101ro paz\u012bstamo z\u012bmolu apavi\",\"publisher\":{\"@id\":\"https:\/\/apavivisiem.lv\/#organization\"},\"potentialAction\":[{\"@type\":\"SearchAction\",\"target\":{\"@type\":\"EntryPoint\",\"urlTemplate\":\"https:\/\/apavivisiem.lv\/?s={search_term_string}\"},\"query-input\":{\"@type\":\"PropertyValueSpecification\",\"valueRequired\":true,\"valueName\":\"search_term_string\"}}],\"inLanguage\":\"lv-LV\"},{\"@type\":\"Organization\",\"@id\":\"https:\/\/apavivisiem.lv\/#organization\",\"name\":\"Krist\u012bne RR SIA\",\"url\":\"https:\/\/apavivisiem.lv\/\",\"logo\":{\"@type\":\"ImageObject\",\"inLanguage\":\"lv-LV\",\"@id\":\"https:\/\/apavivisiem.lv\/#\/schema\/logo\/image\/\",\"url\":\"https:\/\/apavivisiem.lv\/wp-content\/uploads\/2021\/03\/logo-main.png\",\"contentUrl\":\"https:\/\/apavivisiem.lv\/wp-content\/uploads\/2021\/03\/logo-main.png\",\"width\":300,\"height\":50,\"caption\":\"Krist\u012bne RR SIA\"},\"image\":{\"@id\":\"https:\/\/apavivisiem.lv\/#\/schema\/logo\/image\/\"},\"sameAs\":[\"https:\/\/www.facebook.com\/apavivisiem\",\"https:\/\/www.instagram.com\/apavivisiem\/\"]}]}<\/script>\n<!-- \/ Yoast SEO plugin. -->","yoast_head_json":{"title":"Privatumo politika - Apavu Outlet","robots":{"index":"index","follow":"follow","max-snippet":"max-snippet:-1","max-image-preview":"max-image-preview:large","max-video-preview":"max-video-preview:-1"},"canonical":"https:\/\/apavivisiem.lv\/?page_id=50525&lang=lt","og_locale":"lv_LV","og_type":"article","og_title":"Privatumo politika - Apavu Outlet","og_url":"https:\/\/apavivisiem.lv\/?page_id=50525&lang=lt","og_site_name":"Apavu Outlet","article_publisher":"https:\/\/www.facebook.com\/apavivisiem","twitter_card":"summary_large_image","twitter_misc":{"Est. reading time":"11 min\u016b\u0161u"},"schema":{"@context":"https:\/\/schema.org","@graph":[{"@type":"WebPage","@id":"https:\/\/apavivisiem.lv\/?page_id=50525&lang=lt","url":"https:\/\/apavivisiem.lv\/?page_id=50525&lang=lt","name":"Privatumo politika - Apavu Outlet","isPartOf":{"@id":"https:\/\/apavivisiem.lv\/#website"},"datePublished":"2022-02-21T09:50:22+00:00","breadcrumb":{"@id":"https:\/\/apavivisiem.lv\/?page_id=50525&lang=lt#breadcrumb"},"inLanguage":"lv-LV","potentialAction":[{"@type":"ReadAction","target":["https:\/\/apavivisiem.lv\/?page_id=50525&lang=lt"]}]},{"@type":"BreadcrumbList","@id":"https:\/\/apavivisiem.lv\/?page_id=50525&lang=lt#breadcrumb","itemListElement":[{"@type":"ListItem","position":1,"name":"Galven\u0101","item":"https:\/\/apavivisiem.lv\/en\/"},{"@type":"ListItem","position":2,"name":"Privatumo politika"}]},{"@type":"WebSite","@id":"https:\/\/apavivisiem.lv\/#website","url":"https:\/\/apavivisiem.lv\/","name":"Apavu Outlet","description":"Popul\u0101ro paz\u012bstamo z\u012bmolu apavi","publisher":{"@id":"https:\/\/apavivisiem.lv\/#organization"},"potentialAction":[{"@type":"SearchAction","target":{"@type":"EntryPoint","urlTemplate":"https:\/\/apavivisiem.lv\/?s={search_term_string}"},"query-input":{"@type":"PropertyValueSpecification","valueRequired":true,"valueName":"search_term_string"}}],"inLanguage":"lv-LV"},{"@type":"Organization","@id":"https:\/\/apavivisiem.lv\/#organization","name":"Krist\u012bne RR SIA","url":"https:\/\/apavivisiem.lv\/","logo":{"@type":"ImageObject","inLanguage":"lv-LV","@id":"https:\/\/apavivisiem.lv\/#\/schema\/logo\/image\/","url":"https:\/\/apavivisiem.lv\/wp-content\/uploads\/2021\/03\/logo-main.png","contentUrl":"https:\/\/apavivisiem.lv\/wp-content\/uploads\/2021\/03\/logo-main.png","width":300,"height":50,"caption":"Krist\u012bne RR SIA"},"image":{"@id":"https:\/\/apavivisiem.lv\/#\/schema\/logo\/image\/"},"sameAs":["https:\/\/www.facebook.com\/apavivisiem","https:\/\/www.instagram.com\/apavivisiem\/"]}]}},"lang":"lt","translations":{"en":42945,"lv":309,"lt":50525,"et":50607},"pll_sync_post":[],"_links":{"self":[{"href":"https:\/\/apavivisiem.lv\/index.php?rest_route=\/wp\/v2\/pages\/50525","targetHints":{"allow":["GET"]}}],"collection":[{"href":"https:\/\/apavivisiem.lv\/index.php?rest_route=\/wp\/v2\/pages"}],"about":[{"href":"https:\/\/apavivisiem.lv\/index.php?rest_route=\/wp\/v2\/types\/page"}],"author":[{"embeddable":true,"href":"https:\/\/apavivisiem.lv\/index.php?rest_route=\/wp\/v2\/users\/1"}],"replies":[{"embeddable":true,"href":"https:\/\/apavivisiem.lv\/index.php?rest_route=%2Fwp%2Fv2%2Fcomments&post=50525"}],"version-history":[{"count":0,"href":"https:\/\/apavivisiem.lv\/index.php?rest_route=\/wp\/v2\/pages\/50525\/revisions"}],"wp:attachment":[{"href":"https:\/\/apavivisiem.lv\/index.php?rest_route=%2Fwp%2Fv2%2Fmedia&parent=50525"}],"curies":[{"name":"wp","href":"https:\/\/api.w.org\/{rel}","templated":true}]}}