{"id":50590,"date":"2022-02-21T15:12:14","date_gmt":"2022-02-21T13:12:14","guid":{"rendered":"https:\/\/apavivisiem.lv\/?page_id=50590"},"modified":"2022-02-21T15:12:14","modified_gmt":"2022-02-21T13:12:14","slug":"meist","status":"publish","type":"page","link":"https:\/\/apavivisiem.lv\/?page_id=50590&lang=et","title":{"rendered":"MEIST"},"content":{"rendered":"\n\n  <div class=\"banner has-hover has-parallax\" id=\"banner-1366622561\">\n          <div class=\"banner-inner fill\">\n        <div class=\"banner-bg fill\" data-parallax=\"-3\" data-parallax-container=\".banner\" data-parallax-background>\n            <img loading=\"lazy\" decoding=\"async\" width=\"400\" height=\"400\" src=\"https:\/\/apavivisiem.lv\/wp-content\/uploads\/2021\/03\/our-shops-bg.jpeg\" class=\"bg attachment-original size-original\" alt=\"\" \/>                        <div class=\"overlay\"><\/div>            \n                    <\/div>\n\t\t\n        <div class=\"banner-layers container\">\n            <div class=\"fill banner-link\"><\/div>            \n\n   <div id=\"text-box-1768477977\" class=\"text-box banner-layer x50 md-x50 lg-x50 y50 md-y50 lg-y50 res-text\">\n                                <div class=\"text-box-content text dark\">\n              \n              <div class=\"text-inner text-center\">\n                  \n\n<h3 class=\"uppercase\"><strong>MEIST<\/strong><\/h3>\n<p>Krist\u012bne RR SIA<\/p>\n\n<div class=\"is-divider divider clearfix\" ><\/div>\n\n<div class=\"social-icons share-icons share-row relative\" ><a href=\"whatsapp:\/\/send?text=MEIST - https:\/\/apavivisiem.lv\/?page_id=50590&lang=et\" data-action=\"share\/whatsapp\/share\" class=\"icon button circle is-outline tooltip whatsapp show-for-medium\" title=\"Share on WhatsApp\" aria-label=\"Share on WhatsApp\"><i class=\"icon-whatsapp\" aria-hidden=\"true\"><\/i><\/a><a href=\"https:\/\/www.facebook.com\/sharer.php?u=https:\/\/apavivisiem.lv\/?page_id=50590&lang=et\" data-label=\"Facebook\" onclick=\"window.open(this.href,this.title,'width=500,height=500,top=300px,left=300px'); return false;\" target=\"_blank\" class=\"icon button circle is-outline tooltip facebook\" title=\"Share on Facebook\" aria-label=\"Share on Facebook\" rel=\"noopener nofollow\"><i class=\"icon-facebook\" aria-hidden=\"true\"><\/i><\/a><a href=\"https:\/\/twitter.com\/share?url=https:\/\/apavivisiem.lv\/?page_id=50590&lang=et\" onclick=\"window.open(this.href,this.title,'width=500,height=500,top=300px,left=300px'); return false;\" target=\"_blank\" class=\"icon button circle is-outline tooltip twitter\" title=\"Share on Twitter\" aria-label=\"Share on Twitter\" rel=\"noopener nofollow\"><i class=\"icon-twitter\" aria-hidden=\"true\"><\/i><\/a><\/div>\n\n\n              <\/div>\n           <\/div>\n                            \n<style>\n#text-box-1768477977 {\n  width: 60%;\n}\n#text-box-1768477977 .text-box-content {\n  font-size: 100%;\n}\n@media (min-width:550px) {\n  #text-box-1768477977 {\n    width: 68%;\n  }\n}\n<\/style>\n    <\/div>\n \n\n        <\/div>\n      <\/div>\n\n            \n<style>\n#banner-1366622561 {\n  padding-top: 300px;\n}\n#banner-1366622561 .overlay {\n  background-color: rgba(0, 0, 0, 0.756);\n}\n#banner-1366622561 .banner-bg img {\n  object-position: 5% 6%;\n}\n<\/style>\n  <\/div>\n\n\n<div class=\"row\"  id=\"row-443894925\">\n\n\n\t<div id=\"col-510462701\" class=\"col small-12 large-12\"  >\n\t\t\t\t<div class=\"col-inner\"  >\n\t\t\t\n\t\t\t\n\n<div class=\"col-inner\">\n<p class=\"lead text-center\"><strong>NATUKE MEIE AJALOOST JA TEGEMISTEST.<\/strong><\/p>\n<p>Ettev\u00f5tte s\u00fcnnip\u00e4ev on 19.aprillil 1994.aastal. Esialgselt asutatud individuaalettev\u00f5te on v\u00e4lja kasvanud t\u00e4helepanuv\u00e4\u00e4rse kogemusega osa\u00fchinguks. K\u00e4esoleval hetkel on meil stabiilne koht turul, me kasvame ja areneme eesm\u00e4rgiga t\u00e4ita meie klientide soovid. N\u00f5udluse kasvades p\u00fc\u00fcame pidada ajaga sammu ja laieneda.<\/p>\n<p>Meie t\u00f6\u00f6tajate arv on \u00fcletanud saja piiri ja me oleme uhked selle \u00fcle, et v\u00f5ime end julgelt pidada \u00fcheks suurimaks ettev\u00f5tteks oma linnas.<\/p>\n<p>Tendentse j\u00e4rgides ja antud hetke olukorda arvestades tegime loogilise sammu edasi \u2013 avasime jalatsikaupluse internetis. T\u00e4nap\u00e4eval p\u00fc\u00fcavad inimesed oma aega planeerida j\u00e4rjest ratsionaalsemalt. Kvaliteetsete jalatsite ostmine internetist on muutunud igap\u00e4evaseks teenuseks, mida naudivad tuhanded tarbijad. Meie internetikauplusest v\u00f5ite valida ja osta selliste maailmakuulsate kaubam\u00e4rkide jalatseid nagu<a style=\"font-size: 14.4px;\" href=\"\/veikals\/?filter_zimolu-apavi=tommy-hilfiger-apavi\" target=\"_blank\" rel=\"noopener\"> Tommy Hilfiger,<\/a> <a style=\"font-size: 14.4px;\" href=\"\/veikals\/?filter_zimolu-apavi=emporio-armani-apavi\">Emporio Armani<\/a><span style=\"font-size: 14.4px;\">, <\/span><a style=\"font-size: 14.4px;\" href=\"\/veikals\/?filter_zimolu-apavi=adidas-apavi\">Adidas<\/a><span style=\"font-size: 14.4px;\">, <\/span><a style=\"font-size: 14.4px;\" href=\"\/veikals\/?filter_zimolu-apavi=calvin-klein-apavi\">Calvin Klein<\/a><span style=\"font-size: 14.4px;\">, <\/span><a style=\"font-size: 14.4px;\" href=\"\/veikals\/?filter_zimolu-apavi=dkny-apavi\">DKNY<\/a><span style=\"font-size: 14.4px;\">, <\/span><a style=\"font-size: 14.4px;\" href=\"\/veikals\/?filter_zimolu-apavi=vans-apavi\">VANS<\/a><span style=\"font-size: 14.4px;\">, <\/span><a style=\"font-size: 14.4px;\" href=\"\/veikals\/?filter_zimolu-apavi=nike-apavi\">Nike<\/a><span style=\"font-size: 14.4px;\">, <\/span><a style=\"font-size: 14.4px;\" href=\"\/veikals\/?filter_zimolu-apavi=ugg-apavi\">UGG<\/a><span style=\"font-size: 14.4px;\">, <\/span><a style=\"font-size: 14.4px;\" href=\"\/veikals\/?filter_zimolu-apavi=timberland-apavi\">Timberland<\/a><\/p>\n<p>ja palju muid. Meie jalatsim\u00fc\u00fcgikogemus ja koost\u00f6\u00f6 usaldusv\u00e4\u00e4rsete partneritega v\u00f5imaldavad meil pakkuda teile kvaliteetjalatseid turu parimate hindadega.<\/p>\n<p>Jalatsivalik meie kaupluses kasvab iga p\u00e4evaga. Juba alates avamise hetkest kuuluvad meie kaubavaliku hulka lisaks t\u00e4iskasvanutele m\u00f5eldud jalatsitele ka laste- ja noortejalatsid. Sussid, sandaalid, ketsid, saapad ja muud jalatsid erinevas eas t\u00fcdrukutele ja poistele.<\/p>\n<p>Te saate teha tellimuse kodunt v\u00f5i kontorist, raiskamata aega kaupluste ja kaubanduskeskuste k\u00fclastamise peale. See on mugav ja moodne!<\/p>\n<p><span style=\"font-size: 14.4px;\">R\u00f5\u00f5mustame, sest vaatamata sellele, et meie internetikauplus\u00a0 ei ole veel j\u00f5udnud pikka aega t\u00f6\u00f6tada, on juba tekkinud suur hulk p\u00fcsikliente, kes regulaarselt teevad oste kaupluses\u00a0<a href=\"https:\/\/apavivisiem.lv\/veikals\/\">apavivisiem.lv<\/a>!<\/span><\/p>\n<\/div>\n\t<div id=\"gap-452832382\" class=\"gap-element clearfix\" style=\"display:block; height:auto;\">\n\t\t\n<style>\n#gap-452832382 {\n  padding-top: 30px;\n}\n<\/style>\n\t<\/div>\n\t\n\n\n\t\t<\/div>\n\t\t\t\t\n<style>\n#col-510462701 > .col-inner {\n  margin: 43px 0px 0px 0px;\n}\n<\/style>\n\t<\/div>\n\n\t\n\n<\/div>\n\n","protected":false},"excerpt":{"rendered":"","protected":false},"author":1,"featured_media":0,"parent":0,"menu_order":0,"comment_status":"closed","ping_status":"closed","template":"page-blank.php","meta":{"footnotes":""},"class_list":["post-50590","page","type-page","status-publish","hentry"],"yoast_head":"<!-- This site is optimized with the Yoast SEO plugin v26.6 - https:\/\/yoast.com\/wordpress\/plugins\/seo\/ -->\n<title>Shoe Outlet - Famous brands with up to 80% discount<\/title>\n<meta name=\"description\" content=\"Popular footwear brands online. Shop from the comfort of your home. We deliver throughout Latvia. Women&#039;s and men&#039;s shoes at attractive prices.\" \/>\n<meta name=\"robots\" content=\"index, follow, max-snippet:-1, max-image-preview:large, max-video-preview:-1\" \/>\n<link rel=\"canonical\" href=\"https:\/\/apavivisiem.lv\/?page_id=50590&lang=et\" \/>\n<meta property=\"og:locale\" content=\"lv_LV\" \/>\n<meta property=\"og:type\" content=\"article\" \/>\n<meta property=\"og:title\" content=\"Shoe Outlet - Famous brands with up to 80% discount\" \/>\n<meta property=\"og:description\" content=\"Popular footwear brands online. Shop from the comfort of your home. We deliver throughout Latvia. Women&#039;s and men&#039;s shoes at attractive prices.\" \/>\n<meta property=\"og:url\" content=\"https:\/\/apavivisiem.lv\/?page_id=50590&amp;lang=et\" \/>\n<meta property=\"og:site_name\" content=\"Apavu Outlet\" \/>\n<meta property=\"article:publisher\" content=\"https:\/\/www.facebook.com\/apavivisiem\" \/>\n<meta name=\"twitter:card\" content=\"summary_large_image\" \/>\n<meta name=\"twitter:label1\" content=\"Est. reading time\" \/>\n\t<meta name=\"twitter:data1\" content=\"2 min\u016btes\" \/>\n<script type=\"application\/ld+json\" class=\"yoast-schema-graph\">{\"@context\":\"https:\/\/schema.org\",\"@graph\":[{\"@type\":\"WebPage\",\"@id\":\"https:\/\/apavivisiem.lv\/?page_id=50590&lang=et\",\"url\":\"https:\/\/apavivisiem.lv\/?page_id=50590&lang=et\",\"name\":\"Shoe Outlet - Famous brands with up to 80% discount\",\"isPartOf\":{\"@id\":\"https:\/\/apavivisiem.lv\/#website\"},\"datePublished\":\"2022-02-21T13:12:14+00:00\",\"description\":\"Popular footwear brands online. Shop from the comfort of your home. We deliver throughout Latvia. Women's and men's shoes at attractive prices.\",\"breadcrumb\":{\"@id\":\"https:\/\/apavivisiem.lv\/?page_id=50590&lang=et#breadcrumb\"},\"inLanguage\":\"lv-LV\",\"potentialAction\":[{\"@type\":\"ReadAction\",\"target\":[\"https:\/\/apavivisiem.lv\/?page_id=50590&lang=et\"]}]},{\"@type\":\"BreadcrumbList\",\"@id\":\"https:\/\/apavivisiem.lv\/?page_id=50590&lang=et#breadcrumb\",\"itemListElement\":[{\"@type\":\"ListItem\",\"position\":1,\"name\":\"Galven\u0101\",\"item\":\"https:\/\/apavivisiem.lv\/en\/\"},{\"@type\":\"ListItem\",\"position\":2,\"name\":\"MEIST\"}]},{\"@type\":\"WebSite\",\"@id\":\"https:\/\/apavivisiem.lv\/#website\",\"url\":\"https:\/\/apavivisiem.lv\/\",\"name\":\"Apavu Outlet\",\"description\":\"Popul\u0101ro paz\u012bstamo z\u012bmolu apavi\",\"publisher\":{\"@id\":\"https:\/\/apavivisiem.lv\/#organization\"},\"potentialAction\":[{\"@type\":\"SearchAction\",\"target\":{\"@type\":\"EntryPoint\",\"urlTemplate\":\"https:\/\/apavivisiem.lv\/?s={search_term_string}\"},\"query-input\":{\"@type\":\"PropertyValueSpecification\",\"valueRequired\":true,\"valueName\":\"search_term_string\"}}],\"inLanguage\":\"lv-LV\"},{\"@type\":\"Organization\",\"@id\":\"https:\/\/apavivisiem.lv\/#organization\",\"name\":\"Krist\u012bne RR SIA\",\"url\":\"https:\/\/apavivisiem.lv\/\",\"logo\":{\"@type\":\"ImageObject\",\"inLanguage\":\"lv-LV\",\"@id\":\"https:\/\/apavivisiem.lv\/#\/schema\/logo\/image\/\",\"url\":\"https:\/\/apavivisiem.lv\/wp-content\/uploads\/2021\/03\/logo-main.png\",\"contentUrl\":\"https:\/\/apavivisiem.lv\/wp-content\/uploads\/2021\/03\/logo-main.png\",\"width\":300,\"height\":50,\"caption\":\"Krist\u012bne RR SIA\"},\"image\":{\"@id\":\"https:\/\/apavivisiem.lv\/#\/schema\/logo\/image\/\"},\"sameAs\":[\"https:\/\/www.facebook.com\/apavivisiem\",\"https:\/\/www.instagram.com\/apavivisiem\/\"]}]}<\/script>\n<!-- \/ Yoast SEO plugin. -->","yoast_head_json":{"title":"Shoe Outlet - Famous brands with up to 80% discount","description":"Popular footwear brands online. Shop from the comfort of your home. We deliver throughout Latvia. Women's and men's shoes at attractive prices.","robots":{"index":"index","follow":"follow","max-snippet":"max-snippet:-1","max-image-preview":"max-image-preview:large","max-video-preview":"max-video-preview:-1"},"canonical":"https:\/\/apavivisiem.lv\/?page_id=50590&lang=et","og_locale":"lv_LV","og_type":"article","og_title":"Shoe Outlet - Famous brands with up to 80% discount","og_description":"Popular footwear brands online. Shop from the comfort of your home. We deliver throughout Latvia. Women's and men's shoes at attractive prices.","og_url":"https:\/\/apavivisiem.lv\/?page_id=50590&lang=et","og_site_name":"Apavu Outlet","article_publisher":"https:\/\/www.facebook.com\/apavivisiem","twitter_card":"summary_large_image","twitter_misc":{"Est. reading time":"2 min\u016btes"},"schema":{"@context":"https:\/\/schema.org","@graph":[{"@type":"WebPage","@id":"https:\/\/apavivisiem.lv\/?page_id=50590&lang=et","url":"https:\/\/apavivisiem.lv\/?page_id=50590&lang=et","name":"Shoe Outlet - Famous brands with up to 80% discount","isPartOf":{"@id":"https:\/\/apavivisiem.lv\/#website"},"datePublished":"2022-02-21T13:12:14+00:00","description":"Popular footwear brands online. Shop from the comfort of your home. We deliver throughout Latvia. Women's and men's shoes at attractive prices.","breadcrumb":{"@id":"https:\/\/apavivisiem.lv\/?page_id=50590&lang=et#breadcrumb"},"inLanguage":"lv-LV","potentialAction":[{"@type":"ReadAction","target":["https:\/\/apavivisiem.lv\/?page_id=50590&lang=et"]}]},{"@type":"BreadcrumbList","@id":"https:\/\/apavivisiem.lv\/?page_id=50590&lang=et#breadcrumb","itemListElement":[{"@type":"ListItem","position":1,"name":"Galven\u0101","item":"https:\/\/apavivisiem.lv\/en\/"},{"@type":"ListItem","position":2,"name":"MEIST"}]},{"@type":"WebSite","@id":"https:\/\/apavivisiem.lv\/#website","url":"https:\/\/apavivisiem.lv\/","name":"Apavu Outlet","description":"Popul\u0101ro paz\u012bstamo z\u012bmolu apavi","publisher":{"@id":"https:\/\/apavivisiem.lv\/#organization"},"potentialAction":[{"@type":"SearchAction","target":{"@type":"EntryPoint","urlTemplate":"https:\/\/apavivisiem.lv\/?s={search_term_string}"},"query-input":{"@type":"PropertyValueSpecification","valueRequired":true,"valueName":"search_term_string"}}],"inLanguage":"lv-LV"},{"@type":"Organization","@id":"https:\/\/apavivisiem.lv\/#organization","name":"Krist\u012bne RR SIA","url":"https:\/\/apavivisiem.lv\/","logo":{"@type":"ImageObject","inLanguage":"lv-LV","@id":"https:\/\/apavivisiem.lv\/#\/schema\/logo\/image\/","url":"https:\/\/apavivisiem.lv\/wp-content\/uploads\/2021\/03\/logo-main.png","contentUrl":"https:\/\/apavivisiem.lv\/wp-content\/uploads\/2021\/03\/logo-main.png","width":300,"height":50,"caption":"Krist\u012bne RR SIA"},"image":{"@id":"https:\/\/apavivisiem.lv\/#\/schema\/logo\/image\/"},"sameAs":["https:\/\/www.facebook.com\/apavivisiem","https:\/\/www.instagram.com\/apavivisiem\/"]}]}},"lang":"et","translations":{"en":42842,"lv":1245,"lt":50501,"et":50590},"pll_sync_post":[],"_links":{"self":[{"href":"https:\/\/apavivisiem.lv\/index.php?rest_route=\/wp\/v2\/pages\/50590","targetHints":{"allow":["GET"]}}],"collection":[{"href":"https:\/\/apavivisiem.lv\/index.php?rest_route=\/wp\/v2\/pages"}],"about":[{"href":"https:\/\/apavivisiem.lv\/index.php?rest_route=\/wp\/v2\/types\/page"}],"author":[{"embeddable":true,"href":"https:\/\/apavivisiem.lv\/index.php?rest_route=\/wp\/v2\/users\/1"}],"replies":[{"embeddable":true,"href":"https:\/\/apavivisiem.lv\/index.php?rest_route=%2Fwp%2Fv2%2Fcomments&post=50590"}],"version-history":[{"count":0,"href":"https:\/\/apavivisiem.lv\/index.php?rest_route=\/wp\/v2\/pages\/50590\/revisions"}],"wp:attachment":[{"href":"https:\/\/apavivisiem.lv\/index.php?rest_route=%2Fwp%2Fv2%2Fmedia&parent=50590"}],"curies":[{"name":"wp","href":"https:\/\/api.w.org\/{rel}","templated":true}]}}