{"id":50607,"date":"2022-02-21T15:35:43","date_gmt":"2022-02-21T13:35:43","guid":{"rendered":"https:\/\/apavivisiem.lv\/?page_id=50607"},"modified":"2022-02-21T15:35:43","modified_gmt":"2022-02-21T13:35:43","slug":"privaatsuspoliitika","status":"publish","type":"page","link":"https:\/\/apavivisiem.lv\/?page_id=50607&lang=et","title":{"rendered":"Privaatsuspoliitika"},"content":{"rendered":"\n<p><strong>Privaatsuspoliitika<\/strong><\/p>\n<ol>\n<li>\u00dcldtingimused<\/li>\n<\/ol>\n<p>1.1. K\u00e4esoleva privaatsuspoliitikaga (edasises tekstis \u2013 \u201cPoliitika\u201d) m\u00e4\u00e4ratletakse SIA \u201cKrist\u012bne RR\u201d, ettev\u00f5tte registreerimisnumber 40002017815, juriidiline aadress Kri\u0161j\u0101\u0146a Valdem\u0101ra iela 1A k-1, Sigulda, Siguldas nov., L\u00e4ti\u00a0(edasises tekstis \u2013 \u201cKrist\u012bne RR\u201d) isikuandmete t\u00f6\u00f6tlemise p\u00f5him\u00f5tted ja protseduurid, samuti ka meie \u00fchiselt hallatava veebisaidi https:\/\/apavivisiem.lv\/ kasutustingimused (edasises tekstis \u2013 \u201cveebisait\u201d).<\/p>\n<p>1.2. Me p\u00fc\u00fcame tagada, et meie teenuste kasutajad, veebisaidi k\u00fclastajad ja muud isikud, kelle isikuandmeid t\u00f6\u00f6deldakse, meid ja meie poolt osutatavaid teenuseid t\u00e4ielikult usaldaksid ja et nad oleksid \u00fclevaatlikult informeeritud sellest, kuidas me nendelt saadud andmeid t\u00f6\u00f6tleme. K\u00e4esolevas poliitikas saate tutvuda teabega selle kohta, kuidas me kogume ja kasutame (v\u00f5i soovime koguda ja kasutada) teie isikuandmeid.<\/p>\n<p>1.3. Oma tegevuses l\u00e4htume me j\u00e4rgmistest isikuandmete t\u00f6\u00f6tlemise p\u00f5him\u00f5tetest:<\/p>\n<p>1.3.1. Isikuandmeid tuleb t\u00f6\u00f6delda seaduslikult, ausameelselt ja andmesubjekti jaoks \u00fclevaatlikul viisil (seaduslikkuse, \u00f5igluse ja \u00fclevaatlikkuse p\u00f5him\u00f5te);<\/p>\n<p>1.3.2. Isikuandmeid kogutakse konkreetsetel, selgetel ja legitiimsetel eesm\u00e4rkidel ning neid ei tohi edasi t\u00f6\u00f6delda viisil, mis ei \u00fchildu selliste eesm\u00e4rkidega; edasist andmete t\u00f6\u00f6tlemist arhiveerimiseks avalikes huvides, statistilistel eesm\u00e4rkidel v\u00f5i andmete t\u00f6\u00f6tlemist teaduslike v\u00f5i ajalooalaste uuringute raames ei loeta esialgsete eesm\u00e4rkidega mitte\u00fchilduvaks (eesm\u00e4rgi piiritletuse p\u00f5him\u00f5te);<\/p>\n<p>1.3.3. Isikuandmed peavad olema adekvaatsed, sobivad ja vajalikud vaid selliste eesm\u00e4rkide saavutamiseks, mille saavutamiseks neid t\u00f6\u00f6deldakse (andmete minimiseerimise p\u00f5him\u00f5te);<\/p>\n<p>1.3.4. Isikuandmed peavad olema t\u00e4psed ja vajaduse korral tuleb neid uuendada; tuleb tarvitusele v\u00f5tta k\u00f5ik m\u00f5istlikud meetmed tagamaks ebat\u00e4psete isikuandmete kohene kustutamine v\u00f5i parandamine s\u00f5ltuvalt eesm\u00e4rgist, milleks neid t\u00f6\u00f6deldakse (t\u00e4psuse p\u00f5him\u00f5te);<\/p>\n<p>1.3.5. Isikuandmeid tuleb s\u00e4ilitada andmesubjektide tuvastamist v\u00f5imaldaval viisil mitte kauem kui see on vajalik vastavate isikuandmete t\u00f6\u00f6tlemise eesm\u00e4rkide jaoks; isikuandmeid v\u00f5ib s\u00e4ilitada kauem nende isikuandmete t\u00f6\u00f6tlemiseks vaid arhiveerimise eesm\u00e4rgil avalikes huvides, teaduslike v\u00f5i ajalooalaste uuringute eesm\u00e4rgil v\u00f5i statistilistel eesm\u00e4rkidel, juurutades vastavad tehnilised ja organisatsioonilised meetmed, mis on vajalikud andmesubjekti \u00f5iguste ja vabaduste kaitseks (andmete s\u00e4ilitamise piiramise p\u00f5him\u00f5te);<\/p>\n<p>1.3.6. Isikuandmeid tuleb t\u00f6\u00f6delda viisil, mis vastavaid tehnilisi v\u00f5i organisatsioonilisi meetmeid kasutades tagab vastavate isikuandmete turvalisuse, muuhulgas nende kaitse sanktsioneerimata v\u00f5i ebaseadusliku andmete t\u00f6\u00f6tlemise eest ja andmete juhusliku kaotsimineku, h\u00e4vitamise v\u00f5i kahjustamise eest (integreerituse ja konfidentsiaalsuse p\u00f5him\u00f5te);<\/p>\n<p>1.3.7. Me vastutame eelnimetatud p\u00f5him\u00f5tete j\u00e4rgimise eest ja me peame suutma t\u00f5estada, et neid p\u00f5him\u00f5tteid j\u00e4rgitakse (aruandekohustuse p\u00f5him\u00f5te).<\/p>\n<p>1.4. K\u00e4esoleva poliitika v\u00e4ljat\u00f6\u00f6tamisel on tuginetud Euroopa parlamendi ja n\u00f5ukogu 2016. aasta 27. aprilli M\u00e4\u00e4rusele (EL) nr 2016\/679 f\u00fc\u00fcsiliste isikute kaitse kohta isikuandmete t\u00f6\u00f6tlemisel ja selliste andmete vaba liikumise ning direktiivi 95\/46\/E\u00dc kehtetuks tunnistamise kohta (Isikuandmete kaitse \u00fcldm\u00e4\u00e4rus, edasises tekstis \u2013 \u201cGDPR\u201d), muudele Euroopa Liidu ja L\u00e4ti Vabariigi \u00f5igusaktidele. Poliitikat tuleb t\u00f5lgendada vastavalt GDPR-le ja L\u00e4ti Vabariigi \u00f5igusaktidele, mis reguleerivad isikuandmete kaitset.<\/p>\n<ol start=\"2\">\n<li>Isikuandmete kogumine, t\u00f6\u00f6tlemine ja s\u00e4ilitamine<\/li>\n<\/ol>\n<p>2.1. On v\u00e4ga oluline, et te loeksite k\u00e4esoleva poliitika hoolega l\u00e4bi, sest see puudutab otseselt isikuandmete kogumist ja t\u00f6\u00f6tlemist veebisaidi k\u00fclastamisel ja meie teenuste kasutamisel &#8211; ning poliitikas etten\u00e4htud juhtudel ka teie isikuandmete edastamist andmete saajatele.<\/p>\n<p>2.2. Palun \u00e4rge k\u00fclastage veebisaiti ega kasutage meie teenuseid juhul kui te ei n\u00f5ustu k\u00e4esoleva poliitikaga ja selles kirjeldatud, isikuandmete t\u00f6\u00f6tlemisega.<\/p>\n<p>2.3. Teie vastutate enda poolt esitatud andmete t\u00e4psuse, \u00f5iguse ja t\u00e4ielikkuse eest. Teadlikku valeandmete sisestamist loetakse poliitika rikkumiseks. Teie andmete muutumise korral tuleb teil meid sellest teavitada. Meie ei vastuta kahju eest, mis teile ja\/v\u00f5i kolmandatele isikutele tekib seet\u00f5ttu, et olete esitanud valed ja\/v\u00f5i mittet\u00e4ielikud isikuandmed v\u00f5i ka juhul kui te ei ole palunud andmete t\u00e4iendamist ja\/v\u00f5i muutmist p\u00e4rast nende muutumist.<\/p>\n<p>2.4. Isikuandmete saajad, kellele me v\u00f5ime teie isikuandmeid avaldada, on kirjeldatud iga vastava andmete t\u00f6\u00f6tlemise tegevuse juures.<\/p>\n<p>2.5. Teatud juhtudel v\u00f5ime avaldada teie andmed sellistele isikuandmete saajatele, keda siin nimetatud ei ole:<\/p>\n<p>2.5.1. V\u00e4liste \u00f5igusaktide t\u00e4itmiseks v\u00f5i kohtuprotsesside raames (n\u00e4iteks kohtu poolt korralduse saamisel andmete esitamiseks);<\/p>\n<p>2.5.2. Oma tegevuse legitiimsuse t\u00f5estamiseks;<\/p>\n<p>2.5.3. Oma \u00f5iguste ja vara kaitseks v\u00f5i nende turvalisuse tagamiseks;<\/p>\n<p>2.5.4. Muudel juhtudel \u2013 teie n\u00f5usolekul v\u00f5i teie korralduse kohaselt.<\/p>\n<ol start=\"3\">\n<li>E-kaubandus<\/li>\n<\/ol>\n<p>3.1. V\u00f5imaldamaks teile internetikaupluses ostude tegemist, t\u00f6\u00f6tleme me selle teenuse tagamiseks j\u00e4rgmisi isikuandmeid:<\/p>\n<p>3.1.1. Nimi;<\/p>\n<p>3.1.2. Perekonnanimi;<\/p>\n<p>3.1.3. Sugu (p\u00f6\u00f6rdumine);<\/p>\n<p>3.1.4. Telefoninumber;<\/p>\n<p>3.1.5. E-posti aadress;<\/p>\n<p>3.1.6. Elukoha aadress;<\/p>\n<p>3.1.7. N\u00f5udmise korral ka lisaandmed, mis on vajalik kauba k\u00e4ttetoimetamiseks selle saajale (n\u00e4iteks trepikoja uksekood).<\/p>\n<p>4.2. Andmete t\u00f6\u00f6tlemine E-kaubanduse eesm\u00e4rgil toimub kaubaostulepingu t\u00e4itmiseks GDPR artikli 6 punkti 1 alapunkti (b) alusel.<\/p>\n<p>4.3. Sel eesm\u00e4rgil kasutab \u201cKrist\u012bne RR\u201d teie andmeid tellitud kauba saatmiseks ja arvete v\u00e4ljastamiseks.<\/p>\n<ol start=\"5\">\n<li>Isikuandmete s\u00e4ilitamise kord ja tingimused<\/li>\n<\/ol>\n<p>5.1. Teie isikuandmete t\u00f6\u00f6tlemisel ja s\u00e4ilitamisel v\u00f5tame tarvitusele organisatsioonilised ja tehnilised meetmed isikuandmete kaitseks juhusliku v\u00f5i ebaseadusliku h\u00e4vitamise, muutmise, avaldamise ja igasuguse muu ebaseadusliku t\u00f6\u00f6tlemise eest.<\/p>\n<p>5.2. Me kohaldame erinevaid isikuandmete s\u00e4ilitamise tingimusi s\u00f5ltuvalt teie isikuandmete konkreetse t\u00f6\u00f6tlemise eesm\u00e4rgist.<\/p>\n<p>5.3. Me kohaldame isikuandmete t\u00f6\u00f6tlemisel j\u00e4rgmisi tingimusi:<\/p>\n<ul>\n<li>Isikuandmete t\u00f6\u00f6tlemise eesm\u00e4rk: E-kaubandus.<\/li>\n<li>Andmete s\u00e4ilitamise aeg: \u201cKrist\u012bne RR\u201d \u2013registreeritud kasutajate andmeid s\u00e4ilitatakse 3 aastat veebisaidi viimase k\u00fclastuse hetkest. Muude ostjate andmeid s\u00e4ilitatakse 3 aastat viimase ostu tegemise hetkest.<\/li>\n<\/ul>\n<p>5.4. Erandeid eelnimetatud, andmete s\u00e4ilitamise aegadest v\u00f5idakse teha tingimusel, et sellised k\u00f5rvalekalded ei riiva teie kui andmesubjekti \u00f5igusi, et need vastavad \u00f5igusaktide n\u00f5uetele ja on n\u00f5uetekohaselt dokumenteeritud.<\/p>\n<p>5.5. Juhul kui m\u00f5ningad teie isikuandmed on vajalikud seaduslike n\u00f5uete esitamiseks, realiseerimiseks v\u00f5i kaitsmiseks, s\u00e4ilitame me neid andmeid sellisel m\u00e4\u00e4ral, millisel need on vajalikud selliste eesm\u00e4rkide saavutamiseks kohtu-, haldusprotsessil v\u00f5i kohtuv\u00e4lises korras.<\/p>\n<ol start=\"6\">\n<li>Teie \u00f5igused<\/li>\n<\/ol>\n<p>6.1. Teie vastaval n\u00f5udmisel on teil igal ajal \u00f5igus oma, meie poolt t\u00f6\u00f6deldavatele, isikuandmetele ligi p\u00e4\u00e4seda ja v\u00e4lja selgitada, kuidas neid t\u00f6\u00f6deldakse, n\u00f5uda valede, ebat\u00e4ielike v\u00f5i ebat\u00e4psete isikuandmete parandamist ning n\u00f5uda ka andmete t\u00f6\u00f6tlemise peatamist (v\u00e4lja arvatud s\u00e4ilitamise peatamist) juhul kui andmete t\u00f6\u00f6tlemisel ei j\u00e4rgita juriidilisi n\u00f5udeid.<\/p>\n<p>6.2. Niiv\u00f5rd, kuiv\u00f5rd isikuandmete t\u00f6\u00f6tlemine toimub n\u00f5usoleku alusel, on teil \u00f5igus igal ajal teie poolt antud n\u00f5usolek t\u00fchistada, mis ei m\u00f5juta t\u00f6\u00f6tlemise seaduslikkust, mille aluseks on enne t\u00fchistamist antud n\u00f5usolek.<\/p>\n<p>6.3. Oma \u00f5igusi saate kasutada vastava kirjaliku n\u00f5udmise esitamisel \u201cKrist\u012bne RR\u201d e-posti aadressil\u00a0info@kristinerr.lv\u00a0v\u00f5i posti teel 1A k-1, Sigulda, Siguldas nov., L\u00e4ti, v\u00f5i tulles n\u00e4idatud aadressil isiklikult kohale.<\/p>\n<ol start=\"7\">\n<li>Kontaktandmed ja kaebuste esitamine<\/li>\n<\/ol>\n<p>7.1. Isikuandmete kaitset puudutavate k\u00fcsimuste korral v\u00f5tke meiega palun \u00fchendust e-posti teel\u00a0info@kristinerr.lv.<\/p>\n<p>7.2. Juhul kui meie vastus teid ei rahulda v\u00f5i kui olete seisukohal, et me ei pea kinni \u00f5igusaktide n\u00f5uetest teie isikuandmete t\u00f6\u00f6tlemisel, on teil \u00f5igus esitada kaebus Andmekaitseinspektsiooni, mis on isikuandmete t\u00f6\u00f6tlemise \u00fcle j\u00e4relevalvet teostav asutus.<\/p>\n<ol start=\"8\">\n<li>Teave kasutatavate k\u00fcpsiste kohta<\/li>\n<\/ol>\n<p>8.1. Teiepoolse veebisaidi k\u00fclastuse korral soovime me tagada just teie vajadustele vastavat sisu ja funktsioone. Sel eesm\u00e4rgil me kasutame k\u00fcpsiseid. K\u00fcpsised on v\u00e4ikesemahulised tekstifailid, mis salvestatakse teie veebilehitsejas v\u00f5i seadmes (personaalarvuti, mobiiltelefon v\u00f5i tahvelarvuti).<\/p>\n<p>8.2. K\u00fcpsiste abil p\u00fc\u00fcame tagada meeldivamat kasutajakogemust veebisaiti k\u00fclastavatele inimestele ning muuta paremaks ka veebisaiti ennast.<\/p>\n<p>8.3. Meie veebisaidil kasutatavad k\u00fcpsised v\u00f5ivad olla grupeeritud j\u00e4rgmiselt:<\/p>\n<p>8.3.1. Veebisaidi funktsioneerimiseks vajalikud k\u00fcpsised on etten\u00e4htud veebisaidi p\u00f5hifunktsioonide t\u00e4itmise v\u00f5imaldamiseks. Need k\u00fcpsised v\u00f5imaldavad veebisaidi k\u00fclastamist ja selle funktsioonide kasutamist, n\u00e4iteks ligip\u00e4\u00e4su tagamist veebisaidi teatud turvalistele kohtadele.<\/p>\n<p>8.3.2. Tegevuse (anal\u00fc\u00fctilised) k\u00fcpsised koguvad anon\u00fc\u00fcmset teavet selle kohta, kuidas k\u00fclastajad veebisaiti kasutavad. Andes teavet k\u00fclastatud saitide kohta, veebisaidil veedetud aja kohta ja k\u00f5igi probleemide kohta, millega te kokku puutute, n\u00e4iteks veateadete kohta, aitavad need k\u00fcpsised meil aru saada, kuidas k\u00fclastajad internetis k\u00e4ituvad. See teave aitab meil veebisaidi t\u00f6\u00f6d paremaks muuta.<\/p>\n<p>8.3.3. Funktsionaalsed k\u00fcpsised parandavad teie kasutajakogemust veebisaidil. N\u00e4iteks v\u00f5ivad sellised k\u00fcpsised \u201em\u00e4letada\u201c andmeid, n\u00e4iteks teie poolt m\u00e4rgistatud tooteid ja teie kasutajanime.<\/p>\n<p>8.4. Me kasutame selliseid k\u00fcpsiseid:<\/p>\n<p>8.4.1. \u201cGoogle Analytics\u201d k\u00fcpsised on anal\u00fc\u00fctilised k\u00fcpsised statistiliste andmete kogumiseks veebisaidi andmevoo, kasutaja sessiooni kestuse ja kulgemise kohta ning \u00fcksikk\u00fclastuste arvu kindlaksm\u00e4\u00e4ramiseks.<\/p>\n<p>8.4.2. \u201cPrestashop\u201d k\u00fcpsised \u2013 funktsionaalsed k\u00fcpsised, mis on ette n\u00e4htud kasutaja toetamiseks sessiooni jooksul, v\u00f5imaldavad registreeruda veebisaidil, sellelt oste teha ja sooritada muid, seotud tegevusi.<\/p>\n<p>8.4.3. K\u00fcpsis \u201cdan_favorite_products_id\u201d \u2013 funktsionaalne k\u00fcpsis, mis on ette n\u00e4htud m\u00e4rgistatud \u00fchikute s\u00e4ilitamiseks.<\/p>\n<p>8.4.4. \u201cSoundest-views\u201d k\u00fcpsised on \u201csoundestID\u201d \u2013 anal\u00fc\u00fctilised k\u00fcpsised, mis on ette n\u00e4htud avatud veebilehtede arvu m\u00e4\u00e4ramiseks ja \u00fcksikk\u00fclastuste arvu identifitseerimiseks.<\/p>\n<p>8.4.5. K\u00fcpsis \u201cviewedOuibounceModal\u201d on funktsionaalne k\u00fcpsis, et kindlaks m\u00e4\u00e4rata, kas klient n\u00e4gi v\u00e4ljuval lehel teadet soovitusega registreeruda uudiskirja saamiseks.<\/p>\n<p>8.4.6. K\u00fcpsis \u201caccept-cookies\u201d on funktsionaalne k\u00fcpsis, mis on otseselt seotud muude anal\u00fc\u00fctiliste k\u00fcpsistega.<\/p>\n<p>8.5. Teil on v\u00f5imalik k\u00fcpsiseid kustutada v\u00f5i blokeerida, valides vastavad seadistused oma veebilehitsejas, mis v\u00f5imaldab t\u00fchistada kas k\u00f5ik v\u00f5i osa k\u00fcpsistest. Iga veebilehitseja on erinev ning seet\u00f5ttu &#8211; juhul kui te ei tea, kuidas muuta k\u00fcpsiste seadistusi, &#8211; tuleb vastav teave leida vastava veebilehitseja \u201eAbi\u201c jaotisest. Loomulikult v\u00f5ib veebilehitseja vastavate, k\u00fcpsiste (sealhulgas vajalike k\u00fcpsiste) blokeerimiseks m\u00f5eldud, seadistuste kasutamine tekitada probleeme k\u00f5igi v\u00f5i osade veebisaidi funktsioonide kasutamisel.<\/p>\n<ol start=\"9\">\n<li>Kolmandate isikute poolt teostatav isikuandmete t\u00f6\u00f6tlemine<\/li>\n<\/ol>\n<p>9.1. Kolmanda osapoole teenuste kasutamisel (n\u00e4iteks k\u00fclastades meie Facebooki lehte), v\u00f5idakse kohaldada kolmandate osapoolte tingimusi. N\u00e4iteks \u201eFacebook\u201c kohaldab k\u00f5igile kasutajatele ja k\u00fclastajatele oma andmepoliitikat. Seet\u00f5ttu on selliste kolmandate isikute poolt osutatavate teenuste kasutamisel soovitatav tutvuda nende kasutustingimustega.<\/p>\n<ol start=\"10\">\n<li>L\u00f5pptingimused<\/li>\n<\/ol>\n<p>10.1. K\u00e4esoleva poliitikaga seotud \u00f5igussuhet reguleerivad L\u00e4ti Vabariigi seadused.<\/p>\n<p>10.2. Meie ei vastuta kahju eest, muuhulgas kahju eest, mis on tekkinud veebisaidi kasutamise katkestuste t\u00f5ttu, andmekadude v\u00f5i \u2013kahjustumise t\u00f5ttu, mis on tekkinud teie v\u00f5i kolmandate isikute, kes tegutsevad teie loal, tegevuse v\u00f5i tegevusetuse t\u00f5ttu, sealhulgas valeandmete sisestamise, muude vigade, tahtliku kahjustamise, muu veebisaidi mittevastava kasutamise t\u00f5ttu. Samuti ei vastuta me h\u00e4irete ja\/v\u00f5i kahjustuste eest, mis on teile v\u00f5i muudele andmesubjektidele tekkinud veebisaidile ligip\u00e4\u00e4sus ja\/v\u00f5i kasutamises (sealhulgas elektri-, interneti\u00fchenduse jms katkestuste t\u00f5ttu) meiega mitteseotud kolmandate isikute t\u00f5ttu ja nende isikute tegevuse v\u00f5i tegevusetuse tulemusel.<\/p>\n<p>10.3. K\u00e4esolev poliitika vaadatakse \u00fcle ja vajaduse korral uuendatakse v\u00e4hemalt \u00fcks kord kahe aasta jooksul. Poliitika t\u00e4iendused v\u00f5i muudatused j\u00f5ustuvad nende avaldamise p\u00e4eval veebisaidil.<\/p>\n<p>10.4. Juhul kui j\u00e4tkate veebisaidi ja meie teenuste kasutamist p\u00e4rast Poliitika uuendamist, tagame me, et te n\u00f5ustute ja olete tehtud muudatustest informeeritud.<\/p>\n\n","protected":false},"excerpt":{"rendered":"","protected":false},"author":1,"featured_media":0,"parent":0,"menu_order":0,"comment_status":"closed","ping_status":"closed","template":"","meta":{"footnotes":""},"class_list":["post-50607","page","type-page","status-publish","hentry"],"yoast_head":"<!-- This site is optimized with the Yoast SEO plugin v26.6 - https:\/\/yoast.com\/wordpress\/plugins\/seo\/ -->\n<title>Privaatsuspoliitika - Apavu Outlet<\/title>\n<meta name=\"robots\" content=\"index, follow, max-snippet:-1, max-image-preview:large, max-video-preview:-1\" \/>\n<link rel=\"canonical\" href=\"https:\/\/apavivisiem.lv\/?page_id=50607&lang=et\" \/>\n<meta property=\"og:locale\" content=\"lv_LV\" \/>\n<meta property=\"og:type\" content=\"article\" \/>\n<meta property=\"og:title\" content=\"Privaatsuspoliitika - Apavu Outlet\" \/>\n<meta property=\"og:url\" content=\"https:\/\/apavivisiem.lv\/?page_id=50607&amp;lang=et\" \/>\n<meta property=\"og:site_name\" content=\"Apavu Outlet\" \/>\n<meta property=\"article:publisher\" content=\"https:\/\/www.facebook.com\/apavivisiem\" \/>\n<meta name=\"twitter:card\" content=\"summary_large_image\" \/>\n<meta name=\"twitter:label1\" content=\"Est. reading time\" \/>\n\t<meta name=\"twitter:data1\" content=\"9 min\u016btes\" \/>\n<script type=\"application\/ld+json\" class=\"yoast-schema-graph\">{\"@context\":\"https:\/\/schema.org\",\"@graph\":[{\"@type\":\"WebPage\",\"@id\":\"https:\/\/apavivisiem.lv\/?page_id=50607&lang=et\",\"url\":\"https:\/\/apavivisiem.lv\/?page_id=50607&lang=et\",\"name\":\"Privaatsuspoliitika - Apavu Outlet\",\"isPartOf\":{\"@id\":\"https:\/\/apavivisiem.lv\/#website\"},\"datePublished\":\"2022-02-21T13:35:43+00:00\",\"breadcrumb\":{\"@id\":\"https:\/\/apavivisiem.lv\/?page_id=50607&lang=et#breadcrumb\"},\"inLanguage\":\"lv-LV\",\"potentialAction\":[{\"@type\":\"ReadAction\",\"target\":[\"https:\/\/apavivisiem.lv\/?page_id=50607&lang=et\"]}]},{\"@type\":\"BreadcrumbList\",\"@id\":\"https:\/\/apavivisiem.lv\/?page_id=50607&lang=et#breadcrumb\",\"itemListElement\":[{\"@type\":\"ListItem\",\"position\":1,\"name\":\"Galven\u0101\",\"item\":\"https:\/\/apavivisiem.lv\/en\/\"},{\"@type\":\"ListItem\",\"position\":2,\"name\":\"Privaatsuspoliitika\"}]},{\"@type\":\"WebSite\",\"@id\":\"https:\/\/apavivisiem.lv\/#website\",\"url\":\"https:\/\/apavivisiem.lv\/\",\"name\":\"Apavu Outlet\",\"description\":\"Popul\u0101ro paz\u012bstamo z\u012bmolu apavi\",\"publisher\":{\"@id\":\"https:\/\/apavivisiem.lv\/#organization\"},\"potentialAction\":[{\"@type\":\"SearchAction\",\"target\":{\"@type\":\"EntryPoint\",\"urlTemplate\":\"https:\/\/apavivisiem.lv\/?s={search_term_string}\"},\"query-input\":{\"@type\":\"PropertyValueSpecification\",\"valueRequired\":true,\"valueName\":\"search_term_string\"}}],\"inLanguage\":\"lv-LV\"},{\"@type\":\"Organization\",\"@id\":\"https:\/\/apavivisiem.lv\/#organization\",\"name\":\"Krist\u012bne RR SIA\",\"url\":\"https:\/\/apavivisiem.lv\/\",\"logo\":{\"@type\":\"ImageObject\",\"inLanguage\":\"lv-LV\",\"@id\":\"https:\/\/apavivisiem.lv\/#\/schema\/logo\/image\/\",\"url\":\"https:\/\/apavivisiem.lv\/wp-content\/uploads\/2021\/03\/logo-main.png\",\"contentUrl\":\"https:\/\/apavivisiem.lv\/wp-content\/uploads\/2021\/03\/logo-main.png\",\"width\":300,\"height\":50,\"caption\":\"Krist\u012bne RR SIA\"},\"image\":{\"@id\":\"https:\/\/apavivisiem.lv\/#\/schema\/logo\/image\/\"},\"sameAs\":[\"https:\/\/www.facebook.com\/apavivisiem\",\"https:\/\/www.instagram.com\/apavivisiem\/\"]}]}<\/script>\n<!-- \/ Yoast SEO plugin. -->","yoast_head_json":{"title":"Privaatsuspoliitika - Apavu Outlet","robots":{"index":"index","follow":"follow","max-snippet":"max-snippet:-1","max-image-preview":"max-image-preview:large","max-video-preview":"max-video-preview:-1"},"canonical":"https:\/\/apavivisiem.lv\/?page_id=50607&lang=et","og_locale":"lv_LV","og_type":"article","og_title":"Privaatsuspoliitika - Apavu Outlet","og_url":"https:\/\/apavivisiem.lv\/?page_id=50607&lang=et","og_site_name":"Apavu Outlet","article_publisher":"https:\/\/www.facebook.com\/apavivisiem","twitter_card":"summary_large_image","twitter_misc":{"Est. reading time":"9 min\u016btes"},"schema":{"@context":"https:\/\/schema.org","@graph":[{"@type":"WebPage","@id":"https:\/\/apavivisiem.lv\/?page_id=50607&lang=et","url":"https:\/\/apavivisiem.lv\/?page_id=50607&lang=et","name":"Privaatsuspoliitika - Apavu Outlet","isPartOf":{"@id":"https:\/\/apavivisiem.lv\/#website"},"datePublished":"2022-02-21T13:35:43+00:00","breadcrumb":{"@id":"https:\/\/apavivisiem.lv\/?page_id=50607&lang=et#breadcrumb"},"inLanguage":"lv-LV","potentialAction":[{"@type":"ReadAction","target":["https:\/\/apavivisiem.lv\/?page_id=50607&lang=et"]}]},{"@type":"BreadcrumbList","@id":"https:\/\/apavivisiem.lv\/?page_id=50607&lang=et#breadcrumb","itemListElement":[{"@type":"ListItem","position":1,"name":"Galven\u0101","item":"https:\/\/apavivisiem.lv\/en\/"},{"@type":"ListItem","position":2,"name":"Privaatsuspoliitika"}]},{"@type":"WebSite","@id":"https:\/\/apavivisiem.lv\/#website","url":"https:\/\/apavivisiem.lv\/","name":"Apavu Outlet","description":"Popul\u0101ro paz\u012bstamo z\u012bmolu apavi","publisher":{"@id":"https:\/\/apavivisiem.lv\/#organization"},"potentialAction":[{"@type":"SearchAction","target":{"@type":"EntryPoint","urlTemplate":"https:\/\/apavivisiem.lv\/?s={search_term_string}"},"query-input":{"@type":"PropertyValueSpecification","valueRequired":true,"valueName":"search_term_string"}}],"inLanguage":"lv-LV"},{"@type":"Organization","@id":"https:\/\/apavivisiem.lv\/#organization","name":"Krist\u012bne RR SIA","url":"https:\/\/apavivisiem.lv\/","logo":{"@type":"ImageObject","inLanguage":"lv-LV","@id":"https:\/\/apavivisiem.lv\/#\/schema\/logo\/image\/","url":"https:\/\/apavivisiem.lv\/wp-content\/uploads\/2021\/03\/logo-main.png","contentUrl":"https:\/\/apavivisiem.lv\/wp-content\/uploads\/2021\/03\/logo-main.png","width":300,"height":50,"caption":"Krist\u012bne RR SIA"},"image":{"@id":"https:\/\/apavivisiem.lv\/#\/schema\/logo\/image\/"},"sameAs":["https:\/\/www.facebook.com\/apavivisiem","https:\/\/www.instagram.com\/apavivisiem\/"]}]}},"lang":"et","translations":{"en":42945,"lv":309,"lt":50525,"et":50607},"pll_sync_post":[],"_links":{"self":[{"href":"https:\/\/apavivisiem.lv\/index.php?rest_route=\/wp\/v2\/pages\/50607","targetHints":{"allow":["GET"]}}],"collection":[{"href":"https:\/\/apavivisiem.lv\/index.php?rest_route=\/wp\/v2\/pages"}],"about":[{"href":"https:\/\/apavivisiem.lv\/index.php?rest_route=\/wp\/v2\/types\/page"}],"author":[{"embeddable":true,"href":"https:\/\/apavivisiem.lv\/index.php?rest_route=\/wp\/v2\/users\/1"}],"replies":[{"embeddable":true,"href":"https:\/\/apavivisiem.lv\/index.php?rest_route=%2Fwp%2Fv2%2Fcomments&post=50607"}],"version-history":[{"count":0,"href":"https:\/\/apavivisiem.lv\/index.php?rest_route=\/wp\/v2\/pages\/50607\/revisions"}],"wp:attachment":[{"href":"https:\/\/apavivisiem.lv\/index.php?rest_route=%2Fwp%2Fv2%2Fmedia&parent=50607"}],"curies":[{"name":"wp","href":"https:\/\/api.w.org\/{rel}","templated":true}]}}