{"id":81,"date":"2013-08-11T19:22:53","date_gmt":"2013-08-11T16:22:53","guid":{"rendered":"http:\/\/localhost:8888\/test\/?page_id=532"},"modified":"2024-04-22T23:35:19","modified_gmt":"2024-04-22T20:35:19","slug":"kontakti","status":"publish","type":"page","link":"https:\/\/apavivisiem.lv\/?page_id=81","title":{"rendered":"Kontakti"},"content":{"rendered":"\n<div class=\"row\"  id=\"row-851541999\">\n\n\n\t<div id=\"col-1002348779\" class=\"col medium-6 large-6\"  >\n\t\t\t\t<div class=\"col-inner\"  >\n\t\t\t\n\t\t\t\n\n<div class=\"container section-title-container\" ><h3 class=\"section-title section-title-normal\"><b aria-hidden=\"true\"><\/b><span class=\"section-title-main\" >Bie\u017ei uzdotie jaut\u0101jumi<\/span><b aria-hidden=\"true\"><\/b><\/h3><\/div>\n\n<p class=\"lead\">L\u016bdzu, izlasiet m\u016bsu BUJ, pirms s\u016btat mums zi\u0146ojumu.<\/p>\n<div class=\"accordion\">\n\n\t<div id=\"accordion-405465177\" class=\"accordion-item\">\n\t\t<a id=\"accordion-405465177-label\" class=\"accordion-title plain\" href=\"#accordion-item-kuri-maks\u0101juma-veidi-tiek-pie\u0146emti-interneta-veikal\u0101?\" aria-expanded=\"false\" aria-controls=\"accordion-405465177-content\">\n\t\t\t<button class=\"toggle\" aria-label=\"Toggle\"><i class=\"icon-angle-down\" aria-hidden=\"true\"><\/i><\/button>\n\t\t\t<span>Kuri maks\u0101juma veidi tiek pie\u0146emti interneta veikal\u0101?<\/span>\n\t\t<\/a>\n\t\t<div id=\"accordion-405465177-content\" class=\"accordion-inner\" aria-labelledby=\"accordion-405465177-label\">\n\t\t\t\n\n<p>Maks\u0101juma veidi:<\/p>\n<p>&#8211; maks\u0101juma kartes;<br \/>\n&#8211; internet-banka (Luminor, Swedbank, SEB, Citadele).<\/p>\n\n\t\t<\/div>\n\t<\/div>\n\t\n\t<div id=\"accordion-3201497560\" class=\"accordion-item\">\n\t\t<a id=\"accordion-3201497560-label\" class=\"accordion-title plain\" href=\"#accordion-item-cik-dro\u0161a-ir-iepirk\u0161an\u0101s-interneta-veikal\u0101?-vai-mani-dati-ir-aizsarg\u0101ti?\" aria-expanded=\"false\" aria-controls=\"accordion-3201497560-content\">\n\t\t\t<button class=\"toggle\" aria-label=\"Toggle\"><i class=\"icon-angle-down\" aria-hidden=\"true\"><\/i><\/button>\n\t\t\t<span>Cik dro\u0161a ir iepirk\u0161an\u0101s interneta veikal\u0101? Vai mani dati ir aizsarg\u0101ti?<\/span>\n\t\t<\/a>\n\t\t<div id=\"accordion-3201497560-content\" class=\"accordion-inner\" aria-labelledby=\"accordion-3201497560-label\">\n\t\t\t\n\n<p>M\u016bsu tie\u0161saistes veikals tiks izstr\u0101d\u0101ts, iev\u0113rojot visus nepiecie\u0161amos dro\u0161\u012bbas pas\u0101kumus. J\u016bsu dati ir dro\u0161i aizsarg\u0101ti un netiek nodoti tre\u0161aj\u0101m pus\u0113m.<br \/>\nMaks\u0101jumu pie\u0146em\u0161anas pakalpojumu nodro\u0161ina Luminor banka. Viss nor\u0113\u0137inu process notiek sist\u0113m\u0101, kuru izstr\u0101d\u0101jusi un kontrol\u0113 Luminor banka.<\/p>\n\n\t\t<\/div>\n\t<\/div>\n\t\n\t<div id=\"accordion-4233962857\" class=\"accordion-item\">\n\t\t<a id=\"accordion-4233962857-label\" class=\"accordion-title plain\" href=\"#accordion-item-k\u0101das-ir-interneta-veikala-pas\u016bt\u012bjumu-pieg\u0101des-izmaksas?\" aria-expanded=\"false\" aria-controls=\"accordion-4233962857-content\">\n\t\t\t<button class=\"toggle\" aria-label=\"Toggle\"><i class=\"icon-angle-down\" aria-hidden=\"true\"><\/i><\/button>\n\t\t\t<span>K\u0101das ir interneta veikala pas\u016bt\u012bjumu pieg\u0101des izmaksas?<\/span>\n\t\t<\/a>\n\t\t<div id=\"accordion-4233962857-content\" class=\"accordion-inner\" aria-labelledby=\"accordion-4233962857-label\">\n\t\t\t\n\n<p>Pieg\u0101des izmaksas:<\/p>\n<p>&#8211; Omniva pakom\u0101ts: \u20ac3.50;<br \/>\n&#8211; pirkumiem virs \u20ac50.00: bezmaksas.<\/p>\n\n\t\t<\/div>\n\t<\/div>\n\t\n\t<div id=\"accordion-3273208087\" class=\"accordion-item\">\n\t\t<a id=\"accordion-3273208087-label\" class=\"accordion-title plain\" href=\"#accordion-item-cik-ilgu-laiku-aiz\u0146em-pieg\u0101de?\" aria-expanded=\"false\" aria-controls=\"accordion-3273208087-content\">\n\t\t\t<button class=\"toggle\" aria-label=\"Toggle\"><i class=\"icon-angle-down\" aria-hidden=\"true\"><\/i><\/button>\n\t\t\t<span>Cik ilgu laiku aiz\u0146em pieg\u0101de?<\/span>\n\t\t<\/a>\n\t\t<div id=\"accordion-3273208087-content\" class=\"accordion-inner\" aria-labelledby=\"accordion-3273208087-label\">\n\t\t\t\n\n<p>Pieg\u0101des laiks un izmaksas atkar\u012bgas no izv\u0113l\u0113t\u0101s opcijas:<\/p>\n<p>&#8211; sa\u0146em\u0161ana Siguldas veikal\u0101: 1-2 darba dienas;<br \/>\n&#8211; standarta pieg\u0101de: 2-4 darba dienas.<\/p>\n\n\t\t<\/div>\n\t<\/div>\n\t\n\n<\/div>\n\n\t\t<\/div>\n\t\t\t\t\t<\/div>\n\n\t\n\n\t<div id=\"col-1237879086\" class=\"col medium-6 large-6\"  >\n\t\t\t\t<div class=\"col-inner\"  >\n\t\t\t\n\t\t\t\n\n<div class=\"container section-title-container\" ><h3 class=\"section-title section-title-normal\"><b aria-hidden=\"true\"><\/b><span class=\"section-title-main\" >Nos\u016btiet mums zi\u0146u<\/span><b aria-hidden=\"true\"><\/b><\/h3><\/div>\n\n\n<div class=\"wpcf7 no-js\" id=\"wpcf7-f9213-o1\" lang=\"lv\" dir=\"ltr\" data-wpcf7-id=\"9213\">\n<div class=\"screen-reader-response\"><p role=\"status\" aria-live=\"polite\" aria-atomic=\"true\"><\/p> <ul><\/ul><\/div>\n<form action=\"\/index.php?rest_route=%2Fwp%2Fv2%2Fpages%2F81#wpcf7-f9213-o1\" method=\"post\" class=\"wpcf7-form init\" aria-label=\"Contact form\" novalidate=\"novalidate\" data-status=\"init\">\n<fieldset class=\"hidden-fields-container\"><input type=\"hidden\" name=\"_wpcf7\" value=\"9213\" \/><input type=\"hidden\" name=\"_wpcf7_version\" value=\"6.1.4\" \/><input type=\"hidden\" name=\"_wpcf7_locale\" value=\"lv\" \/><input type=\"hidden\" name=\"_wpcf7_unit_tag\" value=\"wpcf7-f9213-o1\" \/><input type=\"hidden\" name=\"_wpcf7_container_post\" value=\"0\" \/><input type=\"hidden\" name=\"_wpcf7_posted_data_hash\" value=\"\" \/><input type=\"hidden\" name=\"_wpcf7_recaptcha_response\" value=\"\" \/>\n<\/fieldset>\n<div class=\"form-flat\">\n\t<p><label>J\u016bsu v\u0101rds<\/label><br \/>\n<span class=\"wpcf7-form-control-wrap\" data-name=\"your-name\"><input size=\"40\" maxlength=\"400\" class=\"wpcf7-form-control wpcf7-text wpcf7-validates-as-required\" aria-required=\"true\" aria-invalid=\"false\" value=\"\" type=\"text\" name=\"your-name\" \/><\/span>\n\t<\/p>\n\t<p><label>J\u016bsu epasts<\/label><br \/>\n<span class=\"wpcf7-form-control-wrap\" data-name=\"your-email\"><input size=\"40\" maxlength=\"400\" class=\"wpcf7-form-control wpcf7-email wpcf7-validates-as-required wpcf7-text wpcf7-validates-as-email\" aria-required=\"true\" aria-invalid=\"false\" value=\"\" type=\"email\" name=\"your-email\" \/><\/span>\n\t<\/p>\n\t<p><label>J\u016bsu zi\u0146a<\/label><br \/>\n<span class=\"wpcf7-form-control-wrap\" data-name=\"your-message\"><textarea cols=\"40\" rows=\"10\" maxlength=\"2000\" class=\"wpcf7-form-control wpcf7-textarea\" aria-invalid=\"false\" name=\"your-message\"><\/textarea><\/span>\n\t<\/p>\n\t<p><input class=\"wpcf7-form-control wpcf7-submit has-spinner button\" type=\"submit\" value=\"S\u016bt\u012bt\" \/>\n\t<\/p>\n<\/div><div class=\"wpcf7-response-output\" aria-hidden=\"true\"><\/div>\n<\/form>\n<\/div>\n\n\n\n\t\t<\/div>\n\t\t\t\t\t<\/div>\n\n\t\n\n<\/div>\n<p>&nbsp;<\/p>\n\n","protected":false},"excerpt":{"rendered":"","protected":false},"author":1,"featured_media":17,"parent":0,"menu_order":0,"comment_status":"closed","ping_status":"closed","template":"page-blank.php","meta":{"footnotes":""},"class_list":["post-81","page","type-page","status-publish","has-post-thumbnail","hentry"],"yoast_head":"<!-- This site is optimized with the Yoast SEO plugin v26.6 - https:\/\/yoast.com\/wordpress\/plugins\/seo\/ -->\n<title>Kontakti - Apavivisiem.lv | Z\u012bmolu apavu outlet<\/title>\n<meta name=\"description\" content=\"Popul\u0101ro z\u012bmolu botas, \u010d\u012bbas, kurpes, sandales, z\u0101baki un citi apavu mode\u013ci. Iep\u0113rcies internet\u0101 un tavu pirkumu pieg\u0101d\u0101sim vis\u0101 Latvij\u0101.\" \/>\n<meta name=\"robots\" content=\"index, follow, max-snippet:-1, max-image-preview:large, max-video-preview:-1\" \/>\n<link rel=\"canonical\" href=\"https:\/\/apavivisiem.lv\/?page_id=81\" \/>\n<meta property=\"og:locale\" content=\"lv_LV\" \/>\n<meta property=\"og:type\" content=\"article\" \/>\n<meta property=\"og:title\" content=\"Kontakti - Apavivisiem.lv | Z\u012bmolu apavu outlet\" \/>\n<meta property=\"og:description\" content=\"Popul\u0101ro z\u012bmolu botas, \u010d\u012bbas, kurpes, sandales, z\u0101baki un citi apavu mode\u013ci. Iep\u0113rcies internet\u0101 un tavu pirkumu pieg\u0101d\u0101sim vis\u0101 Latvij\u0101.\" \/>\n<meta property=\"og:url\" content=\"https:\/\/apavivisiem.lv\/?page_id=81\" \/>\n<meta property=\"og:site_name\" content=\"Apavu Outlet\" \/>\n<meta property=\"article:publisher\" content=\"https:\/\/www.facebook.com\/apavivisiem\" \/>\n<meta property=\"article:modified_time\" content=\"2024-04-22T20:35:19+00:00\" \/>\n<meta property=\"og:image\" content=\"https:\/\/apavivisiem.lv\/wp-content\/uploads\/2016\/08\/dummy-1.jpg\" \/>\n\t<meta property=\"og:image:width\" content=\"400\" \/>\n\t<meta property=\"og:image:height\" content=\"260\" \/>\n\t<meta property=\"og:image:type\" content=\"image\/jpeg\" \/>\n<meta name=\"twitter:card\" content=\"summary_large_image\" \/>\n<meta name=\"twitter:label1\" content=\"Est. reading time\" \/>\n\t<meta name=\"twitter:data1\" content=\"1 min\u016bte\" \/>\n<script type=\"application\/ld+json\" class=\"yoast-schema-graph\">{\"@context\":\"https:\/\/schema.org\",\"@graph\":[{\"@type\":\"WebPage\",\"@id\":\"https:\/\/apavivisiem.lv\/?page_id=81\",\"url\":\"https:\/\/apavivisiem.lv\/?page_id=81\",\"name\":\"Kontakti - Apavivisiem.lv | Z\u012bmolu apavu outlet\",\"isPartOf\":{\"@id\":\"https:\/\/apavivisiem.lv\/#website\"},\"primaryImageOfPage\":{\"@id\":\"https:\/\/apavivisiem.lv\/?page_id=81#primaryimage\"},\"image\":{\"@id\":\"https:\/\/apavivisiem.lv\/?page_id=81#primaryimage\"},\"thumbnailUrl\":\"https:\/\/apavivisiem.lv\/wp-content\/uploads\/2016\/08\/dummy-1.jpg\",\"datePublished\":\"2013-08-11T16:22:53+00:00\",\"dateModified\":\"2024-04-22T20:35:19+00:00\",\"description\":\"Popul\u0101ro z\u012bmolu botas, \u010d\u012bbas, kurpes, sandales, z\u0101baki un citi apavu mode\u013ci. Iep\u0113rcies internet\u0101 un tavu pirkumu pieg\u0101d\u0101sim vis\u0101 Latvij\u0101.\",\"breadcrumb\":{\"@id\":\"https:\/\/apavivisiem.lv\/?page_id=81#breadcrumb\"},\"inLanguage\":\"lv-LV\",\"potentialAction\":[{\"@type\":\"ReadAction\",\"target\":[\"https:\/\/apavivisiem.lv\/?page_id=81\"]}]},{\"@type\":\"ImageObject\",\"inLanguage\":\"lv-LV\",\"@id\":\"https:\/\/apavivisiem.lv\/?page_id=81#primaryimage\",\"url\":\"https:\/\/apavivisiem.lv\/wp-content\/uploads\/2016\/08\/dummy-1.jpg\",\"contentUrl\":\"https:\/\/apavivisiem.lv\/wp-content\/uploads\/2016\/08\/dummy-1.jpg\",\"width\":400,\"height\":260},{\"@type\":\"BreadcrumbList\",\"@id\":\"https:\/\/apavivisiem.lv\/?page_id=81#breadcrumb\",\"itemListElement\":[{\"@type\":\"ListItem\",\"position\":1,\"name\":\"Galven\u0101\",\"item\":\"https:\/\/apavivisiem.lv\/en\/\"},{\"@type\":\"ListItem\",\"position\":2,\"name\":\"Kontakti\"}]},{\"@type\":\"WebSite\",\"@id\":\"https:\/\/apavivisiem.lv\/#website\",\"url\":\"https:\/\/apavivisiem.lv\/\",\"name\":\"Apavu Outlet\",\"description\":\"Popul\u0101ro paz\u012bstamo z\u012bmolu apavi\",\"publisher\":{\"@id\":\"https:\/\/apavivisiem.lv\/#organization\"},\"potentialAction\":[{\"@type\":\"SearchAction\",\"target\":{\"@type\":\"EntryPoint\",\"urlTemplate\":\"https:\/\/apavivisiem.lv\/?s={search_term_string}\"},\"query-input\":{\"@type\":\"PropertyValueSpecification\",\"valueRequired\":true,\"valueName\":\"search_term_string\"}}],\"inLanguage\":\"lv-LV\"},{\"@type\":\"Organization\",\"@id\":\"https:\/\/apavivisiem.lv\/#organization\",\"name\":\"Krist\u012bne RR SIA\",\"url\":\"https:\/\/apavivisiem.lv\/\",\"logo\":{\"@type\":\"ImageObject\",\"inLanguage\":\"lv-LV\",\"@id\":\"https:\/\/apavivisiem.lv\/#\/schema\/logo\/image\/\",\"url\":\"https:\/\/apavivisiem.lv\/wp-content\/uploads\/2021\/03\/logo-main.png\",\"contentUrl\":\"https:\/\/apavivisiem.lv\/wp-content\/uploads\/2021\/03\/logo-main.png\",\"width\":300,\"height\":50,\"caption\":\"Krist\u012bne RR SIA\"},\"image\":{\"@id\":\"https:\/\/apavivisiem.lv\/#\/schema\/logo\/image\/\"},\"sameAs\":[\"https:\/\/www.facebook.com\/apavivisiem\",\"https:\/\/www.instagram.com\/apavivisiem\/\"]}]}<\/script>\n<!-- \/ Yoast SEO plugin. -->","yoast_head_json":{"title":"Kontakti - Apavivisiem.lv | Z\u012bmolu apavu outlet","description":"Popul\u0101ro z\u012bmolu botas, \u010d\u012bbas, kurpes, sandales, z\u0101baki un citi apavu mode\u013ci. Iep\u0113rcies internet\u0101 un tavu pirkumu pieg\u0101d\u0101sim vis\u0101 Latvij\u0101.","robots":{"index":"index","follow":"follow","max-snippet":"max-snippet:-1","max-image-preview":"max-image-preview:large","max-video-preview":"max-video-preview:-1"},"canonical":"https:\/\/apavivisiem.lv\/?page_id=81","og_locale":"lv_LV","og_type":"article","og_title":"Kontakti - Apavivisiem.lv | Z\u012bmolu apavu outlet","og_description":"Popul\u0101ro z\u012bmolu botas, \u010d\u012bbas, kurpes, sandales, z\u0101baki un citi apavu mode\u013ci. Iep\u0113rcies internet\u0101 un tavu pirkumu pieg\u0101d\u0101sim vis\u0101 Latvij\u0101.","og_url":"https:\/\/apavivisiem.lv\/?page_id=81","og_site_name":"Apavu Outlet","article_publisher":"https:\/\/www.facebook.com\/apavivisiem","article_modified_time":"2024-04-22T20:35:19+00:00","og_image":[{"width":400,"height":260,"url":"https:\/\/apavivisiem.lv\/wp-content\/uploads\/2016\/08\/dummy-1.jpg","type":"image\/jpeg"}],"twitter_card":"summary_large_image","twitter_misc":{"Est. reading time":"1 min\u016bte"},"schema":{"@context":"https:\/\/schema.org","@graph":[{"@type":"WebPage","@id":"https:\/\/apavivisiem.lv\/?page_id=81","url":"https:\/\/apavivisiem.lv\/?page_id=81","name":"Kontakti - Apavivisiem.lv | Z\u012bmolu apavu outlet","isPartOf":{"@id":"https:\/\/apavivisiem.lv\/#website"},"primaryImageOfPage":{"@id":"https:\/\/apavivisiem.lv\/?page_id=81#primaryimage"},"image":{"@id":"https:\/\/apavivisiem.lv\/?page_id=81#primaryimage"},"thumbnailUrl":"https:\/\/apavivisiem.lv\/wp-content\/uploads\/2016\/08\/dummy-1.jpg","datePublished":"2013-08-11T16:22:53+00:00","dateModified":"2024-04-22T20:35:19+00:00","description":"Popul\u0101ro z\u012bmolu botas, \u010d\u012bbas, kurpes, sandales, z\u0101baki un citi apavu mode\u013ci. Iep\u0113rcies internet\u0101 un tavu pirkumu pieg\u0101d\u0101sim vis\u0101 Latvij\u0101.","breadcrumb":{"@id":"https:\/\/apavivisiem.lv\/?page_id=81#breadcrumb"},"inLanguage":"lv-LV","potentialAction":[{"@type":"ReadAction","target":["https:\/\/apavivisiem.lv\/?page_id=81"]}]},{"@type":"ImageObject","inLanguage":"lv-LV","@id":"https:\/\/apavivisiem.lv\/?page_id=81#primaryimage","url":"https:\/\/apavivisiem.lv\/wp-content\/uploads\/2016\/08\/dummy-1.jpg","contentUrl":"https:\/\/apavivisiem.lv\/wp-content\/uploads\/2016\/08\/dummy-1.jpg","width":400,"height":260},{"@type":"BreadcrumbList","@id":"https:\/\/apavivisiem.lv\/?page_id=81#breadcrumb","itemListElement":[{"@type":"ListItem","position":1,"name":"Galven\u0101","item":"https:\/\/apavivisiem.lv\/en\/"},{"@type":"ListItem","position":2,"name":"Kontakti"}]},{"@type":"WebSite","@id":"https:\/\/apavivisiem.lv\/#website","url":"https:\/\/apavivisiem.lv\/","name":"Apavu Outlet","description":"Popul\u0101ro paz\u012bstamo z\u012bmolu apavi","publisher":{"@id":"https:\/\/apavivisiem.lv\/#organization"},"potentialAction":[{"@type":"SearchAction","target":{"@type":"EntryPoint","urlTemplate":"https:\/\/apavivisiem.lv\/?s={search_term_string}"},"query-input":{"@type":"PropertyValueSpecification","valueRequired":true,"valueName":"search_term_string"}}],"inLanguage":"lv-LV"},{"@type":"Organization","@id":"https:\/\/apavivisiem.lv\/#organization","name":"Krist\u012bne RR SIA","url":"https:\/\/apavivisiem.lv\/","logo":{"@type":"ImageObject","inLanguage":"lv-LV","@id":"https:\/\/apavivisiem.lv\/#\/schema\/logo\/image\/","url":"https:\/\/apavivisiem.lv\/wp-content\/uploads\/2021\/03\/logo-main.png","contentUrl":"https:\/\/apavivisiem.lv\/wp-content\/uploads\/2021\/03\/logo-main.png","width":300,"height":50,"caption":"Krist\u012bne RR SIA"},"image":{"@id":"https:\/\/apavivisiem.lv\/#\/schema\/logo\/image\/"},"sameAs":["https:\/\/www.facebook.com\/apavivisiem","https:\/\/www.instagram.com\/apavivisiem\/"]}]}},"lang":"lv","translations":{"en":42766,"lv":81,"lt":50512,"et":50593},"pll_sync_post":[],"_links":{"self":[{"href":"https:\/\/apavivisiem.lv\/index.php?rest_route=\/wp\/v2\/pages\/81","targetHints":{"allow":["GET"]}}],"collection":[{"href":"https:\/\/apavivisiem.lv\/index.php?rest_route=\/wp\/v2\/pages"}],"about":[{"href":"https:\/\/apavivisiem.lv\/index.php?rest_route=\/wp\/v2\/types\/page"}],"author":[{"embeddable":true,"href":"https:\/\/apavivisiem.lv\/index.php?rest_route=\/wp\/v2\/users\/1"}],"replies":[{"embeddable":true,"href":"https:\/\/apavivisiem.lv\/index.php?rest_route=%2Fwp%2Fv2%2Fcomments&post=81"}],"version-history":[{"count":0,"href":"https:\/\/apavivisiem.lv\/index.php?rest_route=\/wp\/v2\/pages\/81\/revisions"}],"wp:featuredmedia":[{"embeddable":true,"href":"https:\/\/apavivisiem.lv\/index.php?rest_route=\/wp\/v2\/media\/17"}],"wp:attachment":[{"href":"https:\/\/apavivisiem.lv\/index.php?rest_route=%2Fwp%2Fv2%2Fmedia&parent=81"}],"curies":[{"name":"wp","href":"https:\/\/api.w.org\/{rel}","templated":true}]}}