{"id":9144,"date":"2021-03-20T14:16:50","date_gmt":"2021-03-20T12:16:50","guid":{"rendered":"https:\/\/apavi.digitalflex.co\/?page_id=9144"},"modified":"2025-06-30T12:44:51","modified_gmt":"2025-06-30T09:44:51","slug":"precu-atgriesana","status":"publish","type":"page","link":"https:\/\/apavivisiem.lv\/?page_id=9144","title":{"rendered":"Pre\u010du atgrie\u0161ana"},"content":{"rendered":"\n<h2 class=\"uppercase\">PRE\u010cU ATGRIE\u0160ANA<\/h2>\n\t<div id=\"gap-2103106633\" class=\"gap-element clearfix\" style=\"display:block; height:auto;\">\n\t\t\n<style>\n#gap-2103106633 {\n  padding-top: 30px;\n}\n<\/style>\n\t<\/div>\n\t\n\n<p>\u0160ie atgrie\u0161anas noteikumi der\u012bgi tikai p\u0113rkot internet\u0101, citos gad\u012bjumos atgrie\u0161anas d\u0113\u013c vajag sazin\u0101ties ar to pa\u0161u veikalu, kur\u0101 preci ieg\u0101d\u0101j\u0101ties.<\/p>\n<p>Jums ir pat <strong>14 dienas<\/strong>, lai izlemtu par nopirkto preci! Prec\u0113m, kuras ieg\u0101d\u0101tas internetveikal\u0101, piem\u0113rojams 14 dienu atgrie\u0161anas termi\u0146\u0161, skaitot no pas\u016bt\u012bjuma sa\u0146em\u0161anas datuma.<\/p>\n<p>\u00a0Interneta veikal\u0101 ieg\u0101d\u0101t\u0101s preces <strong>atgrie\u0161anas izdevumus uz\u0146emas pirc\u0113js<\/strong>! <span style=\"font-size: 14.4px;\">Preci var atgriezt uz Omnivas pakom\u0101tu <\/span><strong>Siguldas T\/C G\u0101les Nams pakom\u0101ts<span style=\"font-size: 14.4px;\">!<\/span><\/strong><\/p>\n<p>(atgriezt\u0101s preces sa\u0146em\u0161anai nor\u0101dot tel.nr. <strong>26271021<\/strong>)<\/p>\n<p>Atgrie\u0161anas gad\u012bjum\u0101 par preci samaks\u0101t\u0101 nauda tiek p\u0101rskait\u012bta uz J\u016bsu nor\u0101d\u012bto kontu 14 dienu laik\u0101.<\/p>\n<p>Ja nepiecie\u0161ams atgriezt ieg\u0101d\u0101to preci, neskaidr\u012bbu gad\u012bjum\u0101 l\u016bdzam ar mums sazin\u0101ties:<\/p>\n<p><a href=\"mailto:e-veikals@apavivisiem.lv\">e-veikals@apavivisiem.lv<\/a><\/p>\n<p><strong>SVAR\u012aGI:<\/strong> Prece atgrie\u0161anai nedr\u012bkst b\u016bt n\u0113s\u0101ta, saboj\u0101ta vai cit\u0101 veid\u0101 boj\u0101ta. Precei j\u0101b\u016bt ar vis\u0101m ori\u0123in\u0101laj\u0101m eti\u0137et\u0113m, cenu birk\u0101m\/uzl\u012bm\u0113m un iepakojumu. T\u0101p\u0113c iesak\u0101m uzman\u012bgi atv\u0113rt preces iepakojumu. Atgrie\u0161ana pie\u0146emama tikai pareizi sagatavojot s\u016bt\u012bjumu.<\/p>\n<h3 id=\"tw-target-text\" class=\"tw-data-text tw-text-large tw-ta\" dir=\"ltr\" data-placeholder=\"Tulkojums\" data-ved=\"2ahUKEwiSlOzRkLmNAxUzGhAIHdhMAL0Q3ewLegQICRAV\" aria-label=\"Tulkotais teksts: Atgrie\u017eot preci, OBLIG\u0100TI j\u0101iek\u013cauj pirkuma dokuments.\"><strong><span class=\"Y2IQFc\" lang=\"lv\">Atgrie\u017eot preci, OBLIG\u0100TI j\u0101iek\u013cauj pirkuma dokuments.(priek\u0161apmaksas re\u0137ins vai pavadz\u012bmi!)<\/span><\/strong><\/h3>\n\n\n","protected":false},"excerpt":{"rendered":"","protected":false},"author":1,"featured_media":0,"parent":0,"menu_order":0,"comment_status":"closed","ping_status":"closed","template":"","meta":{"footnotes":""},"class_list":["post-9144","page","type-page","status-publish","hentry"],"yoast_head":"<!-- This site is optimized with the Yoast SEO plugin v26.6 - https:\/\/yoast.com\/wordpress\/plugins\/seo\/ -->\n<title>Pre\u010du atgrie\u0161ana - Apavivisiem.lv | Z\u012bmolu apavi. Atlaides l\u012bdz 80%.<\/title>\n<meta name=\"description\" content=\"Apavu interneta veikals. Popul\u0101rie z\u012bmolu. Da\u017e\u0101da veida apavi. Pievilc\u012bgas cenas. Atlaides l\u012bdz 80%. Pieg\u0101de vis\u0101 Latvij\u0101.\" \/>\n<meta name=\"robots\" content=\"index, follow, max-snippet:-1, max-image-preview:large, max-video-preview:-1\" \/>\n<link rel=\"canonical\" href=\"https:\/\/apavivisiem.lv\/?page_id=9144\" \/>\n<meta property=\"og:locale\" content=\"lv_LV\" \/>\n<meta property=\"og:type\" content=\"article\" \/>\n<meta property=\"og:title\" content=\"Pre\u010du atgrie\u0161ana - Apavivisiem.lv | Z\u012bmolu apavi. Atlaides l\u012bdz 80%.\" \/>\n<meta property=\"og:description\" content=\"Apavu interneta veikals. Popul\u0101rie z\u012bmolu. Da\u017e\u0101da veida apavi. Pievilc\u012bgas cenas. Atlaides l\u012bdz 80%. Pieg\u0101de vis\u0101 Latvij\u0101.\" \/>\n<meta property=\"og:url\" content=\"https:\/\/apavivisiem.lv\/?page_id=9144\" \/>\n<meta property=\"og:site_name\" content=\"Apavu Outlet\" \/>\n<meta property=\"article:publisher\" content=\"https:\/\/www.facebook.com\/apavivisiem\" \/>\n<meta property=\"article:modified_time\" content=\"2025-06-30T09:44:51+00:00\" \/>\n<meta name=\"twitter:card\" content=\"summary_large_image\" \/>\n<script type=\"application\/ld+json\" class=\"yoast-schema-graph\">{\"@context\":\"https:\/\/schema.org\",\"@graph\":[{\"@type\":\"WebPage\",\"@id\":\"https:\/\/apavivisiem.lv\/?page_id=9144\",\"url\":\"https:\/\/apavivisiem.lv\/?page_id=9144\",\"name\":\"Pre\u010du atgrie\u0161ana - Apavivisiem.lv | Z\u012bmolu apavi. Atlaides l\u012bdz 80%.\",\"isPartOf\":{\"@id\":\"https:\/\/apavivisiem.lv\/#website\"},\"datePublished\":\"2021-03-20T12:16:50+00:00\",\"dateModified\":\"2025-06-30T09:44:51+00:00\",\"description\":\"Apavu interneta veikals. Popul\u0101rie z\u012bmolu. Da\u017e\u0101da veida apavi. Pievilc\u012bgas cenas. Atlaides l\u012bdz 80%. Pieg\u0101de vis\u0101 Latvij\u0101.\",\"breadcrumb\":{\"@id\":\"https:\/\/apavivisiem.lv\/?page_id=9144#breadcrumb\"},\"inLanguage\":\"lv-LV\",\"potentialAction\":[{\"@type\":\"ReadAction\",\"target\":[\"https:\/\/apavivisiem.lv\/?page_id=9144\"]}]},{\"@type\":\"BreadcrumbList\",\"@id\":\"https:\/\/apavivisiem.lv\/?page_id=9144#breadcrumb\",\"itemListElement\":[{\"@type\":\"ListItem\",\"position\":1,\"name\":\"Galven\u0101\",\"item\":\"https:\/\/apavivisiem.lv\/en\/\"},{\"@type\":\"ListItem\",\"position\":2,\"name\":\"Pre\u010du atgrie\u0161ana\"}]},{\"@type\":\"WebSite\",\"@id\":\"https:\/\/apavivisiem.lv\/#website\",\"url\":\"https:\/\/apavivisiem.lv\/\",\"name\":\"Apavu Outlet\",\"description\":\"Popul\u0101ro paz\u012bstamo z\u012bmolu apavi\",\"publisher\":{\"@id\":\"https:\/\/apavivisiem.lv\/#organization\"},\"potentialAction\":[{\"@type\":\"SearchAction\",\"target\":{\"@type\":\"EntryPoint\",\"urlTemplate\":\"https:\/\/apavivisiem.lv\/?s={search_term_string}\"},\"query-input\":{\"@type\":\"PropertyValueSpecification\",\"valueRequired\":true,\"valueName\":\"search_term_string\"}}],\"inLanguage\":\"lv-LV\"},{\"@type\":\"Organization\",\"@id\":\"https:\/\/apavivisiem.lv\/#organization\",\"name\":\"Krist\u012bne RR SIA\",\"url\":\"https:\/\/apavivisiem.lv\/\",\"logo\":{\"@type\":\"ImageObject\",\"inLanguage\":\"lv-LV\",\"@id\":\"https:\/\/apavivisiem.lv\/#\/schema\/logo\/image\/\",\"url\":\"https:\/\/apavivisiem.lv\/wp-content\/uploads\/2021\/03\/logo-main.png\",\"contentUrl\":\"https:\/\/apavivisiem.lv\/wp-content\/uploads\/2021\/03\/logo-main.png\",\"width\":300,\"height\":50,\"caption\":\"Krist\u012bne RR SIA\"},\"image\":{\"@id\":\"https:\/\/apavivisiem.lv\/#\/schema\/logo\/image\/\"},\"sameAs\":[\"https:\/\/www.facebook.com\/apavivisiem\",\"https:\/\/www.instagram.com\/apavivisiem\/\"]}]}<\/script>\n<!-- \/ Yoast SEO plugin. -->","yoast_head_json":{"title":"Pre\u010du atgrie\u0161ana - Apavivisiem.lv | Z\u012bmolu apavi. Atlaides l\u012bdz 80%.","description":"Apavu interneta veikals. Popul\u0101rie z\u012bmolu. Da\u017e\u0101da veida apavi. Pievilc\u012bgas cenas. Atlaides l\u012bdz 80%. Pieg\u0101de vis\u0101 Latvij\u0101.","robots":{"index":"index","follow":"follow","max-snippet":"max-snippet:-1","max-image-preview":"max-image-preview:large","max-video-preview":"max-video-preview:-1"},"canonical":"https:\/\/apavivisiem.lv\/?page_id=9144","og_locale":"lv_LV","og_type":"article","og_title":"Pre\u010du atgrie\u0161ana - Apavivisiem.lv | Z\u012bmolu apavi. Atlaides l\u012bdz 80%.","og_description":"Apavu interneta veikals. Popul\u0101rie z\u012bmolu. Da\u017e\u0101da veida apavi. Pievilc\u012bgas cenas. Atlaides l\u012bdz 80%. Pieg\u0101de vis\u0101 Latvij\u0101.","og_url":"https:\/\/apavivisiem.lv\/?page_id=9144","og_site_name":"Apavu Outlet","article_publisher":"https:\/\/www.facebook.com\/apavivisiem","article_modified_time":"2025-06-30T09:44:51+00:00","twitter_card":"summary_large_image","schema":{"@context":"https:\/\/schema.org","@graph":[{"@type":"WebPage","@id":"https:\/\/apavivisiem.lv\/?page_id=9144","url":"https:\/\/apavivisiem.lv\/?page_id=9144","name":"Pre\u010du atgrie\u0161ana - Apavivisiem.lv | Z\u012bmolu apavi. Atlaides l\u012bdz 80%.","isPartOf":{"@id":"https:\/\/apavivisiem.lv\/#website"},"datePublished":"2021-03-20T12:16:50+00:00","dateModified":"2025-06-30T09:44:51+00:00","description":"Apavu interneta veikals. Popul\u0101rie z\u012bmolu. Da\u017e\u0101da veida apavi. Pievilc\u012bgas cenas. Atlaides l\u012bdz 80%. Pieg\u0101de vis\u0101 Latvij\u0101.","breadcrumb":{"@id":"https:\/\/apavivisiem.lv\/?page_id=9144#breadcrumb"},"inLanguage":"lv-LV","potentialAction":[{"@type":"ReadAction","target":["https:\/\/apavivisiem.lv\/?page_id=9144"]}]},{"@type":"BreadcrumbList","@id":"https:\/\/apavivisiem.lv\/?page_id=9144#breadcrumb","itemListElement":[{"@type":"ListItem","position":1,"name":"Galven\u0101","item":"https:\/\/apavivisiem.lv\/en\/"},{"@type":"ListItem","position":2,"name":"Pre\u010du atgrie\u0161ana"}]},{"@type":"WebSite","@id":"https:\/\/apavivisiem.lv\/#website","url":"https:\/\/apavivisiem.lv\/","name":"Apavu Outlet","description":"Popul\u0101ro paz\u012bstamo z\u012bmolu apavi","publisher":{"@id":"https:\/\/apavivisiem.lv\/#organization"},"potentialAction":[{"@type":"SearchAction","target":{"@type":"EntryPoint","urlTemplate":"https:\/\/apavivisiem.lv\/?s={search_term_string}"},"query-input":{"@type":"PropertyValueSpecification","valueRequired":true,"valueName":"search_term_string"}}],"inLanguage":"lv-LV"},{"@type":"Organization","@id":"https:\/\/apavivisiem.lv\/#organization","name":"Krist\u012bne RR SIA","url":"https:\/\/apavivisiem.lv\/","logo":{"@type":"ImageObject","inLanguage":"lv-LV","@id":"https:\/\/apavivisiem.lv\/#\/schema\/logo\/image\/","url":"https:\/\/apavivisiem.lv\/wp-content\/uploads\/2021\/03\/logo-main.png","contentUrl":"https:\/\/apavivisiem.lv\/wp-content\/uploads\/2021\/03\/logo-main.png","width":300,"height":50,"caption":"Krist\u012bne RR SIA"},"image":{"@id":"https:\/\/apavivisiem.lv\/#\/schema\/logo\/image\/"},"sameAs":["https:\/\/www.facebook.com\/apavivisiem","https:\/\/www.instagram.com\/apavivisiem\/"]}]}},"lang":"lv","translations":{"en":42943,"lv":9144,"lt":50522,"et":50601},"pll_sync_post":[],"_links":{"self":[{"href":"https:\/\/apavivisiem.lv\/index.php?rest_route=\/wp\/v2\/pages\/9144","targetHints":{"allow":["GET"]}}],"collection":[{"href":"https:\/\/apavivisiem.lv\/index.php?rest_route=\/wp\/v2\/pages"}],"about":[{"href":"https:\/\/apavivisiem.lv\/index.php?rest_route=\/wp\/v2\/types\/page"}],"author":[{"embeddable":true,"href":"https:\/\/apavivisiem.lv\/index.php?rest_route=\/wp\/v2\/users\/1"}],"replies":[{"embeddable":true,"href":"https:\/\/apavivisiem.lv\/index.php?rest_route=%2Fwp%2Fv2%2Fcomments&post=9144"}],"version-history":[{"count":4,"href":"https:\/\/apavivisiem.lv\/index.php?rest_route=\/wp\/v2\/pages\/9144\/revisions"}],"predecessor-version":[{"id":186888,"href":"https:\/\/apavivisiem.lv\/index.php?rest_route=\/wp\/v2\/pages\/9144\/revisions\/186888"}],"wp:attachment":[{"href":"https:\/\/apavivisiem.lv\/index.php?rest_route=%2Fwp%2Fv2%2Fmedia&parent=9144"}],"curies":[{"name":"wp","href":"https:\/\/api.w.org\/{rel}","templated":true}]}}