{"id":179376,"date":"2025-05-28T14:23:30","date_gmt":"2025-05-28T11:23:30","guid":{"rendered":"https:\/\/apavivisiem.lv\/?post_type=product&#038;p=179376"},"modified":"2025-05-28T14:23:30","modified_gmt":"2025-05-28T11:23:30","slug":"tommy-hilfiger-crv-reg-gold-btn-polo-swtshrt","status":"publish","type":"product","link":"https:\/\/apavivisiem.lv\/?product=tommy-hilfiger-crv-reg-gold-btn-polo-swtshrt","title":{"rendered":"TOMMY HILFIGER CRV REG GOLD BTN POLO SWTSHRT"},"content":{"rendered":"<p>100% COTTON<\/p>\n","protected":false},"excerpt":{"rendered":"<p><span data-sheets-root=\"1\">TOMMY HILFIGER sievie\u0161u d\u017eemperis. Izm\u0113rs: 48<\/span><\/p>\n","protected":false},"featured_media":179378,"comment_status":"closed","ping_status":"closed","template":"","meta":[],"product_brand":[],"product_cat":[24631,25225],"product_tag":[],"class_list":{"0":"post-179376","1":"product","2":"type-product","3":"status-publish","4":"has-post-thumbnail","6":"product_cat-apgerbi","7":"product_cat-dzemperis","9":"first","10":"instock","11":"sale","12":"taxable","13":"shipping-taxable","14":"purchasable","15":"product-type-variable","16":"has-default-attributes"},"yoast_head":"<!-- This site is optimized with the Yoast SEO plugin v26.6 - https:\/\/yoast.com\/wordpress\/plugins\/seo\/ -->\n<title>TOMMY HILFIGER CRV REG GOLD BTN POLO SWTSHRT - Apavu Outlet<\/title>\n<meta name=\"robots\" content=\"index, follow, max-snippet:-1, max-image-preview:large, max-video-preview:-1\" \/>\n<link rel=\"canonical\" href=\"https:\/\/apavivisiem.lv\/?product=tommy-hilfiger-crv-reg-gold-btn-polo-swtshrt\" \/>\n<meta property=\"og:locale\" content=\"lv_LV\" \/>\n<meta property=\"og:type\" content=\"article\" \/>\n<meta property=\"og:title\" content=\"TOMMY HILFIGER CRV REG GOLD BTN POLO SWTSHRT - Apavu Outlet\" \/>\n<meta property=\"og:description\" content=\"TOMMY HILFIGER sievie\u0161u d\u017eemperis. Izm\u0113rs: 48\" \/>\n<meta property=\"og:url\" content=\"https:\/\/apavivisiem.lv\/?product=tommy-hilfiger-crv-reg-gold-btn-polo-swtshrt\" \/>\n<meta property=\"og:site_name\" content=\"Apavu Outlet\" \/>\n<meta property=\"article:publisher\" content=\"https:\/\/www.facebook.com\/apavivisiem\" \/>\n<meta property=\"og:image\" content=\"https:\/\/apavivisiem.lv\/wp-content\/uploads\/2025\/05\/19edd97d-e99f-4f09-8902-5a44c8d4b6b7.jpg\" \/>\n\t<meta property=\"og:image:width\" content=\"1364\" \/>\n\t<meta property=\"og:image:height\" content=\"1284\" \/>\n\t<meta property=\"og:image:type\" content=\"image\/jpeg\" \/>\n<meta name=\"twitter:card\" content=\"summary_large_image\" \/>\n<meta name=\"twitter:label1\" content=\"Est. reading time\" \/>\n\t<meta name=\"twitter:data1\" content=\"1 min\u016bte\" \/>\n<script type=\"application\/ld+json\" class=\"yoast-schema-graph\">{\"@context\":\"https:\/\/schema.org\",\"@graph\":[{\"@type\":\"WebPage\",\"@id\":\"https:\/\/apavivisiem.lv\/?product=tommy-hilfiger-crv-reg-gold-btn-polo-swtshrt\",\"url\":\"https:\/\/apavivisiem.lv\/?product=tommy-hilfiger-crv-reg-gold-btn-polo-swtshrt\",\"name\":\"TOMMY HILFIGER CRV REG GOLD BTN POLO SWTSHRT - Apavu Outlet\",\"isPartOf\":{\"@id\":\"https:\/\/apavivisiem.lv\/#website\"},\"primaryImageOfPage\":{\"@id\":\"https:\/\/apavivisiem.lv\/?product=tommy-hilfiger-crv-reg-gold-btn-polo-swtshrt#primaryimage\"},\"image\":{\"@id\":\"https:\/\/apavivisiem.lv\/?product=tommy-hilfiger-crv-reg-gold-btn-polo-swtshrt#primaryimage\"},\"thumbnailUrl\":\"https:\/\/apavivisiem.lv\/wp-content\/uploads\/2025\/05\/19edd97d-e99f-4f09-8902-5a44c8d4b6b7.jpg\",\"datePublished\":\"2025-05-28T11:23:30+00:00\",\"breadcrumb\":{\"@id\":\"https:\/\/apavivisiem.lv\/?product=tommy-hilfiger-crv-reg-gold-btn-polo-swtshrt#breadcrumb\"},\"inLanguage\":\"lv-LV\",\"potentialAction\":[{\"@type\":\"ReadAction\",\"target\":[\"https:\/\/apavivisiem.lv\/?product=tommy-hilfiger-crv-reg-gold-btn-polo-swtshrt\"]}]},{\"@type\":\"ImageObject\",\"inLanguage\":\"lv-LV\",\"@id\":\"https:\/\/apavivisiem.lv\/?product=tommy-hilfiger-crv-reg-gold-btn-polo-swtshrt#primaryimage\",\"url\":\"https:\/\/apavivisiem.lv\/wp-content\/uploads\/2025\/05\/19edd97d-e99f-4f09-8902-5a44c8d4b6b7.jpg\",\"contentUrl\":\"https:\/\/apavivisiem.lv\/wp-content\/uploads\/2025\/05\/19edd97d-e99f-4f09-8902-5a44c8d4b6b7.jpg\",\"width\":1364,\"height\":1284,\"caption\":\"TOMMY HILFIGER\"},{\"@type\":\"BreadcrumbList\",\"@id\":\"https:\/\/apavivisiem.lv\/?product=tommy-hilfiger-crv-reg-gold-btn-polo-swtshrt#breadcrumb\",\"itemListElement\":[{\"@type\":\"ListItem\",\"position\":1,\"name\":\"Galven\u0101\",\"item\":\"https:\/\/apavivisiem.lv\/en\/\"},{\"@type\":\"ListItem\",\"position\":2,\"name\":\"Veikals\",\"item\":\"https:\/\/apavivisiem.lv\/?page_id=9\"},{\"@type\":\"ListItem\",\"position\":3,\"name\":\"TOMMY HILFIGER CRV REG GOLD BTN POLO SWTSHRT\"}]},{\"@type\":\"WebSite\",\"@id\":\"https:\/\/apavivisiem.lv\/#website\",\"url\":\"https:\/\/apavivisiem.lv\/\",\"name\":\"Apavu Outlet\",\"description\":\"Popul\u0101ro paz\u012bstamo z\u012bmolu apavi\",\"publisher\":{\"@id\":\"https:\/\/apavivisiem.lv\/#organization\"},\"potentialAction\":[{\"@type\":\"SearchAction\",\"target\":{\"@type\":\"EntryPoint\",\"urlTemplate\":\"https:\/\/apavivisiem.lv\/?s={search_term_string}\"},\"query-input\":{\"@type\":\"PropertyValueSpecification\",\"valueRequired\":true,\"valueName\":\"search_term_string\"}}],\"inLanguage\":\"lv-LV\"},{\"@type\":\"Organization\",\"@id\":\"https:\/\/apavivisiem.lv\/#organization\",\"name\":\"Krist\u012bne RR SIA\",\"url\":\"https:\/\/apavivisiem.lv\/\",\"logo\":{\"@type\":\"ImageObject\",\"inLanguage\":\"lv-LV\",\"@id\":\"https:\/\/apavivisiem.lv\/#\/schema\/logo\/image\/\",\"url\":\"https:\/\/apavivisiem.lv\/wp-content\/uploads\/2021\/03\/logo-main.png\",\"contentUrl\":\"https:\/\/apavivisiem.lv\/wp-content\/uploads\/2021\/03\/logo-main.png\",\"width\":300,\"height\":50,\"caption\":\"Krist\u012bne RR SIA\"},\"image\":{\"@id\":\"https:\/\/apavivisiem.lv\/#\/schema\/logo\/image\/\"},\"sameAs\":[\"https:\/\/www.facebook.com\/apavivisiem\",\"https:\/\/www.instagram.com\/apavivisiem\/\"]}]}<\/script>\n<!-- \/ Yoast SEO plugin. -->","yoast_head_json":{"title":"TOMMY HILFIGER CRV REG GOLD BTN POLO SWTSHRT - Apavu Outlet","robots":{"index":"index","follow":"follow","max-snippet":"max-snippet:-1","max-image-preview":"max-image-preview:large","max-video-preview":"max-video-preview:-1"},"canonical":"https:\/\/apavivisiem.lv\/?product=tommy-hilfiger-crv-reg-gold-btn-polo-swtshrt","og_locale":"lv_LV","og_type":"article","og_title":"TOMMY HILFIGER CRV REG GOLD BTN POLO SWTSHRT - Apavu Outlet","og_description":"TOMMY HILFIGER sievie\u0161u d\u017eemperis. Izm\u0113rs: 48","og_url":"https:\/\/apavivisiem.lv\/?product=tommy-hilfiger-crv-reg-gold-btn-polo-swtshrt","og_site_name":"Apavu Outlet","article_publisher":"https:\/\/www.facebook.com\/apavivisiem","og_image":[{"width":1364,"height":1284,"url":"https:\/\/apavivisiem.lv\/wp-content\/uploads\/2025\/05\/19edd97d-e99f-4f09-8902-5a44c8d4b6b7.jpg","type":"image\/jpeg"}],"twitter_card":"summary_large_image","twitter_misc":{"Est. reading time":"1 min\u016bte"},"schema":{"@context":"https:\/\/schema.org","@graph":[{"@type":"WebPage","@id":"https:\/\/apavivisiem.lv\/?product=tommy-hilfiger-crv-reg-gold-btn-polo-swtshrt","url":"https:\/\/apavivisiem.lv\/?product=tommy-hilfiger-crv-reg-gold-btn-polo-swtshrt","name":"TOMMY HILFIGER CRV REG GOLD BTN POLO SWTSHRT - Apavu Outlet","isPartOf":{"@id":"https:\/\/apavivisiem.lv\/#website"},"primaryImageOfPage":{"@id":"https:\/\/apavivisiem.lv\/?product=tommy-hilfiger-crv-reg-gold-btn-polo-swtshrt#primaryimage"},"image":{"@id":"https:\/\/apavivisiem.lv\/?product=tommy-hilfiger-crv-reg-gold-btn-polo-swtshrt#primaryimage"},"thumbnailUrl":"https:\/\/apavivisiem.lv\/wp-content\/uploads\/2025\/05\/19edd97d-e99f-4f09-8902-5a44c8d4b6b7.jpg","datePublished":"2025-05-28T11:23:30+00:00","breadcrumb":{"@id":"https:\/\/apavivisiem.lv\/?product=tommy-hilfiger-crv-reg-gold-btn-polo-swtshrt#breadcrumb"},"inLanguage":"lv-LV","potentialAction":[{"@type":"ReadAction","target":["https:\/\/apavivisiem.lv\/?product=tommy-hilfiger-crv-reg-gold-btn-polo-swtshrt"]}]},{"@type":"ImageObject","inLanguage":"lv-LV","@id":"https:\/\/apavivisiem.lv\/?product=tommy-hilfiger-crv-reg-gold-btn-polo-swtshrt#primaryimage","url":"https:\/\/apavivisiem.lv\/wp-content\/uploads\/2025\/05\/19edd97d-e99f-4f09-8902-5a44c8d4b6b7.jpg","contentUrl":"https:\/\/apavivisiem.lv\/wp-content\/uploads\/2025\/05\/19edd97d-e99f-4f09-8902-5a44c8d4b6b7.jpg","width":1364,"height":1284,"caption":"TOMMY HILFIGER"},{"@type":"BreadcrumbList","@id":"https:\/\/apavivisiem.lv\/?product=tommy-hilfiger-crv-reg-gold-btn-polo-swtshrt#breadcrumb","itemListElement":[{"@type":"ListItem","position":1,"name":"Galven\u0101","item":"https:\/\/apavivisiem.lv\/en\/"},{"@type":"ListItem","position":2,"name":"Veikals","item":"https:\/\/apavivisiem.lv\/?page_id=9"},{"@type":"ListItem","position":3,"name":"TOMMY HILFIGER CRV REG GOLD BTN POLO SWTSHRT"}]},{"@type":"WebSite","@id":"https:\/\/apavivisiem.lv\/#website","url":"https:\/\/apavivisiem.lv\/","name":"Apavu Outlet","description":"Popul\u0101ro paz\u012bstamo z\u012bmolu apavi","publisher":{"@id":"https:\/\/apavivisiem.lv\/#organization"},"potentialAction":[{"@type":"SearchAction","target":{"@type":"EntryPoint","urlTemplate":"https:\/\/apavivisiem.lv\/?s={search_term_string}"},"query-input":{"@type":"PropertyValueSpecification","valueRequired":true,"valueName":"search_term_string"}}],"inLanguage":"lv-LV"},{"@type":"Organization","@id":"https:\/\/apavivisiem.lv\/#organization","name":"Krist\u012bne RR SIA","url":"https:\/\/apavivisiem.lv\/","logo":{"@type":"ImageObject","inLanguage":"lv-LV","@id":"https:\/\/apavivisiem.lv\/#\/schema\/logo\/image\/","url":"https:\/\/apavivisiem.lv\/wp-content\/uploads\/2021\/03\/logo-main.png","contentUrl":"https:\/\/apavivisiem.lv\/wp-content\/uploads\/2021\/03\/logo-main.png","width":300,"height":50,"caption":"Krist\u012bne RR SIA"},"image":{"@id":"https:\/\/apavivisiem.lv\/#\/schema\/logo\/image\/"},"sameAs":["https:\/\/www.facebook.com\/apavivisiem","https:\/\/www.instagram.com\/apavivisiem\/"]}]}},"lang":"lv","translations":{"lv":179376,"en":179383,"lt":179385,"et":179387},"pll_sync_post":{"lv":true,"en":true,"lt":true,"et":true},"_links":{"self":[{"href":"https:\/\/apavivisiem.lv\/index.php?rest_route=\/wp\/v2\/product\/179376","targetHints":{"allow":["GET"]}}],"collection":[{"href":"https:\/\/apavivisiem.lv\/index.php?rest_route=\/wp\/v2\/product"}],"about":[{"href":"https:\/\/apavivisiem.lv\/index.php?rest_route=\/wp\/v2\/types\/product"}],"replies":[{"embeddable":true,"href":"https:\/\/apavivisiem.lv\/index.php?rest_route=%2Fwp%2Fv2%2Fcomments&post=179376"}],"wp:featuredmedia":[{"embeddable":true,"href":"https:\/\/apavivisiem.lv\/index.php?rest_route=\/wp\/v2\/media\/179378"}],"wp:attachment":[{"href":"https:\/\/apavivisiem.lv\/index.php?rest_route=%2Fwp%2Fv2%2Fmedia&parent=179376"}],"wp:term":[{"taxonomy":"product_brand","embeddable":true,"href":"https:\/\/apavivisiem.lv\/index.php?rest_route=%2Fwp%2Fv2%2Fproduct_brand&post=179376"},{"taxonomy":"product_cat","embeddable":true,"href":"https:\/\/apavivisiem.lv\/index.php?rest_route=%2Fwp%2Fv2%2Fproduct_cat&post=179376"},{"taxonomy":"product_tag","embeddable":true,"href":"https:\/\/apavivisiem.lv\/index.php?rest_route=%2Fwp%2Fv2%2Fproduct_tag&post=179376"}],"curies":[{"name":"wp","href":"https:\/\/api.w.org\/{rel}","templated":true}]}}