{"id":180670,"date":"2025-06-03T13:51:45","date_gmt":"2025-06-03T10:51:45","guid":{"rendered":"https:\/\/apavivisiem.lv\/?post_type=product&#038;p=180665"},"modified":"2025-06-03T13:51:50","modified_gmt":"2025-06-03T10:51:50","slug":"lauren-ralph-lauren-5-2","status":"publish","type":"product","link":"https:\/\/apavivisiem.lv\/?product=lauren-ralph-lauren-5-2&lang=et","title":{"rendered":"Lauren Ralph Lauren"},"content":{"rendered":"<p>78% VISCOSE<\/p>\n<p>22% NYLON<\/p>\n","protected":false},"excerpt":{"rendered":"<p><span data-sheets-root=\"1\">Lauren Ralph Lauren sievie\u0161u viegls d\u017eemperis. Izm\u0113rs: XL<\/span><\/p>\n","protected":false},"featured_media":180668,"comment_status":"closed","ping_status":"closed","template":"","meta":[],"product_brand":[],"product_cat":[],"product_tag":[],"class_list":{"0":"post-180670","1":"product","2":"type-product","3":"status-publish","4":"has-post-thumbnail","7":"first","8":"instock","9":"sale","10":"taxable","11":"shipping-taxable","12":"purchasable","13":"product-type-variable","14":"has-default-attributes"},"yoast_head":"<!-- This site is optimized with the Yoast SEO plugin v26.6 - https:\/\/yoast.com\/wordpress\/plugins\/seo\/ -->\n<title>Lauren Ralph Lauren - Apavu Outlet<\/title>\n<meta name=\"robots\" content=\"index, follow, max-snippet:-1, max-image-preview:large, max-video-preview:-1\" \/>\n<link rel=\"canonical\" href=\"https:\/\/apavivisiem.lv\/?product=lauren-ralph-lauren-5-2&lang=et\" \/>\n<meta property=\"og:locale\" content=\"lv_LV\" \/>\n<meta property=\"og:type\" content=\"article\" \/>\n<meta property=\"og:title\" content=\"Lauren Ralph Lauren - Apavu Outlet\" \/>\n<meta property=\"og:description\" content=\"Lauren Ralph Lauren sievie\u0161u viegls d\u017eemperis. Izm\u0113rs: XL\" \/>\n<meta property=\"og:url\" content=\"https:\/\/apavivisiem.lv\/?product=lauren-ralph-lauren-5-2&amp;lang=et\" \/>\n<meta property=\"og:site_name\" content=\"Apavu Outlet\" \/>\n<meta property=\"article:publisher\" content=\"https:\/\/www.facebook.com\/apavivisiem\" \/>\n<meta property=\"article:modified_time\" content=\"2025-06-03T10:51:50+00:00\" \/>\n<meta property=\"og:image\" content=\"https:\/\/apavivisiem.lv\/wp-content\/uploads\/2025\/06\/7847ce4c-b618-481e-ace4-5e080c067680.jpg\" \/>\n\t<meta property=\"og:image:width\" content=\"796\" \/>\n\t<meta property=\"og:image:height\" content=\"954\" \/>\n\t<meta property=\"og:image:type\" content=\"image\/jpeg\" \/>\n<meta name=\"twitter:card\" content=\"summary_large_image\" \/>\n<meta name=\"twitter:label1\" content=\"Est. reading time\" \/>\n\t<meta name=\"twitter:data1\" content=\"1 min\u016bte\" \/>\n<script type=\"application\/ld+json\" class=\"yoast-schema-graph\">{\"@context\":\"https:\/\/schema.org\",\"@graph\":[{\"@type\":\"WebPage\",\"@id\":\"https:\/\/apavivisiem.lv\/?product=lauren-ralph-lauren-5-2&lang=et\",\"url\":\"https:\/\/apavivisiem.lv\/?product=lauren-ralph-lauren-5-2&lang=et\",\"name\":\"Lauren Ralph Lauren - Apavu Outlet\",\"isPartOf\":{\"@id\":\"https:\/\/apavivisiem.lv\/#website\"},\"primaryImageOfPage\":{\"@id\":\"https:\/\/apavivisiem.lv\/?product=lauren-ralph-lauren-5-2&lang=et#primaryimage\"},\"image\":{\"@id\":\"https:\/\/apavivisiem.lv\/?product=lauren-ralph-lauren-5-2&lang=et#primaryimage\"},\"thumbnailUrl\":\"https:\/\/apavivisiem.lv\/wp-content\/uploads\/2025\/06\/7847ce4c-b618-481e-ace4-5e080c067680.jpg\",\"datePublished\":\"2025-06-03T10:51:45+00:00\",\"dateModified\":\"2025-06-03T10:51:50+00:00\",\"breadcrumb\":{\"@id\":\"https:\/\/apavivisiem.lv\/?product=lauren-ralph-lauren-5-2&lang=et#breadcrumb\"},\"inLanguage\":\"lv-LV\",\"potentialAction\":[{\"@type\":\"ReadAction\",\"target\":[\"https:\/\/apavivisiem.lv\/?product=lauren-ralph-lauren-5-2&lang=et\"]}]},{\"@type\":\"ImageObject\",\"inLanguage\":\"lv-LV\",\"@id\":\"https:\/\/apavivisiem.lv\/?product=lauren-ralph-lauren-5-2&lang=et#primaryimage\",\"url\":\"https:\/\/apavivisiem.lv\/wp-content\/uploads\/2025\/06\/7847ce4c-b618-481e-ace4-5e080c067680.jpg\",\"contentUrl\":\"https:\/\/apavivisiem.lv\/wp-content\/uploads\/2025\/06\/7847ce4c-b618-481e-ace4-5e080c067680.jpg\",\"width\":796,\"height\":954,\"caption\":\"Ralph Lauren\"},{\"@type\":\"BreadcrumbList\",\"@id\":\"https:\/\/apavivisiem.lv\/?product=lauren-ralph-lauren-5-2&lang=et#breadcrumb\",\"itemListElement\":[{\"@type\":\"ListItem\",\"position\":1,\"name\":\"Galven\u0101\",\"item\":\"https:\/\/apavivisiem.lv\/en\/\"},{\"@type\":\"ListItem\",\"position\":2,\"name\":\"Veikals\",\"item\":\"https:\/\/apavivisiem.lv\/?page_id=9\"},{\"@type\":\"ListItem\",\"position\":3,\"name\":\"Lauren Ralph Lauren\"}]},{\"@type\":\"WebSite\",\"@id\":\"https:\/\/apavivisiem.lv\/#website\",\"url\":\"https:\/\/apavivisiem.lv\/\",\"name\":\"Apavu Outlet\",\"description\":\"Popul\u0101ro paz\u012bstamo z\u012bmolu apavi\",\"publisher\":{\"@id\":\"https:\/\/apavivisiem.lv\/#organization\"},\"potentialAction\":[{\"@type\":\"SearchAction\",\"target\":{\"@type\":\"EntryPoint\",\"urlTemplate\":\"https:\/\/apavivisiem.lv\/?s={search_term_string}\"},\"query-input\":{\"@type\":\"PropertyValueSpecification\",\"valueRequired\":true,\"valueName\":\"search_term_string\"}}],\"inLanguage\":\"lv-LV\"},{\"@type\":\"Organization\",\"@id\":\"https:\/\/apavivisiem.lv\/#organization\",\"name\":\"Krist\u012bne RR SIA\",\"url\":\"https:\/\/apavivisiem.lv\/\",\"logo\":{\"@type\":\"ImageObject\",\"inLanguage\":\"lv-LV\",\"@id\":\"https:\/\/apavivisiem.lv\/#\/schema\/logo\/image\/\",\"url\":\"https:\/\/apavivisiem.lv\/wp-content\/uploads\/2021\/03\/logo-main.png\",\"contentUrl\":\"https:\/\/apavivisiem.lv\/wp-content\/uploads\/2021\/03\/logo-main.png\",\"width\":300,\"height\":50,\"caption\":\"Krist\u012bne RR SIA\"},\"image\":{\"@id\":\"https:\/\/apavivisiem.lv\/#\/schema\/logo\/image\/\"},\"sameAs\":[\"https:\/\/www.facebook.com\/apavivisiem\",\"https:\/\/www.instagram.com\/apavivisiem\/\"]}]}<\/script>\n<!-- \/ Yoast SEO plugin. -->","yoast_head_json":{"title":"Lauren Ralph Lauren - Apavu Outlet","robots":{"index":"index","follow":"follow","max-snippet":"max-snippet:-1","max-image-preview":"max-image-preview:large","max-video-preview":"max-video-preview:-1"},"canonical":"https:\/\/apavivisiem.lv\/?product=lauren-ralph-lauren-5-2&lang=et","og_locale":"lv_LV","og_type":"article","og_title":"Lauren Ralph Lauren - Apavu Outlet","og_description":"Lauren Ralph Lauren sievie\u0161u viegls d\u017eemperis. Izm\u0113rs: XL","og_url":"https:\/\/apavivisiem.lv\/?product=lauren-ralph-lauren-5-2&lang=et","og_site_name":"Apavu Outlet","article_publisher":"https:\/\/www.facebook.com\/apavivisiem","article_modified_time":"2025-06-03T10:51:50+00:00","og_image":[{"width":796,"height":954,"url":"https:\/\/apavivisiem.lv\/wp-content\/uploads\/2025\/06\/7847ce4c-b618-481e-ace4-5e080c067680.jpg","type":"image\/jpeg"}],"twitter_card":"summary_large_image","twitter_misc":{"Est. reading time":"1 min\u016bte"},"schema":{"@context":"https:\/\/schema.org","@graph":[{"@type":"WebPage","@id":"https:\/\/apavivisiem.lv\/?product=lauren-ralph-lauren-5-2&lang=et","url":"https:\/\/apavivisiem.lv\/?product=lauren-ralph-lauren-5-2&lang=et","name":"Lauren Ralph Lauren - Apavu Outlet","isPartOf":{"@id":"https:\/\/apavivisiem.lv\/#website"},"primaryImageOfPage":{"@id":"https:\/\/apavivisiem.lv\/?product=lauren-ralph-lauren-5-2&lang=et#primaryimage"},"image":{"@id":"https:\/\/apavivisiem.lv\/?product=lauren-ralph-lauren-5-2&lang=et#primaryimage"},"thumbnailUrl":"https:\/\/apavivisiem.lv\/wp-content\/uploads\/2025\/06\/7847ce4c-b618-481e-ace4-5e080c067680.jpg","datePublished":"2025-06-03T10:51:45+00:00","dateModified":"2025-06-03T10:51:50+00:00","breadcrumb":{"@id":"https:\/\/apavivisiem.lv\/?product=lauren-ralph-lauren-5-2&lang=et#breadcrumb"},"inLanguage":"lv-LV","potentialAction":[{"@type":"ReadAction","target":["https:\/\/apavivisiem.lv\/?product=lauren-ralph-lauren-5-2&lang=et"]}]},{"@type":"ImageObject","inLanguage":"lv-LV","@id":"https:\/\/apavivisiem.lv\/?product=lauren-ralph-lauren-5-2&lang=et#primaryimage","url":"https:\/\/apavivisiem.lv\/wp-content\/uploads\/2025\/06\/7847ce4c-b618-481e-ace4-5e080c067680.jpg","contentUrl":"https:\/\/apavivisiem.lv\/wp-content\/uploads\/2025\/06\/7847ce4c-b618-481e-ace4-5e080c067680.jpg","width":796,"height":954,"caption":"Ralph Lauren"},{"@type":"BreadcrumbList","@id":"https:\/\/apavivisiem.lv\/?product=lauren-ralph-lauren-5-2&lang=et#breadcrumb","itemListElement":[{"@type":"ListItem","position":1,"name":"Galven\u0101","item":"https:\/\/apavivisiem.lv\/en\/"},{"@type":"ListItem","position":2,"name":"Veikals","item":"https:\/\/apavivisiem.lv\/?page_id=9"},{"@type":"ListItem","position":3,"name":"Lauren Ralph Lauren"}]},{"@type":"WebSite","@id":"https:\/\/apavivisiem.lv\/#website","url":"https:\/\/apavivisiem.lv\/","name":"Apavu Outlet","description":"Popul\u0101ro paz\u012bstamo z\u012bmolu apavi","publisher":{"@id":"https:\/\/apavivisiem.lv\/#organization"},"potentialAction":[{"@type":"SearchAction","target":{"@type":"EntryPoint","urlTemplate":"https:\/\/apavivisiem.lv\/?s={search_term_string}"},"query-input":{"@type":"PropertyValueSpecification","valueRequired":true,"valueName":"search_term_string"}}],"inLanguage":"lv-LV"},{"@type":"Organization","@id":"https:\/\/apavivisiem.lv\/#organization","name":"Krist\u012bne RR SIA","url":"https:\/\/apavivisiem.lv\/","logo":{"@type":"ImageObject","inLanguage":"lv-LV","@id":"https:\/\/apavivisiem.lv\/#\/schema\/logo\/image\/","url":"https:\/\/apavivisiem.lv\/wp-content\/uploads\/2021\/03\/logo-main.png","contentUrl":"https:\/\/apavivisiem.lv\/wp-content\/uploads\/2021\/03\/logo-main.png","width":300,"height":50,"caption":"Krist\u012bne RR SIA"},"image":{"@id":"https:\/\/apavivisiem.lv\/#\/schema\/logo\/image\/"},"sameAs":["https:\/\/www.facebook.com\/apavivisiem","https:\/\/www.instagram.com\/apavivisiem\/"]}]}},"lang":"et","translations":{"lv":180665,"et":180670,"en":180672,"lt":180674},"pll_sync_post":{"lv":true,"et":true,"en":true,"lt":true},"_links":{"self":[{"href":"https:\/\/apavivisiem.lv\/index.php?rest_route=\/wp\/v2\/product\/180670","targetHints":{"allow":["GET"]}}],"collection":[{"href":"https:\/\/apavivisiem.lv\/index.php?rest_route=\/wp\/v2\/product"}],"about":[{"href":"https:\/\/apavivisiem.lv\/index.php?rest_route=\/wp\/v2\/types\/product"}],"replies":[{"embeddable":true,"href":"https:\/\/apavivisiem.lv\/index.php?rest_route=%2Fwp%2Fv2%2Fcomments&post=180670"}],"wp:featuredmedia":[{"embeddable":true,"href":"https:\/\/apavivisiem.lv\/index.php?rest_route=\/wp\/v2\/media\/180668"}],"wp:attachment":[{"href":"https:\/\/apavivisiem.lv\/index.php?rest_route=%2Fwp%2Fv2%2Fmedia&parent=180670"}],"wp:term":[{"taxonomy":"product_brand","embeddable":true,"href":"https:\/\/apavivisiem.lv\/index.php?rest_route=%2Fwp%2Fv2%2Fproduct_brand&post=180670"},{"taxonomy":"product_cat","embeddable":true,"href":"https:\/\/apavivisiem.lv\/index.php?rest_route=%2Fwp%2Fv2%2Fproduct_cat&post=180670"},{"taxonomy":"product_tag","embeddable":true,"href":"https:\/\/apavivisiem.lv\/index.php?rest_route=%2Fwp%2Fv2%2Fproduct_tag&post=180670"}],"curies":[{"name":"wp","href":"https:\/\/api.w.org\/{rel}","templated":true}]}}