{"id":188471,"date":"2025-07-04T13:33:18","date_gmt":"2025-07-04T10:33:18","guid":{"rendered":"https:\/\/apavivisiem.lv\/?post_type=product&#038;p=188471"},"modified":"2025-07-04T13:33:19","modified_gmt":"2025-07-04T10:33:19","slug":"tommy-hilfiger-tjw-essential-rib-tank-bodycon","status":"publish","type":"product","link":"https:\/\/apavivisiem.lv\/?product=tommy-hilfiger-tjw-essential-rib-tank-bodycon","title":{"rendered":"TOMMY HILFIGER TJW ESSENTIAL RIB TANK BODYCON"},"content":{"rendered":"","protected":false},"excerpt":{"rendered":"<p><span data-sheets-root=\"1\">TOMMY HILFIGER sievie\u0161u \u012bsa kleita. Izm\u0113rs: M<\/span><\/p>\n","protected":false},"featured_media":188473,"comment_status":"closed","ping_status":"closed","template":"","meta":[],"product_brand":[],"product_cat":[24631,24747],"product_tag":[],"class_list":{"0":"post-188471","1":"product","2":"type-product","3":"status-publish","4":"has-post-thumbnail","6":"product_cat-apgerbi","7":"product_cat-kleitas","9":"first","10":"instock","11":"sale","12":"taxable","13":"shipping-taxable","14":"purchasable","15":"product-type-variable","16":"has-default-attributes"},"yoast_head":"<!-- This site is optimized with the Yoast SEO plugin v26.6 - https:\/\/yoast.com\/wordpress\/plugins\/seo\/ -->\n<title>TOMMY HILFIGER TJW ESSENTIAL RIB TANK BODYCON - Apavu Outlet<\/title>\n<meta name=\"robots\" content=\"index, follow, max-snippet:-1, max-image-preview:large, max-video-preview:-1\" \/>\n<link rel=\"canonical\" href=\"https:\/\/apavivisiem.lv\/?product=tommy-hilfiger-tjw-essential-rib-tank-bodycon\" \/>\n<meta property=\"og:locale\" content=\"lv_LV\" \/>\n<meta property=\"og:type\" content=\"article\" \/>\n<meta property=\"og:title\" content=\"TOMMY HILFIGER TJW ESSENTIAL RIB TANK BODYCON - Apavu Outlet\" \/>\n<meta property=\"og:description\" content=\"TOMMY HILFIGER sievie\u0161u \u012bsa kleita. Izm\u0113rs: M\" \/>\n<meta property=\"og:url\" content=\"https:\/\/apavivisiem.lv\/?product=tommy-hilfiger-tjw-essential-rib-tank-bodycon\" \/>\n<meta property=\"og:site_name\" content=\"Apavu Outlet\" \/>\n<meta property=\"article:publisher\" content=\"https:\/\/www.facebook.com\/apavivisiem\" \/>\n<meta property=\"article:modified_time\" content=\"2025-07-04T10:33:19+00:00\" \/>\n<meta property=\"og:image\" content=\"https:\/\/apavivisiem.lv\/wp-content\/uploads\/2025\/07\/IMG_1529.jpeg\" \/>\n\t<meta property=\"og:image:width\" content=\"1458\" \/>\n\t<meta property=\"og:image:height\" content=\"1810\" \/>\n\t<meta property=\"og:image:type\" content=\"image\/jpeg\" \/>\n<meta name=\"twitter:card\" content=\"summary_large_image\" \/>\n<meta name=\"twitter:label1\" content=\"Est. reading time\" \/>\n\t<meta name=\"twitter:data1\" content=\"1 min\u016bte\" \/>\n<script type=\"application\/ld+json\" class=\"yoast-schema-graph\">{\"@context\":\"https:\/\/schema.org\",\"@graph\":[{\"@type\":\"WebPage\",\"@id\":\"https:\/\/apavivisiem.lv\/?product=tommy-hilfiger-tjw-essential-rib-tank-bodycon\",\"url\":\"https:\/\/apavivisiem.lv\/?product=tommy-hilfiger-tjw-essential-rib-tank-bodycon\",\"name\":\"TOMMY HILFIGER TJW ESSENTIAL RIB TANK BODYCON - Apavu Outlet\",\"isPartOf\":{\"@id\":\"https:\/\/apavivisiem.lv\/#website\"},\"primaryImageOfPage\":{\"@id\":\"https:\/\/apavivisiem.lv\/?product=tommy-hilfiger-tjw-essential-rib-tank-bodycon#primaryimage\"},\"image\":{\"@id\":\"https:\/\/apavivisiem.lv\/?product=tommy-hilfiger-tjw-essential-rib-tank-bodycon#primaryimage\"},\"thumbnailUrl\":\"https:\/\/apavivisiem.lv\/wp-content\/uploads\/2025\/07\/IMG_1529.jpeg\",\"datePublished\":\"2025-07-04T10:33:18+00:00\",\"dateModified\":\"2025-07-04T10:33:19+00:00\",\"breadcrumb\":{\"@id\":\"https:\/\/apavivisiem.lv\/?product=tommy-hilfiger-tjw-essential-rib-tank-bodycon#breadcrumb\"},\"inLanguage\":\"lv-LV\",\"potentialAction\":[{\"@type\":\"ReadAction\",\"target\":[\"https:\/\/apavivisiem.lv\/?product=tommy-hilfiger-tjw-essential-rib-tank-bodycon\"]}]},{\"@type\":\"ImageObject\",\"inLanguage\":\"lv-LV\",\"@id\":\"https:\/\/apavivisiem.lv\/?product=tommy-hilfiger-tjw-essential-rib-tank-bodycon#primaryimage\",\"url\":\"https:\/\/apavivisiem.lv\/wp-content\/uploads\/2025\/07\/IMG_1529.jpeg\",\"contentUrl\":\"https:\/\/apavivisiem.lv\/wp-content\/uploads\/2025\/07\/IMG_1529.jpeg\",\"width\":1458,\"height\":1810,\"caption\":\"TOMMY HILFIGER\"},{\"@type\":\"BreadcrumbList\",\"@id\":\"https:\/\/apavivisiem.lv\/?product=tommy-hilfiger-tjw-essential-rib-tank-bodycon#breadcrumb\",\"itemListElement\":[{\"@type\":\"ListItem\",\"position\":1,\"name\":\"Galven\u0101\",\"item\":\"https:\/\/apavivisiem.lv\/en\/\"},{\"@type\":\"ListItem\",\"position\":2,\"name\":\"Veikals\",\"item\":\"https:\/\/apavivisiem.lv\/?page_id=9\"},{\"@type\":\"ListItem\",\"position\":3,\"name\":\"TOMMY HILFIGER TJW ESSENTIAL RIB TANK BODYCON\"}]},{\"@type\":\"WebSite\",\"@id\":\"https:\/\/apavivisiem.lv\/#website\",\"url\":\"https:\/\/apavivisiem.lv\/\",\"name\":\"Apavu Outlet\",\"description\":\"Popul\u0101ro paz\u012bstamo z\u012bmolu apavi\",\"publisher\":{\"@id\":\"https:\/\/apavivisiem.lv\/#organization\"},\"potentialAction\":[{\"@type\":\"SearchAction\",\"target\":{\"@type\":\"EntryPoint\",\"urlTemplate\":\"https:\/\/apavivisiem.lv\/?s={search_term_string}\"},\"query-input\":{\"@type\":\"PropertyValueSpecification\",\"valueRequired\":true,\"valueName\":\"search_term_string\"}}],\"inLanguage\":\"lv-LV\"},{\"@type\":\"Organization\",\"@id\":\"https:\/\/apavivisiem.lv\/#organization\",\"name\":\"Krist\u012bne RR SIA\",\"url\":\"https:\/\/apavivisiem.lv\/\",\"logo\":{\"@type\":\"ImageObject\",\"inLanguage\":\"lv-LV\",\"@id\":\"https:\/\/apavivisiem.lv\/#\/schema\/logo\/image\/\",\"url\":\"https:\/\/apavivisiem.lv\/wp-content\/uploads\/2021\/03\/logo-main.png\",\"contentUrl\":\"https:\/\/apavivisiem.lv\/wp-content\/uploads\/2021\/03\/logo-main.png\",\"width\":300,\"height\":50,\"caption\":\"Krist\u012bne RR SIA\"},\"image\":{\"@id\":\"https:\/\/apavivisiem.lv\/#\/schema\/logo\/image\/\"},\"sameAs\":[\"https:\/\/www.facebook.com\/apavivisiem\",\"https:\/\/www.instagram.com\/apavivisiem\/\"]}]}<\/script>\n<!-- \/ Yoast SEO plugin. -->","yoast_head_json":{"title":"TOMMY HILFIGER TJW ESSENTIAL RIB TANK BODYCON - Apavu Outlet","robots":{"index":"index","follow":"follow","max-snippet":"max-snippet:-1","max-image-preview":"max-image-preview:large","max-video-preview":"max-video-preview:-1"},"canonical":"https:\/\/apavivisiem.lv\/?product=tommy-hilfiger-tjw-essential-rib-tank-bodycon","og_locale":"lv_LV","og_type":"article","og_title":"TOMMY HILFIGER TJW ESSENTIAL RIB TANK BODYCON - Apavu Outlet","og_description":"TOMMY HILFIGER sievie\u0161u \u012bsa kleita. Izm\u0113rs: M","og_url":"https:\/\/apavivisiem.lv\/?product=tommy-hilfiger-tjw-essential-rib-tank-bodycon","og_site_name":"Apavu Outlet","article_publisher":"https:\/\/www.facebook.com\/apavivisiem","article_modified_time":"2025-07-04T10:33:19+00:00","og_image":[{"width":1458,"height":1810,"url":"https:\/\/apavivisiem.lv\/wp-content\/uploads\/2025\/07\/IMG_1529.jpeg","type":"image\/jpeg"}],"twitter_card":"summary_large_image","twitter_misc":{"Est. reading time":"1 min\u016bte"},"schema":{"@context":"https:\/\/schema.org","@graph":[{"@type":"WebPage","@id":"https:\/\/apavivisiem.lv\/?product=tommy-hilfiger-tjw-essential-rib-tank-bodycon","url":"https:\/\/apavivisiem.lv\/?product=tommy-hilfiger-tjw-essential-rib-tank-bodycon","name":"TOMMY HILFIGER TJW ESSENTIAL RIB TANK BODYCON - Apavu Outlet","isPartOf":{"@id":"https:\/\/apavivisiem.lv\/#website"},"primaryImageOfPage":{"@id":"https:\/\/apavivisiem.lv\/?product=tommy-hilfiger-tjw-essential-rib-tank-bodycon#primaryimage"},"image":{"@id":"https:\/\/apavivisiem.lv\/?product=tommy-hilfiger-tjw-essential-rib-tank-bodycon#primaryimage"},"thumbnailUrl":"https:\/\/apavivisiem.lv\/wp-content\/uploads\/2025\/07\/IMG_1529.jpeg","datePublished":"2025-07-04T10:33:18+00:00","dateModified":"2025-07-04T10:33:19+00:00","breadcrumb":{"@id":"https:\/\/apavivisiem.lv\/?product=tommy-hilfiger-tjw-essential-rib-tank-bodycon#breadcrumb"},"inLanguage":"lv-LV","potentialAction":[{"@type":"ReadAction","target":["https:\/\/apavivisiem.lv\/?product=tommy-hilfiger-tjw-essential-rib-tank-bodycon"]}]},{"@type":"ImageObject","inLanguage":"lv-LV","@id":"https:\/\/apavivisiem.lv\/?product=tommy-hilfiger-tjw-essential-rib-tank-bodycon#primaryimage","url":"https:\/\/apavivisiem.lv\/wp-content\/uploads\/2025\/07\/IMG_1529.jpeg","contentUrl":"https:\/\/apavivisiem.lv\/wp-content\/uploads\/2025\/07\/IMG_1529.jpeg","width":1458,"height":1810,"caption":"TOMMY HILFIGER"},{"@type":"BreadcrumbList","@id":"https:\/\/apavivisiem.lv\/?product=tommy-hilfiger-tjw-essential-rib-tank-bodycon#breadcrumb","itemListElement":[{"@type":"ListItem","position":1,"name":"Galven\u0101","item":"https:\/\/apavivisiem.lv\/en\/"},{"@type":"ListItem","position":2,"name":"Veikals","item":"https:\/\/apavivisiem.lv\/?page_id=9"},{"@type":"ListItem","position":3,"name":"TOMMY HILFIGER TJW ESSENTIAL RIB TANK BODYCON"}]},{"@type":"WebSite","@id":"https:\/\/apavivisiem.lv\/#website","url":"https:\/\/apavivisiem.lv\/","name":"Apavu Outlet","description":"Popul\u0101ro paz\u012bstamo z\u012bmolu apavi","publisher":{"@id":"https:\/\/apavivisiem.lv\/#organization"},"potentialAction":[{"@type":"SearchAction","target":{"@type":"EntryPoint","urlTemplate":"https:\/\/apavivisiem.lv\/?s={search_term_string}"},"query-input":{"@type":"PropertyValueSpecification","valueRequired":true,"valueName":"search_term_string"}}],"inLanguage":"lv-LV"},{"@type":"Organization","@id":"https:\/\/apavivisiem.lv\/#organization","name":"Krist\u012bne RR SIA","url":"https:\/\/apavivisiem.lv\/","logo":{"@type":"ImageObject","inLanguage":"lv-LV","@id":"https:\/\/apavivisiem.lv\/#\/schema\/logo\/image\/","url":"https:\/\/apavivisiem.lv\/wp-content\/uploads\/2021\/03\/logo-main.png","contentUrl":"https:\/\/apavivisiem.lv\/wp-content\/uploads\/2021\/03\/logo-main.png","width":300,"height":50,"caption":"Krist\u012bne RR SIA"},"image":{"@id":"https:\/\/apavivisiem.lv\/#\/schema\/logo\/image\/"},"sameAs":["https:\/\/www.facebook.com\/apavivisiem","https:\/\/www.instagram.com\/apavivisiem\/"]}]}},"lang":"lv","translations":{"lv":188471,"en":188477,"lt":188479,"et":188481},"pll_sync_post":{"lv":true,"en":true,"lt":true,"et":true},"_links":{"self":[{"href":"https:\/\/apavivisiem.lv\/index.php?rest_route=\/wp\/v2\/product\/188471","targetHints":{"allow":["GET"]}}],"collection":[{"href":"https:\/\/apavivisiem.lv\/index.php?rest_route=\/wp\/v2\/product"}],"about":[{"href":"https:\/\/apavivisiem.lv\/index.php?rest_route=\/wp\/v2\/types\/product"}],"replies":[{"embeddable":true,"href":"https:\/\/apavivisiem.lv\/index.php?rest_route=%2Fwp%2Fv2%2Fcomments&post=188471"}],"wp:featuredmedia":[{"embeddable":true,"href":"https:\/\/apavivisiem.lv\/index.php?rest_route=\/wp\/v2\/media\/188473"}],"wp:attachment":[{"href":"https:\/\/apavivisiem.lv\/index.php?rest_route=%2Fwp%2Fv2%2Fmedia&parent=188471"}],"wp:term":[{"taxonomy":"product_brand","embeddable":true,"href":"https:\/\/apavivisiem.lv\/index.php?rest_route=%2Fwp%2Fv2%2Fproduct_brand&post=188471"},{"taxonomy":"product_cat","embeddable":true,"href":"https:\/\/apavivisiem.lv\/index.php?rest_route=%2Fwp%2Fv2%2Fproduct_cat&post=188471"},{"taxonomy":"product_tag","embeddable":true,"href":"https:\/\/apavivisiem.lv\/index.php?rest_route=%2Fwp%2Fv2%2Fproduct_tag&post=188471"}],"curies":[{"name":"wp","href":"https:\/\/api.w.org\/{rel}","templated":true}]}}