{"id":200403,"date":"2025-08-22T14:20:09","date_gmt":"2025-08-22T11:20:09","guid":{"rendered":"https:\/\/apavivisiem.lv\/?post_type=product&#038;p=200392"},"modified":"2026-01-02T19:21:46","modified_gmt":"2026-01-02T17:21:46","slug":"nike-superrep-2","status":"publish","type":"product","link":"https:\/\/apavivisiem.lv\/?product=nike-superrep-2&lang=lt","title":{"rendered":"NIKE SUPERREP"},"content":{"rendered":"","protected":false},"excerpt":{"rendered":"<p>NIKE sievie\u0161u sporta apavi. Iek\u0161zole 26,5cm<\/p>\n<p>Nike SuperRep Cycle apavi nodro\u0161ina elpojo\u0161u dizainu augstas intensit\u0101tes, strauja tempa iek\u0161telpu rite\u0146brauk\u0161anai. Regul\u0113jam\u0101s siksnas stingri nostiprina p\u0113du intens\u012bvu kust\u012bbu laik\u0101, lai tu var\u0113tu virz\u012bties uz priek\u0161u ar pilnu jaudu.<\/p>\n<p>AR NELIELU DEFEKTU!<\/p>\n","protected":false},"featured_media":200398,"comment_status":"closed","ping_status":"closed","template":"","meta":[],"product_brand":[],"product_cat":[41128,41081,8534,8538],"product_tag":[],"class_list":{"0":"post-200403","1":"product","2":"type-product","3":"status-publish","4":"has-post-thumbnail","6":"product_cat-apavi-sievietem-meitenem___lt","7":"product_cat-izpardosana-zimolu-apavu-outlet-atlaides-lidz-80___lt","8":"product_cat-moteriska-avalyne","9":"product_cat-sportine-avalyne","11":"first","12":"outofstock","13":"taxable","14":"shipping-taxable","15":"product-type-variable","16":"has-default-attributes"},"yoast_head":"<!-- This site is optimized with the Yoast SEO plugin v26.6 - https:\/\/yoast.com\/wordpress\/plugins\/seo\/ -->\n<title>NIKE SUPERREP - Apavu Outlet<\/title>\n<meta name=\"robots\" content=\"index, follow, max-snippet:-1, max-image-preview:large, max-video-preview:-1\" \/>\n<link rel=\"canonical\" href=\"https:\/\/apavivisiem.lv\/?product=nike-superrep-2&lang=lt\" \/>\n<meta property=\"og:locale\" content=\"lv_LV\" \/>\n<meta property=\"og:type\" content=\"article\" \/>\n<meta property=\"og:title\" content=\"NIKE SUPERREP - Apavu Outlet\" \/>\n<meta property=\"og:description\" content=\"NIKE sievie\u0161u sporta apavi. Iek\u0161zole 26,5cm  Nike SuperRep Cycle apavi nodro\u0161ina elpojo\u0161u dizainu augstas intensit\u0101tes, strauja tempa iek\u0161telpu rite\u0146brauk\u0161anai. Regul\u0113jam\u0101s siksnas stingri nostiprina p\u0113du intens\u012bvu kust\u012bbu laik\u0101, lai tu var\u0113tu virz\u012bties uz priek\u0161u ar pilnu jaudu.  AR NELIELU DEFEKTU!\" \/>\n<meta property=\"og:url\" content=\"https:\/\/apavivisiem.lv\/?product=nike-superrep-2&amp;lang=lt\" \/>\n<meta property=\"og:site_name\" content=\"Apavu Outlet\" \/>\n<meta property=\"article:publisher\" content=\"https:\/\/www.facebook.com\/apavivisiem\" \/>\n<meta property=\"article:modified_time\" content=\"2026-01-02T17:21:46+00:00\" \/>\n<meta property=\"og:image\" content=\"https:\/\/apavivisiem.lv\/wp-content\/uploads\/2025\/08\/IMG_6866.jpeg\" \/>\n\t<meta property=\"og:image:width\" content=\"1080\" \/>\n\t<meta property=\"og:image:height\" content=\"1080\" \/>\n\t<meta property=\"og:image:type\" content=\"image\/jpeg\" \/>\n<meta name=\"twitter:card\" content=\"summary_large_image\" \/>\n<meta name=\"twitter:label1\" content=\"Est. reading time\" \/>\n\t<meta name=\"twitter:data1\" content=\"1 min\u016bte\" \/>\n<script type=\"application\/ld+json\" class=\"yoast-schema-graph\">{\"@context\":\"https:\/\/schema.org\",\"@graph\":[{\"@type\":\"WebPage\",\"@id\":\"https:\/\/apavivisiem.lv\/?product=nike-superrep-2&lang=lt\",\"url\":\"https:\/\/apavivisiem.lv\/?product=nike-superrep-2&lang=lt\",\"name\":\"NIKE SUPERREP - Apavu Outlet\",\"isPartOf\":{\"@id\":\"https:\/\/apavivisiem.lv\/#website\"},\"primaryImageOfPage\":{\"@id\":\"https:\/\/apavivisiem.lv\/?product=nike-superrep-2&lang=lt#primaryimage\"},\"image\":{\"@id\":\"https:\/\/apavivisiem.lv\/?product=nike-superrep-2&lang=lt#primaryimage\"},\"thumbnailUrl\":\"https:\/\/apavivisiem.lv\/wp-content\/uploads\/2025\/08\/IMG_6866.jpeg\",\"datePublished\":\"2025-08-22T11:20:09+00:00\",\"dateModified\":\"2026-01-02T17:21:46+00:00\",\"breadcrumb\":{\"@id\":\"https:\/\/apavivisiem.lv\/?product=nike-superrep-2&lang=lt#breadcrumb\"},\"inLanguage\":\"lv-LV\",\"potentialAction\":[{\"@type\":\"ReadAction\",\"target\":[\"https:\/\/apavivisiem.lv\/?product=nike-superrep-2&lang=lt\"]}]},{\"@type\":\"ImageObject\",\"inLanguage\":\"lv-LV\",\"@id\":\"https:\/\/apavivisiem.lv\/?product=nike-superrep-2&lang=lt#primaryimage\",\"url\":\"https:\/\/apavivisiem.lv\/wp-content\/uploads\/2025\/08\/IMG_6866.jpeg\",\"contentUrl\":\"https:\/\/apavivisiem.lv\/wp-content\/uploads\/2025\/08\/IMG_6866.jpeg\",\"width\":1080,\"height\":1080,\"caption\":\"nike\"},{\"@type\":\"BreadcrumbList\",\"@id\":\"https:\/\/apavivisiem.lv\/?product=nike-superrep-2&lang=lt#breadcrumb\",\"itemListElement\":[{\"@type\":\"ListItem\",\"position\":1,\"name\":\"Galven\u0101\",\"item\":\"https:\/\/apavivisiem.lv\/en\/\"},{\"@type\":\"ListItem\",\"position\":2,\"name\":\"Veikals\",\"item\":\"https:\/\/apavivisiem.lv\/?page_id=9\"},{\"@type\":\"ListItem\",\"position\":3,\"name\":\"NIKE SUPERREP\"}]},{\"@type\":\"WebSite\",\"@id\":\"https:\/\/apavivisiem.lv\/#website\",\"url\":\"https:\/\/apavivisiem.lv\/\",\"name\":\"Apavu Outlet\",\"description\":\"Popul\u0101ro paz\u012bstamo z\u012bmolu apavi\",\"publisher\":{\"@id\":\"https:\/\/apavivisiem.lv\/#organization\"},\"potentialAction\":[{\"@type\":\"SearchAction\",\"target\":{\"@type\":\"EntryPoint\",\"urlTemplate\":\"https:\/\/apavivisiem.lv\/?s={search_term_string}\"},\"query-input\":{\"@type\":\"PropertyValueSpecification\",\"valueRequired\":true,\"valueName\":\"search_term_string\"}}],\"inLanguage\":\"lv-LV\"},{\"@type\":\"Organization\",\"@id\":\"https:\/\/apavivisiem.lv\/#organization\",\"name\":\"Krist\u012bne RR SIA\",\"url\":\"https:\/\/apavivisiem.lv\/\",\"logo\":{\"@type\":\"ImageObject\",\"inLanguage\":\"lv-LV\",\"@id\":\"https:\/\/apavivisiem.lv\/#\/schema\/logo\/image\/\",\"url\":\"https:\/\/apavivisiem.lv\/wp-content\/uploads\/2021\/03\/logo-main.png\",\"contentUrl\":\"https:\/\/apavivisiem.lv\/wp-content\/uploads\/2021\/03\/logo-main.png\",\"width\":300,\"height\":50,\"caption\":\"Krist\u012bne RR SIA\"},\"image\":{\"@id\":\"https:\/\/apavivisiem.lv\/#\/schema\/logo\/image\/\"},\"sameAs\":[\"https:\/\/www.facebook.com\/apavivisiem\",\"https:\/\/www.instagram.com\/apavivisiem\/\"]}]}<\/script>\n<!-- \/ Yoast SEO plugin. -->","yoast_head_json":{"title":"NIKE SUPERREP - Apavu Outlet","robots":{"index":"index","follow":"follow","max-snippet":"max-snippet:-1","max-image-preview":"max-image-preview:large","max-video-preview":"max-video-preview:-1"},"canonical":"https:\/\/apavivisiem.lv\/?product=nike-superrep-2&lang=lt","og_locale":"lv_LV","og_type":"article","og_title":"NIKE SUPERREP - Apavu Outlet","og_description":"NIKE sievie\u0161u sporta apavi. Iek\u0161zole 26,5cm  Nike SuperRep Cycle apavi nodro\u0161ina elpojo\u0161u dizainu augstas intensit\u0101tes, strauja tempa iek\u0161telpu rite\u0146brauk\u0161anai. Regul\u0113jam\u0101s siksnas stingri nostiprina p\u0113du intens\u012bvu kust\u012bbu laik\u0101, lai tu var\u0113tu virz\u012bties uz priek\u0161u ar pilnu jaudu.  AR NELIELU DEFEKTU!","og_url":"https:\/\/apavivisiem.lv\/?product=nike-superrep-2&lang=lt","og_site_name":"Apavu Outlet","article_publisher":"https:\/\/www.facebook.com\/apavivisiem","article_modified_time":"2026-01-02T17:21:46+00:00","og_image":[{"width":1080,"height":1080,"url":"https:\/\/apavivisiem.lv\/wp-content\/uploads\/2025\/08\/IMG_6866.jpeg","type":"image\/jpeg"}],"twitter_card":"summary_large_image","twitter_misc":{"Est. reading time":"1 min\u016bte"},"schema":{"@context":"https:\/\/schema.org","@graph":[{"@type":"WebPage","@id":"https:\/\/apavivisiem.lv\/?product=nike-superrep-2&lang=lt","url":"https:\/\/apavivisiem.lv\/?product=nike-superrep-2&lang=lt","name":"NIKE SUPERREP - Apavu Outlet","isPartOf":{"@id":"https:\/\/apavivisiem.lv\/#website"},"primaryImageOfPage":{"@id":"https:\/\/apavivisiem.lv\/?product=nike-superrep-2&lang=lt#primaryimage"},"image":{"@id":"https:\/\/apavivisiem.lv\/?product=nike-superrep-2&lang=lt#primaryimage"},"thumbnailUrl":"https:\/\/apavivisiem.lv\/wp-content\/uploads\/2025\/08\/IMG_6866.jpeg","datePublished":"2025-08-22T11:20:09+00:00","dateModified":"2026-01-02T17:21:46+00:00","breadcrumb":{"@id":"https:\/\/apavivisiem.lv\/?product=nike-superrep-2&lang=lt#breadcrumb"},"inLanguage":"lv-LV","potentialAction":[{"@type":"ReadAction","target":["https:\/\/apavivisiem.lv\/?product=nike-superrep-2&lang=lt"]}]},{"@type":"ImageObject","inLanguage":"lv-LV","@id":"https:\/\/apavivisiem.lv\/?product=nike-superrep-2&lang=lt#primaryimage","url":"https:\/\/apavivisiem.lv\/wp-content\/uploads\/2025\/08\/IMG_6866.jpeg","contentUrl":"https:\/\/apavivisiem.lv\/wp-content\/uploads\/2025\/08\/IMG_6866.jpeg","width":1080,"height":1080,"caption":"nike"},{"@type":"BreadcrumbList","@id":"https:\/\/apavivisiem.lv\/?product=nike-superrep-2&lang=lt#breadcrumb","itemListElement":[{"@type":"ListItem","position":1,"name":"Galven\u0101","item":"https:\/\/apavivisiem.lv\/en\/"},{"@type":"ListItem","position":2,"name":"Veikals","item":"https:\/\/apavivisiem.lv\/?page_id=9"},{"@type":"ListItem","position":3,"name":"NIKE SUPERREP"}]},{"@type":"WebSite","@id":"https:\/\/apavivisiem.lv\/#website","url":"https:\/\/apavivisiem.lv\/","name":"Apavu Outlet","description":"Popul\u0101ro paz\u012bstamo z\u012bmolu apavi","publisher":{"@id":"https:\/\/apavivisiem.lv\/#organization"},"potentialAction":[{"@type":"SearchAction","target":{"@type":"EntryPoint","urlTemplate":"https:\/\/apavivisiem.lv\/?s={search_term_string}"},"query-input":{"@type":"PropertyValueSpecification","valueRequired":true,"valueName":"search_term_string"}}],"inLanguage":"lv-LV"},{"@type":"Organization","@id":"https:\/\/apavivisiem.lv\/#organization","name":"Krist\u012bne RR SIA","url":"https:\/\/apavivisiem.lv\/","logo":{"@type":"ImageObject","inLanguage":"lv-LV","@id":"https:\/\/apavivisiem.lv\/#\/schema\/logo\/image\/","url":"https:\/\/apavivisiem.lv\/wp-content\/uploads\/2021\/03\/logo-main.png","contentUrl":"https:\/\/apavivisiem.lv\/wp-content\/uploads\/2021\/03\/logo-main.png","width":300,"height":50,"caption":"Krist\u012bne RR SIA"},"image":{"@id":"https:\/\/apavivisiem.lv\/#\/schema\/logo\/image\/"},"sameAs":["https:\/\/www.facebook.com\/apavivisiem","https:\/\/www.instagram.com\/apavivisiem\/"]}]}},"lang":"lt","translations":{"lv":200392,"lt":200403,"et":200405,"en":200407},"pll_sync_post":{"lv":true,"lt":true,"et":true,"en":true},"_links":{"self":[{"href":"https:\/\/apavivisiem.lv\/index.php?rest_route=\/wp\/v2\/product\/200403","targetHints":{"allow":["GET"]}}],"collection":[{"href":"https:\/\/apavivisiem.lv\/index.php?rest_route=\/wp\/v2\/product"}],"about":[{"href":"https:\/\/apavivisiem.lv\/index.php?rest_route=\/wp\/v2\/types\/product"}],"replies":[{"embeddable":true,"href":"https:\/\/apavivisiem.lv\/index.php?rest_route=%2Fwp%2Fv2%2Fcomments&post=200403"}],"wp:featuredmedia":[{"embeddable":true,"href":"https:\/\/apavivisiem.lv\/index.php?rest_route=\/wp\/v2\/media\/200398"}],"wp:attachment":[{"href":"https:\/\/apavivisiem.lv\/index.php?rest_route=%2Fwp%2Fv2%2Fmedia&parent=200403"}],"wp:term":[{"taxonomy":"product_brand","embeddable":true,"href":"https:\/\/apavivisiem.lv\/index.php?rest_route=%2Fwp%2Fv2%2Fproduct_brand&post=200403"},{"taxonomy":"product_cat","embeddable":true,"href":"https:\/\/apavivisiem.lv\/index.php?rest_route=%2Fwp%2Fv2%2Fproduct_cat&post=200403"},{"taxonomy":"product_tag","embeddable":true,"href":"https:\/\/apavivisiem.lv\/index.php?rest_route=%2Fwp%2Fv2%2Fproduct_tag&post=200403"}],"curies":[{"name":"wp","href":"https:\/\/api.w.org\/{rel}","templated":true}]}}