{"id":209518,"date":"2025-09-25T13:13:29","date_gmt":"2025-09-25T10:13:29","guid":{"rendered":"https:\/\/apavivisiem.lv\/?post_type=product&#038;p=209506"},"modified":"2026-02-09T10:27:22","modified_gmt":"2026-02-09T08:27:22","slug":"salomon-rc-carbon-sleposanai-3","status":"publish","type":"product","link":"https:\/\/apavivisiem.lv\/?product=salomon-rc-carbon-sleposanai-3&lang=lt","title":{"rendered":"SALOMON RC CARBON Sl\u0113po\u0161anai"},"content":{"rendered":"","protected":false},"excerpt":{"rendered":"<p><span data-sheets-root=\"1\">SALOMON RC CARBON distan\u010du sl\u0113po\u0161anas apavi<br \/>\nAugstas kvalit\u0101tes distan\u010du sl\u0113po\u0161anas apavi, kas apvieno vieglumu, stingru atbalstu un \u0113rtu piegul\u0161anu. Karbona pastiprin\u0101jums nodro\u0161ina lielisku sp\u0113ka p\u0101rnesi un kontroli, savuk\u0101rt iek\u0161\u0113jais polster\u0113jums \u2013 siltumu un komfortu gar\u0101s distanc\u0113s.<br \/>\nIde\u0101li piem\u0113roti sportistiem un akt\u012bviem sl\u0113pot\u0101jiem, kas v\u0113las sasniegt augstu sniegumu\u00a0uz\u00a0trases.<\/span><\/p>\n<p>Iek\u0161zole: 27cm<\/p>\n","protected":false},"featured_media":209511,"comment_status":"closed","ping_status":"closed","template":"","meta":[],"product_brand":[],"product_cat":[41242,8564,41081,8552],"product_tag":[],"class_list":{"0":"post-209518","1":"product","2":"type-product","3":"status-publish","4":"has-post-thumbnail","6":"product_cat-apavi-viriesiem-zeniem___lt","7":"product_cat-batai-vyriska-avalyne","8":"product_cat-izpardosana-zimolu-apavu-outlet-atlaides-lidz-80___lt","9":"product_cat-vyriska-avalyne","11":"first","12":"outofstock","13":"taxable","14":"shipping-taxable","15":"product-type-variable","16":"has-default-attributes"},"yoast_head":"<!-- This site is optimized with the Yoast SEO plugin v26.6 - https:\/\/yoast.com\/wordpress\/plugins\/seo\/ -->\n<title>SALOMON RC CARBON Sl\u0113po\u0161anai - Apavu Outlet<\/title>\n<meta name=\"robots\" content=\"index, follow, max-snippet:-1, max-image-preview:large, max-video-preview:-1\" \/>\n<link rel=\"canonical\" href=\"https:\/\/apavivisiem.lv\/?product=salomon-rc-carbon-sleposanai-3&lang=lt\" \/>\n<meta property=\"og:locale\" content=\"lv_LV\" \/>\n<meta property=\"og:type\" content=\"article\" \/>\n<meta property=\"og:title\" content=\"SALOMON RC CARBON Sl\u0113po\u0161anai - Apavu Outlet\" \/>\n<meta property=\"og:description\" content=\"SALOMON RC CARBON distan\u010du sl\u0113po\u0161anas apavi Augstas kvalit\u0101tes distan\u010du sl\u0113po\u0161anas apavi, kas apvieno vieglumu, stingru atbalstu un \u0113rtu piegul\u0161anu. Karbona pastiprin\u0101jums nodro\u0161ina lielisku sp\u0113ka p\u0101rnesi un kontroli, savuk\u0101rt iek\u0161\u0113jais polster\u0113jums \u2013 siltumu un komfortu gar\u0101s distanc\u0113s. Ide\u0101li piem\u0113roti sportistiem un akt\u012bviem sl\u0113pot\u0101jiem, kas v\u0113las sasniegt augstu sniegumu\u00a0uz\u00a0trases.  Iek\u0161zole: 27cm\" \/>\n<meta property=\"og:url\" content=\"https:\/\/apavivisiem.lv\/?product=salomon-rc-carbon-sleposanai-3&amp;lang=lt\" \/>\n<meta property=\"og:site_name\" content=\"Apavu Outlet\" \/>\n<meta property=\"article:publisher\" content=\"https:\/\/www.facebook.com\/apavivisiem\" \/>\n<meta property=\"article:modified_time\" content=\"2026-02-09T08:27:22+00:00\" \/>\n<meta property=\"og:image\" content=\"https:\/\/apavivisiem.lv\/wp-content\/uploads\/2025\/09\/IMG_0701.jpeg\" \/>\n\t<meta property=\"og:image:width\" content=\"1080\" \/>\n\t<meta property=\"og:image:height\" content=\"1080\" \/>\n\t<meta property=\"og:image:type\" content=\"image\/jpeg\" \/>\n<meta name=\"twitter:card\" content=\"summary_large_image\" \/>\n<meta name=\"twitter:label1\" content=\"Est. reading time\" \/>\n\t<meta name=\"twitter:data1\" content=\"1 min\u016bte\" \/>\n<script type=\"application\/ld+json\" class=\"yoast-schema-graph\">{\"@context\":\"https:\/\/schema.org\",\"@graph\":[{\"@type\":\"WebPage\",\"@id\":\"https:\/\/apavivisiem.lv\/?product=salomon-rc-carbon-sleposanai-3&lang=lt\",\"url\":\"https:\/\/apavivisiem.lv\/?product=salomon-rc-carbon-sleposanai-3&lang=lt\",\"name\":\"SALOMON RC CARBON Sl\u0113po\u0161anai - Apavu Outlet\",\"isPartOf\":{\"@id\":\"https:\/\/apavivisiem.lv\/#website\"},\"primaryImageOfPage\":{\"@id\":\"https:\/\/apavivisiem.lv\/?product=salomon-rc-carbon-sleposanai-3&lang=lt#primaryimage\"},\"image\":{\"@id\":\"https:\/\/apavivisiem.lv\/?product=salomon-rc-carbon-sleposanai-3&lang=lt#primaryimage\"},\"thumbnailUrl\":\"https:\/\/apavivisiem.lv\/wp-content\/uploads\/2025\/09\/IMG_0701.jpeg\",\"datePublished\":\"2025-09-25T10:13:29+00:00\",\"dateModified\":\"2026-02-09T08:27:22+00:00\",\"breadcrumb\":{\"@id\":\"https:\/\/apavivisiem.lv\/?product=salomon-rc-carbon-sleposanai-3&lang=lt#breadcrumb\"},\"inLanguage\":\"lv-LV\",\"potentialAction\":[{\"@type\":\"ReadAction\",\"target\":[\"https:\/\/apavivisiem.lv\/?product=salomon-rc-carbon-sleposanai-3&lang=lt\"]}]},{\"@type\":\"ImageObject\",\"inLanguage\":\"lv-LV\",\"@id\":\"https:\/\/apavivisiem.lv\/?product=salomon-rc-carbon-sleposanai-3&lang=lt#primaryimage\",\"url\":\"https:\/\/apavivisiem.lv\/wp-content\/uploads\/2025\/09\/IMG_0701.jpeg\",\"contentUrl\":\"https:\/\/apavivisiem.lv\/wp-content\/uploads\/2025\/09\/IMG_0701.jpeg\",\"width\":1080,\"height\":1080,\"caption\":\"SALOMON\"},{\"@type\":\"BreadcrumbList\",\"@id\":\"https:\/\/apavivisiem.lv\/?product=salomon-rc-carbon-sleposanai-3&lang=lt#breadcrumb\",\"itemListElement\":[{\"@type\":\"ListItem\",\"position\":1,\"name\":\"Galven\u0101\",\"item\":\"https:\/\/apavivisiem.lv\/en\/\"},{\"@type\":\"ListItem\",\"position\":2,\"name\":\"Veikals\",\"item\":\"https:\/\/apavivisiem.lv\/?page_id=9\"},{\"@type\":\"ListItem\",\"position\":3,\"name\":\"SALOMON RC CARBON Sl\u0113po\u0161anai\"}]},{\"@type\":\"WebSite\",\"@id\":\"https:\/\/apavivisiem.lv\/#website\",\"url\":\"https:\/\/apavivisiem.lv\/\",\"name\":\"Apavu Outlet\",\"description\":\"Popul\u0101ro paz\u012bstamo z\u012bmolu apavi\",\"publisher\":{\"@id\":\"https:\/\/apavivisiem.lv\/#organization\"},\"potentialAction\":[{\"@type\":\"SearchAction\",\"target\":{\"@type\":\"EntryPoint\",\"urlTemplate\":\"https:\/\/apavivisiem.lv\/?s={search_term_string}\"},\"query-input\":{\"@type\":\"PropertyValueSpecification\",\"valueRequired\":true,\"valueName\":\"search_term_string\"}}],\"inLanguage\":\"lv-LV\"},{\"@type\":\"Organization\",\"@id\":\"https:\/\/apavivisiem.lv\/#organization\",\"name\":\"Krist\u012bne RR SIA\",\"url\":\"https:\/\/apavivisiem.lv\/\",\"logo\":{\"@type\":\"ImageObject\",\"inLanguage\":\"lv-LV\",\"@id\":\"https:\/\/apavivisiem.lv\/#\/schema\/logo\/image\/\",\"url\":\"https:\/\/apavivisiem.lv\/wp-content\/uploads\/2021\/03\/logo-main.png\",\"contentUrl\":\"https:\/\/apavivisiem.lv\/wp-content\/uploads\/2021\/03\/logo-main.png\",\"width\":300,\"height\":50,\"caption\":\"Krist\u012bne RR SIA\"},\"image\":{\"@id\":\"https:\/\/apavivisiem.lv\/#\/schema\/logo\/image\/\"},\"sameAs\":[\"https:\/\/www.facebook.com\/apavivisiem\",\"https:\/\/www.instagram.com\/apavivisiem\/\"]}]}<\/script>\n<!-- \/ Yoast SEO plugin. -->","yoast_head_json":{"title":"SALOMON RC CARBON Sl\u0113po\u0161anai - Apavu Outlet","robots":{"index":"index","follow":"follow","max-snippet":"max-snippet:-1","max-image-preview":"max-image-preview:large","max-video-preview":"max-video-preview:-1"},"canonical":"https:\/\/apavivisiem.lv\/?product=salomon-rc-carbon-sleposanai-3&lang=lt","og_locale":"lv_LV","og_type":"article","og_title":"SALOMON RC CARBON Sl\u0113po\u0161anai - Apavu Outlet","og_description":"SALOMON RC CARBON distan\u010du sl\u0113po\u0161anas apavi Augstas kvalit\u0101tes distan\u010du sl\u0113po\u0161anas apavi, kas apvieno vieglumu, stingru atbalstu un \u0113rtu piegul\u0161anu. Karbona pastiprin\u0101jums nodro\u0161ina lielisku sp\u0113ka p\u0101rnesi un kontroli, savuk\u0101rt iek\u0161\u0113jais polster\u0113jums \u2013 siltumu un komfortu gar\u0101s distanc\u0113s. Ide\u0101li piem\u0113roti sportistiem un akt\u012bviem sl\u0113pot\u0101jiem, kas v\u0113las sasniegt augstu sniegumu\u00a0uz\u00a0trases.  Iek\u0161zole: 27cm","og_url":"https:\/\/apavivisiem.lv\/?product=salomon-rc-carbon-sleposanai-3&lang=lt","og_site_name":"Apavu Outlet","article_publisher":"https:\/\/www.facebook.com\/apavivisiem","article_modified_time":"2026-02-09T08:27:22+00:00","og_image":[{"width":1080,"height":1080,"url":"https:\/\/apavivisiem.lv\/wp-content\/uploads\/2025\/09\/IMG_0701.jpeg","type":"image\/jpeg"}],"twitter_card":"summary_large_image","twitter_misc":{"Est. reading time":"1 min\u016bte"},"schema":{"@context":"https:\/\/schema.org","@graph":[{"@type":"WebPage","@id":"https:\/\/apavivisiem.lv\/?product=salomon-rc-carbon-sleposanai-3&lang=lt","url":"https:\/\/apavivisiem.lv\/?product=salomon-rc-carbon-sleposanai-3&lang=lt","name":"SALOMON RC CARBON Sl\u0113po\u0161anai - Apavu Outlet","isPartOf":{"@id":"https:\/\/apavivisiem.lv\/#website"},"primaryImageOfPage":{"@id":"https:\/\/apavivisiem.lv\/?product=salomon-rc-carbon-sleposanai-3&lang=lt#primaryimage"},"image":{"@id":"https:\/\/apavivisiem.lv\/?product=salomon-rc-carbon-sleposanai-3&lang=lt#primaryimage"},"thumbnailUrl":"https:\/\/apavivisiem.lv\/wp-content\/uploads\/2025\/09\/IMG_0701.jpeg","datePublished":"2025-09-25T10:13:29+00:00","dateModified":"2026-02-09T08:27:22+00:00","breadcrumb":{"@id":"https:\/\/apavivisiem.lv\/?product=salomon-rc-carbon-sleposanai-3&lang=lt#breadcrumb"},"inLanguage":"lv-LV","potentialAction":[{"@type":"ReadAction","target":["https:\/\/apavivisiem.lv\/?product=salomon-rc-carbon-sleposanai-3&lang=lt"]}]},{"@type":"ImageObject","inLanguage":"lv-LV","@id":"https:\/\/apavivisiem.lv\/?product=salomon-rc-carbon-sleposanai-3&lang=lt#primaryimage","url":"https:\/\/apavivisiem.lv\/wp-content\/uploads\/2025\/09\/IMG_0701.jpeg","contentUrl":"https:\/\/apavivisiem.lv\/wp-content\/uploads\/2025\/09\/IMG_0701.jpeg","width":1080,"height":1080,"caption":"SALOMON"},{"@type":"BreadcrumbList","@id":"https:\/\/apavivisiem.lv\/?product=salomon-rc-carbon-sleposanai-3&lang=lt#breadcrumb","itemListElement":[{"@type":"ListItem","position":1,"name":"Galven\u0101","item":"https:\/\/apavivisiem.lv\/en\/"},{"@type":"ListItem","position":2,"name":"Veikals","item":"https:\/\/apavivisiem.lv\/?page_id=9"},{"@type":"ListItem","position":3,"name":"SALOMON RC CARBON Sl\u0113po\u0161anai"}]},{"@type":"WebSite","@id":"https:\/\/apavivisiem.lv\/#website","url":"https:\/\/apavivisiem.lv\/","name":"Apavu Outlet","description":"Popul\u0101ro paz\u012bstamo z\u012bmolu apavi","publisher":{"@id":"https:\/\/apavivisiem.lv\/#organization"},"potentialAction":[{"@type":"SearchAction","target":{"@type":"EntryPoint","urlTemplate":"https:\/\/apavivisiem.lv\/?s={search_term_string}"},"query-input":{"@type":"PropertyValueSpecification","valueRequired":true,"valueName":"search_term_string"}}],"inLanguage":"lv-LV"},{"@type":"Organization","@id":"https:\/\/apavivisiem.lv\/#organization","name":"Krist\u012bne RR SIA","url":"https:\/\/apavivisiem.lv\/","logo":{"@type":"ImageObject","inLanguage":"lv-LV","@id":"https:\/\/apavivisiem.lv\/#\/schema\/logo\/image\/","url":"https:\/\/apavivisiem.lv\/wp-content\/uploads\/2021\/03\/logo-main.png","contentUrl":"https:\/\/apavivisiem.lv\/wp-content\/uploads\/2021\/03\/logo-main.png","width":300,"height":50,"caption":"Krist\u012bne RR SIA"},"image":{"@id":"https:\/\/apavivisiem.lv\/#\/schema\/logo\/image\/"},"sameAs":["https:\/\/www.facebook.com\/apavivisiem","https:\/\/www.instagram.com\/apavivisiem\/"]}]}},"lang":"lt","translations":{"lv":209506,"en":209516,"lt":209518,"et":209520},"pll_sync_post":{"lv":true,"en":true,"lt":true,"et":true},"_links":{"self":[{"href":"https:\/\/apavivisiem.lv\/index.php?rest_route=\/wp\/v2\/product\/209518","targetHints":{"allow":["GET"]}}],"collection":[{"href":"https:\/\/apavivisiem.lv\/index.php?rest_route=\/wp\/v2\/product"}],"about":[{"href":"https:\/\/apavivisiem.lv\/index.php?rest_route=\/wp\/v2\/types\/product"}],"replies":[{"embeddable":true,"href":"https:\/\/apavivisiem.lv\/index.php?rest_route=%2Fwp%2Fv2%2Fcomments&post=209518"}],"wp:featuredmedia":[{"embeddable":true,"href":"https:\/\/apavivisiem.lv\/index.php?rest_route=\/wp\/v2\/media\/209511"}],"wp:attachment":[{"href":"https:\/\/apavivisiem.lv\/index.php?rest_route=%2Fwp%2Fv2%2Fmedia&parent=209518"}],"wp:term":[{"taxonomy":"product_brand","embeddable":true,"href":"https:\/\/apavivisiem.lv\/index.php?rest_route=%2Fwp%2Fv2%2Fproduct_brand&post=209518"},{"taxonomy":"product_cat","embeddable":true,"href":"https:\/\/apavivisiem.lv\/index.php?rest_route=%2Fwp%2Fv2%2Fproduct_cat&post=209518"},{"taxonomy":"product_tag","embeddable":true,"href":"https:\/\/apavivisiem.lv\/index.php?rest_route=%2Fwp%2Fv2%2Fproduct_tag&post=209518"}],"curies":[{"name":"wp","href":"https:\/\/api.w.org\/{rel}","templated":true}]}}