{"id":209949,"date":"2025-09-26T14:16:01","date_gmt":"2025-09-26T11:16:01","guid":{"rendered":"https:\/\/apavivisiem.lv\/?post_type=product&#038;p=209939"},"modified":"2026-04-06T19:55:12","modified_gmt":"2026-04-06T16:55:12","slug":"reebok-instapump-fury-95-2","status":"publish","type":"product","link":"https:\/\/apavivisiem.lv\/?product=reebok-instapump-fury-95-2&lang=en","title":{"rendered":"REEBOK INSTAPUMP FURY 95"},"content":{"rendered":"","protected":false},"excerpt":{"rendered":"<p><span data-sheets-root=\"1\">REEBOK InstaPump Fury 95 \u2013 unik\u0101li sporta apavi ar ikonisku dizainu un Pump tehnolo\u0123iju, kas nodro\u0161ina individu\u0101lu piegul\u0161anu bez \u0161\u0146or\u0113m. <\/span><\/p>\n<p><span data-sheets-root=\"1\">Modelis izce\u013cas ar drosm\u012bgu stilu un maksim\u0101lu komfortu ikdienai vai akt\u012bvam dz\u012bvesveidam.<\/span><\/p>\n<p>Iek\u0161zole 29cm<\/p>\n","protected":false},"featured_media":209943,"comment_status":"closed","ping_status":"closed","template":"","meta":[],"product_brand":[],"product_cat":[1441,1451,1459,1465],"product_tag":[],"class_list":{"0":"post-209949","1":"product","2":"type-product","3":"status-publish","4":"has-post-thumbnail","6":"product_cat-womens-footwear","7":"product_cat-womens-shoes","8":"product_cat-mens-footwear","9":"product_cat-mens-shoes","11":"first","12":"outofstock","13":"taxable","14":"shipping-taxable","15":"product-type-variable","16":"has-default-attributes"},"yoast_head":"<!-- This site is optimized with the Yoast SEO plugin v26.6 - https:\/\/yoast.com\/wordpress\/plugins\/seo\/ -->\n<title>REEBOK INSTAPUMP FURY 95 - Apavu Outlet<\/title>\n<meta name=\"robots\" content=\"index, follow, max-snippet:-1, max-image-preview:large, max-video-preview:-1\" \/>\n<link rel=\"canonical\" href=\"https:\/\/apavivisiem.lv\/?product=reebok-instapump-fury-95-2&lang=en\" \/>\n<meta property=\"og:locale\" content=\"lv_LV\" \/>\n<meta property=\"og:type\" content=\"article\" \/>\n<meta property=\"og:title\" content=\"REEBOK INSTAPUMP FURY 95 - Apavu Outlet\" \/>\n<meta property=\"og:description\" content=\"REEBOK InstaPump Fury 95 \u2013 unik\u0101li sporta apavi ar ikonisku dizainu un Pump tehnolo\u0123iju, kas nodro\u0161ina individu\u0101lu piegul\u0161anu bez \u0161\u0146or\u0113m.   Modelis izce\u013cas ar drosm\u012bgu stilu un maksim\u0101lu komfortu ikdienai vai akt\u012bvam dz\u012bvesveidam.  Iek\u0161zole 29cm\" \/>\n<meta property=\"og:url\" content=\"https:\/\/apavivisiem.lv\/?product=reebok-instapump-fury-95-2&amp;lang=en\" \/>\n<meta property=\"og:site_name\" content=\"Apavu Outlet\" \/>\n<meta property=\"article:publisher\" content=\"https:\/\/www.facebook.com\/apavivisiem\" \/>\n<meta property=\"article:modified_time\" content=\"2026-04-06T16:55:12+00:00\" \/>\n<meta property=\"og:image\" content=\"https:\/\/apavivisiem.lv\/wp-content\/uploads\/2025\/09\/IMG_0922.jpeg\" \/>\n\t<meta property=\"og:image:width\" content=\"1080\" \/>\n\t<meta property=\"og:image:height\" content=\"1080\" \/>\n\t<meta property=\"og:image:type\" content=\"image\/jpeg\" \/>\n<meta name=\"twitter:card\" content=\"summary_large_image\" \/>\n<meta name=\"twitter:label1\" content=\"Est. reading time\" \/>\n\t<meta name=\"twitter:data1\" content=\"1 min\u016bte\" \/>\n<script type=\"application\/ld+json\" class=\"yoast-schema-graph\">{\"@context\":\"https:\/\/schema.org\",\"@graph\":[{\"@type\":\"WebPage\",\"@id\":\"https:\/\/apavivisiem.lv\/?product=reebok-instapump-fury-95-2&lang=en\",\"url\":\"https:\/\/apavivisiem.lv\/?product=reebok-instapump-fury-95-2&lang=en\",\"name\":\"REEBOK INSTAPUMP FURY 95 - Apavu Outlet\",\"isPartOf\":{\"@id\":\"https:\/\/apavivisiem.lv\/#website\"},\"primaryImageOfPage\":{\"@id\":\"https:\/\/apavivisiem.lv\/?product=reebok-instapump-fury-95-2&lang=en#primaryimage\"},\"image\":{\"@id\":\"https:\/\/apavivisiem.lv\/?product=reebok-instapump-fury-95-2&lang=en#primaryimage\"},\"thumbnailUrl\":\"https:\/\/apavivisiem.lv\/wp-content\/uploads\/2025\/09\/IMG_0922.jpeg\",\"datePublished\":\"2025-09-26T11:16:01+00:00\",\"dateModified\":\"2026-04-06T16:55:12+00:00\",\"breadcrumb\":{\"@id\":\"https:\/\/apavivisiem.lv\/?product=reebok-instapump-fury-95-2&lang=en#breadcrumb\"},\"inLanguage\":\"lv-LV\",\"potentialAction\":[{\"@type\":\"ReadAction\",\"target\":[\"https:\/\/apavivisiem.lv\/?product=reebok-instapump-fury-95-2&lang=en\"]}]},{\"@type\":\"ImageObject\",\"inLanguage\":\"lv-LV\",\"@id\":\"https:\/\/apavivisiem.lv\/?product=reebok-instapump-fury-95-2&lang=en#primaryimage\",\"url\":\"https:\/\/apavivisiem.lv\/wp-content\/uploads\/2025\/09\/IMG_0922.jpeg\",\"contentUrl\":\"https:\/\/apavivisiem.lv\/wp-content\/uploads\/2025\/09\/IMG_0922.jpeg\",\"width\":1080,\"height\":1080,\"caption\":\"REEBOK\"},{\"@type\":\"BreadcrumbList\",\"@id\":\"https:\/\/apavivisiem.lv\/?product=reebok-instapump-fury-95-2&lang=en#breadcrumb\",\"itemListElement\":[{\"@type\":\"ListItem\",\"position\":1,\"name\":\"Galven\u0101\",\"item\":\"https:\/\/apavivisiem.lv\/en\/\"},{\"@type\":\"ListItem\",\"position\":2,\"name\":\"Veikals\",\"item\":\"https:\/\/apavivisiem.lv\/?page_id=9\"},{\"@type\":\"ListItem\",\"position\":3,\"name\":\"REEBOK INSTAPUMP FURY 95\"}]},{\"@type\":\"WebSite\",\"@id\":\"https:\/\/apavivisiem.lv\/#website\",\"url\":\"https:\/\/apavivisiem.lv\/\",\"name\":\"Apavu Outlet\",\"description\":\"Popul\u0101ro paz\u012bstamo z\u012bmolu apavi\",\"publisher\":{\"@id\":\"https:\/\/apavivisiem.lv\/#organization\"},\"potentialAction\":[{\"@type\":\"SearchAction\",\"target\":{\"@type\":\"EntryPoint\",\"urlTemplate\":\"https:\/\/apavivisiem.lv\/?s={search_term_string}\"},\"query-input\":{\"@type\":\"PropertyValueSpecification\",\"valueRequired\":true,\"valueName\":\"search_term_string\"}}],\"inLanguage\":\"lv-LV\"},{\"@type\":\"Organization\",\"@id\":\"https:\/\/apavivisiem.lv\/#organization\",\"name\":\"Krist\u012bne RR SIA\",\"url\":\"https:\/\/apavivisiem.lv\/\",\"logo\":{\"@type\":\"ImageObject\",\"inLanguage\":\"lv-LV\",\"@id\":\"https:\/\/apavivisiem.lv\/#\/schema\/logo\/image\/\",\"url\":\"https:\/\/apavivisiem.lv\/wp-content\/uploads\/2021\/03\/logo-main.png\",\"contentUrl\":\"https:\/\/apavivisiem.lv\/wp-content\/uploads\/2021\/03\/logo-main.png\",\"width\":300,\"height\":50,\"caption\":\"Krist\u012bne RR SIA\"},\"image\":{\"@id\":\"https:\/\/apavivisiem.lv\/#\/schema\/logo\/image\/\"},\"sameAs\":[\"https:\/\/www.facebook.com\/apavivisiem\",\"https:\/\/www.instagram.com\/apavivisiem\/\"]}]}<\/script>\n<!-- \/ Yoast SEO plugin. -->","yoast_head_json":{"title":"REEBOK INSTAPUMP FURY 95 - Apavu Outlet","robots":{"index":"index","follow":"follow","max-snippet":"max-snippet:-1","max-image-preview":"max-image-preview:large","max-video-preview":"max-video-preview:-1"},"canonical":"https:\/\/apavivisiem.lv\/?product=reebok-instapump-fury-95-2&lang=en","og_locale":"lv_LV","og_type":"article","og_title":"REEBOK INSTAPUMP FURY 95 - Apavu Outlet","og_description":"REEBOK InstaPump Fury 95 \u2013 unik\u0101li sporta apavi ar ikonisku dizainu un Pump tehnolo\u0123iju, kas nodro\u0161ina individu\u0101lu piegul\u0161anu bez \u0161\u0146or\u0113m.   Modelis izce\u013cas ar drosm\u012bgu stilu un maksim\u0101lu komfortu ikdienai vai akt\u012bvam dz\u012bvesveidam.  Iek\u0161zole 29cm","og_url":"https:\/\/apavivisiem.lv\/?product=reebok-instapump-fury-95-2&lang=en","og_site_name":"Apavu Outlet","article_publisher":"https:\/\/www.facebook.com\/apavivisiem","article_modified_time":"2026-04-06T16:55:12+00:00","og_image":[{"width":1080,"height":1080,"url":"https:\/\/apavivisiem.lv\/wp-content\/uploads\/2025\/09\/IMG_0922.jpeg","type":"image\/jpeg"}],"twitter_card":"summary_large_image","twitter_misc":{"Est. reading time":"1 min\u016bte"},"schema":{"@context":"https:\/\/schema.org","@graph":[{"@type":"WebPage","@id":"https:\/\/apavivisiem.lv\/?product=reebok-instapump-fury-95-2&lang=en","url":"https:\/\/apavivisiem.lv\/?product=reebok-instapump-fury-95-2&lang=en","name":"REEBOK INSTAPUMP FURY 95 - Apavu Outlet","isPartOf":{"@id":"https:\/\/apavivisiem.lv\/#website"},"primaryImageOfPage":{"@id":"https:\/\/apavivisiem.lv\/?product=reebok-instapump-fury-95-2&lang=en#primaryimage"},"image":{"@id":"https:\/\/apavivisiem.lv\/?product=reebok-instapump-fury-95-2&lang=en#primaryimage"},"thumbnailUrl":"https:\/\/apavivisiem.lv\/wp-content\/uploads\/2025\/09\/IMG_0922.jpeg","datePublished":"2025-09-26T11:16:01+00:00","dateModified":"2026-04-06T16:55:12+00:00","breadcrumb":{"@id":"https:\/\/apavivisiem.lv\/?product=reebok-instapump-fury-95-2&lang=en#breadcrumb"},"inLanguage":"lv-LV","potentialAction":[{"@type":"ReadAction","target":["https:\/\/apavivisiem.lv\/?product=reebok-instapump-fury-95-2&lang=en"]}]},{"@type":"ImageObject","inLanguage":"lv-LV","@id":"https:\/\/apavivisiem.lv\/?product=reebok-instapump-fury-95-2&lang=en#primaryimage","url":"https:\/\/apavivisiem.lv\/wp-content\/uploads\/2025\/09\/IMG_0922.jpeg","contentUrl":"https:\/\/apavivisiem.lv\/wp-content\/uploads\/2025\/09\/IMG_0922.jpeg","width":1080,"height":1080,"caption":"REEBOK"},{"@type":"BreadcrumbList","@id":"https:\/\/apavivisiem.lv\/?product=reebok-instapump-fury-95-2&lang=en#breadcrumb","itemListElement":[{"@type":"ListItem","position":1,"name":"Galven\u0101","item":"https:\/\/apavivisiem.lv\/en\/"},{"@type":"ListItem","position":2,"name":"Veikals","item":"https:\/\/apavivisiem.lv\/?page_id=9"},{"@type":"ListItem","position":3,"name":"REEBOK INSTAPUMP FURY 95"}]},{"@type":"WebSite","@id":"https:\/\/apavivisiem.lv\/#website","url":"https:\/\/apavivisiem.lv\/","name":"Apavu Outlet","description":"Popul\u0101ro paz\u012bstamo z\u012bmolu apavi","publisher":{"@id":"https:\/\/apavivisiem.lv\/#organization"},"potentialAction":[{"@type":"SearchAction","target":{"@type":"EntryPoint","urlTemplate":"https:\/\/apavivisiem.lv\/?s={search_term_string}"},"query-input":{"@type":"PropertyValueSpecification","valueRequired":true,"valueName":"search_term_string"}}],"inLanguage":"lv-LV"},{"@type":"Organization","@id":"https:\/\/apavivisiem.lv\/#organization","name":"Krist\u012bne RR SIA","url":"https:\/\/apavivisiem.lv\/","logo":{"@type":"ImageObject","inLanguage":"lv-LV","@id":"https:\/\/apavivisiem.lv\/#\/schema\/logo\/image\/","url":"https:\/\/apavivisiem.lv\/wp-content\/uploads\/2021\/03\/logo-main.png","contentUrl":"https:\/\/apavivisiem.lv\/wp-content\/uploads\/2021\/03\/logo-main.png","width":300,"height":50,"caption":"Krist\u012bne RR SIA"},"image":{"@id":"https:\/\/apavivisiem.lv\/#\/schema\/logo\/image\/"},"sameAs":["https:\/\/www.facebook.com\/apavivisiem","https:\/\/www.instagram.com\/apavivisiem\/"]}]}},"lang":"en","translations":{"lv":209939,"en":209949,"lt":209951,"et":209953},"pll_sync_post":{"lv":true,"en":true,"lt":true,"et":true},"_links":{"self":[{"href":"https:\/\/apavivisiem.lv\/index.php?rest_route=\/wp\/v2\/product\/209949","targetHints":{"allow":["GET"]}}],"collection":[{"href":"https:\/\/apavivisiem.lv\/index.php?rest_route=\/wp\/v2\/product"}],"about":[{"href":"https:\/\/apavivisiem.lv\/index.php?rest_route=\/wp\/v2\/types\/product"}],"replies":[{"embeddable":true,"href":"https:\/\/apavivisiem.lv\/index.php?rest_route=%2Fwp%2Fv2%2Fcomments&post=209949"}],"wp:featuredmedia":[{"embeddable":true,"href":"https:\/\/apavivisiem.lv\/index.php?rest_route=\/wp\/v2\/media\/209943"}],"wp:attachment":[{"href":"https:\/\/apavivisiem.lv\/index.php?rest_route=%2Fwp%2Fv2%2Fmedia&parent=209949"}],"wp:term":[{"taxonomy":"product_brand","embeddable":true,"href":"https:\/\/apavivisiem.lv\/index.php?rest_route=%2Fwp%2Fv2%2Fproduct_brand&post=209949"},{"taxonomy":"product_cat","embeddable":true,"href":"https:\/\/apavivisiem.lv\/index.php?rest_route=%2Fwp%2Fv2%2Fproduct_cat&post=209949"},{"taxonomy":"product_tag","embeddable":true,"href":"https:\/\/apavivisiem.lv\/index.php?rest_route=%2Fwp%2Fv2%2Fproduct_tag&post=209949"}],"curies":[{"name":"wp","href":"https:\/\/api.w.org\/{rel}","templated":true}]}}