{"id":211350,"date":"2025-10-02T09:17:52","date_gmt":"2025-10-02T06:17:52","guid":{"rendered":"https:\/\/apavivisiem.lv\/?post_type=product&#038;p=211344"},"modified":"2025-10-02T13:35:43","modified_gmt":"2025-10-02T10:35:43","slug":"ana-johnson-by-peek-cloppenburg-3","status":"publish","type":"product","link":"https:\/\/apavivisiem.lv\/?product=ana-johnson-by-peek-cloppenburg-3&lang=lt","title":{"rendered":"ANA JOHNSON by PEEK &#038; CLOPPENBURG"},"content":{"rendered":"<p>50% COTTON<\/p>\n<p>34% POLYACRILIC<\/p>\n<p>18% WOOL<\/p>\n","protected":false},"excerpt":{"rendered":"<p><span data-sheets-root=\"1\">ANA JOHNSON cepure, izm\u0113rs 1<\/span><\/p>\n","protected":false},"featured_media":211346,"comment_status":"closed","ping_status":"closed","template":"","meta":[],"product_brand":[],"product_cat":[45649,24635],"product_tag":[],"class_list":{"0":"post-211350","1":"product","2":"type-product","3":"status-publish","4":"has-post-thumbnail","6":"product_cat-cepures___lt","7":"product_cat-drabuziai","9":"first","10":"instock","11":"sale","12":"taxable","13":"shipping-taxable","14":"purchasable","15":"product-type-variable","16":"has-default-attributes"},"yoast_head":"<!-- This site is optimized with the Yoast SEO plugin v26.6 - https:\/\/yoast.com\/wordpress\/plugins\/seo\/ -->\n<title>ANA JOHNSON by PEEK &amp; CLOPPENBURG - Apavu Outlet<\/title>\n<meta name=\"robots\" content=\"index, follow, max-snippet:-1, max-image-preview:large, max-video-preview:-1\" \/>\n<link rel=\"canonical\" href=\"https:\/\/apavivisiem.lv\/?product=ana-johnson-by-peek-cloppenburg-3&lang=lt\" \/>\n<meta property=\"og:locale\" content=\"lv_LV\" \/>\n<meta property=\"og:type\" content=\"article\" \/>\n<meta property=\"og:title\" content=\"ANA JOHNSON by PEEK &amp; CLOPPENBURG - Apavu Outlet\" \/>\n<meta property=\"og:description\" content=\"ANA JOHNSON cepure, izm\u0113rs 1\" \/>\n<meta property=\"og:url\" content=\"https:\/\/apavivisiem.lv\/?product=ana-johnson-by-peek-cloppenburg-3&amp;lang=lt\" \/>\n<meta property=\"og:site_name\" content=\"Apavu Outlet\" \/>\n<meta property=\"article:publisher\" content=\"https:\/\/www.facebook.com\/apavivisiem\" \/>\n<meta property=\"article:modified_time\" content=\"2025-10-02T10:35:43+00:00\" \/>\n<meta property=\"og:image\" content=\"https:\/\/apavivisiem.lv\/wp-content\/uploads\/2025\/10\/6b20fda9-3b5c-4b5c-a173-9edc1ee7816d.jpg\" \/>\n\t<meta property=\"og:image:width\" content=\"970\" \/>\n\t<meta property=\"og:image:height\" content=\"1104\" \/>\n\t<meta property=\"og:image:type\" content=\"image\/jpeg\" \/>\n<meta name=\"twitter:card\" content=\"summary_large_image\" \/>\n<meta name=\"twitter:label1\" content=\"Est. reading time\" \/>\n\t<meta name=\"twitter:data1\" content=\"1 min\u016bte\" \/>\n<script type=\"application\/ld+json\" class=\"yoast-schema-graph\">{\"@context\":\"https:\/\/schema.org\",\"@graph\":[{\"@type\":\"WebPage\",\"@id\":\"https:\/\/apavivisiem.lv\/?product=ana-johnson-by-peek-cloppenburg-3&lang=lt\",\"url\":\"https:\/\/apavivisiem.lv\/?product=ana-johnson-by-peek-cloppenburg-3&lang=lt\",\"name\":\"ANA JOHNSON by PEEK & CLOPPENBURG - Apavu Outlet\",\"isPartOf\":{\"@id\":\"https:\/\/apavivisiem.lv\/#website\"},\"primaryImageOfPage\":{\"@id\":\"https:\/\/apavivisiem.lv\/?product=ana-johnson-by-peek-cloppenburg-3&lang=lt#primaryimage\"},\"image\":{\"@id\":\"https:\/\/apavivisiem.lv\/?product=ana-johnson-by-peek-cloppenburg-3&lang=lt#primaryimage\"},\"thumbnailUrl\":\"https:\/\/apavivisiem.lv\/wp-content\/uploads\/2025\/10\/6b20fda9-3b5c-4b5c-a173-9edc1ee7816d.jpg\",\"datePublished\":\"2025-10-02T06:17:52+00:00\",\"dateModified\":\"2025-10-02T10:35:43+00:00\",\"breadcrumb\":{\"@id\":\"https:\/\/apavivisiem.lv\/?product=ana-johnson-by-peek-cloppenburg-3&lang=lt#breadcrumb\"},\"inLanguage\":\"lv-LV\",\"potentialAction\":[{\"@type\":\"ReadAction\",\"target\":[\"https:\/\/apavivisiem.lv\/?product=ana-johnson-by-peek-cloppenburg-3&lang=lt\"]}]},{\"@type\":\"ImageObject\",\"inLanguage\":\"lv-LV\",\"@id\":\"https:\/\/apavivisiem.lv\/?product=ana-johnson-by-peek-cloppenburg-3&lang=lt#primaryimage\",\"url\":\"https:\/\/apavivisiem.lv\/wp-content\/uploads\/2025\/10\/6b20fda9-3b5c-4b5c-a173-9edc1ee7816d.jpg\",\"contentUrl\":\"https:\/\/apavivisiem.lv\/wp-content\/uploads\/2025\/10\/6b20fda9-3b5c-4b5c-a173-9edc1ee7816d.jpg\",\"width\":970,\"height\":1104,\"caption\":\"ana johnson\"},{\"@type\":\"BreadcrumbList\",\"@id\":\"https:\/\/apavivisiem.lv\/?product=ana-johnson-by-peek-cloppenburg-3&lang=lt#breadcrumb\",\"itemListElement\":[{\"@type\":\"ListItem\",\"position\":1,\"name\":\"Galven\u0101\",\"item\":\"https:\/\/apavivisiem.lv\/en\/\"},{\"@type\":\"ListItem\",\"position\":2,\"name\":\"Veikals\",\"item\":\"https:\/\/apavivisiem.lv\/?page_id=9\"},{\"@type\":\"ListItem\",\"position\":3,\"name\":\"ANA JOHNSON by PEEK &#038; CLOPPENBURG\"}]},{\"@type\":\"WebSite\",\"@id\":\"https:\/\/apavivisiem.lv\/#website\",\"url\":\"https:\/\/apavivisiem.lv\/\",\"name\":\"Apavu Outlet\",\"description\":\"Popul\u0101ro paz\u012bstamo z\u012bmolu apavi\",\"publisher\":{\"@id\":\"https:\/\/apavivisiem.lv\/#organization\"},\"potentialAction\":[{\"@type\":\"SearchAction\",\"target\":{\"@type\":\"EntryPoint\",\"urlTemplate\":\"https:\/\/apavivisiem.lv\/?s={search_term_string}\"},\"query-input\":{\"@type\":\"PropertyValueSpecification\",\"valueRequired\":true,\"valueName\":\"search_term_string\"}}],\"inLanguage\":\"lv-LV\"},{\"@type\":\"Organization\",\"@id\":\"https:\/\/apavivisiem.lv\/#organization\",\"name\":\"Krist\u012bne RR SIA\",\"url\":\"https:\/\/apavivisiem.lv\/\",\"logo\":{\"@type\":\"ImageObject\",\"inLanguage\":\"lv-LV\",\"@id\":\"https:\/\/apavivisiem.lv\/#\/schema\/logo\/image\/\",\"url\":\"https:\/\/apavivisiem.lv\/wp-content\/uploads\/2021\/03\/logo-main.png\",\"contentUrl\":\"https:\/\/apavivisiem.lv\/wp-content\/uploads\/2021\/03\/logo-main.png\",\"width\":300,\"height\":50,\"caption\":\"Krist\u012bne RR SIA\"},\"image\":{\"@id\":\"https:\/\/apavivisiem.lv\/#\/schema\/logo\/image\/\"},\"sameAs\":[\"https:\/\/www.facebook.com\/apavivisiem\",\"https:\/\/www.instagram.com\/apavivisiem\/\"]}]}<\/script>\n<!-- \/ Yoast SEO plugin. -->","yoast_head_json":{"title":"ANA JOHNSON by PEEK & CLOPPENBURG - Apavu Outlet","robots":{"index":"index","follow":"follow","max-snippet":"max-snippet:-1","max-image-preview":"max-image-preview:large","max-video-preview":"max-video-preview:-1"},"canonical":"https:\/\/apavivisiem.lv\/?product=ana-johnson-by-peek-cloppenburg-3&lang=lt","og_locale":"lv_LV","og_type":"article","og_title":"ANA JOHNSON by PEEK & CLOPPENBURG - Apavu Outlet","og_description":"ANA JOHNSON cepure, izm\u0113rs 1","og_url":"https:\/\/apavivisiem.lv\/?product=ana-johnson-by-peek-cloppenburg-3&lang=lt","og_site_name":"Apavu Outlet","article_publisher":"https:\/\/www.facebook.com\/apavivisiem","article_modified_time":"2025-10-02T10:35:43+00:00","og_image":[{"width":970,"height":1104,"url":"https:\/\/apavivisiem.lv\/wp-content\/uploads\/2025\/10\/6b20fda9-3b5c-4b5c-a173-9edc1ee7816d.jpg","type":"image\/jpeg"}],"twitter_card":"summary_large_image","twitter_misc":{"Est. reading time":"1 min\u016bte"},"schema":{"@context":"https:\/\/schema.org","@graph":[{"@type":"WebPage","@id":"https:\/\/apavivisiem.lv\/?product=ana-johnson-by-peek-cloppenburg-3&lang=lt","url":"https:\/\/apavivisiem.lv\/?product=ana-johnson-by-peek-cloppenburg-3&lang=lt","name":"ANA JOHNSON by PEEK & CLOPPENBURG - Apavu Outlet","isPartOf":{"@id":"https:\/\/apavivisiem.lv\/#website"},"primaryImageOfPage":{"@id":"https:\/\/apavivisiem.lv\/?product=ana-johnson-by-peek-cloppenburg-3&lang=lt#primaryimage"},"image":{"@id":"https:\/\/apavivisiem.lv\/?product=ana-johnson-by-peek-cloppenburg-3&lang=lt#primaryimage"},"thumbnailUrl":"https:\/\/apavivisiem.lv\/wp-content\/uploads\/2025\/10\/6b20fda9-3b5c-4b5c-a173-9edc1ee7816d.jpg","datePublished":"2025-10-02T06:17:52+00:00","dateModified":"2025-10-02T10:35:43+00:00","breadcrumb":{"@id":"https:\/\/apavivisiem.lv\/?product=ana-johnson-by-peek-cloppenburg-3&lang=lt#breadcrumb"},"inLanguage":"lv-LV","potentialAction":[{"@type":"ReadAction","target":["https:\/\/apavivisiem.lv\/?product=ana-johnson-by-peek-cloppenburg-3&lang=lt"]}]},{"@type":"ImageObject","inLanguage":"lv-LV","@id":"https:\/\/apavivisiem.lv\/?product=ana-johnson-by-peek-cloppenburg-3&lang=lt#primaryimage","url":"https:\/\/apavivisiem.lv\/wp-content\/uploads\/2025\/10\/6b20fda9-3b5c-4b5c-a173-9edc1ee7816d.jpg","contentUrl":"https:\/\/apavivisiem.lv\/wp-content\/uploads\/2025\/10\/6b20fda9-3b5c-4b5c-a173-9edc1ee7816d.jpg","width":970,"height":1104,"caption":"ana johnson"},{"@type":"BreadcrumbList","@id":"https:\/\/apavivisiem.lv\/?product=ana-johnson-by-peek-cloppenburg-3&lang=lt#breadcrumb","itemListElement":[{"@type":"ListItem","position":1,"name":"Galven\u0101","item":"https:\/\/apavivisiem.lv\/en\/"},{"@type":"ListItem","position":2,"name":"Veikals","item":"https:\/\/apavivisiem.lv\/?page_id=9"},{"@type":"ListItem","position":3,"name":"ANA JOHNSON by PEEK &#038; CLOPPENBURG"}]},{"@type":"WebSite","@id":"https:\/\/apavivisiem.lv\/#website","url":"https:\/\/apavivisiem.lv\/","name":"Apavu Outlet","description":"Popul\u0101ro paz\u012bstamo z\u012bmolu apavi","publisher":{"@id":"https:\/\/apavivisiem.lv\/#organization"},"potentialAction":[{"@type":"SearchAction","target":{"@type":"EntryPoint","urlTemplate":"https:\/\/apavivisiem.lv\/?s={search_term_string}"},"query-input":{"@type":"PropertyValueSpecification","valueRequired":true,"valueName":"search_term_string"}}],"inLanguage":"lv-LV"},{"@type":"Organization","@id":"https:\/\/apavivisiem.lv\/#organization","name":"Krist\u012bne RR SIA","url":"https:\/\/apavivisiem.lv\/","logo":{"@type":"ImageObject","inLanguage":"lv-LV","@id":"https:\/\/apavivisiem.lv\/#\/schema\/logo\/image\/","url":"https:\/\/apavivisiem.lv\/wp-content\/uploads\/2021\/03\/logo-main.png","contentUrl":"https:\/\/apavivisiem.lv\/wp-content\/uploads\/2021\/03\/logo-main.png","width":300,"height":50,"caption":"Krist\u012bne RR SIA"},"image":{"@id":"https:\/\/apavivisiem.lv\/#\/schema\/logo\/image\/"},"sameAs":["https:\/\/www.facebook.com\/apavivisiem","https:\/\/www.instagram.com\/apavivisiem\/"]}]}},"lang":"lt","translations":{"lv":211344,"en":211348,"lt":211350,"et":211352},"pll_sync_post":{"lv":true,"en":true,"lt":true,"et":true},"_links":{"self":[{"href":"https:\/\/apavivisiem.lv\/index.php?rest_route=\/wp\/v2\/product\/211350","targetHints":{"allow":["GET"]}}],"collection":[{"href":"https:\/\/apavivisiem.lv\/index.php?rest_route=\/wp\/v2\/product"}],"about":[{"href":"https:\/\/apavivisiem.lv\/index.php?rest_route=\/wp\/v2\/types\/product"}],"replies":[{"embeddable":true,"href":"https:\/\/apavivisiem.lv\/index.php?rest_route=%2Fwp%2Fv2%2Fcomments&post=211350"}],"wp:featuredmedia":[{"embeddable":true,"href":"https:\/\/apavivisiem.lv\/index.php?rest_route=\/wp\/v2\/media\/211346"}],"wp:attachment":[{"href":"https:\/\/apavivisiem.lv\/index.php?rest_route=%2Fwp%2Fv2%2Fmedia&parent=211350"}],"wp:term":[{"taxonomy":"product_brand","embeddable":true,"href":"https:\/\/apavivisiem.lv\/index.php?rest_route=%2Fwp%2Fv2%2Fproduct_brand&post=211350"},{"taxonomy":"product_cat","embeddable":true,"href":"https:\/\/apavivisiem.lv\/index.php?rest_route=%2Fwp%2Fv2%2Fproduct_cat&post=211350"},{"taxonomy":"product_tag","embeddable":true,"href":"https:\/\/apavivisiem.lv\/index.php?rest_route=%2Fwp%2Fv2%2Fproduct_tag&post=211350"}],"curies":[{"name":"wp","href":"https:\/\/api.w.org\/{rel}","templated":true}]}}